{"id":12748,"date":"2020-07-07T10:55:34","date_gmt":"2020-07-07T09:55:34","guid":{"rendered":"https:\/\/evora2.int.skilltech.pt\/susProjects\/wp_evora2_suite\/?page_id=12748"},"modified":"2023-05-11T15:07:34","modified_gmt":"2023-05-11T14:07:34","slug":"sala-de-preparacao-fisica","status":"publish","type":"page","link":"https:\/\/www.cm-evora.pt\/en\/municipe\/equipamentos\/equipamentos-desportivos\/complexo-desportivo-de-evora\/sala-de-preparacao-fisica\/","title":{"rendered":"Sala de Prepara\u00e7\u00e3o F\u00edsica"},"content":{"rendered":"<p style=\"text-align: center\"><a href=\"https:\/\/www.cm-evora.pt\/wp-content\/uploads\/2020\/07\/DSC_7342.jpg\" target=\"_blank\" rel=\"noopener\"><img loading=\"lazy\" decoding=\"async\" class=\"alignnone wp-image-12878 size-full\" src=\"https:\/\/www.cm-evora.pt\/wp-content\/uploads\/2020\/07\/DSC_7342.jpg\" alt=\"\" width=\"639\" height=\"362\" srcset=\"https:\/\/www.cm-evora.pt\/wp-content\/uploads\/2020\/07\/DSC_7342.jpg 639w, https:\/\/www.cm-evora.pt\/wp-content\/uploads\/2020\/07\/DSC_7342-300x170.jpg 300w\" sizes=\"auto, (max-width: 639px) 100vw, 639px\" \/><\/a><\/p>\n","protected":false},"excerpt":{"rendered":"","protected":false},"author":1,"featured_media":0,"parent":12864,"menu_order":5,"comment_status":"closed","ping_status":"closed","template":"templates-map\/component-text-list-layout1.php","meta":{"_acf_changed":false,"footnotes":""},"categories":[],"class_list":["post-12748","page","type-page","status-publish","hentry"],"acf":[],"_links":{"self":[{"href":"https:\/\/www.cm-evora.pt\/en\/wp-json\/wp\/v2\/pages\/12748","targetHints":{"allow":["GET"]}}],"collection":[{"href":"https:\/\/www.cm-evora.pt\/en\/wp-json\/wp\/v2\/pages"}],"about":[{"href":"https:\/\/www.cm-evora.pt\/en\/wp-json\/wp\/v2\/types\/page"}],"author":[{"embeddable":true,"href":"https:\/\/www.cm-evora.pt\/en\/wp-json\/wp\/v2\/users\/1"}],"replies":[{"embeddable":true,"href":"https:\/\/www.cm-evora.pt\/en\/wp-json\/wp\/v2\/comments?post=12748"}],"version-history":[{"count":3,"href":"https:\/\/www.cm-evora.pt\/en\/wp-json\/wp\/v2\/pages\/12748\/revisions"}],"predecessor-version":[{"id":48952,"href":"https:\/\/www.cm-evora.pt\/en\/wp-json\/wp\/v2\/pages\/12748\/revisions\/48952"}],"up":[{"embeddable":true,"href":"https:\/\/www.cm-evora.pt\/en\/wp-json\/wp\/v2\/pages\/12864"}],"wp:attachment":[{"href":"https:\/\/www.cm-evora.pt\/en\/wp-json\/wp\/v2\/media?parent=12748"}],"wp:term":[{"taxonomy":"category","embeddable":true,"href":"https:\/\/www.cm-evora.pt\/en\/wp-json\/wp\/v2\/categories?post=12748"}],"curies":[{"name":"wp","href":"https:\/\/api.w.org\/{rel}","templated":true}]}}