{"id":12789,"date":"2020-07-07T10:56:35","date_gmt":"2020-07-07T09:56:35","guid":{"rendered":"https:\/\/evora2.int.skilltech.pt\/susProjects\/wp_evora2_suite\/?page_id=12789"},"modified":"2023-05-11T14:47:10","modified_gmt":"2023-05-11T13:47:10","slug":"infraestruturas","status":"publish","type":"page","link":"https:\/\/www.cm-evora.pt\/en\/municipe\/equipamentos\/equipamentos-desportivos\/complexo-desportivo-de-evora\/infraestruturas\/","title":{"rendered":"Infraestruturas"},"content":{"rendered":"<p style=\"text-align: center\"><strong><a href=\"https:\/\/www.cm-evora.pt\/wp-content\/uploads\/2021\/01\/DSC_2812.jpg\"><img loading=\"lazy\" decoding=\"async\" class=\"alignnone size-full wp-image-20180\" src=\"https:\/\/www.cm-evora.pt\/wp-content\/uploads\/2021\/01\/DSC_2812.jpg\" alt=\"\" width=\"639\" height=\"362\" srcset=\"https:\/\/www.cm-evora.pt\/wp-content\/uploads\/2021\/01\/DSC_2812.jpg 639w, https:\/\/www.cm-evora.pt\/wp-content\/uploads\/2021\/01\/DSC_2812-300x170.jpg 300w\" sizes=\"auto, (max-width: 639px) 100vw, 639px\" \/><\/a>\u200b\u200b\u200b<\/strong><\/p>\n<p><strong>CDE\u00a0Infraestruturas\u200b<\/strong><\/p>\n<ul>\n<li style=\"list-style-type: none\">\n<ul>\n<li>\u200bPista de atletismo standard de seis corredores de 400 m;<\/li>\n<li>Pista de salto em comprimento\/triplo e de\u00a0salto com vara;<\/li>\n<li>Campo de grandes jogos em relva sint\u00e9tica;<\/li>\n<li>\u200bCircuito de manuten\u00e7\u00e3o com\u00a01600 metros.<\/li>\n<li>Instala\u00e7\u00f5es de apoio para atletas, t\u00e9cnicos e p\u00fablico;<\/li>\n<li>Quatro unidades vesti\u00e1rios \/ balne\u00e1rios para atletas;<\/li>\n<li>Duas unidades completas para atletas de mobilidade condicionada;<\/li>\n<li>Duas unidades completas\u00a0para \u00e1rbitros\/ju\u00edzes\/t\u00e9cnicos permitindo\u00a0a utiliza\u00e7\u00e3o pelos dois sexos;<\/li>\n<li>Sala funcional para prepara\u00e7\u00e3o f\u00edsica de atletas, preven\u00e7\u00e3o de les\u00f5es e apoio a eventos;<\/li>\n<li>Arrecada\u00e7\u00f5es de material desportivo e de produtos de manuten\u00e7\u00e3o;<\/li>\n<li>Sala t\u00e9cnica e\u00a0posto m\u00e9dico;<\/li>\n<li>Instala\u00e7\u00f5es sanit\u00e1rias destinadas a p\u00fablico;<\/li>\n<li>Sala de for\u00e7as de seguran\u00e7a;<\/li>\n<li>\u200bBancada com 180 lugares de capacidade.\u200b<\/li>\n<\/ul>\n<\/li>\n<\/ul>\n\n\t\t<style type=\"text\/css\">\n\t\t\t#gallery-1 {\n\t\t\t\tmargin: auto;\n\t\t\t}\n\t\t\t#gallery-1 .gallery-item {\n\t\t\t\tfloat: left;\n\t\t\t\tmargin-top: 10px;\n\t\t\t\ttext-align: center;\n\t\t\t\twidth: 50%;\n\t\t\t}\n\t\t\t#gallery-1 img {\n\t\t\t\tborder: 2px solid #cfcfcf;\n\t\t\t}\n\t\t\t#gallery-1 .gallery-caption {\n\t\t\t\tmargin-left: 0;\n\t\t\t}\n\t\t\t\/* see gallery_shortcode() in wp-includes\/media.php *\/\n\t\t<\/style>\n\t\t<div id='gallery-1' class='gallery galleryid-12789 gallery-columns-2 gallery-size-full'><dl class='gallery-item'>\n\t\t\t<dt class='gallery-icon landscape'>\n\t\t\t\t<a href='https:\/\/www.cm-evora.pt\/wp-content\/uploads\/2021\/01\/DJI_0022-scaled.jpeg'><img loading=\"lazy\" decoding=\"async\" width=\"2560\" height=\"1440\" src=\"https:\/\/www.cm-evora.pt\/wp-content\/uploads\/2021\/01\/DJI_0022-scaled.jpeg\" class=\"attachment-full size-full\" alt=\"\" srcset=\"https:\/\/www.cm-evora.pt\/wp-content\/uploads\/2021\/01\/DJI_0022-scaled.jpeg 2560w, https:\/\/www.cm-evora.pt\/wp-content\/uploads\/2021\/01\/DJI_0022-300x169.jpeg 300w, https:\/\/www.cm-evora.pt\/wp-content\/uploads\/2021\/01\/DJI_0022-1024x576.jpeg 1024w, https:\/\/www.cm-evora.pt\/wp-content\/uploads\/2021\/01\/DJI_0022-768x432.jpeg 768w, https:\/\/www.cm-evora.pt\/wp-content\/uploads\/2021\/01\/DJI_0022-1536x864.jpeg 1536w, https:\/\/www.cm-evora.pt\/wp-content\/uploads\/2021\/01\/DJI_0022-2048x1152.jpeg 2048w, https:\/\/www.cm-evora.pt\/wp-content\/uploads\/2021\/01\/DJI_0022-1320x743.jpeg 1320w\" sizes=\"auto, (max-width: 2560px) 100vw, 2560px\" \/><\/a>\n\t\t\t<\/dt><\/dl><dl class='gallery-item'>\n\t\t\t<dt class='gallery-icon landscape'>\n\t\t\t\t<a href='https:\/\/www.cm-evora.pt\/wp-content\/uploads\/2021\/01\/DSC_2618.jpg'><img loading=\"lazy\" decoding=\"async\" width=\"960\" height=\"675\" src=\"https:\/\/www.cm-evora.pt\/wp-content\/uploads\/2021\/01\/DSC_2618.jpg\" class=\"attachment-full size-full\" alt=\"\" srcset=\"https:\/\/www.cm-evora.pt\/wp-content\/uploads\/2021\/01\/DSC_2618.jpg 960w, https:\/\/www.cm-evora.pt\/wp-content\/uploads\/2021\/01\/DSC_2618-300x211.jpg 300w, https:\/\/www.cm-evora.pt\/wp-content\/uploads\/2021\/01\/DSC_2618-768x540.jpg 768w\" sizes=\"auto, (max-width: 960px) 100vw, 960px\" \/><\/a>\n\t\t\t<\/dt><\/dl><br style=\"clear: both\" \/><dl class='gallery-item'>\n\t\t\t<dt class='gallery-icon landscape'>\n\t\t\t\t<a href='https:\/\/www.cm-evora.pt\/wp-content\/uploads\/2021\/01\/DSC_2631.jpg'><img loading=\"lazy\" decoding=\"async\" width=\"960\" height=\"683\" src=\"https:\/\/www.cm-evora.pt\/wp-content\/uploads\/2021\/01\/DSC_2631.jpg\" class=\"attachment-full size-full\" alt=\"\" srcset=\"https:\/\/www.cm-evora.pt\/wp-content\/uploads\/2021\/01\/DSC_2631.jpg 960w, https:\/\/www.cm-evora.pt\/wp-content\/uploads\/2021\/01\/DSC_2631-300x213.jpg 300w, https:\/\/www.cm-evora.pt\/wp-content\/uploads\/2021\/01\/DSC_2631-768x546.jpg 768w\" sizes=\"auto, (max-width: 960px) 100vw, 960px\" \/><\/a>\n\t\t\t<\/dt><\/dl><dl class='gallery-item'>\n\t\t\t<dt class='gallery-icon landscape'>\n\t\t\t\t<a href='https:\/\/www.cm-evora.pt\/wp-content\/uploads\/2021\/01\/DSC_2735.jpg'><img loading=\"lazy\" decoding=\"async\" width=\"960\" height=\"676\" src=\"https:\/\/www.cm-evora.pt\/wp-content\/uploads\/2021\/01\/DSC_2735.jpg\" class=\"attachment-full size-full\" alt=\"\" srcset=\"https:\/\/www.cm-evora.pt\/wp-content\/uploads\/2021\/01\/DSC_2735.jpg 960w, https:\/\/www.cm-evora.pt\/wp-content\/uploads\/2021\/01\/DSC_2735-300x211.jpg 300w, https:\/\/www.cm-evora.pt\/wp-content\/uploads\/2021\/01\/DSC_2735-768x541.jpg 768w\" sizes=\"auto, (max-width: 960px) 100vw, 960px\" \/><\/a>\n\t\t\t<\/dt><\/dl><br style=\"clear: both\" \/>\n\t\t<\/div>\n\n","protected":false},"excerpt":{"rendered":"<p>\u200b\u200b\u200b CDE\u00a0Infraestruturas\u200b \u200bPista de atletismo standard de seis corredores de 400 m; Pista de salto em comprimento\/triplo e de\u00a0salto com vara; Campo de grandes jogos em relva sint\u00e9tica; \u200bCircuito de manuten\u00e7\u00e3o com\u00a01600 metros. Instala\u00e7\u00f5es de apoio para atletas, t\u00e9cnicos e p\u00fablico; Quatro unidades vesti\u00e1rios \/ balne\u00e1rios para atletas; Duas unidades completas para atletas de mobilidade [&hellip;]<\/p>\n","protected":false},"author":1,"featured_media":0,"parent":12864,"menu_order":1,"comment_status":"closed","ping_status":"closed","template":"templates-map\/component-text-layout1.php","meta":{"_acf_changed":false,"footnotes":""},"categories":[],"class_list":["post-12789","page","type-page","status-publish","hentry"],"acf":{"imagens":"","titulo_docs_seccao":"","documentos":""},"_links":{"self":[{"href":"https:\/\/www.cm-evora.pt\/en\/wp-json\/wp\/v2\/pages\/12789","targetHints":{"allow":["GET"]}}],"collection":[{"href":"https:\/\/www.cm-evora.pt\/en\/wp-json\/wp\/v2\/pages"}],"about":[{"href":"https:\/\/www.cm-evora.pt\/en\/wp-json\/wp\/v2\/types\/page"}],"author":[{"embeddable":true,"href":"https:\/\/www.cm-evora.pt\/en\/wp-json\/wp\/v2\/users\/1"}],"replies":[{"embeddable":true,"href":"https:\/\/www.cm-evora.pt\/en\/wp-json\/wp\/v2\/comments?post=12789"}],"version-history":[{"count":4,"href":"https:\/\/www.cm-evora.pt\/en\/wp-json\/wp\/v2\/pages\/12789\/revisions"}],"predecessor-version":[{"id":48949,"href":"https:\/\/www.cm-evora.pt\/en\/wp-json\/wp\/v2\/pages\/12789\/revisions\/48949"}],"up":[{"embeddable":true,"href":"https:\/\/www.cm-evora.pt\/en\/wp-json\/wp\/v2\/pages\/12864"}],"wp:attachment":[{"href":"https:\/\/www.cm-evora.pt\/en\/wp-json\/wp\/v2\/media?parent=12789"}],"wp:term":[{"taxonomy":"category","embeddable":true,"href":"https:\/\/www.cm-evora.pt\/en\/wp-json\/wp\/v2\/categories?post=12789"}],"curies":[{"name":"wp","href":"https:\/\/api.w.org\/{rel}","templated":true}]}}