{"id":1290,"date":"2019-10-14T16:19:38","date_gmt":"2019-10-14T15:19:38","guid":{"rendered":"https:\/\/evora2.int.skilltech.pt\/susProjects\/wp_evora2_suite\/?page_id=1290"},"modified":"2026-03-25T14:57:12","modified_gmt":"2026-03-25T14:57:12","slug":"assembleia-municipal","status":"publish","type":"page","link":"https:\/\/www.cm-evora.pt\/en\/municipe\/assembleia-municipal\/","title":{"rendered":"Assembleia Municipal"},"content":{"rendered":"<p><\/p>\n<p style=\"text-align: center\"><a href=\"https:\/\/www.cm-evora.pt\/wp-content\/uploads\/2020\/05\/AME.jpg\" target=\"_blank\" rel=\"noopener\"><img loading=\"lazy\" decoding=\"async\" class=\"alignnone wp-image-3952 size-full\" src=\"https:\/\/www.cm-evora.pt\/wp-content\/uploads\/2020\/05\/AME.jpg\" alt=\"\" width=\"639\" height=\"362\" srcset=\"https:\/\/www.cm-evora.pt\/wp-content\/uploads\/2020\/05\/AME.jpg 639w, https:\/\/www.cm-evora.pt\/wp-content\/uploads\/2020\/05\/AME-300x170.jpg 300w\" sizes=\"auto, (max-width: 639px) 100vw, 639px\" \/><\/a><\/p>\n<p><span class=\"ms-rteFontSize-2\">\u200b<\/span><\/p>\n<p>A Assembleia Municipal \u00e9 o \u00d3rg\u00e3o Deliberativo do Munic\u00edpio. \u00c9 constitu\u00edda por membros eleitos diretamente em n\u00famero superior ao dos presidentes de junta de freguesia, que a integram. O n\u00famero de membros eleitos diretamente n\u00e3o pode ser inferior ao triplo do n\u00famero de membros da respetiva c\u00e2mara municipal. Nas sess\u00f5es da assembleia municipal participam os cidad\u00e3os que encabe\u00e7aram as listas mais votadas na elei\u00e7\u00e3o para as assembleias de freguesia da \u00e1rea do munic\u00edpio, enquanto estas n\u00e3o forem instaladas (Lei n.\u00ba 169\/99, de 18 de Setembro, Rect. n.\u00ba 9\/2002, de 05 de Mar\u00e7o).<\/p>\n<p>&nbsp;<\/p>\n<p style=\"text-align: center\"><strong>Informa-se que as Reuni\u00f5es da Assembleia Municipal ser\u00e3o realizadas no Sal\u00e3o Nobre dos Pa\u00e7os do Concelho. <\/strong><\/p>\n<p>&nbsp;<\/p>\n<p style=\"text-align: center\"><strong>Sess\u00e3o Ordin\u00e1ria da Assembleia Municipal de \u00c9vora<\/strong><\/p>\n<p style=\"text-align: center\"><strong>Dia 19 de setembro de 2025 pelas 21h00<\/strong><\/p>\n<p>https:\/\/www.youtube.com\/watch?v=Tni2G1kztHY<\/p>","protected":false},"excerpt":{"rendered":"<p>\u200b A Assembleia Municipal \u00e9 o \u00d3rg\u00e3o Deliberativo do Munic\u00edpio. \u00c9 constitu\u00edda por membros eleitos diretamente em n\u00famero superior ao dos presidentes de junta de freguesia, que a integram. O n\u00famero de membros eleitos diretamente n\u00e3o pode ser inferior ao triplo do n\u00famero de membros da respetiva c\u00e2mara municipal. Nas sess\u00f5es da assembleia municipal participam [&hellip;]<\/p>\n","protected":false},"author":1,"featured_media":0,"parent":22,"menu_order":1,"comment_status":"closed","ping_status":"closed","template":"templates-map\/component-text-list-layout2.php","meta":{"_acf_changed":false,"footnotes":""},"categories":[],"class_list":["post-1290","page","type-page","status-publish","hentry"],"acf":[],"_links":{"self":[{"href":"https:\/\/www.cm-evora.pt\/en\/wp-json\/wp\/v2\/pages\/1290","targetHints":{"allow":["GET"]}}],"collection":[{"href":"https:\/\/www.cm-evora.pt\/en\/wp-json\/wp\/v2\/pages"}],"about":[{"href":"https:\/\/www.cm-evora.pt\/en\/wp-json\/wp\/v2\/types\/page"}],"author":[{"embeddable":true,"href":"https:\/\/www.cm-evora.pt\/en\/wp-json\/wp\/v2\/users\/1"}],"replies":[{"embeddable":true,"href":"https:\/\/www.cm-evora.pt\/en\/wp-json\/wp\/v2\/comments?post=1290"}],"version-history":[{"count":50,"href":"https:\/\/www.cm-evora.pt\/en\/wp-json\/wp\/v2\/pages\/1290\/revisions"}],"predecessor-version":[{"id":82544,"href":"https:\/\/www.cm-evora.pt\/en\/wp-json\/wp\/v2\/pages\/1290\/revisions\/82544"}],"up":[{"embeddable":true,"href":"https:\/\/www.cm-evora.pt\/en\/wp-json\/wp\/v2\/pages\/22"}],"wp:attachment":[{"href":"https:\/\/www.cm-evora.pt\/en\/wp-json\/wp\/v2\/media?parent=1290"}],"wp:term":[{"taxonomy":"category","embeddable":true,"href":"https:\/\/www.cm-evora.pt\/en\/wp-json\/wp\/v2\/categories?post=1290"}],"curies":[{"name":"wp","href":"https:\/\/api.w.org\/{rel}","templated":true}]}}