{"id":14030,"date":"2020-07-08T18:02:13","date_gmt":"2020-07-08T17:02:13","guid":{"rendered":"https:\/\/evora2.int.skilltech.pt\/susProjects\/wp_evora2_suite\/?page_id=14030"},"modified":"2025-03-18T10:16:08","modified_gmt":"2025-03-18T10:16:08","slug":"divisao-de-gestao-de-pessoal","status":"publish","type":"page","link":"https:\/\/www.cm-evora.pt\/en\/municipe\/camara-municipal\/recursos-humanos\/divisao-de-gestao-de-pessoal\/","title":{"rendered":"Divis\u00e3o de Gest\u00e3o de Pessoal"},"content":{"rendered":"<p>A Divis\u00e3o de Gest\u00e3o de Pessoal disponibiliza todas \u200bas informa\u00e7\u00f5es relativas a legisla\u00e7\u00e3o, concursos, contratos e documenta\u00e7\u00e3o no \u00e2mbito das suas compet\u00eancias.<\/p>\n<p style=\"text-align: center\"><a href=\"https:\/\/www.cm-evora.pt\/wp-content\/uploads\/2020\/07\/recursoshumanos-1.jpg\" target=\"_blank\" rel=\"noopener\"><img loading=\"lazy\" decoding=\"async\" class=\"alignnone wp-image-14037 size-full\" src=\"https:\/\/www.cm-evora.pt\/wp-content\/uploads\/2020\/07\/recursoshumanos-1.jpg\" alt=\"\" width=\"639\" height=\"362\" srcset=\"https:\/\/www.cm-evora.pt\/wp-content\/uploads\/2020\/07\/recursoshumanos-1.jpg 639w, https:\/\/www.cm-evora.pt\/wp-content\/uploads\/2020\/07\/recursoshumanos-1-300x170.jpg 300w\" sizes=\"auto, (max-width: 639px) 100vw, 639px\" \/><\/a><\/p>\n","protected":false},"excerpt":{"rendered":"<p>A Divis\u00e3o de Gest\u00e3o de Pessoal disponibiliza todas \u200bas informa\u00e7\u00f5es relativas a legisla\u00e7\u00e3o, concursos, contratos e documenta\u00e7\u00e3o no \u00e2mbito das suas compet\u00eancias.<\/p>\n","protected":false},"author":1,"featured_media":0,"parent":1444,"menu_order":0,"comment_status":"closed","ping_status":"closed","template":"templates-map\/component-text-list-layout2.php","meta":{"_acf_changed":false,"footnotes":""},"categories":[],"class_list":["post-14030","page","type-page","status-publish","hentry"],"acf":[],"_links":{"self":[{"href":"https:\/\/www.cm-evora.pt\/en\/wp-json\/wp\/v2\/pages\/14030","targetHints":{"allow":["GET"]}}],"collection":[{"href":"https:\/\/www.cm-evora.pt\/en\/wp-json\/wp\/v2\/pages"}],"about":[{"href":"https:\/\/www.cm-evora.pt\/en\/wp-json\/wp\/v2\/types\/page"}],"author":[{"embeddable":true,"href":"https:\/\/www.cm-evora.pt\/en\/wp-json\/wp\/v2\/users\/1"}],"replies":[{"embeddable":true,"href":"https:\/\/www.cm-evora.pt\/en\/wp-json\/wp\/v2\/comments?post=14030"}],"version-history":[{"count":7,"href":"https:\/\/www.cm-evora.pt\/en\/wp-json\/wp\/v2\/pages\/14030\/revisions"}],"predecessor-version":[{"id":72357,"href":"https:\/\/www.cm-evora.pt\/en\/wp-json\/wp\/v2\/pages\/14030\/revisions\/72357"}],"up":[{"embeddable":true,"href":"https:\/\/www.cm-evora.pt\/en\/wp-json\/wp\/v2\/pages\/1444"}],"wp:attachment":[{"href":"https:\/\/www.cm-evora.pt\/en\/wp-json\/wp\/v2\/media?parent=14030"}],"wp:term":[{"taxonomy":"category","embeddable":true,"href":"https:\/\/www.cm-evora.pt\/en\/wp-json\/wp\/v2\/categories?post=14030"}],"curies":[{"name":"wp","href":"https:\/\/api.w.org\/{rel}","templated":true}]}}