{"id":1414,"date":"2019-10-17T10:04:56","date_gmt":"2019-10-17T09:04:56","guid":{"rendered":"https:\/\/evora2.int.skilltech.pt\/susProjects\/wp_evora2_suite\/?page_id=1414"},"modified":"2024-01-03T14:24:30","modified_gmt":"2024-01-03T14:24:30","slug":"medalhas-municipais","status":"publish","type":"page","link":"https:\/\/www.cm-evora.pt\/en\/municipe\/evora\/medalhas-municipais\/","title":{"rendered":"Medalhas Municipais"},"content":{"rendered":"<p class=\"qtranxs-available-languages-message qtranxs-available-languages-message-en\">Sorry, this entry is only available in <a href=\"https:\/\/www.cm-evora.pt\/pt\/wp-json\/wp\/v2\/pages\/1414\" class=\"qtranxs-available-language-link qtranxs-available-language-link-pt\" title=\"Portugu\u00eas\">Portugu\u00eas<\/a>.<\/p><p><\/p>\n<p style=\"text-align: center\"><a href=\"https:\/\/www.cm-evora.pt\/wp-content\/uploads\/2020\/12\/medalha.jpg\" target=\"_blank\" rel=\"noopener noreferrer\"><img loading=\"lazy\" decoding=\"async\" class=\"alignnone wp-image-16450 size-large\" src=\"https:\/\/www.cm-evora.pt\/wp-content\/uploads\/2020\/12\/medalha-1024x580.jpg\" alt=\"\" width=\"1024\" height=\"580\" srcset=\"https:\/\/www.cm-evora.pt\/wp-content\/uploads\/2020\/12\/medalha-1024x580.jpg 1024w, https:\/\/www.cm-evora.pt\/wp-content\/uploads\/2020\/12\/medalha-300x170.jpg 300w, https:\/\/www.cm-evora.pt\/wp-content\/uploads\/2020\/12\/medalha-768x435.jpg 768w, https:\/\/www.cm-evora.pt\/wp-content\/uploads\/2020\/12\/medalha.jpg 1182w\" sizes=\"auto, (max-width: 1024px) 100vw, 1024px\" \/><\/a><\/p>\n<p>&nbsp;<\/p>\n<h4><strong>Medalha de Ouro Municipal<\/strong><\/h4>\n<p>A Medalha de Ouro da Cidade de \u00c9vora foi criada por delibera\u00e7\u00e3o Municipal de 20 de novembro de 1964. Destina-se a distinguir as pessoas singulares ou coletivas que notabilizem por altos m\u00e9ritos pessoais, por excecionais feitos c\u00edvicos ou militares ou por relevantes servi\u00e7os prestados ao Munic\u00edpio. A concess\u00e3o da Medalha de Ouro da Cidade depende de pr\u00e9via delibera\u00e7\u00e3o da C\u00e2mara Municipal aprovada por unanimidade dos membros presentes.<\/p>\n<p>&nbsp;<\/p>\n<p>&nbsp;<\/p>\n<h4><strong>Medalha de M\u00e9rito Municipal<\/strong><\/h4>\n<p>A Medalha de M\u00e9rito Municipal destina-se a distinguir os mun\u00edcipes por servi\u00e7os importantes dos quais advenham benef\u00edcios para o concelho, ou que hajam praticado atos de benemer\u00eancia ou humanit\u00e1rios com abnega\u00e7\u00e3o e esp\u00edrito de sacrif\u00edcio, e ainda os que pelas suas obras art\u00edsticas, liter\u00e1rias ou hist\u00f3ricas, de elevado prest\u00edgio, se imponham \u00e0 admira\u00e7\u00e3o e ao reconhecimento p\u00fablicos. A Medalha de M\u00e9rito Municipal ser\u00e1 de ouro, de prata ou de cobre, dependendo a concess\u00e3o de umas destas categorias do valor e proje\u00e7\u00e3o do ato praticado. A concess\u00e3o da Medalha de M\u00e9rito Municipal depende de pr\u00e9via delibera\u00e7\u00e3o da C\u00e2mara Municipal aprovada pelo menos por dois ter\u00e7os dos membros presentes.<\/p>\n<p><\/p>","protected":false},"excerpt":{"rendered":"<p>Sorry, this entry is only available in Portugu\u00eas. &nbsp; Medalha de Ouro Municipal A Medalha de Ouro da Cidade de \u00c9vora foi criada por delibera\u00e7\u00e3o Municipal de 20 de novembro de 1964. Destina-se a distinguir as pessoas singulares ou coletivas que notabilizem por altos m\u00e9ritos pessoais, por excecionais feitos c\u00edvicos ou militares ou por relevantes [&hellip;]<\/p>\n","protected":false},"author":1,"featured_media":0,"parent":1288,"menu_order":2,"comment_status":"closed","ping_status":"closed","template":"templates-map\/component-text-layout1.php","meta":{"_acf_changed":false,"footnotes":""},"categories":[],"class_list":["post-1414","page","type-page","status-publish","hentry"],"acf":{"imagens":"","titulo_docs_seccao":"","documentos":""},"_links":{"self":[{"href":"https:\/\/www.cm-evora.pt\/en\/wp-json\/wp\/v2\/pages\/1414","targetHints":{"allow":["GET"]}}],"collection":[{"href":"https:\/\/www.cm-evora.pt\/en\/wp-json\/wp\/v2\/pages"}],"about":[{"href":"https:\/\/www.cm-evora.pt\/en\/wp-json\/wp\/v2\/types\/page"}],"author":[{"embeddable":true,"href":"https:\/\/www.cm-evora.pt\/en\/wp-json\/wp\/v2\/users\/1"}],"replies":[{"embeddable":true,"href":"https:\/\/www.cm-evora.pt\/en\/wp-json\/wp\/v2\/comments?post=1414"}],"version-history":[{"count":13,"href":"https:\/\/www.cm-evora.pt\/en\/wp-json\/wp\/v2\/pages\/1414\/revisions"}],"predecessor-version":[{"id":56592,"href":"https:\/\/www.cm-evora.pt\/en\/wp-json\/wp\/v2\/pages\/1414\/revisions\/56592"}],"up":[{"embeddable":true,"href":"https:\/\/www.cm-evora.pt\/en\/wp-json\/wp\/v2\/pages\/1288"}],"wp:attachment":[{"href":"https:\/\/www.cm-evora.pt\/en\/wp-json\/wp\/v2\/media?parent=1414"}],"wp:term":[{"taxonomy":"category","embeddable":true,"href":"https:\/\/www.cm-evora.pt\/en\/wp-json\/wp\/v2\/categories?post=1414"}],"curies":[{"name":"wp","href":"https:\/\/api.w.org\/{rel}","templated":true}]}}