{"id":14151,"date":"2020-07-09T13:53:20","date_gmt":"2020-07-09T12:53:20","guid":{"rendered":"https:\/\/evora2.int.skilltech.pt\/susProjects\/wp_evora2_suite\/?page_id=14151"},"modified":"2022-12-15T14:22:09","modified_gmt":"2022-12-15T14:22:09","slug":"regulamentos-de-cultura-educacao-juventude-e-desporto","status":"publish","type":"page","link":"https:\/\/www.cm-evora.pt\/en\/municipe\/camara-municipal\/regulamentos\/regulamentos-de-cultura-educacao-juventude-e-desporto\/","title":{"rendered":"(Portugu\u00eas) Regulamentos de Cultura, Educa\u00e7\u00e3o, Juventude e Desporto"},"content":{"rendered":"<p class=\"qtranxs-available-languages-message qtranxs-available-languages-message-en\">Sorry, this entry is only available in <a href=\"https:\/\/www.cm-evora.pt\/pt\/wp-json\/wp\/v2\/pages\/14151\" class=\"qtranxs-available-language-link qtranxs-available-language-link-pt\" title=\"Portugu\u00eas\">Portugu\u00eas<\/a>.<\/p><p><a href=\"https:\/\/www.cm-evora.pt\/wp-content\/uploads\/2021\/01\/DSC_8137_recor-scaled.jpg\"><img loading=\"lazy\" decoding=\"async\" class=\"alignnone size-full wp-image-18741\" src=\"https:\/\/www.cm-evora.pt\/wp-content\/uploads\/2021\/01\/DSC_8137_recor-scaled.jpg\" alt=\"\" width=\"2560\" height=\"1561\" srcset=\"https:\/\/www.cm-evora.pt\/wp-content\/uploads\/2021\/01\/DSC_8137_recor-scaled.jpg 2560w, https:\/\/www.cm-evora.pt\/wp-content\/uploads\/2021\/01\/DSC_8137_recor-300x183.jpg 300w, https:\/\/www.cm-evora.pt\/wp-content\/uploads\/2021\/01\/DSC_8137_recor-1024x624.jpg 1024w, https:\/\/www.cm-evora.pt\/wp-content\/uploads\/2021\/01\/DSC_8137_recor-768x468.jpg 768w, https:\/\/www.cm-evora.pt\/wp-content\/uploads\/2021\/01\/DSC_8137_recor-1536x937.jpg 1536w, https:\/\/www.cm-evora.pt\/wp-content\/uploads\/2021\/01\/DSC_8137_recor-2048x1249.jpg 2048w, https:\/\/www.cm-evora.pt\/wp-content\/uploads\/2021\/01\/DSC_8137_recor-1320x805.jpg 1320w\" sizes=\"auto, (max-width: 2560px) 100vw, 2560px\" \/><\/a><\/p>\n<p><strong>Consulte aqui as Normas e Regulamentos em vigor<\/strong><\/p>","protected":false},"excerpt":{"rendered":"<p>Sorry, this entry is only available in Portugu\u00eas. Consulte aqui as Normas e Regulamentos em vigor<\/p>\n","protected":false},"author":1,"featured_media":0,"parent":1534,"menu_order":1,"comment_status":"closed","ping_status":"closed","template":"templates-map\/component-file-gallery-layout1.php","meta":{"_acf_changed":false,"footnotes":""},"categories":[],"class_list":["post-14151","page","type-page","status-publish","hentry"],"acf":[],"_links":{"self":[{"href":"https:\/\/www.cm-evora.pt\/en\/wp-json\/wp\/v2\/pages\/14151","targetHints":{"allow":["GET"]}}],"collection":[{"href":"https:\/\/www.cm-evora.pt\/en\/wp-json\/wp\/v2\/pages"}],"about":[{"href":"https:\/\/www.cm-evora.pt\/en\/wp-json\/wp\/v2\/types\/page"}],"author":[{"embeddable":true,"href":"https:\/\/www.cm-evora.pt\/en\/wp-json\/wp\/v2\/users\/1"}],"replies":[{"embeddable":true,"href":"https:\/\/www.cm-evora.pt\/en\/wp-json\/wp\/v2\/comments?post=14151"}],"version-history":[{"count":5,"href":"https:\/\/www.cm-evora.pt\/en\/wp-json\/wp\/v2\/pages\/14151\/revisions"}],"predecessor-version":[{"id":18744,"href":"https:\/\/www.cm-evora.pt\/en\/wp-json\/wp\/v2\/pages\/14151\/revisions\/18744"}],"up":[{"embeddable":true,"href":"https:\/\/www.cm-evora.pt\/en\/wp-json\/wp\/v2\/pages\/1534"}],"wp:attachment":[{"href":"https:\/\/www.cm-evora.pt\/en\/wp-json\/wp\/v2\/media?parent=14151"}],"wp:term":[{"taxonomy":"category","embeddable":true,"href":"https:\/\/www.cm-evora.pt\/en\/wp-json\/wp\/v2\/categories?post=14151"}],"curies":[{"name":"wp","href":"https:\/\/api.w.org\/{rel}","templated":true}]}}