{"id":14153,"date":"2020-07-09T13:56:15","date_gmt":"2020-07-09T12:56:15","guid":{"rendered":"https:\/\/evora2.int.skilltech.pt\/susProjects\/wp_evora2_suite\/?page_id=14153"},"modified":"2026-02-02T10:00:55","modified_gmt":"2026-02-02T10:00:55","slug":"regulamentos-de-economia-comercio-e-financas","status":"publish","type":"page","link":"https:\/\/www.cm-evora.pt\/en\/municipe\/camara-municipal\/regulamentos\/regulamentos-de-economia-comercio-e-financas\/","title":{"rendered":"(Portugu\u00eas) Regulamentos de Economia, Com\u00e9rcio e Finan\u00e7as"},"content":{"rendered":"<p class=\"qtranxs-available-languages-message qtranxs-available-languages-message-en\">Sorry, this entry is only available in <a href=\"https:\/\/www.cm-evora.pt\/pt\/wp-json\/wp\/v2\/pages\/14153\" class=\"qtranxs-available-language-link qtranxs-available-language-link-pt\" title=\"Portugu\u00eas\">Portugu\u00eas<\/a>.<\/p><p><\/p>\n<p style=\"text-align: center\"><a href=\"https:\/\/www.cm-evora.pt\/wp-content\/uploads\/2021\/01\/mercado.jpg\"><img loading=\"lazy\" decoding=\"async\" class=\"alignnone size-full wp-image-19411\" src=\"https:\/\/www.cm-evora.pt\/wp-content\/uploads\/2021\/01\/mercado.jpg\" alt=\"\" width=\"960\" height=\"493\" srcset=\"https:\/\/www.cm-evora.pt\/wp-content\/uploads\/2021\/01\/mercado.jpg 960w, https:\/\/www.cm-evora.pt\/wp-content\/uploads\/2021\/01\/mercado-300x154.jpg 300w, https:\/\/www.cm-evora.pt\/wp-content\/uploads\/2021\/01\/mercado-768x394.jpg 768w, https:\/\/www.cm-evora.pt\/wp-content\/uploads\/2021\/01\/mercado-500x258.jpg 500w\" sizes=\"auto, (max-width: 960px) 100vw, 960px\" \/><\/a><\/p>\n<p>&nbsp;<\/p>\n<p>Consulte aqui as Normas e os Regulamentos em vigor relativamente a\u00a0Tabela de Taxas e outras Receitas (RTTORME), Hor\u00e1rio de Estabelecimentos, T\u00e1xis, Atribui\u00e7\u00e3o de lotes, Licenciamento de Atividades, Tabela de taxas, Mercados tempor\u00e1rios.<\/p>","protected":false},"excerpt":{"rendered":"<p>Sorry, this entry is only available in Portugu\u00eas. &nbsp; Consulte aqui as Normas e os Regulamentos em vigor relativamente a\u00a0Tabela de Taxas e outras Receitas (RTTORME), Hor\u00e1rio de Estabelecimentos, T\u00e1xis, Atribui\u00e7\u00e3o de lotes, Licenciamento de Atividades, Tabela de taxas, Mercados tempor\u00e1rios.<\/p>\n","protected":false},"author":1,"featured_media":0,"parent":1534,"menu_order":2,"comment_status":"closed","ping_status":"closed","template":"templates-map\/component-file-gallery-layout1.php","meta":{"_acf_changed":false,"footnotes":""},"categories":[],"class_list":["post-14153","page","type-page","status-publish","hentry"],"acf":[],"_links":{"self":[{"href":"https:\/\/www.cm-evora.pt\/en\/wp-json\/wp\/v2\/pages\/14153","targetHints":{"allow":["GET"]}}],"collection":[{"href":"https:\/\/www.cm-evora.pt\/en\/wp-json\/wp\/v2\/pages"}],"about":[{"href":"https:\/\/www.cm-evora.pt\/en\/wp-json\/wp\/v2\/types\/page"}],"author":[{"embeddable":true,"href":"https:\/\/www.cm-evora.pt\/en\/wp-json\/wp\/v2\/users\/1"}],"replies":[{"embeddable":true,"href":"https:\/\/www.cm-evora.pt\/en\/wp-json\/wp\/v2\/comments?post=14153"}],"version-history":[{"count":12,"href":"https:\/\/www.cm-evora.pt\/en\/wp-json\/wp\/v2\/pages\/14153\/revisions"}],"predecessor-version":[{"id":81342,"href":"https:\/\/www.cm-evora.pt\/en\/wp-json\/wp\/v2\/pages\/14153\/revisions\/81342"}],"up":[{"embeddable":true,"href":"https:\/\/www.cm-evora.pt\/en\/wp-json\/wp\/v2\/pages\/1534"}],"wp:attachment":[{"href":"https:\/\/www.cm-evora.pt\/en\/wp-json\/wp\/v2\/media?parent=14153"}],"wp:term":[{"taxonomy":"category","embeddable":true,"href":"https:\/\/www.cm-evora.pt\/en\/wp-json\/wp\/v2\/categories?post=14153"}],"curies":[{"name":"wp","href":"https:\/\/api.w.org\/{rel}","templated":true}]}}