{"id":14155,"date":"2020-07-09T13:56:34","date_gmt":"2020-07-09T12:56:34","guid":{"rendered":"https:\/\/evora2.int.skilltech.pt\/susProjects\/wp_evora2_suite\/?page_id=14155"},"modified":"2021-01-12T11:44:19","modified_gmt":"2021-01-12T11:44:19","slug":"regulamentos-institucionais","status":"publish","type":"page","link":"https:\/\/www.cm-evora.pt\/en\/municipe\/camara-municipal\/regulamentos\/regulamentos-institucionais\/","title":{"rendered":"(Portugu\u00eas) Regulamentos Institucionais"},"content":{"rendered":"<p class=\"qtranxs-available-languages-message qtranxs-available-languages-message-en\">Sorry, this entry is only available in <a href=\"https:\/\/www.cm-evora.pt\/pt\/wp-json\/wp\/v2\/pages\/14155\" class=\"qtranxs-available-language-link qtranxs-available-language-link-pt\" title=\"Portugu\u00eas\">Portugu\u00eas<\/a>.<\/p><p><strong>Medalhas Municipais, Plano de preven\u00e7\u00e3o de riscos de gest\u00e3o, regulamento interno dos servi\u00e7os<\/strong><\/p>\n<p><a href=\"https:\/\/www.cm-evora.pt\/wp-content\/uploads\/2021\/01\/PacosdoConcelhoEvora.jpg\"><img loading=\"lazy\" decoding=\"async\" class=\"alignnone size-full wp-image-18750\" src=\"https:\/\/www.cm-evora.pt\/wp-content\/uploads\/2021\/01\/PacosdoConcelhoEvora.jpg\" alt=\"\" width=\"1066\" height=\"756\" srcset=\"https:\/\/www.cm-evora.pt\/wp-content\/uploads\/2021\/01\/PacosdoConcelhoEvora.jpg 1066w, https:\/\/www.cm-evora.pt\/wp-content\/uploads\/2021\/01\/PacosdoConcelhoEvora-300x213.jpg 300w, https:\/\/www.cm-evora.pt\/wp-content\/uploads\/2021\/01\/PacosdoConcelhoEvora-1024x726.jpg 1024w, https:\/\/www.cm-evora.pt\/wp-content\/uploads\/2021\/01\/PacosdoConcelhoEvora-768x545.jpg 768w\" sizes=\"auto, (max-width: 1066px) 100vw, 1066px\" \/><\/a><\/p>\n<p><strong>Consulte aqui as Normas e os Regulamentos em vigor<\/strong><\/p>","protected":false},"excerpt":{"rendered":"<p>Sorry, this entry is only available in Portugu\u00eas.Medalhas Municipais, Plano de preven\u00e7\u00e3o de riscos de gest\u00e3o, regulamento interno dos servi\u00e7os Consulte aqui as Normas e os Regulamentos em vigor<\/p>\n","protected":false},"author":1,"featured_media":0,"parent":1534,"menu_order":3,"comment_status":"closed","ping_status":"closed","template":"templates-map\/component-file-gallery-layout1.php","meta":{"_acf_changed":false,"footnotes":""},"categories":[],"class_list":["post-14155","page","type-page","status-publish","hentry"],"acf":[],"_links":{"self":[{"href":"https:\/\/www.cm-evora.pt\/en\/wp-json\/wp\/v2\/pages\/14155","targetHints":{"allow":["GET"]}}],"collection":[{"href":"https:\/\/www.cm-evora.pt\/en\/wp-json\/wp\/v2\/pages"}],"about":[{"href":"https:\/\/www.cm-evora.pt\/en\/wp-json\/wp\/v2\/types\/page"}],"author":[{"embeddable":true,"href":"https:\/\/www.cm-evora.pt\/en\/wp-json\/wp\/v2\/users\/1"}],"replies":[{"embeddable":true,"href":"https:\/\/www.cm-evora.pt\/en\/wp-json\/wp\/v2\/comments?post=14155"}],"version-history":[{"count":6,"href":"https:\/\/www.cm-evora.pt\/en\/wp-json\/wp\/v2\/pages\/14155\/revisions"}],"predecessor-version":[{"id":18751,"href":"https:\/\/www.cm-evora.pt\/en\/wp-json\/wp\/v2\/pages\/14155\/revisions\/18751"}],"up":[{"embeddable":true,"href":"https:\/\/www.cm-evora.pt\/en\/wp-json\/wp\/v2\/pages\/1534"}],"wp:attachment":[{"href":"https:\/\/www.cm-evora.pt\/en\/wp-json\/wp\/v2\/media?parent=14155"}],"wp:term":[{"taxonomy":"category","embeddable":true,"href":"https:\/\/www.cm-evora.pt\/en\/wp-json\/wp\/v2\/categories?post=14155"}],"curies":[{"name":"wp","href":"https:\/\/api.w.org\/{rel}","templated":true}]}}