{"id":14157,"date":"2020-07-09T13:57:01","date_gmt":"2020-07-09T12:57:01","guid":{"rendered":"https:\/\/evora2.int.skilltech.pt\/susProjects\/wp_evora2_suite\/?page_id=14157"},"modified":"2021-01-12T12:20:21","modified_gmt":"2021-01-12T12:20:21","slug":"regulamentos-de-intervencao-social","status":"publish","type":"page","link":"https:\/\/www.cm-evora.pt\/en\/municipe\/camara-municipal\/regulamentos\/regulamentos-de-intervencao-social\/","title":{"rendered":"(Portugu\u00eas) Regulamentos de Interven\u00e7\u00e3o Social"},"content":{"rendered":"<p class=\"qtranxs-available-languages-message qtranxs-available-languages-message-en\">Sorry, this entry is only available in <a href=\"https:\/\/www.cm-evora.pt\/pt\/wp-json\/wp\/v2\/pages\/14157\" class=\"qtranxs-available-language-link qtranxs-available-language-link-pt\" title=\"Portugu\u00eas\">Portugu\u00eas<\/a>.<\/p><p><strong>Cart\u00e3o \u00c9vora Solid\u00e1ria, Cart\u00e3o Social do Mun\u00edcipe, Conselho Municipal da Juventude, apoio ao associativismo social<\/strong><\/p>\n<p><a href=\"https:\/\/www.cm-evora.pt\/wp-content\/uploads\/2021\/01\/17-06-11-DiaContraDesertificacaoeSecaCEA-047-scaled.jpg\"><img loading=\"lazy\" decoding=\"async\" class=\"alignnone size-full wp-image-18761\" src=\"https:\/\/www.cm-evora.pt\/wp-content\/uploads\/2021\/01\/17-06-11-DiaContraDesertificacaoeSecaCEA-047-scaled.jpg\" alt=\"\" width=\"2560\" height=\"1119\" srcset=\"https:\/\/www.cm-evora.pt\/wp-content\/uploads\/2021\/01\/17-06-11-DiaContraDesertificacaoeSecaCEA-047-scaled.jpg 2560w, https:\/\/www.cm-evora.pt\/wp-content\/uploads\/2021\/01\/17-06-11-DiaContraDesertificacaoeSecaCEA-047-300x131.jpg 300w, https:\/\/www.cm-evora.pt\/wp-content\/uploads\/2021\/01\/17-06-11-DiaContraDesertificacaoeSecaCEA-047-1024x447.jpg 1024w, https:\/\/www.cm-evora.pt\/wp-content\/uploads\/2021\/01\/17-06-11-DiaContraDesertificacaoeSecaCEA-047-768x336.jpg 768w, https:\/\/www.cm-evora.pt\/wp-content\/uploads\/2021\/01\/17-06-11-DiaContraDesertificacaoeSecaCEA-047-1536x671.jpg 1536w, https:\/\/www.cm-evora.pt\/wp-content\/uploads\/2021\/01\/17-06-11-DiaContraDesertificacaoeSecaCEA-047-2048x895.jpg 2048w, https:\/\/www.cm-evora.pt\/wp-content\/uploads\/2021\/01\/17-06-11-DiaContraDesertificacaoeSecaCEA-047-1320x577.jpg 1320w\" sizes=\"auto, (max-width: 2560px) 100vw, 2560px\" \/><\/a><\/p>\n<p><strong>Consulte aqui as Normas e os Regulamentos em vigor<\/strong><\/p>","protected":false},"excerpt":{"rendered":"<p>Sorry, this entry is only available in Portugu\u00eas.Cart\u00e3o \u00c9vora Solid\u00e1ria, Cart\u00e3o Social do Mun\u00edcipe, Conselho Municipal da Juventude, apoio ao associativismo social Consulte aqui as Normas e os Regulamentos em vigor<\/p>\n","protected":false},"author":1,"featured_media":0,"parent":1534,"menu_order":4,"comment_status":"closed","ping_status":"closed","template":"templates-map\/component-file-gallery-layout1.php","meta":{"_acf_changed":false,"footnotes":""},"categories":[],"class_list":["post-14157","page","type-page","status-publish","hentry"],"acf":[],"_links":{"self":[{"href":"https:\/\/www.cm-evora.pt\/en\/wp-json\/wp\/v2\/pages\/14157","targetHints":{"allow":["GET"]}}],"collection":[{"href":"https:\/\/www.cm-evora.pt\/en\/wp-json\/wp\/v2\/pages"}],"about":[{"href":"https:\/\/www.cm-evora.pt\/en\/wp-json\/wp\/v2\/types\/page"}],"author":[{"embeddable":true,"href":"https:\/\/www.cm-evora.pt\/en\/wp-json\/wp\/v2\/users\/1"}],"replies":[{"embeddable":true,"href":"https:\/\/www.cm-evora.pt\/en\/wp-json\/wp\/v2\/comments?post=14157"}],"version-history":[{"count":5,"href":"https:\/\/www.cm-evora.pt\/en\/wp-json\/wp\/v2\/pages\/14157\/revisions"}],"predecessor-version":[{"id":18764,"href":"https:\/\/www.cm-evora.pt\/en\/wp-json\/wp\/v2\/pages\/14157\/revisions\/18764"}],"up":[{"embeddable":true,"href":"https:\/\/www.cm-evora.pt\/en\/wp-json\/wp\/v2\/pages\/1534"}],"wp:attachment":[{"href":"https:\/\/www.cm-evora.pt\/en\/wp-json\/wp\/v2\/media?parent=14157"}],"wp:term":[{"taxonomy":"category","embeddable":true,"href":"https:\/\/www.cm-evora.pt\/en\/wp-json\/wp\/v2\/categories?post=14157"}],"curies":[{"name":"wp","href":"https:\/\/api.w.org\/{rel}","templated":true}]}}