{"id":14159,"date":"2020-07-09T13:57:20","date_gmt":"2020-07-09T12:57:20","guid":{"rendered":"https:\/\/evora2.int.skilltech.pt\/susProjects\/wp_evora2_suite\/?page_id=14159"},"modified":"2021-01-12T13:52:33","modified_gmt":"2021-01-12T13:52:33","slug":"regulamentos-de-ordenamento-habitacao-e-urbanismo","status":"publish","type":"page","link":"https:\/\/www.cm-evora.pt\/en\/municipe\/camara-municipal\/regulamentos\/regulamentos-de-ordenamento-habitacao-e-urbanismo\/","title":{"rendered":"(Portugu\u00eas) Regulamentos de Ordenamento, Habita\u00e7\u00e3o e Urbanismo"},"content":{"rendered":"<p class=\"qtranxs-available-languages-message qtranxs-available-languages-message-en\">Sorry, this entry is only available in <a href=\"https:\/\/www.cm-evora.pt\/pt\/wp-json\/wp\/v2\/pages\/14159\" class=\"qtranxs-available-language-link qtranxs-available-language-link-pt\" title=\"Portugu\u00eas\">Portugu\u00eas<\/a>.<\/p><p><strong>Plano de Urbaniza\u00e7\u00e3o, espa\u00e7os exteriores, regulamento municipal de edifica\u00e7\u00e3o, urbaniza\u00e7\u00e3o e taxas urban\u00edsticas, cartografia digital<\/strong><\/p>\n<p><a href=\"https:\/\/www.cm-evora.pt\/wp-content\/uploads\/2021\/01\/fachadascentrohistorico.jpg\"><img loading=\"lazy\" decoding=\"async\" class=\"alignnone size-full wp-image-18768\" src=\"https:\/\/www.cm-evora.pt\/wp-content\/uploads\/2021\/01\/fachadascentrohistorico.jpg\" alt=\"\" width=\"2048\" height=\"1536\" srcset=\"https:\/\/www.cm-evora.pt\/wp-content\/uploads\/2021\/01\/fachadascentrohistorico.jpg 2048w, https:\/\/www.cm-evora.pt\/wp-content\/uploads\/2021\/01\/fachadascentrohistorico-300x225.jpg 300w, https:\/\/www.cm-evora.pt\/wp-content\/uploads\/2021\/01\/fachadascentrohistorico-1024x768.jpg 1024w, https:\/\/www.cm-evora.pt\/wp-content\/uploads\/2021\/01\/fachadascentrohistorico-768x576.jpg 768w, https:\/\/www.cm-evora.pt\/wp-content\/uploads\/2021\/01\/fachadascentrohistorico-1536x1152.jpg 1536w, https:\/\/www.cm-evora.pt\/wp-content\/uploads\/2021\/01\/fachadascentrohistorico-1320x990.jpg 1320w\" sizes=\"auto, (max-width: 2048px) 100vw, 2048px\" \/><\/a><\/p>\n<p><strong>Consulte aqui as Normas e os Regulamentos em vigor<\/strong><\/p>","protected":false},"excerpt":{"rendered":"<p>Sorry, this entry is only available in Portugu\u00eas.Plano de Urbaniza\u00e7\u00e3o, espa\u00e7os exteriores, regulamento municipal de edifica\u00e7\u00e3o, urbaniza\u00e7\u00e3o e taxas urban\u00edsticas, cartografia digital Consulte aqui as Normas e os Regulamentos em vigor<\/p>\n","protected":false},"author":1,"featured_media":0,"parent":1534,"menu_order":5,"comment_status":"closed","ping_status":"closed","template":"templates-map\/component-file-gallery-layout1.php","meta":{"_acf_changed":false,"footnotes":""},"categories":[],"class_list":["post-14159","page","type-page","status-publish","hentry"],"acf":[],"_links":{"self":[{"href":"https:\/\/www.cm-evora.pt\/en\/wp-json\/wp\/v2\/pages\/14159","targetHints":{"allow":["GET"]}}],"collection":[{"href":"https:\/\/www.cm-evora.pt\/en\/wp-json\/wp\/v2\/pages"}],"about":[{"href":"https:\/\/www.cm-evora.pt\/en\/wp-json\/wp\/v2\/types\/page"}],"author":[{"embeddable":true,"href":"https:\/\/www.cm-evora.pt\/en\/wp-json\/wp\/v2\/users\/1"}],"replies":[{"embeddable":true,"href":"https:\/\/www.cm-evora.pt\/en\/wp-json\/wp\/v2\/comments?post=14159"}],"version-history":[{"count":5,"href":"https:\/\/www.cm-evora.pt\/en\/wp-json\/wp\/v2\/pages\/14159\/revisions"}],"predecessor-version":[{"id":18769,"href":"https:\/\/www.cm-evora.pt\/en\/wp-json\/wp\/v2\/pages\/14159\/revisions\/18769"}],"up":[{"embeddable":true,"href":"https:\/\/www.cm-evora.pt\/en\/wp-json\/wp\/v2\/pages\/1534"}],"wp:attachment":[{"href":"https:\/\/www.cm-evora.pt\/en\/wp-json\/wp\/v2\/media?parent=14159"}],"wp:term":[{"taxonomy":"category","embeddable":true,"href":"https:\/\/www.cm-evora.pt\/en\/wp-json\/wp\/v2\/categories?post=14159"}],"curies":[{"name":"wp","href":"https:\/\/api.w.org\/{rel}","templated":true}]}}