{"id":14161,"date":"2020-07-09T13:57:49","date_gmt":"2020-07-09T12:57:49","guid":{"rendered":"https:\/\/evora2.int.skilltech.pt\/susProjects\/wp_evora2_suite\/?page_id=14161"},"modified":"2021-01-12T14:12:31","modified_gmt":"2021-01-12T14:12:31","slug":"regulamento-de-publicidade-e-ocupacao-do-espaco-publico","status":"publish","type":"page","link":"https:\/\/www.cm-evora.pt\/en\/municipe\/camara-municipal\/regulamentos\/regulamento-de-publicidade-e-ocupacao-do-espaco-publico\/","title":{"rendered":"(Portugu\u00eas) Regulamento de Publicidade e Ocupa\u00e7\u00e3o do Espa\u00e7o P\u00fablico"},"content":{"rendered":"<p class=\"qtranxs-available-languages-message qtranxs-available-languages-message-en\">Sorry, this entry is only available in <a href=\"https:\/\/www.cm-evora.pt\/pt\/wp-json\/wp\/v2\/pages\/14161\" class=\"qtranxs-available-language-link qtranxs-available-language-link-pt\" title=\"Portugu\u00eas\">Portugu\u00eas<\/a>.<\/p><p>&nbsp;<\/p>\n<p><a href=\"https:\/\/www.cm-evora.pt\/wp-content\/uploads\/2021\/01\/DSC_0881-scaled.jpg\"><img loading=\"lazy\" decoding=\"async\" class=\"alignnone size-full wp-image-18772\" src=\"https:\/\/www.cm-evora.pt\/wp-content\/uploads\/2021\/01\/DSC_0881-scaled.jpg\" alt=\"\" width=\"2560\" height=\"1699\" srcset=\"https:\/\/www.cm-evora.pt\/wp-content\/uploads\/2021\/01\/DSC_0881-scaled.jpg 2560w, https:\/\/www.cm-evora.pt\/wp-content\/uploads\/2021\/01\/DSC_0881-300x199.jpg 300w, https:\/\/www.cm-evora.pt\/wp-content\/uploads\/2021\/01\/DSC_0881-1024x679.jpg 1024w, https:\/\/www.cm-evora.pt\/wp-content\/uploads\/2021\/01\/DSC_0881-768x510.jpg 768w, https:\/\/www.cm-evora.pt\/wp-content\/uploads\/2021\/01\/DSC_0881-1536x1019.jpg 1536w, https:\/\/www.cm-evora.pt\/wp-content\/uploads\/2021\/01\/DSC_0881-2048x1359.jpg 2048w, https:\/\/www.cm-evora.pt\/wp-content\/uploads\/2021\/01\/DSC_0881-1320x876.jpg 1320w\" sizes=\"auto, (max-width: 2560px) 100vw, 2560px\" \/><\/a><\/p>\n<p><strong>Consulte aqui o Regulamento e a documenta\u00e7\u00e3o associada<\/strong><\/p>","protected":false},"excerpt":{"rendered":"<p>Sorry, this entry is only available in Portugu\u00eas.&nbsp; Consulte aqui o Regulamento e a documenta\u00e7\u00e3o associada<\/p>\n","protected":false},"author":1,"featured_media":0,"parent":1534,"menu_order":6,"comment_status":"closed","ping_status":"closed","template":"templates-map\/component-file-gallery-layout1.php","meta":{"_acf_changed":false,"footnotes":""},"categories":[],"class_list":["post-14161","page","type-page","status-publish","hentry"],"acf":[],"_links":{"self":[{"href":"https:\/\/www.cm-evora.pt\/en\/wp-json\/wp\/v2\/pages\/14161","targetHints":{"allow":["GET"]}}],"collection":[{"href":"https:\/\/www.cm-evora.pt\/en\/wp-json\/wp\/v2\/pages"}],"about":[{"href":"https:\/\/www.cm-evora.pt\/en\/wp-json\/wp\/v2\/types\/page"}],"author":[{"embeddable":true,"href":"https:\/\/www.cm-evora.pt\/en\/wp-json\/wp\/v2\/users\/1"}],"replies":[{"embeddable":true,"href":"https:\/\/www.cm-evora.pt\/en\/wp-json\/wp\/v2\/comments?post=14161"}],"version-history":[{"count":5,"href":"https:\/\/www.cm-evora.pt\/en\/wp-json\/wp\/v2\/pages\/14161\/revisions"}],"predecessor-version":[{"id":18774,"href":"https:\/\/www.cm-evora.pt\/en\/wp-json\/wp\/v2\/pages\/14161\/revisions\/18774"}],"up":[{"embeddable":true,"href":"https:\/\/www.cm-evora.pt\/en\/wp-json\/wp\/v2\/pages\/1534"}],"wp:attachment":[{"href":"https:\/\/www.cm-evora.pt\/en\/wp-json\/wp\/v2\/media?parent=14161"}],"wp:term":[{"taxonomy":"category","embeddable":true,"href":"https:\/\/www.cm-evora.pt\/en\/wp-json\/wp\/v2\/categories?post=14161"}],"curies":[{"name":"wp","href":"https:\/\/api.w.org\/{rel}","templated":true}]}}