{"id":14163,"date":"2020-07-09T13:58:28","date_gmt":"2020-07-09T12:58:28","guid":{"rendered":"https:\/\/evora2.int.skilltech.pt\/susProjects\/wp_evora2_suite\/?page_id=14163"},"modified":"2021-01-12T15:13:28","modified_gmt":"2021-01-12T15:13:28","slug":"regulamentos-de-transito","status":"publish","type":"page","link":"https:\/\/www.cm-evora.pt\/en\/municipe\/camara-municipal\/regulamentos\/regulamentos-de-transito\/","title":{"rendered":"(Portugu\u00eas) Regulamentos de Tr\u00e2nsito, Circula\u00e7\u00e3o e Estacionamento"},"content":{"rendered":"<p class=\"qtranxs-available-languages-message qtranxs-available-languages-message-en\">Sorry, this entry is only available in <a href=\"https:\/\/www.cm-evora.pt\/pt\/wp-json\/wp\/v2\/pages\/14163\" class=\"qtranxs-available-language-link qtranxs-available-language-link-pt\" title=\"Portugu\u00eas\">Portugu\u00eas<\/a>.<\/p><p>&nbsp;<\/p>\n<p><a href=\"https:\/\/www.cm-evora.pt\/wp-content\/uploads\/2021\/01\/62202861_1182291108616173_3152007066093092864_n.jpg\"><img loading=\"lazy\" decoding=\"async\" class=\"alignnone size-full wp-image-18794\" src=\"https:\/\/www.cm-evora.pt\/wp-content\/uploads\/2021\/01\/62202861_1182291108616173_3152007066093092864_n.jpg\" alt=\"\" width=\"960\" height=\"639\" srcset=\"https:\/\/www.cm-evora.pt\/wp-content\/uploads\/2021\/01\/62202861_1182291108616173_3152007066093092864_n.jpg 960w, https:\/\/www.cm-evora.pt\/wp-content\/uploads\/2021\/01\/62202861_1182291108616173_3152007066093092864_n-300x200.jpg 300w, https:\/\/www.cm-evora.pt\/wp-content\/uploads\/2021\/01\/62202861_1182291108616173_3152007066093092864_n-768x511.jpg 768w\" sizes=\"auto, (max-width: 960px) 100vw, 960px\" \/><\/a><\/p>\n<p><strong>Consulte aqui as Normas e os Regulamentos de Circula\u00e7\u00e3o, Tr\u00e2nsito, Estacionamento, Taxis, etc<\/strong><\/p>","protected":false},"excerpt":{"rendered":"<p>Sorry, this entry is only available in Portugu\u00eas.&nbsp; Consulte aqui as Normas e os Regulamentos de Circula\u00e7\u00e3o, Tr\u00e2nsito, Estacionamento, Taxis, etc<\/p>\n","protected":false},"author":1,"featured_media":0,"parent":1534,"menu_order":7,"comment_status":"closed","ping_status":"closed","template":"templates-map\/component-file-gallery-layout1.php","meta":{"_acf_changed":false,"footnotes":""},"categories":[],"class_list":["post-14163","page","type-page","status-publish","hentry"],"acf":[],"_links":{"self":[{"href":"https:\/\/www.cm-evora.pt\/en\/wp-json\/wp\/v2\/pages\/14163","targetHints":{"allow":["GET"]}}],"collection":[{"href":"https:\/\/www.cm-evora.pt\/en\/wp-json\/wp\/v2\/pages"}],"about":[{"href":"https:\/\/www.cm-evora.pt\/en\/wp-json\/wp\/v2\/types\/page"}],"author":[{"embeddable":true,"href":"https:\/\/www.cm-evora.pt\/en\/wp-json\/wp\/v2\/users\/1"}],"replies":[{"embeddable":true,"href":"https:\/\/www.cm-evora.pt\/en\/wp-json\/wp\/v2\/comments?post=14163"}],"version-history":[{"count":6,"href":"https:\/\/www.cm-evora.pt\/en\/wp-json\/wp\/v2\/pages\/14163\/revisions"}],"predecessor-version":[{"id":18796,"href":"https:\/\/www.cm-evora.pt\/en\/wp-json\/wp\/v2\/pages\/14163\/revisions\/18796"}],"up":[{"embeddable":true,"href":"https:\/\/www.cm-evora.pt\/en\/wp-json\/wp\/v2\/pages\/1534"}],"wp:attachment":[{"href":"https:\/\/www.cm-evora.pt\/en\/wp-json\/wp\/v2\/media?parent=14163"}],"wp:term":[{"taxonomy":"category","embeddable":true,"href":"https:\/\/www.cm-evora.pt\/en\/wp-json\/wp\/v2\/categories?post=14163"}],"curies":[{"name":"wp","href":"https:\/\/api.w.org\/{rel}","templated":true}]}}