{"id":14178,"date":"2020-07-09T14:25:02","date_gmt":"2020-07-09T13:25:02","guid":{"rendered":"https:\/\/evora2.int.skilltech.pt\/susProjects\/wp_evora2_suite\/?page_id=14178"},"modified":"2023-02-23T11:16:57","modified_gmt":"2023-02-23T11:16:57","slug":"caracterizacao-do-projeto","status":"publish","type":"page","link":"https:\/\/www.cm-evora.pt\/en\/municipe\/projetos-municipais\/pel-projeto-educativo-local\/caracterizacao-do-projeto\/","title":{"rendered":"(Portugu\u00eas) Carateriza\u00e7\u00e3o do Projeto"},"content":{"rendered":"<p class=\"qtranxs-available-languages-message qtranxs-available-languages-message-en\">Sorry, this entry is only available in <a href=\"https:\/\/www.cm-evora.pt\/pt\/wp-json\/wp\/v2\/pages\/14178\" class=\"qtranxs-available-language-link qtranxs-available-language-link-pt\" title=\"Portugu\u00eas\">Portugu\u00eas<\/a>.<\/p><p><\/p>\n<p style=\"text-align: center\"><a href=\"https:\/\/www.cm-evora.pt\/wp-content\/uploads\/2021\/01\/PEL-logo.png\" target=\"_blank\" rel=\"noopener\"><img loading=\"lazy\" decoding=\"async\" class=\"alignnone wp-image-18279\" src=\"https:\/\/www.cm-evora.pt\/wp-content\/uploads\/2021\/01\/PEL-logo.png\" alt=\"\" width=\"800\" height=\"501\" srcset=\"https:\/\/www.cm-evora.pt\/wp-content\/uploads\/2021\/01\/PEL-logo.png 1500w, https:\/\/www.cm-evora.pt\/wp-content\/uploads\/2021\/01\/PEL-logo-300x188.png 300w, https:\/\/www.cm-evora.pt\/wp-content\/uploads\/2021\/01\/PEL-logo-1024x641.png 1024w, https:\/\/www.cm-evora.pt\/wp-content\/uploads\/2021\/01\/PEL-logo-768x481.png 768w, https:\/\/www.cm-evora.pt\/wp-content\/uploads\/2021\/01\/PEL-logo-1320x826.png 1320w\" sizes=\"auto, (max-width: 800px) 100vw, 800px\" \/><\/a><\/p>\n<p><strong>O PEL \u00e9 \u2026<\/strong><\/p>\n<ul>\n<li style=\"list-style-type: none\">\n<ul>\n<li><strong>Um diagn\u00f3stico da oferta educativa do concelho<\/strong>. Constitui-se como \u201cmapa educativo\u201d e reposit\u00f3rio da oferta e projetos educativos do concelho, materializado numa plataforma online din\u00e2mica e de f\u00e1cil consulta.<\/li>\n<li><strong>Um instrumento de planeamento estrat\u00e9gico<\/strong>. F\u00f3rum de ausculta\u00e7\u00e3o da popula\u00e7\u00e3o e dos agentes locais que permitir\u00e1 uma defini\u00e7\u00e3o e planifica\u00e7\u00e3o das pol\u00edticas educativas municipais.<\/li>\n<li><strong>Um projeto participativo e colaborativo, com todos e para todos<\/strong>. Espa\u00e7o de car\u00e1cter transversal, de articula\u00e7\u00e3o e a\u00e7\u00e3o conjunta entre o munic\u00edpio, a popula\u00e7\u00e3o e os diversos agentes locais.<\/li>\n<li><strong>Uma resposta a necessidades concretas da popula\u00e7\u00e3o<\/strong>. Base para trabalhar a educa\u00e7\u00e3o como algo intr\u00ednseco \u00e0 cidade, conhecer e potenciar a identidade educadora do concelho e, desta forma, melhorar a qualidade das ofertas educativas.<\/li>\n<li><strong>Um ve\u00edculo de fomento da coes\u00e3o social<\/strong>. Promotor do princ\u00edpio da universalidade e igualdade do acesso \u00e0 cultura e educa\u00e7\u00e3o.<\/li>\n<li><strong>Um projeto de transforma\u00e7\u00e3o social<\/strong>. Vetor de transmiss\u00e3o de uma vis\u00e3o integrada da cidade e da sociedade, potenciador e facilitador da apropria\u00e7\u00e3o do espa\u00e7o p\u00fablico pelos cidad\u00e3os, tanto nos seus aspetos educativos como sociais.<\/li>\n<li><strong>O instrumento de efetiva\u00e7\u00e3o da Carta de Princ\u00edpios das Cidades Educadoras<\/strong>.<\/li>\n<\/ul>\n<\/li>\n<\/ul>\n<p>&nbsp;<\/p>\n<p>Poder\u00e1 <a href=\"https:\/\/www.cm-evora.pt\/municipe\/projetos-municipais\/evora-cidade-educadora\/newsletters-evora-cidade-educadora\/\" target=\"_blank\" rel=\"noopener\">registar-se<\/a> e receber a newsletter <strong>\u00c9vora Cidade Educadora<\/strong>, com muitas informa\u00e7\u00f5es sobre o Projeto Educativo Local.<\/p>\n<p>&nbsp;<\/p>\n<p style=\"text-align: center\"><a href=\"http:\/\/www2.cm-evora.pt\/evoracidadeeducadora\/subscricao.htm\" target=\"_blank\" rel=\"noopener noreferrer\"><img loading=\"lazy\" decoding=\"async\" class=\"alignnone wp-image-13989 \" src=\"https:\/\/www.cm-evora.pt\/wp-content\/uploads\/2020\/07\/imagemNewsletter.jpg\" alt=\"\" width=\"86\" height=\"43\" srcset=\"https:\/\/www.cm-evora.pt\/wp-content\/uploads\/2020\/07\/imagemNewsletter.jpg 317w, https:\/\/www.cm-evora.pt\/wp-content\/uploads\/2020\/07\/imagemNewsletter-300x150.jpg 300w\" sizes=\"auto, (max-width: 86px) 100vw, 86px\" \/><\/a><\/p>\n<p>&nbsp;<\/p>\n<p style=\"text-align: center\"><a href=\"https:\/\/www.cm-evora.pt\/wp-content\/uploads\/2020\/07\/cidades_educadoras-COR.png\"><img loading=\"lazy\" decoding=\"async\" class=\"alignnone wp-image-13988 size-medium\" src=\"https:\/\/www.cm-evora.pt\/wp-content\/uploads\/2020\/07\/cidades_educadoras-COR-300x212.png\" alt=\"\" width=\"300\" height=\"212\" srcset=\"https:\/\/www.cm-evora.pt\/wp-content\/uploads\/2020\/07\/cidades_educadoras-COR-300x212.png 300w, https:\/\/www.cm-evora.pt\/wp-content\/uploads\/2020\/07\/cidades_educadoras-COR-768x543.png 768w, https:\/\/www.cm-evora.pt\/wp-content\/uploads\/2020\/07\/cidades_educadoras-COR-1024x724.png 1024w, https:\/\/www.cm-evora.pt\/wp-content\/uploads\/2020\/07\/cidades_educadoras-COR-1320x933.png 1320w\" sizes=\"auto, (max-width: 300px) 100vw, 300px\" \/><\/a><\/p>\n<p><\/p>","protected":false},"excerpt":{"rendered":"<p>Sorry, this entry is only available in Portugu\u00eas. O PEL \u00e9 \u2026 Um diagn\u00f3stico da oferta educativa do concelho. Constitui-se como \u201cmapa educativo\u201d e reposit\u00f3rio da oferta e projetos educativos do concelho, materializado numa plataforma online din\u00e2mica e de f\u00e1cil consulta. Um instrumento de planeamento estrat\u00e9gico. F\u00f3rum de ausculta\u00e7\u00e3o da popula\u00e7\u00e3o e dos agentes locais [&hellip;]<\/p>\n","protected":false},"author":1,"featured_media":0,"parent":2583,"menu_order":0,"comment_status":"closed","ping_status":"closed","template":"templates-map\/component-text-layout1.php","meta":{"_acf_changed":false,"footnotes":""},"categories":[],"class_list":["post-14178","page","type-page","status-publish","hentry"],"acf":{"imagens":"","titulo_docs_seccao":"","documentos":""},"_links":{"self":[{"href":"https:\/\/www.cm-evora.pt\/en\/wp-json\/wp\/v2\/pages\/14178","targetHints":{"allow":["GET"]}}],"collection":[{"href":"https:\/\/www.cm-evora.pt\/en\/wp-json\/wp\/v2\/pages"}],"about":[{"href":"https:\/\/www.cm-evora.pt\/en\/wp-json\/wp\/v2\/types\/page"}],"author":[{"embeddable":true,"href":"https:\/\/www.cm-evora.pt\/en\/wp-json\/wp\/v2\/users\/1"}],"replies":[{"embeddable":true,"href":"https:\/\/www.cm-evora.pt\/en\/wp-json\/wp\/v2\/comments?post=14178"}],"version-history":[{"count":14,"href":"https:\/\/www.cm-evora.pt\/en\/wp-json\/wp\/v2\/pages\/14178\/revisions"}],"predecessor-version":[{"id":45844,"href":"https:\/\/www.cm-evora.pt\/en\/wp-json\/wp\/v2\/pages\/14178\/revisions\/45844"}],"up":[{"embeddable":true,"href":"https:\/\/www.cm-evora.pt\/en\/wp-json\/wp\/v2\/pages\/2583"}],"wp:attachment":[{"href":"https:\/\/www.cm-evora.pt\/en\/wp-json\/wp\/v2\/media?parent=14178"}],"wp:term":[{"taxonomy":"category","embeddable":true,"href":"https:\/\/www.cm-evora.pt\/en\/wp-json\/wp\/v2\/categories?post=14178"}],"curies":[{"name":"wp","href":"https:\/\/api.w.org\/{rel}","templated":true}]}}