{"id":14182,"date":"2020-07-09T14:26:00","date_gmt":"2020-07-09T13:26:00","guid":{"rendered":"https:\/\/evora2.int.skilltech.pt\/susProjects\/wp_evora2_suite\/?page_id=14182"},"modified":"2024-05-06T09:19:08","modified_gmt":"2024-05-06T08:19:08","slug":"pel-2019-2024","status":"publish","type":"page","link":"https:\/\/www.cm-evora.pt\/en\/municipe\/projetos-municipais\/pel-projeto-educativo-local\/pel-2019-2024\/","title":{"rendered":"PEL 2019-2024"},"content":{"rendered":"<p style=\"text-align: center\"><a href=\"https:\/\/www.cm-evora.pt\/wp-content\/uploads\/2021\/02\/Cidadania1-1.jpg\" target=\"_blank\" rel=\"noopener\"><img loading=\"lazy\" decoding=\"async\" class=\"alignnone wp-image-21257 size-full\" src=\"https:\/\/www.cm-evora.pt\/wp-content\/uploads\/2021\/02\/Cidadania1-1.jpg\" alt=\"\" width=\"1280\" height=\"600\" srcset=\"https:\/\/www.cm-evora.pt\/wp-content\/uploads\/2021\/02\/Cidadania1-1.jpg 1280w, https:\/\/www.cm-evora.pt\/wp-content\/uploads\/2021\/02\/Cidadania1-1-300x141.jpg 300w, https:\/\/www.cm-evora.pt\/wp-content\/uploads\/2021\/02\/Cidadania1-1-1024x480.jpg 1024w, https:\/\/www.cm-evora.pt\/wp-content\/uploads\/2021\/02\/Cidadania1-1-768x360.jpg 768w\" sizes=\"auto, (max-width: 1280px) 100vw, 1280px\" \/><\/a><\/p>\n<p>&nbsp;<\/p>\n<p>O PEL &#8211; Projeto Educativo Local de \u00c9vora \u00e9 um processo vivo, envolvente, desafiante e aberto ao dia de amanh\u00e3. Esta vida do PEL \u00e9 o primeiro e mais importante passo para chegar \u00e0 Cidade, para reconhecer a Cidade, para chegar aos seus habitantes, para reconhecer o seu papel determinante na constru\u00e7\u00e3o de um territ\u00f3rio que \u00e9 seu e que se encontra em constante renova\u00e7\u00e3o.<\/p>\n<p>A vida, o territ\u00f3rio e o tempo, s\u00e3o o prop\u00f3sito e o objeto de trabalho deste PEL. Tudo muda e saber isso \u00e9 saber que ao longo da vida, a educa\u00e7\u00e3o (formal, n\u00e3o formal e informal) nos vai mudando e nos vai desafiando a aceitar na mudan\u00e7a a nossa raz\u00e3o de criar, de aprender, de ensinar, de dar, de receber e de viver o nosso espa\u00e7o, a nossa constru\u00e7\u00e3o, a nossa Cidade.<\/p>\n<p>O PEL procura cruzar olhares sobre esta premente necessidade de uma educa\u00e7\u00e3o ao longo da vida, para todos, em todo o tempo.<\/p>\n<p>Somos mais fortes juntos? Somos e o PEL \u00e9 por isso mesmo um processo vivo, porque feito de tantos intervenientes, recursos, projetos e a\u00e7\u00f5es que ajudam quem cresce na Cidade e dignificam a Cidade que cresce em n\u00f3s.<\/p>\n<p>&nbsp;<\/p>\n<p>Conhe\u00e7a aqui o <a href=\"https:\/\/www.cm-evora.pt\/wp-content\/uploads\/2021\/09\/Documento-Orientador-2021-2024-final_v2.pdf\" target=\"_blank\" rel=\"noopener\"><b>Documento orientador <\/b>do PEL 2021-24<\/a> (em atualiza\u00e7\u00e3o).<\/p>\n<p>Conhe\u00e7a aqui a <a href=\"https:\/\/www.cm-evora.pt\/wp-content\/uploads\/2024\/05\/PEL-DiagnosticoEstrategico-AuscultacaoAtores_Maio2024_2.pdf\" target=\"_blank\" rel=\"noopener\"><strong>Ausculta\u00e7\u00e3o de Atores<\/strong> (Diagn\u00f3stico Estrat\u00e9gico)<\/a>.<\/p>\n<p style=\"text-align: center\"><a href=\"https:\/\/youtu.be\/QTZs8ccmhMg\" target=\"_blank\" rel=\"noopener\">https:\/\/youtu.be\/QTZs8ccmhMg<\/a><\/p>\n<p>&nbsp;<\/p>\n<p>O munic\u00edpio de \u00c9vora apresenta, para o ano letivo de 2022- 2023, um programa de educa\u00e7\u00e3o n\u00e3o formal que integra iniciativas de quatro \u00e1reas de interven\u00e7\u00e3o:<\/p>\n<ul>\n<li style=\"list-style-type: none\">\n<ul>\n<li><strong>1\u00aa \u00c1rea de interven\u00e7\u00e3o <\/strong>\u2013 Educa\u00e7\u00e3o para a Cidadania<\/li>\n<li><strong>2\u00aa \u00c1rea de interven\u00e7\u00e3o \u2013 <\/strong>Educa\u00e7\u00e3o para o Patrim\u00f3nio e Cultura<\/li>\n<li><strong>3\u00aa \u00c1rea de interven\u00e7\u00e3o <\/strong>\u2013 Educa\u00e7\u00e3o para a Ci\u00eancia e Ambiente<\/li>\n<li><strong>4\u00aa \u00c1rea de interven\u00e7\u00e3o <\/strong>\u2013 Educa\u00e7\u00e3o para a Sa\u00fade e Desporto<\/li>\n<\/ul>\n<\/li>\n<\/ul>\n","protected":false},"excerpt":{"rendered":"<p>&nbsp; O PEL &#8211; Projeto Educativo Local de \u00c9vora \u00e9 um processo vivo, envolvente, desafiante e aberto ao dia de amanh\u00e3. Esta vida do PEL \u00e9 o primeiro e mais importante passo para chegar \u00e0 Cidade, para reconhecer a Cidade, para chegar aos seus habitantes, para reconhecer o seu papel determinante na constru\u00e7\u00e3o de um [&hellip;]<\/p>\n","protected":false},"author":1,"featured_media":0,"parent":2583,"menu_order":1,"comment_status":"closed","ping_status":"closed","template":"templates-map\/component-text-list-layout1.php","meta":{"_acf_changed":false,"footnotes":""},"categories":[],"class_list":["post-14182","page","type-page","status-publish","hentry"],"acf":[],"_links":{"self":[{"href":"https:\/\/www.cm-evora.pt\/en\/wp-json\/wp\/v2\/pages\/14182","targetHints":{"allow":["GET"]}}],"collection":[{"href":"https:\/\/www.cm-evora.pt\/en\/wp-json\/wp\/v2\/pages"}],"about":[{"href":"https:\/\/www.cm-evora.pt\/en\/wp-json\/wp\/v2\/types\/page"}],"author":[{"embeddable":true,"href":"https:\/\/www.cm-evora.pt\/en\/wp-json\/wp\/v2\/users\/1"}],"replies":[{"embeddable":true,"href":"https:\/\/www.cm-evora.pt\/en\/wp-json\/wp\/v2\/comments?post=14182"}],"version-history":[{"count":17,"href":"https:\/\/www.cm-evora.pt\/en\/wp-json\/wp\/v2\/pages\/14182\/revisions"}],"predecessor-version":[{"id":61355,"href":"https:\/\/www.cm-evora.pt\/en\/wp-json\/wp\/v2\/pages\/14182\/revisions\/61355"}],"up":[{"embeddable":true,"href":"https:\/\/www.cm-evora.pt\/en\/wp-json\/wp\/v2\/pages\/2583"}],"wp:attachment":[{"href":"https:\/\/www.cm-evora.pt\/en\/wp-json\/wp\/v2\/media?parent=14182"}],"wp:term":[{"taxonomy":"category","embeddable":true,"href":"https:\/\/www.cm-evora.pt\/en\/wp-json\/wp\/v2\/categories?post=14182"}],"curies":[{"name":"wp","href":"https:\/\/api.w.org\/{rel}","templated":true}]}}