{"id":14185,"date":"2020-07-09T14:27:16","date_gmt":"2020-07-09T13:27:16","guid":{"rendered":"https:\/\/evora2.int.skilltech.pt\/susProjects\/wp_evora2_suite\/?page_id=14185"},"modified":"2025-08-18T16:20:31","modified_gmt":"2025-08-18T15:20:31","slug":"caderno-de-ofertas-educativas","status":"publish","type":"page","link":"https:\/\/www.cm-evora.pt\/en\/municipe\/projetos-municipais\/pel-projeto-educativo-local\/caderno-de-ofertas-educativas\/","title":{"rendered":"Caderno de Ofertas Educativas"},"content":{"rendered":"<p>O PEL \u00e9 a materializa\u00e7\u00e3o constante de que \u00c9vora procura ser renovadamente, Cidade Educadora, numa rede maior de Cidades Educadoras. Vamos dando pequenos passos, vamos acontecendo e fazer acontecer no nosso territ\u00f3rio para que este processo seja um ciclo vivo, aberto, consequente e contempor\u00e2neo.<\/p>\n<p>&nbsp;<\/p>\n<div id=\"attachment_77118\" style=\"width: 221px\" class=\"wp-caption aligncenter\"><a href=\"https:\/\/www.cm-evora.pt\/wp-content\/uploads\/2025\/08\/VERSAOdigital_CadernoOfertaEducativa2025-2026.pdf\" target=\"_blank\" rel=\"noopener\"><img loading=\"lazy\" decoding=\"async\" aria-describedby=\"caption-attachment-77118\" class=\"wp-image-77118 size-medium\" src=\"https:\/\/www.cm-evora.pt\/wp-content\/uploads\/2025\/08\/Capa_CadernoOfertaEducativa2025-2026-211x300.jpg\" alt=\"\" width=\"211\" height=\"300\" srcset=\"https:\/\/www.cm-evora.pt\/wp-content\/uploads\/2025\/08\/Capa_CadernoOfertaEducativa2025-2026-211x300.jpg 211w, https:\/\/www.cm-evora.pt\/wp-content\/uploads\/2025\/08\/Capa_CadernoOfertaEducativa2025-2026-722x1024.jpg 722w, https:\/\/www.cm-evora.pt\/wp-content\/uploads\/2025\/08\/Capa_CadernoOfertaEducativa2025-2026-768x1090.jpg 768w, https:\/\/www.cm-evora.pt\/wp-content\/uploads\/2025\/08\/Capa_CadernoOfertaEducativa2025-2026-1083x1536.jpg 1083w, https:\/\/www.cm-evora.pt\/wp-content\/uploads\/2025\/08\/Capa_CadernoOfertaEducativa2025-2026-1444x2048.jpg 1444w, https:\/\/www.cm-evora.pt\/wp-content\/uploads\/2025\/08\/Capa_CadernoOfertaEducativa2025-2026-1320x1873.jpg 1320w, https:\/\/www.cm-evora.pt\/wp-content\/uploads\/2025\/08\/Capa_CadernoOfertaEducativa2025-2026.jpg 1748w\" sizes=\"auto, (max-width: 211px) 100vw, 211px\" \/><\/a><p id=\"caption-attachment-77118\" class=\"wp-caption-text\"><span style=\"color: #0000ff\">Caderno de Oferta Educativa PEL 2025-2026<\/span><\/p><\/div>\n<h5><\/h5>\n<h5 style=\"text-align: center\"><span style=\"color: #000000\">Percorra as v\u00e1rias ofertas a partir do \u00edndice, regressando com um simples clique em \u201cProjeto Educativo Local\u201d, na parte superior de cada p\u00e1gina<\/span><\/h5>\n<p>&nbsp;<\/p>\n<p>&nbsp;<\/p>\n<div id=\"attachment_65422\" style=\"width: 222px\" class=\"wp-caption aligncenter\"><a href=\"https:\/\/www.cm-evora.pt\/wp-content\/uploads\/2024\/09\/VERSAOdigital_CadernoOfertaEducativa2024-2025_11SET-2.pdf\" target=\"_blank\" rel=\"noopener\"><img loading=\"lazy\" decoding=\"async\" aria-describedby=\"caption-attachment-65422\" class=\"wp-image-65422 size-medium\" src=\"https:\/\/www.cm-evora.pt\/wp-content\/uploads\/2024\/09\/VERSAOdigital_CadernoOfertaEducativa2024-2025_11SET_page-0001-212x300.jpg\" alt=\"\" width=\"212\" height=\"300\" srcset=\"https:\/\/www.cm-evora.pt\/wp-content\/uploads\/2024\/09\/VERSAOdigital_CadernoOfertaEducativa2024-2025_11SET_page-0001-212x300.jpg 212w, https:\/\/www.cm-evora.pt\/wp-content\/uploads\/2024\/09\/VERSAOdigital_CadernoOfertaEducativa2024-2025_11SET_page-0001-722x1024.jpg 722w, https:\/\/www.cm-evora.pt\/wp-content\/uploads\/2024\/09\/VERSAOdigital_CadernoOfertaEducativa2024-2025_11SET_page-0001-768x1089.jpg 768w, https:\/\/www.cm-evora.pt\/wp-content\/uploads\/2024\/09\/VERSAOdigital_CadernoOfertaEducativa2024-2025_11SET_page-0001.jpg 875w\" sizes=\"auto, (max-width: 212px) 100vw, 212px\" \/><\/a><p id=\"caption-attachment-65422\" class=\"wp-caption-text\"><span style=\"color: #0000ff\">Caderno de Oferta Educativa PEL 2024-2025<\/span><\/p><\/div>\n<p>&nbsp;<\/p>\n<div id=\"attachment_53803\" style=\"width: 229px\" class=\"wp-caption aligncenter\"><a href=\"https:\/\/www.cm-evora.pt\/wp-content\/uploads\/2023\/10\/CadernoOfertaEducativa2023-2024_bdigital2-1.pdf\" target=\"_blank\" rel=\"noopener\"><img loading=\"lazy\" decoding=\"async\" aria-describedby=\"caption-attachment-53803\" class=\"wp-image-53803\" src=\"https:\/\/www.cm-evora.pt\/wp-content\/uploads\/2023\/10\/CadernoOfertaEducativa2023-2024_bdigital2_page-0001.jpg\" alt=\"\" width=\"219\" height=\"311\" srcset=\"https:\/\/www.cm-evora.pt\/wp-content\/uploads\/2023\/10\/CadernoOfertaEducativa2023-2024_bdigital2_page-0001.jpg 875w, https:\/\/www.cm-evora.pt\/wp-content\/uploads\/2023\/10\/CadernoOfertaEducativa2023-2024_bdigital2_page-0001-212x300.jpg 212w, https:\/\/www.cm-evora.pt\/wp-content\/uploads\/2023\/10\/CadernoOfertaEducativa2023-2024_bdigital2_page-0001-722x1024.jpg 722w, https:\/\/www.cm-evora.pt\/wp-content\/uploads\/2023\/10\/CadernoOfertaEducativa2023-2024_bdigital2_page-0001-768x1089.jpg 768w\" sizes=\"auto, (max-width: 219px) 100vw, 219px\" \/><\/a><p id=\"caption-attachment-53803\" class=\"wp-caption-text\"><span style=\"color: #0000ff\">Caderno de Oferta Educativa PEL 2023 -2024<\/span><\/p><\/div>\n<p>&nbsp;<\/p>\n<div id=\"attachment_39955\" style=\"width: 229px\" class=\"wp-caption aligncenter\"><a href=\"https:\/\/www.cm-evora.pt\/wp-content\/uploads\/2022\/08\/CadernoOfertaEducativa2022-2023-digital.pdf\" target=\"_blank\" rel=\"noopener\"><img loading=\"lazy\" decoding=\"async\" aria-describedby=\"caption-attachment-39955\" class=\"wp-image-39955\" src=\"https:\/\/www.cm-evora.pt\/wp-content\/uploads\/2022\/08\/Capa-PELCaderno2223.jpg\" alt=\"\" width=\"219\" height=\"313\" srcset=\"https:\/\/www.cm-evora.pt\/wp-content\/uploads\/2022\/08\/Capa-PELCaderno2223.jpg 540w, https:\/\/www.cm-evora.pt\/wp-content\/uploads\/2022\/08\/Capa-PELCaderno2223-210x300.jpg 210w\" sizes=\"auto, (max-width: 219px) 100vw, 219px\" \/><\/a><p id=\"caption-attachment-39955\" class=\"wp-caption-text\"><span style=\"color: #0000ff\">Caderno de Oferta Educativa PEL 2022 -2023<\/span><\/p><\/div>\n<p>&nbsp;<\/p>\n<div id=\"attachment_27061\" style=\"width: 222px\" class=\"wp-caption aligncenter\"><a href=\"https:\/\/www.cm-evora.pt\/wp-content\/uploads\/2021\/09\/CadernoOfertaEducativa2021_2022.pdf\" target=\"_blank\" rel=\"noopener\"><img loading=\"lazy\" decoding=\"async\" aria-describedby=\"caption-attachment-27061\" class=\"wp-image-27061 size-medium\" src=\"https:\/\/www.cm-evora.pt\/wp-content\/uploads\/2021\/09\/CadernoOfertaEducativa2021_2022_capa-212x300.jpg\" alt=\"\" width=\"212\" height=\"300\" srcset=\"https:\/\/www.cm-evora.pt\/wp-content\/uploads\/2021\/09\/CadernoOfertaEducativa2021_2022_capa-212x300.jpg 212w, https:\/\/www.cm-evora.pt\/wp-content\/uploads\/2021\/09\/CadernoOfertaEducativa2021_2022_capa-722x1024.jpg 722w, https:\/\/www.cm-evora.pt\/wp-content\/uploads\/2021\/09\/CadernoOfertaEducativa2021_2022_capa-768x1089.jpg 768w, https:\/\/www.cm-evora.pt\/wp-content\/uploads\/2021\/09\/CadernoOfertaEducativa2021_2022_capa.jpg 875w\" sizes=\"auto, (max-width: 212px) 100vw, 212px\" \/><\/a><p id=\"caption-attachment-27061\" class=\"wp-caption-text\"><span style=\"color: #0000ff\">Caderno de Oferta Educativa PEL 2021-2022.pdf<\/span><\/p><\/div>\n<p>&nbsp;<\/p>\n<div id=\"attachment_26607\" style=\"width: 222px\" class=\"wp-caption aligncenter\"><a href=\"https:\/\/www.cm-evora.pt\/wp-content\/uploads\/2021\/01\/CadernoOfertaEducativa20200910.pdf\" target=\"_blank\" rel=\"noopener\"><img loading=\"lazy\" decoding=\"async\" aria-describedby=\"caption-attachment-26607\" class=\"wp-image-26607 size-medium\" src=\"https:\/\/www.cm-evora.pt\/wp-content\/uploads\/2021\/09\/CadernoOfertaEducativa20200910_page-0001-212x300.jpg\" alt=\"\" width=\"212\" height=\"300\" srcset=\"https:\/\/www.cm-evora.pt\/wp-content\/uploads\/2021\/09\/CadernoOfertaEducativa20200910_page-0001-212x300.jpg 212w, https:\/\/www.cm-evora.pt\/wp-content\/uploads\/2021\/09\/CadernoOfertaEducativa20200910_page-0001-725x1024.jpg 725w, https:\/\/www.cm-evora.pt\/wp-content\/uploads\/2021\/09\/CadernoOfertaEducativa20200910_page-0001-768x1085.jpg 768w, https:\/\/www.cm-evora.pt\/wp-content\/uploads\/2021\/09\/CadernoOfertaEducativa20200910_page-0001-1087x1536.jpg 1087w, https:\/\/www.cm-evora.pt\/wp-content\/uploads\/2021\/09\/CadernoOfertaEducativa20200910_page-0001.jpg 1241w\" sizes=\"auto, (max-width: 212px) 100vw, 212px\" \/><\/a><p id=\"caption-attachment-26607\" class=\"wp-caption-text\"><span style=\"color: #0000ff\">Caderno de Oferta Educativa PEL 2020-2021.pdf<\/span><\/p><\/div>\n<p>&nbsp;<\/p>\n<div id=\"attachment_21523\" style=\"width: 220px\" class=\"wp-caption aligncenter\"><a href=\"https:\/\/www.cm-evora.pt\/wp-content\/uploads\/2021\/03\/CadernoOfertaEducativa1920.pdf\" target=\"_blank\" rel=\"noopener noreferrer\"><img loading=\"lazy\" decoding=\"async\" aria-describedby=\"caption-attachment-21523\" class=\"wp-image-21523 size-medium\" src=\"https:\/\/www.cm-evora.pt\/wp-content\/uploads\/2021\/03\/Captura-de-ecra\u0303-2021-03-11-a\u0300s-11.12.44-210x300.png\" alt=\"\" width=\"210\" height=\"300\" srcset=\"https:\/\/www.cm-evora.pt\/wp-content\/uploads\/2021\/03\/Captura-de-ecra\u0303-2021-03-11-a\u0300s-11.12.44-210x300.png 210w, https:\/\/www.cm-evora.pt\/wp-content\/uploads\/2021\/03\/Captura-de-ecra\u0303-2021-03-11-a\u0300s-11.12.44-716x1024.png 716w, https:\/\/www.cm-evora.pt\/wp-content\/uploads\/2021\/03\/Captura-de-ecra\u0303-2021-03-11-a\u0300s-11.12.44-768x1098.png 768w, https:\/\/www.cm-evora.pt\/wp-content\/uploads\/2021\/03\/Captura-de-ecra\u0303-2021-03-11-a\u0300s-11.12.44.png 1060w\" sizes=\"auto, (max-width: 210px) 100vw, 210px\" \/><\/a><p id=\"caption-attachment-21523\" class=\"wp-caption-text\"><span style=\"color: #0000ff\">Caderno de Oferta Educativa 2019-2020.pdf<\/span><\/p><\/div>\n","protected":false},"excerpt":{"rendered":"<p>O PEL \u00e9 a materializa\u00e7\u00e3o constante de que \u00c9vora procura ser renovadamente, Cidade Educadora, numa rede maior de Cidades Educadoras. Vamos dando pequenos passos, vamos acontecendo e fazer acontecer no nosso territ\u00f3rio para que este processo seja um ciclo vivo, aberto, consequente e contempor\u00e2neo. &nbsp; Percorra as v\u00e1rias ofertas a partir do \u00edndice, regressando com [&hellip;]<\/p>\n","protected":false},"author":1,"featured_media":0,"parent":2583,"menu_order":3,"comment_status":"closed","ping_status":"closed","template":"templates-map\/component-text-layout1.php","meta":{"_acf_changed":false,"footnotes":""},"categories":[],"class_list":["post-14185","page","type-page","status-publish","hentry"],"acf":{"imagens":"","titulo_docs_seccao":"","documentos":""},"_links":{"self":[{"href":"https:\/\/www.cm-evora.pt\/en\/wp-json\/wp\/v2\/pages\/14185","targetHints":{"allow":["GET"]}}],"collection":[{"href":"https:\/\/www.cm-evora.pt\/en\/wp-json\/wp\/v2\/pages"}],"about":[{"href":"https:\/\/www.cm-evora.pt\/en\/wp-json\/wp\/v2\/types\/page"}],"author":[{"embeddable":true,"href":"https:\/\/www.cm-evora.pt\/en\/wp-json\/wp\/v2\/users\/1"}],"replies":[{"embeddable":true,"href":"https:\/\/www.cm-evora.pt\/en\/wp-json\/wp\/v2\/comments?post=14185"}],"version-history":[{"count":36,"href":"https:\/\/www.cm-evora.pt\/en\/wp-json\/wp\/v2\/pages\/14185\/revisions"}],"predecessor-version":[{"id":77122,"href":"https:\/\/www.cm-evora.pt\/en\/wp-json\/wp\/v2\/pages\/14185\/revisions\/77122"}],"up":[{"embeddable":true,"href":"https:\/\/www.cm-evora.pt\/en\/wp-json\/wp\/v2\/pages\/2583"}],"wp:attachment":[{"href":"https:\/\/www.cm-evora.pt\/en\/wp-json\/wp\/v2\/media?parent=14185"}],"wp:term":[{"taxonomy":"category","embeddable":true,"href":"https:\/\/www.cm-evora.pt\/en\/wp-json\/wp\/v2\/categories?post=14185"}],"curies":[{"name":"wp","href":"https:\/\/api.w.org\/{rel}","templated":true}]}}