{"id":14193,"date":"2020-07-09T14:31:52","date_gmt":"2020-07-09T13:31:52","guid":{"rendered":"https:\/\/evora2.int.skilltech.pt\/susProjects\/wp_evora2_suite\/?page_id=14193"},"modified":"2025-11-12T10:54:59","modified_gmt":"2025-11-12T10:54:59","slug":"inclusao-em-movimento","status":"publish","type":"page","link":"https:\/\/www.cm-evora.pt\/en\/municipe\/projetos-municipais\/pel-projeto-educativo-local\/projetos-educativos\/inclusao-em-movimento\/","title":{"rendered":"Inclus\u00e3o em Movimento"},"content":{"rendered":"<p><\/p>\n<p style=\"text-align: center\">\u200b\u200b\u200b\u200b\u200b\u200b\u200b\u200b\u200b<a href=\"https:\/\/www.cm-evora.pt\/wp-content\/uploads\/2021\/06\/Logotipo_InclusaoemMovimento_V1-03.png\" target=\"_blank\" rel=\"noopener\"><img loading=\"lazy\" decoding=\"async\" class=\"alignnone wp-image-23904 size-full\" src=\"https:\/\/www.cm-evora.pt\/wp-content\/uploads\/2021\/06\/Logotipo_InclusaoemMovimento_V1-03.png\" alt=\"\" width=\"2094\" height=\"1055\" srcset=\"https:\/\/www.cm-evora.pt\/wp-content\/uploads\/2021\/06\/Logotipo_InclusaoemMovimento_V1-03.png 2094w, https:\/\/www.cm-evora.pt\/wp-content\/uploads\/2021\/06\/Logotipo_InclusaoemMovimento_V1-03-300x151.png 300w, https:\/\/www.cm-evora.pt\/wp-content\/uploads\/2021\/06\/Logotipo_InclusaoemMovimento_V1-03-1024x516.png 1024w, https:\/\/www.cm-evora.pt\/wp-content\/uploads\/2021\/06\/Logotipo_InclusaoemMovimento_V1-03-768x387.png 768w, https:\/\/www.cm-evora.pt\/wp-content\/uploads\/2021\/06\/Logotipo_InclusaoemMovimento_V1-03-1536x774.png 1536w, https:\/\/www.cm-evora.pt\/wp-content\/uploads\/2021\/06\/Logotipo_InclusaoemMovimento_V1-03-2048x1032.png 2048w, https:\/\/www.cm-evora.pt\/wp-content\/uploads\/2021\/06\/Logotipo_InclusaoemMovimento_V1-03-1320x665.png 1320w\" sizes=\"auto, (max-width: 2094px) 100vw, 2094px\" \/><\/a><\/p>\n<p>A vis\u00e3o contempor\u00e2nea da inclus\u00e3o identifica-se uma orienta\u00e7\u00e3o para a\u00e7\u00f5es que visam encorajar e promover a atividade f\u00edsico autodeterminada para todos os cidad\u00e3os durante a vida, oferecendo assist\u00eancia e apoio profissional quando requerido. O desafio consiste em saber lidar com o abundante potencial presente nas pessoas, que apresentam diferentes e peculiares condi\u00e7\u00f5es para a pr\u00e1tica das atividades f\u00edsicas interagindo nos mais diferentes contextos.<br \/>\nO foco de desenvolvimento da cultura corporal de movimento, desenvolvendo atividades como atletismo, gin\u00e1stica, dan\u00e7as, jogos, conte\u00fados de qualquer programa de atividade f\u00edsicas ou modalidades, devem ser considerados tendo em vista o potencial de desenvolvimento pessoal e n\u00e3o a defici\u00eancia ou incapacidade em si.<br \/>\n\u00c9 neste sentido, que se pretende dar continuidade ao programa \u201cInclus\u00e3o em Movimento\u201d, com o intuito de promover a inclus\u00e3o desta popula\u00e7\u00e3o alvo, com os clubes, associa\u00e7\u00f5es, escolas e popula\u00e7\u00e3o em geral (crian\u00e7as, adultos, idosos) utilizando os espa\u00e7os desportivos da cidade, de uma forma regular.<\/p>\n<p>&nbsp;<\/p>\n<hr \/>\n<p>&nbsp;<\/p>\n<p>Em \u00c9vora, as crian\u00e7as, jovens e adultos com necessidades especiais t\u00eam agora ao seu dispor um conjunto de sess\u00f5es de Atividades f\u00edsicas, \u00e0s quais podem aceder atrav\u00e9s do canal de youtube da autarquia, em <a href=\"https:\/\/www.youtube.com\/user\/MunicipioEvora\" target=\"_blank\" rel=\"noopener\">https:\/\/www.youtube.com\/user\/MunicipioEvora<\/a>.<\/p>\n<p>Esta medida foi adotada em \u00c9vora para dar resposta \u00e0s necessidades existentes no atual contexto de pandemia COVID-19 e complementa a divulga\u00e7\u00e3o nas p\u00e1ginas das redes sociais do Munic\u00edpio (\u00c9vora Desporto e \u00c9vora Cidade Educadora).<\/p>\n<p>&nbsp;<\/p>\n<hr \/>\n<h4><strong>\u00a0<\/strong><\/h4>\n<h4><strong>Acompanhe ou revela as v\u00e1rias propostas<\/strong><\/h4>\n<table>\n<tbody>\n<tr>\n<td width=\"175\"><strong>Programa<\/strong><\/td>\n<td width=\"218\"><strong>Respons\u00e1vel(eis)<\/strong><\/td>\n<td width=\"481\"><strong>Link<\/strong><\/td>\n<\/tr>\n<tr>\n<td width=\"175\">Inclus\u00e3o em Movimento (Proposta 1)<\/td>\n<td width=\"218\">Pedro Silva<\/td>\n<td width=\"481\"><a href=\"https:\/\/youtu.be\/QkicnxMzFuU\" target=\"_blank\" rel=\"noopener\">https:\/\/youtu.be\/QkicnxMzFuU<\/a><\/td>\n<\/tr>\n<tr>\n<td width=\"175\">Inclus\u00e3o em Movimento (Proposta 2)<\/td>\n<td width=\"218\">Jorge Vicente, Pedro Silva e Pedro Ricardo<\/td>\n<td width=\"481\"><u><a href=\"https:\/\/youtu.be\/r-FEKpOuiRs\" target=\"_blank\" rel=\"noopener\">https:\/\/youtu.be\/r-FEKpOuiRs<\/a><\/u><\/td>\n<\/tr>\n<tr>\n<td width=\"175\">Inclus\u00e3o em Movimento (Proposta 3)<\/td>\n<td width=\"218\">Ana Pinto, Jorge Vicente, Pedro Silva e Pedro Ricardo<\/td>\n<td width=\"481\"><u><a href=\"https:\/\/youtu.be\/JWGvIJ0caOI\" target=\"_blank\" rel=\"noopener\">https:\/\/youtu.be\/JWGvIJ0caOI<\/a><\/u><\/td>\n<\/tr>\n<\/tbody>\n<\/table>\n<p>&nbsp;<\/p>\n<hr \/>\n<p>&nbsp;<\/p>\n<h4><strong>Promotor<\/strong><\/h4>\n<p>C\u00e2mara Municipal de \u00c9vora \u2013 Divis\u00e3o de Juventude e Desporto<\/p>\n<p>&nbsp;<\/p>\n<h4><strong>Respons\u00e1vel<\/strong><\/h4>\n<p>Pedro Freixial Silva<\/p>\n<p>&nbsp;<\/p>\n<p><strong>Entidades Parceiras<\/strong><\/p>\n<ul>\n<li style=\"list-style-type: none\">\n<ul>\n<li>APPACDM,<\/li>\n<li>ARASS,<\/li>\n<li>ACSTE,<\/li>\n<li>Cercidiana e<\/li>\n<li>APCE.<\/li>\n<\/ul>\n<\/li>\n<\/ul>\n<p>&nbsp;<\/p>\n<h4><strong>Objetivos<\/strong><\/h4>\n<ul>\n<li style=\"list-style-type: none\">\n<ul>\n<li>Promover a inclus\u00e3o e a igualdade de oportunidades no acesso a atividades de car\u00e1cter desportivo, social e cultural, facilitadoras da promo\u00e7\u00e3o da sa\u00fade e o bem-estar f\u00edsico, ps\u00edquico e social da comunidade eborense, independentemente das diferen\u00e7as e potencialidades de cada um;<\/li>\n<li>Potenciar pr\u00e1ticas desportivas junto da comunidade eborense, alargando desportos tradicionalmente associados a determinados grupos de popula\u00e7\u00e3o, a outros que tamb\u00e9m da\u00ed possam retirar bem-estar e sentimentos de perten\u00e7a.<\/li>\n<\/ul>\n<\/li>\n<\/ul>\n<p>&nbsp;<\/p>\n<h4><strong>P\u00fablico-Alvo<\/strong><\/h4>\n<p>Crian\u00e7as, jovens e adultos com necessidades especiais<\/p>\n<p>&nbsp;<\/p>\n<h4><strong>Calendariza\u00e7\u00e3o<\/strong><\/h4>\n<p>Durante todo o ano<\/p>\n<h4><strong>\u00a0<\/strong><\/h4>\n<h4><strong>Lota\u00e7\u00e3o<\/strong><\/h4>\n<p>N\u00e3o aplic\u00e1vel<\/p>\n<p>&nbsp;<\/p>\n<h4><strong>Local<\/strong><\/h4>\n<p>V\u00e1rios locais da cidade:<\/p>\n<ul>\n<li>Complexo Desportivo de \u00c9vora,<\/li>\n<li>Piscinas Municipais,<\/li>\n<li>Ecopista,<\/li>\n<li>Jardins,<\/li>\n<li>etc.<\/li>\n<\/ul>\n<p>&nbsp;<\/p>\n<h4><strong>Resumo\/Sinopse<\/strong><\/h4>\n<p>Este projeto \u00e9 direcionado a todos as institui\u00e7\u00f5es do concelho que promovam e trabalhem com cidad\u00e3os portadores de defici\u00eancia.<\/p>\n<h4><strong>\u00a0<\/strong><\/h4>\n<h4><strong>Como participar?<\/strong><\/h4>\n<p>O presente projeto \u00e9 direcionado para todas as Institui\u00e7\u00f5es do Concelho de \u00c9vora que promovam e trabalhem com cidad\u00e3os portadores de defici\u00eancia.<\/p>\n<p>Para ser parceira do Projeto, contacte a Divis\u00e3o de Juventude e Desporto da Autarquia de \u00c9vora.<\/p>\n<p>Neste momento, temos as 5 institui\u00e7\u00f5es que trabalham nesta \u00e1rea como associa\u00e7\u00f5es parceiras, num total de 300 utentes:<\/p>\n<ul>\n<li style=\"list-style-type: none\">\n<ul>\n<li>ASCTE<\/li>\n<li>ARASS<\/li>\n<li>APPACDM<\/li>\n<li>APCE<\/li>\n<li>CERCIDIANA<\/li>\n<\/ul>\n<\/li>\n<\/ul>\n<p>&nbsp;<\/p>\n<h4><strong>Atividades Propostas a Realizar<\/strong><\/h4>\n<ul>\n<li style=\"list-style-type: none\">\n<ul>\n<li>Atletismo,<\/li>\n<li>Dan\u00e7as,<\/li>\n<li>Yoga,<\/li>\n<li>Atividades Indoor \u2013 Remo, jogos tradicionais, jogos l\u00fadicos,<\/li>\n<li>Caminhadas,<\/li>\n<li>Desportos de Combate,<\/li>\n<li>A\u00e7\u00f5es de Sensibiliza\u00e7\u00e3o e\/ou Qualifica\u00e7\u00e3o sobre a tem\u00e1tica da Defici\u00eancia e\/ou Incapacidade e Exclus\u00e3o Social,<\/li>\n<li>Atividades de Interc\u00e2mbio entre as Associa\u00e7\u00f5es Locais,<\/li>\n<li>Atividades de Interc\u00e2mbio entre as Associa\u00e7\u00f5es Locais e as Associa\u00e7\u00f5es Nacionais,<\/li>\n<li>Atividades de Interc\u00e2mbio entre as Escolas e as Associa\u00e7\u00f5es,<\/li>\n<li>Atividades de Modalidades Coletivas e Individuais, tais como Futebol, Basquetebol, Minit\u00e9nis, Voleibol, etc,<\/li>\n<li>Outras.<\/li>\n<\/ul>\n<\/li>\n<\/ul>\n<p>&nbsp;<\/p>\n<h4><strong>Contactos<\/strong><\/h4>\n<p><u>Telefone<\/u>: <a href=\"tel:+351266777000\" target=\"_blank\" rel=\"noopener\">+351 266 777 000<\/a> \u00abChamada para a rede fixa nacional\u00bb<\/p>\n<p><u>Email<\/u>: <a href=\"mailto:pedrosilva@cm-evora.pt\" target=\"_blank\" rel=\"noopener\">pedrosilva@cm-evora.pt<\/a><\/p>","protected":false},"excerpt":{"rendered":"<p>\u200b\u200b\u200b\u200b\u200b\u200b\u200b\u200b\u200b A vis\u00e3o contempor\u00e2nea da inclus\u00e3o identifica-se uma orienta\u00e7\u00e3o para a\u00e7\u00f5es que visam encorajar e promover a atividade f\u00edsico autodeterminada para todos os cidad\u00e3os durante a vida, oferecendo assist\u00eancia e apoio profissional quando requerido. O desafio consiste em saber lidar com o abundante potencial presente nas pessoas, que apresentam diferentes e peculiares condi\u00e7\u00f5es para a [&hellip;]<\/p>\n","protected":false},"author":1,"featured_media":0,"parent":14190,"menu_order":6,"comment_status":"closed","ping_status":"closed","template":"templates-map\/component-photo-gallery-list-layout1.php","meta":{"_acf_changed":false,"footnotes":""},"categories":[],"class_list":["post-14193","page","type-page","status-publish","hentry"],"acf":[],"_links":{"self":[{"href":"https:\/\/www.cm-evora.pt\/en\/wp-json\/wp\/v2\/pages\/14193","targetHints":{"allow":["GET"]}}],"collection":[{"href":"https:\/\/www.cm-evora.pt\/en\/wp-json\/wp\/v2\/pages"}],"about":[{"href":"https:\/\/www.cm-evora.pt\/en\/wp-json\/wp\/v2\/types\/page"}],"author":[{"embeddable":true,"href":"https:\/\/www.cm-evora.pt\/en\/wp-json\/wp\/v2\/users\/1"}],"replies":[{"embeddable":true,"href":"https:\/\/www.cm-evora.pt\/en\/wp-json\/wp\/v2\/comments?post=14193"}],"version-history":[{"count":32,"href":"https:\/\/www.cm-evora.pt\/en\/wp-json\/wp\/v2\/pages\/14193\/revisions"}],"predecessor-version":[{"id":79210,"href":"https:\/\/www.cm-evora.pt\/en\/wp-json\/wp\/v2\/pages\/14193\/revisions\/79210"}],"up":[{"embeddable":true,"href":"https:\/\/www.cm-evora.pt\/en\/wp-json\/wp\/v2\/pages\/14190"}],"wp:attachment":[{"href":"https:\/\/www.cm-evora.pt\/en\/wp-json\/wp\/v2\/media?parent=14193"}],"wp:term":[{"taxonomy":"category","embeddable":true,"href":"https:\/\/www.cm-evora.pt\/en\/wp-json\/wp\/v2\/categories?post=14193"}],"curies":[{"name":"wp","href":"https:\/\/api.w.org\/{rel}","templated":true}]}}