{"id":14199,"date":"2020-07-09T14:34:19","date_gmt":"2020-07-09T13:34:19","guid":{"rendered":"https:\/\/evora2.int.skilltech.pt\/susProjects\/wp_evora2_suite\/?page_id=14199"},"modified":"2025-09-16T14:36:46","modified_gmt":"2025-09-16T13:36:46","slug":"programa-ser-a-brincar","status":"publish","type":"page","link":"https:\/\/www.cm-evora.pt\/en\/municipe\/projetos-municipais\/pel-projeto-educativo-local\/projetos-educativos\/programa-ser-a-brincar\/","title":{"rendered":"Programa Ser a Brincar"},"content":{"rendered":"<p style=\"text-align: center\"><strong>Programa de Atividades Complementares e de Apoio \u00e0s Fam\u00edlias de \u00c9vora<\/strong><\/p>\n<p style=\"text-align: center\"><img loading=\"lazy\" decoding=\"async\" class=\"alignnone wp-image-73248 size-full\" src=\"https:\/\/www.cm-evora.pt\/wp-content\/uploads\/2025\/04\/AF_SerABrincar_2025_banner.png\" alt=\"\" width=\"8005\" height=\"4505\" srcset=\"https:\/\/www.cm-evora.pt\/wp-content\/uploads\/2025\/04\/AF_SerABrincar_2025_banner.png 8005w, https:\/\/www.cm-evora.pt\/wp-content\/uploads\/2025\/04\/AF_SerABrincar_2025_banner-300x169.png 300w, https:\/\/www.cm-evora.pt\/wp-content\/uploads\/2025\/04\/AF_SerABrincar_2025_banner-1024x576.png 1024w, https:\/\/www.cm-evora.pt\/wp-content\/uploads\/2025\/04\/AF_SerABrincar_2025_banner-768x432.png 768w, https:\/\/www.cm-evora.pt\/wp-content\/uploads\/2025\/04\/AF_SerABrincar_2025_banner-1536x864.png 1536w, https:\/\/www.cm-evora.pt\/wp-content\/uploads\/2025\/04\/AF_SerABrincar_2025_banner-2048x1153.png 2048w, https:\/\/www.cm-evora.pt\/wp-content\/uploads\/2025\/04\/AF_SerABrincar_2025_banner-1320x743.png 1320w\" sizes=\"auto, (max-width: 8005px) 100vw, 8005px\" \/><\/p>\n<p>&nbsp;<\/p>\n<h4><strong>Entidade promotora e Servi\u00e7o respons\u00e1vel<\/strong><\/h4>\n<p>C\u00e2mara Municipal de \u00c9vora &#8211; Divis\u00e3o de Educa\u00e7\u00e3o e Interven\u00e7\u00e3o Social<\/p>\n<h4><strong>\u00a0<\/strong><\/h4>\n<h4><strong>Nomes das Respons\u00e1veis<\/strong><\/h4>\n<p>S\u00f3nia Miranda | Carina Pereira<\/p>\n<h4><strong>\u00a0<\/strong><\/h4>\n<h4><strong>Entidades Parceiras<\/strong><\/h4>\n<p>Agrupamentos de Escolas, Uni\u00f5es e Juntas de Freguesia, Institui\u00e7\u00f5es Culturais, For\u00e7as de Seguran\u00e7a, Empresas Privadas e Servi\u00e7os Internos da Autarquia.<\/p>\n<h4><\/h4>\n<h4><strong>Resumo\/Sinopse<\/strong><\/h4>\n<p>O Programa visa promover atividades de car\u00e1ter educativo e cultural para que as crian\u00e7as em idade pr\u00e9-escolar tenham oportunidade para brincar e aprender, conviver e descobrir, compreender e comunicar, experimentar artes e saberes e conhecer novos locais e pessoas.<\/p>\n<p>&nbsp;<\/p>\n<h4><strong>Objetivos<\/strong><\/h4>\n<ul>\n<li style=\"list-style-type: none\">\n<ul>\n<li>Contribuir para a forma\u00e7\u00e3o, promo\u00e7\u00e3o e desenvolvimento das crian\u00e7as em idade pr\u00e9-escolar;<\/li>\n<li>Apoiar a compatibiliza\u00e7\u00e3o da vida familiar com a profissional, garantindo um acompanhamento qualificado \u00e0s fam\u00edlias e \u00e0s crian\u00e7as;<\/li>\n<li>Potenciar atividades pedag\u00f3gicas de recursos culturais e sociais do concelho.<\/li>\n<\/ul>\n<\/li>\n<\/ul>\n<p>&nbsp;<\/p>\n<h4><strong>P\u00fablico-Alvo<\/strong><\/h4>\n<p>Crian\u00e7as do pr\u00e9-escolar a frequentar estabelecimentos de educa\u00e7\u00e3o da rede p\u00fablica.<\/p>\n<h4><strong>\u00a0<\/strong><\/h4>\n<h4><strong>Calendariza\u00e7\u00e3o<\/strong><\/h4>\n<p>Interrup\u00e7\u00e3o letiva de ver\u00e3o.<\/p>\n<h4><strong>\u00a0<\/strong><\/h4>\n<h4><strong>Lota\u00e7\u00e3o<\/strong><\/h4>\n<p>44 crian\u00e7as por semana, integrando 2 crian\u00e7as com Necessidades Educativas Espec\u00edficas, 1 por sala, sendo acompanhada permanentemente por um adulto.<\/p>\n<h4><strong>\u00a0<\/strong><\/h4>\n<h4><strong>Local<\/strong><\/h4>\n<p>Estabelecimento de ensino &#8211; 1.\u00ba Ciclo do Ensino B\u00e1sico<\/p>\n<p>&nbsp;<\/p>\n<h4><strong>Inscri\u00e7\u00e3o:<\/strong><\/h4>\n<ul>\n<li style=\"list-style-type: none\">\n<ul>\n<li>Formato on-line,<\/li>\n<li>Preenchimento do formul\u00e1rio de inscri\u00e7\u00e3o atrav\u00e9s do link <a href=\"http:\/\/evoradesporto.cm-evora.pt\" target=\"_blank\" rel=\"noopener\">evoradesporto.cm-evora.pt<\/a> **<\/li>\n<li>Por forma a existir uma maior equidade, a inscri\u00e7\u00e3o \u00e9 feita por semanas, sendo que cada crian\u00e7a poder\u00e1 ser inscrita no m\u00e1ximo em tr\u00eas semanas, podendo ficar em lista de espera.<\/li>\n<\/ul>\n<\/li>\n<\/ul>\n<p>**Antes do dia da inscri\u00e7\u00e3o \u00e9 obrigat\u00f3rio criar um registo do encarregado de educa\u00e7\u00e3o e do(s) educando(s), no link <a href=\"http:\/\/evoradesporto.cm-evora.pt\" target=\"_blank\" rel=\"noopener\">evoradesporto.cm-evora.pt<\/a>.<\/p>\n<p>&nbsp;<\/p>\n<p><strong>Refei\u00e7\u00f5es<\/strong>:<\/p>\n<p>O lanche da tarde dever\u00e1 ser assegurado pelas fam\u00edlias.<\/p>\n<p>&nbsp;<\/p>\n<h4><strong>Documentos<\/strong><\/h4>\n<ul>\n<li style=\"list-style-type: none\">\n<ul>\n<li><a href=\"https:\/\/www.cm-evora.pt\/wp-content\/uploads\/2021\/04\/Regulamento_SERaBRINCAR-DR_126-3jul2017-Aviso7429.pdf\" target=\"_blank\" rel=\"noopener\">Regulamento Municipal para Funcionamento do Programa \u201cSer a Brincar\u201d \u2014 Atividades Complementares e de Apoio \u00e0 Fam\u00edlia.pdf<\/a><\/li>\n<\/ul>\n<\/li>\n<\/ul>\n<h4 style=\"text-align: center\"><a href=\"https:\/\/www.cm-evora.pt\/wp-content\/uploads\/2025\/04\/AF_SerABrincar_2025_cartaz.png\"><img loading=\"lazy\" decoding=\"async\" class=\"alignnone size-full wp-image-73249\" src=\"https:\/\/www.cm-evora.pt\/wp-content\/uploads\/2025\/04\/AF_SerABrincar_2025_cartaz.png\" alt=\"\" width=\"3508\" height=\"4961\" srcset=\"https:\/\/www.cm-evora.pt\/wp-content\/uploads\/2025\/04\/AF_SerABrincar_2025_cartaz.png 3508w, https:\/\/www.cm-evora.pt\/wp-content\/uploads\/2025\/04\/AF_SerABrincar_2025_cartaz-212x300.png 212w, https:\/\/www.cm-evora.pt\/wp-content\/uploads\/2025\/04\/AF_SerABrincar_2025_cartaz-724x1024.png 724w, https:\/\/www.cm-evora.pt\/wp-content\/uploads\/2025\/04\/AF_SerABrincar_2025_cartaz-768x1086.png 768w, https:\/\/www.cm-evora.pt\/wp-content\/uploads\/2025\/04\/AF_SerABrincar_2025_cartaz-1086x1536.png 1086w, https:\/\/www.cm-evora.pt\/wp-content\/uploads\/2025\/04\/AF_SerABrincar_2025_cartaz-1448x2048.png 1448w, https:\/\/www.cm-evora.pt\/wp-content\/uploads\/2025\/04\/AF_SerABrincar_2025_cartaz-1320x1867.png 1320w\" sizes=\"auto, (max-width: 3508px) 100vw, 3508px\" \/><\/a><\/h4>\n<p>&nbsp;<\/p>\n<h4>Contactos<\/h4>\n<p><u>Telefone<\/u>: <a href=\"tel:+351266777000\" target=\"_blank\" rel=\"noopener\">+351 266 777 000<\/a> \u00abChamada para a rede fixa nacional\u00bb<\/p>\n<p><u>Email<\/u>: <a href=\"mailto:sonia.miranda@cm-evora.pt\" target=\"_blank\" rel=\"noopener\">sonia.miranda@cm-evora.pt<\/a> | <a href=\"mailto:carinapereira@cm-evora.pt\" target=\"_blank\" rel=\"noopener\">carinapereira@cm-evora.pt<\/a><\/p>\n","protected":false},"excerpt":{"rendered":"<p>Programa de Atividades Complementares e de Apoio \u00e0s Fam\u00edlias de \u00c9vora &nbsp; Entidade promotora e Servi\u00e7o respons\u00e1vel C\u00e2mara Municipal de \u00c9vora &#8211; Divis\u00e3o de Educa\u00e7\u00e3o e Interven\u00e7\u00e3o Social \u00a0 Nomes das Respons\u00e1veis S\u00f3nia Miranda | Carina Pereira \u00a0 Entidades Parceiras Agrupamentos de Escolas, Uni\u00f5es e Juntas de Freguesia, Institui\u00e7\u00f5es Culturais, For\u00e7as de Seguran\u00e7a, Empresas Privadas [&hellip;]<\/p>\n","protected":false},"author":1,"featured_media":0,"parent":14190,"menu_order":10,"comment_status":"closed","ping_status":"closed","template":"templates-map\/component-text-layout1.php","meta":{"_acf_changed":false,"footnotes":""},"categories":[],"class_list":["post-14199","page","type-page","status-publish","hentry"],"acf":{"imagens":"","titulo_docs_seccao":"","documentos":""},"_links":{"self":[{"href":"https:\/\/www.cm-evora.pt\/en\/wp-json\/wp\/v2\/pages\/14199","targetHints":{"allow":["GET"]}}],"collection":[{"href":"https:\/\/www.cm-evora.pt\/en\/wp-json\/wp\/v2\/pages"}],"about":[{"href":"https:\/\/www.cm-evora.pt\/en\/wp-json\/wp\/v2\/types\/page"}],"author":[{"embeddable":true,"href":"https:\/\/www.cm-evora.pt\/en\/wp-json\/wp\/v2\/users\/1"}],"replies":[{"embeddable":true,"href":"https:\/\/www.cm-evora.pt\/en\/wp-json\/wp\/v2\/comments?post=14199"}],"version-history":[{"count":31,"href":"https:\/\/www.cm-evora.pt\/en\/wp-json\/wp\/v2\/pages\/14199\/revisions"}],"predecessor-version":[{"id":77773,"href":"https:\/\/www.cm-evora.pt\/en\/wp-json\/wp\/v2\/pages\/14199\/revisions\/77773"}],"up":[{"embeddable":true,"href":"https:\/\/www.cm-evora.pt\/en\/wp-json\/wp\/v2\/pages\/14190"}],"wp:attachment":[{"href":"https:\/\/www.cm-evora.pt\/en\/wp-json\/wp\/v2\/media?parent=14199"}],"wp:term":[{"taxonomy":"category","embeddable":true,"href":"https:\/\/www.cm-evora.pt\/en\/wp-json\/wp\/v2\/categories?post=14199"}],"curies":[{"name":"wp","href":"https:\/\/api.w.org\/{rel}","templated":true}]}}