{"id":14202,"date":"2020-07-09T14:35:22","date_gmt":"2020-07-09T13:35:22","guid":{"rendered":"https:\/\/evora2.int.skilltech.pt\/susProjects\/wp_evora2_suite\/?page_id=14202"},"modified":"2026-03-17T09:40:17","modified_gmt":"2026-03-17T09:40:17","slug":"ferias-desportivas","status":"publish","type":"page","link":"https:\/\/www.cm-evora.pt\/en\/municipe\/projetos-municipais\/pel-projeto-educativo-local\/projetos-educativos\/ferias-desportivas\/","title":{"rendered":"Okup@-Te"},"content":{"rendered":"<p><a href=\"https:\/\/www.cm-evora.pt\/wp-content\/uploads\/2024\/09\/OKUPATE.png\" target=\"_blank\" rel=\"noopener\"><img loading=\"lazy\" decoding=\"async\" class=\"alignnone wp-image-65887 size-full\" src=\"https:\/\/www.cm-evora.pt\/wp-content\/uploads\/2024\/09\/OKUPATE.png\" alt=\"\" width=\"8001\" height=\"2709\" srcset=\"https:\/\/www.cm-evora.pt\/wp-content\/uploads\/2024\/09\/OKUPATE.png 8001w, https:\/\/www.cm-evora.pt\/wp-content\/uploads\/2024\/09\/OKUPATE-300x102.png 300w, https:\/\/www.cm-evora.pt\/wp-content\/uploads\/2024\/09\/OKUPATE-1024x347.png 1024w, https:\/\/www.cm-evora.pt\/wp-content\/uploads\/2024\/09\/OKUPATE-768x260.png 768w, https:\/\/www.cm-evora.pt\/wp-content\/uploads\/2024\/09\/OKUPATE-1536x520.png 1536w, https:\/\/www.cm-evora.pt\/wp-content\/uploads\/2024\/09\/OKUPATE-2048x693.png 2048w, https:\/\/www.cm-evora.pt\/wp-content\/uploads\/2024\/09\/OKUPATE-1920x650.png 1920w, https:\/\/www.cm-evora.pt\/wp-content\/uploads\/2024\/09\/OKUPATE-1320x447.png 1320w\" sizes=\"auto, (max-width: 8001px) 100vw, 8001px\" \/><\/a><\/p>\n<p>&nbsp;<\/p>\n<p style=\"text-align: center\"><strong>Okupa-te | VER\u00c3O| 2025<\/strong><\/p>\n<p>O Programa Municipal de Ocupa\u00e7\u00e3o de Tempos Livres (OKUPA-TE) vai decorrer, durante as f\u00e9rias escolares de Ver\u00e3o, de 30 junho a 05 setembro, com a realiza\u00e7\u00e3o de 5 blocos de 10 dias com atividades destinadas a crian\u00e7as com idades compreendidas entre os 6 e os 12 anos, num total de 100 vagas.<\/p>\n<p>As <strong>inscri\u00e7\u00f5es passar\u00e3o a ser exclusivamente online<\/strong>, atrav\u00e9s do link: <a href=\"https:\/\/evoradesporto.cm-evora.pt\/\" target=\"_blank\" rel=\"noopener\">https:\/\/evoradesporto.cm-evora.pt\/<\/a>, sendo que a abertura das mesmas ser\u00e1 dia <strong>12 junho, 5\u00aa feira, pelas 09h00<\/strong>.<\/p>\n<p>&nbsp;<\/p>\n<p>A C\u00e2mara Municipal de \u00c9vora agradece, antecipadamente, que os pais\/encarregados de educa\u00e7\u00e3o consultem este endere\u00e7o: <a href=\"https:\/\/www.cm-evora.pt\/wp-content\/uploads\/2024\/12\/Como-inscrever-Okupa-te.pdf\" target=\"_blank\" rel=\"noopener\">Como inscrever no Okup@-te?<\/a>, onde poder\u00e3o ter mais informa\u00e7\u00f5es relativamente ao m\u00e9todo de inscri\u00e7\u00f5es.<\/p>\n<p>&nbsp;<\/p>\n<p>Para as inscri\u00e7\u00f5es, para al\u00e9m do Cart\u00e3o de Utente (n\u00famero do processo caso ainda n\u00e3o tenha recebido o cart\u00e3o) ser\u00e1 obrigat\u00f3rio a apresenta\u00e7\u00e3o de documento a comprovar os Escal\u00f5es A e B da Seguran\u00e7a Social, no caso dos benefici\u00e1rios.<\/p>\n<p>&nbsp;<\/p>\n<p><u>Datas<\/u>:<\/p>\n<ul>\n<li style=\"list-style-type: none\">\n<ul>\n<li>Bloco 1 | 30 junho a 11 julho<\/li>\n<li>Bloco 2 | 14 a 25 julho<\/li>\n<li>Bloco 3 | 28 julho a 08 agosto<\/li>\n<li>Bloco 4 | 11 a 22 agosto<\/li>\n<li>Bloco 5 | 25 agosto a 05 setembro<\/li>\n<\/ul>\n<\/li>\n<\/ul>\n<p>&nbsp;<\/p>\n<p><u>Valores por bloco<\/u>:<\/p>\n<ul>\n<li style=\"list-style-type: none\">\n<ul>\n<li>Escal\u00e3o A* \u2013 Bloco: 25\u20ac<\/li>\n<li>Escal\u00e3o B \u2013 Bloco: 40\u20ac<\/li>\n<li>Escal\u00e3o C ou outro \u2013 Bloco: 60\u20ac<\/li>\n<\/ul>\n<\/li>\n<\/ul>\n<p>* inclui os benefici\u00e1rios do RSI e Cart\u00e3o Solid\u00e1rio.<\/p>\n<p style=\"text-align: center\"><a href=\"https:\/\/www.cm-evora.pt\/wp-content\/uploads\/2025\/06\/A3_OKUPATE-Verao-2025.png\" target=\"_blank\" rel=\"noopener\"><img loading=\"lazy\" decoding=\"async\" class=\"alignnone wp-image-75194 size-large\" src=\"https:\/\/www.cm-evora.pt\/wp-content\/uploads\/2025\/06\/A3_OKUPATE-Verao-2025-724x1024.png\" alt=\"\" width=\"724\" height=\"1024\" srcset=\"https:\/\/www.cm-evora.pt\/wp-content\/uploads\/2025\/06\/A3_OKUPATE-Verao-2025-724x1024.png 724w, https:\/\/www.cm-evora.pt\/wp-content\/uploads\/2025\/06\/A3_OKUPATE-Verao-2025-212x300.png 212w, https:\/\/www.cm-evora.pt\/wp-content\/uploads\/2025\/06\/A3_OKUPATE-Verao-2025-768x1086.png 768w, https:\/\/www.cm-evora.pt\/wp-content\/uploads\/2025\/06\/A3_OKUPATE-Verao-2025-1086x1536.png 1086w, https:\/\/www.cm-evora.pt\/wp-content\/uploads\/2025\/06\/A3_OKUPATE-Verao-2025-1448x2048.png 1448w, https:\/\/www.cm-evora.pt\/wp-content\/uploads\/2025\/06\/A3_OKUPATE-Verao-2025-1320x1867.png 1320w\" sizes=\"auto, (max-width: 724px) 100vw, 724px\" \/><\/a><\/p>\n<p>&nbsp;<\/p>\n<p style=\"text-align: center\"><strong>Okupa-te | TEENS | 2025<\/strong><\/p>\n<p>O Programa Municipal de Ocupa\u00e7\u00e3o de Tempos Livres (OKUPA-TE) vai decorrer, durante as f\u00e9rias escolares de Ver\u00e3o, de 30 junho a 25 julho, com a realiza\u00e7\u00e3o de 2 blocos de 10 dias com atividades destinadas a crian\u00e7as com idades compreendidas entre os 13 e os 15 anos, num total de 20 vagas.<\/p>\n<p>As <strong>inscri\u00e7\u00f5es passar\u00e3o a ser exclusivamente online<\/strong>, atrav\u00e9s do link: <a href=\"https:\/\/evoradesporto.cm-evora.pt\/\" target=\"_blank\" rel=\"noopener\">https:\/\/evoradesporto.cm-evora.pt\/<\/a>, sendo que a abertura das mesmas ser\u00e1 dia <strong>13 junho, 6\u00aa feira, pelas 09h00<\/strong>.<\/p>\n<p>&nbsp;<\/p>\n<p>A C\u00e2mara Municipal de \u00c9vora agradece, antecipadamente, que os pais\/encarregados de educa\u00e7\u00e3o consultem este endere\u00e7o: <a href=\"https:\/\/www.cm-evora.pt\/wp-content\/uploads\/2024\/12\/Como-inscrever-Okupa-te.pdf\" target=\"_blank\" rel=\"noopener\">Como inscrever no Okup@-te?<\/a>, onde poder\u00e3o ter mais informa\u00e7\u00f5es relativamente ao m\u00e9todo de inscri\u00e7\u00f5es.<\/p>\n<p>&nbsp;<\/p>\n<p>Para as inscri\u00e7\u00f5es, para al\u00e9m do Cart\u00e3o de Utente (n\u00famero do processo caso ainda n\u00e3o tenha recebido o cart\u00e3o) ser\u00e1 obrigat\u00f3rio a apresenta\u00e7\u00e3o de documento a comprovar os Escal\u00f5es A e B da Seguran\u00e7a Social, no caso dos benefici\u00e1rios.<\/p>\n<p>&nbsp;<\/p>\n<p><u>Datas<\/u>:<\/p>\n<ul>\n<li style=\"list-style-type: none\">\n<ul>\n<li>Bloco 1 | 30 junho a 11 julho<\/li>\n<li>Bloco 2 | 14 a 25 julho<\/li>\n<\/ul>\n<\/li>\n<\/ul>\n<p>&nbsp;<\/p>\n<p><u>Valores por bloco<\/u>:<\/p>\n<ul>\n<li style=\"list-style-type: none\">\n<ul>\n<li>Escal\u00e3o A* \u2013 Bloco: 25\u20ac<\/li>\n<li>Escal\u00e3o B \u2013 Bloco: 40\u20ac<\/li>\n<li>Escal\u00e3o C ou outro \u2013 Bloco: 60\u20ac<\/li>\n<\/ul>\n<\/li>\n<\/ul>\n<p>* inclui os benefici\u00e1rios do RSI e Cart\u00e3o Solid\u00e1rio.<\/p>\n<p style=\"text-align: center\"><a href=\"https:\/\/www.cm-evora.pt\/wp-content\/uploads\/2025\/06\/OKUPATE-Teens-Verao-2025.png\" target=\"_blank\" rel=\"noopener\"><img loading=\"lazy\" decoding=\"async\" class=\"alignnone wp-image-75195 size-large\" src=\"https:\/\/www.cm-evora.pt\/wp-content\/uploads\/2025\/06\/OKUPATE-Teens-Verao-2025-724x1024.png\" alt=\"\" width=\"724\" height=\"1024\" srcset=\"https:\/\/www.cm-evora.pt\/wp-content\/uploads\/2025\/06\/OKUPATE-Teens-Verao-2025-724x1024.png 724w, https:\/\/www.cm-evora.pt\/wp-content\/uploads\/2025\/06\/OKUPATE-Teens-Verao-2025-212x300.png 212w, https:\/\/www.cm-evora.pt\/wp-content\/uploads\/2025\/06\/OKUPATE-Teens-Verao-2025-768x1086.png 768w, https:\/\/www.cm-evora.pt\/wp-content\/uploads\/2025\/06\/OKUPATE-Teens-Verao-2025-1086x1536.png 1086w, https:\/\/www.cm-evora.pt\/wp-content\/uploads\/2025\/06\/OKUPATE-Teens-Verao-2025-1448x2048.png 1448w, https:\/\/www.cm-evora.pt\/wp-content\/uploads\/2025\/06\/OKUPATE-Teens-Verao-2025-1320x1867.png 1320w\" sizes=\"auto, (max-width: 724px) 100vw, 724px\" \/><\/a><\/p>\n<p>&nbsp;<\/p>\n<p style=\"text-align: center\"><strong>Okupa-te | Inclusivo | 2025<\/strong><\/p>\n<p>O Programa Municipal de Ocupa\u00e7\u00e3o de Tempos Livres OKUPA-TE Inclusivo vai decorrer, durante as f\u00e9rias escolares de Ver\u00e3o, de 30 Junho a 31 de julho, com a realiza\u00e7\u00e3o de 5 blocos de 5 dias com atividades destinadas a crian\u00e7as com e sem altera\u00e7\u00f5es no Neurodesenvolvimento.<\/p>\n<p>Os participantes com desenvolvimento t\u00edpico dever\u00e3o ter entre 6 a 13 anos de idade.<\/p>\n<p>Os participantes com desenvolvimento at\u00edpico dever\u00e3o ter entre 6 a 15 anos de idade, a frequentar o 2\u00ba Ciclo.<\/p>\n<p>As\u00a0<strong>inscri\u00e7\u00f5es passar\u00e3o a ser exclusivamente online<\/strong>, atrav\u00e9s do link:\u00a0<a href=\"https:\/\/evoradesporto.cm-evora.pt\/\">https:\/\/evoradesporto.cm-evora.pt\/<\/a>, sendo que a abertura das mesmas ser\u00e1 dia\u00a0<strong>20 de Junho, 6\u00aa feira, pelas 09h00<\/strong>, apenas para as crian\u00e7as com Necessidades Espec\u00edficas. Durante a pr\u00f3xima semana, ser\u00e1 disponibilizada a plataforma para a inscri\u00e7\u00e3o de crian\u00e7as com desenvolvimento t\u00edpico.<\/p>\n<p>A C\u00e2mara Municipal de \u00c9vora agradece, antecipadamente, que os pais\/encarregados de educa\u00e7\u00e3o consultem este endere\u00e7o:\u00a0<a href=\"https:\/\/www.cm-evora.pt\/wp-content\/uploads\/2024\/12\/Como-inscrever-Okupa-te.pdf\">Como inscrever no Okup@-te?<\/a>, onde poder\u00e3o ter mais informa\u00e7\u00f5es relativamente ao m\u00e9todo de inscri\u00e7\u00f5es.<\/p>\n<p>&nbsp;<\/p>\n<p>Para as inscri\u00e7\u00f5es, para al\u00e9m do Cart\u00e3o de Utente (n\u00famero do processo caso ainda n\u00e3o tenha recebido o cart\u00e3o) ser\u00e1 obrigat\u00f3rio a apresenta\u00e7\u00e3o de documento a comprovar os Escal\u00f5es A e B da Seguran\u00e7a Social, no caso dos benefici\u00e1rios.<\/p>\n<p>&nbsp;<\/p>\n<p><u>Datas\/vagas<\/u>:<\/p>\n<ul>\n<li style=\"list-style-type: none\">\n<ul>\n<li>Bloco 1 | 30 Junho a 4 de julho | 10 vagas para crian\u00e7as com desenvolvimento t\u00edpico + 7 vagas para crian\u00e7as com Necessidades Espec\u00edficas<\/li>\n<li>Bloco 2 | 7 a 11 de julho | 10 vagas para crian\u00e7as com desenvolvimento t\u00edpico + 9 vagas para crian\u00e7as com Necessidades Espec\u00edficas<\/li>\n<li>Bloco 3 | 14 a 18 de julho | 10 vagas para crian\u00e7as com desenvolvimento t\u00edpico + 7 vagas para crian\u00e7as com Necessidades Espec\u00edficas<\/li>\n<li>Bloco 4 | 21 a 25 de julho | 10 vagas para crian\u00e7as com desenvolvimento t\u00edpico + 7 vagas para crian\u00e7as com Necessidades Espec\u00edficas<\/li>\n<li>Bloco 5 | 28 a 31 de julho | 10 vagas para crian\u00e7as com desenvolvimento t\u00edpico + 4 vagas para crian\u00e7as com Necessidades Espec\u00edficas<\/li>\n<\/ul>\n<\/li>\n<\/ul>\n<p>&#8212;&#8212;&#8212;&#8212;&#8212;&#8212;&#8212;&#8212;&#8212;&#8212;&#8212;&#8212;&#8212;&#8212;&#8212;&#8212;&#8212;&#8212;&#8212;<\/p>\n<p>O Programa Municipal de Ocupa\u00e7\u00e3o de Tempos Livres OKUPA-TE Inclusivo vai decorrer durante as f\u00e9rias escolares de Ver\u00e3o, de 30 Junho a 25 de julho, com a realiza\u00e7\u00e3o de 2 blocos de 10 dias.<\/p>\n<p>As atividades s\u00e3o destinadas a crian\u00e7as com e sem altera\u00e7\u00f5es no Neurodesenvolvimento.<\/p>\n<p>Os participantes com desenvolvimento t\u00edpico dever\u00e3o ter entre 6 a 13 anos de idade.<\/p>\n<p>As\u00a0<strong>inscri\u00e7\u00f5es passar\u00e3o a ser exclusivamente online<\/strong>, atrav\u00e9s do link:\u00a0<a href=\"https:\/\/evoradesporto.cm-evora.pt\/\" target=\"_blank\" rel=\"noopener\">https:\/\/evoradesporto.cm-evora.pt\/<\/a>, sendo que a abertura das mesmas ser\u00e1 dia\u00a0<strong>25 de Junho, 4\u00aa feira, pelas 09h00<\/strong>, apenas para as crian\u00e7as sem altera\u00e7\u00f5es no neurodesenvolvimento \u2013 foram criados dois momentos de inscri\u00e7\u00e3o; a plataforma para as crian\u00e7as com Necessidades Espec\u00edficas abriu dia 20 de junho e encontra-se encerrada.<\/p>\n<p>A C\u00e2mara Municipal de \u00c9vora agradece, antecipadamente, que os pais\/encarregados de educa\u00e7\u00e3o consultem este endere\u00e7o:\u00a0<a href=\"https:\/\/www.cm-evora.pt\/wp-content\/uploads\/2024\/12\/Como-inscrever-Okupa-te.pdf\" target=\"_blank\" rel=\"noopener\">Como inscrever no Okup@-te?<\/a>, onde poder\u00e3o ter mais informa\u00e7\u00f5es relativamente ao m\u00e9todo de inscri\u00e7\u00f5es. Este ver\u00e3o, o n\u00famero total de vagas para o OKUPA-TE INCLUSIVO \u00e9 inferior.<\/p>\n<p>&nbsp;<\/p>\n<p>Para as inscri\u00e7\u00f5es, para al\u00e9m do Cart\u00e3o de Utente (n\u00famero do processo caso ainda n\u00e3o tenha recebido o cart\u00e3o) ser\u00e1 obrigat\u00f3rio a apresenta\u00e7\u00e3o de documento a comprovar os Escal\u00f5es A e B da Seguran\u00e7a Social, no caso dos benefici\u00e1rios.<\/p>\n<p>&nbsp;<\/p>\n<p><u>Datas<\/u>:<\/p>\n<ul>\n<li style=\"list-style-type: none\">\n<ul>\n<li>Bloco 1 | 30 Junho a 11 de julho<\/li>\n<li>Bloco 2 | 14 a 25 de julho<\/li>\n<\/ul>\n<\/li>\n<\/ul>\n<p style=\"text-align: center\"><a href=\"https:\/\/www.cm-evora.pt\/wp-content\/uploads\/2025\/06\/A3_Okupate_Inclusivo_Verao_2025.png\"><img loading=\"lazy\" decoding=\"async\" class=\"alignnone size-full wp-image-75742\" src=\"https:\/\/www.cm-evora.pt\/wp-content\/uploads\/2025\/06\/A3_Okupate_Inclusivo_Verao_2025.png\" alt=\"\" width=\"3508\" height=\"4961\" srcset=\"https:\/\/www.cm-evora.pt\/wp-content\/uploads\/2025\/06\/A3_Okupate_Inclusivo_Verao_2025.png 3508w, https:\/\/www.cm-evora.pt\/wp-content\/uploads\/2025\/06\/A3_Okupate_Inclusivo_Verao_2025-212x300.png 212w, https:\/\/www.cm-evora.pt\/wp-content\/uploads\/2025\/06\/A3_Okupate_Inclusivo_Verao_2025-724x1024.png 724w, https:\/\/www.cm-evora.pt\/wp-content\/uploads\/2025\/06\/A3_Okupate_Inclusivo_Verao_2025-768x1086.png 768w, https:\/\/www.cm-evora.pt\/wp-content\/uploads\/2025\/06\/A3_Okupate_Inclusivo_Verao_2025-1086x1536.png 1086w, https:\/\/www.cm-evora.pt\/wp-content\/uploads\/2025\/06\/A3_Okupate_Inclusivo_Verao_2025-1448x2048.png 1448w, https:\/\/www.cm-evora.pt\/wp-content\/uploads\/2025\/06\/A3_Okupate_Inclusivo_Verao_2025-1320x1867.png 1320w\" sizes=\"auto, (max-width: 3508px) 100vw, 3508px\" \/><\/a><\/p>\n<p>&nbsp;<\/p>\n<hr \/>\n<h4><\/h4>\n<h4><strong>Promotor<\/strong><\/h4>\n<p>C\u00e2mara Municipal de \u00c9vora \u2013 Divis\u00e3o de Juventude e Desporto | Divis\u00e3o de Educa\u00e7\u00e3o e Interven\u00e7\u00e3o Social<\/p>\n<p>&nbsp;<\/p>\n<h4><strong>Respons\u00e1vel<\/strong><\/h4>\n<p>Jorge Vicente<\/p>\n<p>&nbsp;<\/p>\n<h4><strong>Objetivos<\/strong><\/h4>\n<p style=\"padding-left: 40px\"><strong>a)<\/strong> Desenvolver um programa INCLUSIVO com uma resposta integrada no j\u00e1 existente Programa Municipal OKUP@-TE (OKUP@-TE Inclusivo) para TODAS as crian\u00e7as entre os 6 e os 15 anos de idade para dar resposta \u00e0s necessidades das fam\u00edlias\/cuidadores.<\/p>\n<p style=\"padding-left: 40px\"><strong>b)<\/strong> Anima\u00e7\u00e3o e Criatividade.<\/p>\n<ul>\n<li style=\"list-style-type: none\">\n<ul>\n<li style=\"list-style-type: none\">\n<ul>\n<li style=\"list-style-type: none\">\n<ul>\n<li>Apostar na inova\u00e7\u00e3o dos programas e atividades programadas anualmente.<\/li>\n<\/ul>\n<\/li>\n<\/ul>\n<\/li>\n<\/ul>\n<\/li>\n<\/ul>\n<p style=\"padding-left: 40px\"><strong>c)<\/strong> Participa\u00e7\u00e3o<\/p>\n<ul>\n<li style=\"list-style-type: none\">\n<ul>\n<li style=\"list-style-type: none\">\n<ul>\n<li style=\"list-style-type: none\">\n<ul>\n<li>Promover participa\u00e7\u00e3o ativa dos destinat\u00e1rios do programa;<\/li>\n<li>Atender \u00e0s experi\u00eancias, motiva\u00e7\u00f5es, capacidades e necessidades dos participantes.<\/li>\n<\/ul>\n<\/li>\n<\/ul>\n<\/li>\n<\/ul>\n<\/li>\n<\/ul>\n<p style=\"padding-left: 40px\"><strong>d)<\/strong> Igualdade<\/p>\n<ul>\n<li style=\"list-style-type: none\">\n<ul>\n<li style=\"list-style-type: none\">\n<ul>\n<li style=\"list-style-type: none\">\n<ul>\n<li>Fomentar a equidade e aceita\u00e7\u00e3o das diferen\u00e7as;<\/li>\n<li>Estabelecer rela\u00e7\u00f5es de igualdade entre os elementos, reconhecendo a sua liberdade e autonomia;<\/li>\n<li>Desenvolver as rela\u00e7\u00f5es humanas e de solidariedade entre os participantes (coopera\u00e7\u00e3o, respeito pelo Outro).<\/li>\n<\/ul>\n<\/li>\n<\/ul>\n<\/li>\n<\/ul>\n<\/li>\n<\/ul>\n<p style=\"padding-left: 40px\"><strong>e)<\/strong> Desenvolvimento Pessoal<\/p>\n<ul>\n<li style=\"list-style-type: none\">\n<ul>\n<li style=\"list-style-type: none\">\n<ul>\n<li style=\"list-style-type: none\">\n<ul>\n<li>Proporcionar momentos de lazer e divertimento;<\/li>\n<li>Proporcionar o bem-estar e desenvolvimento f\u00edsico-motor;<\/li>\n<li>Promover h\u00e1bitos positivos de sa\u00fade.<\/li>\n<\/ul>\n<\/li>\n<\/ul>\n<\/li>\n<\/ul>\n<\/li>\n<\/ul>\n<p style=\"padding-left: 40px\"><strong>f)<\/strong> Seguran\u00e7a<\/p>\n<ul>\n<li style=\"list-style-type: none\">\n<ul>\n<li style=\"list-style-type: none\">\n<ul>\n<li style=\"list-style-type: none\">\n<ul>\n<li>Promover a seguran\u00e7a dos participantes em todas as atividades, bem como zelar pelo seu bem-estar.<\/li>\n<\/ul>\n<\/li>\n<\/ul>\n<\/li>\n<\/ul>\n<\/li>\n<\/ul>\n<p>&nbsp;<\/p>\n<h4><strong>P\u00fablico-alvo<\/strong><\/h4>\n<p>Este programa destina-se a crian\u00e7as\/jovens entre os 6 e os 15 anos residentes ou a frequentar estabelecimentos de ensino do concelho de \u00c9vora.<\/p>\n<p>&nbsp;<\/p>\n<h4><strong>Calendariza\u00e7\u00e3o<\/strong><\/h4>\n<p>Per\u00edodos de f\u00e9rias escolares do 1.\u00ba Ciclo do Ensino B\u00e1sico<\/p>\n<p>&nbsp;<\/p>\n<h4><strong>Lota\u00e7\u00e3o<\/strong><\/h4>\n<p>Vari\u00e1vel consoante o per\u00edodo de f\u00e9rias escolares<\/p>\n<p>&nbsp;<\/p>\n<h4><strong>Local<\/strong><\/h4>\n<p>Piscinas Municipais de \u00c9vora.<\/p>\n<p>&nbsp;<\/p>\n<h4><strong>Resumo\/Sinopse<\/strong><\/h4>\n<p>O programa Okup@-te visa promover a ocupa\u00e7\u00e3o de tempos livres das crian\u00e7as\/jovens em atividades de car\u00e1cter desportivo, cultural e l\u00fadico, bem como apoiar as fam\u00edlias eborenses nos per\u00edodos de pausas letivas, contribuindo para a concilia\u00e7\u00e3o entre a vida familiar e profissional e para uma maior equidade e discrimina\u00e7\u00e3o positiva das fam\u00edlias mais vulner\u00e1veis financeiramente.<\/p>\n<p>&nbsp;<\/p>\n<h4><strong>Contactos<\/strong><\/h4>\n<p><u>Telefone<\/u>: <a href=\"tel:+351266777000\" target=\"_blank\" rel=\"noopener\">+351 266 777 000<\/a> \u00abChamada para a rede fixa nacional\u00bb<\/p>\n<p><u>Email<\/u>: <a href=\"mailto:hugo.matias@cm-evora.pt\" target=\"_blank\" rel=\"noopener\">hugo.matias@cm-evora.pt<\/a><\/p>\n<p><span style=\"text-decoration: underline\">Inscri\u00e7\u00f5es<\/span>: <a href=\"https:\/\/evoradesporto.cm-evora.pt\" target=\"_blank\" rel=\"noopener\">https:\/\/evoradesporto.cm-evora.pt<\/a><\/p>","protected":false},"excerpt":{"rendered":"<p>&nbsp; Okupa-te | VER\u00c3O| 2025 O Programa Municipal de Ocupa\u00e7\u00e3o de Tempos Livres (OKUPA-TE) vai decorrer, durante as f\u00e9rias escolares de Ver\u00e3o, de 30 junho a 05 setembro, com a realiza\u00e7\u00e3o de 5 blocos de 10 dias com atividades destinadas a crian\u00e7as com idades compreendidas entre os 6 e os 12 anos, num total de [&hellip;]<\/p>\n","protected":false},"author":1,"featured_media":0,"parent":14190,"menu_order":5,"comment_status":"closed","ping_status":"closed","template":"templates-map\/component-text-layout1.php","meta":{"_acf_changed":false,"footnotes":""},"categories":[],"class_list":["post-14202","page","type-page","status-publish","hentry"],"acf":{"imagens":"","titulo_docs_seccao":"","documentos":[69227]},"_links":{"self":[{"href":"https:\/\/www.cm-evora.pt\/en\/wp-json\/wp\/v2\/pages\/14202","targetHints":{"allow":["GET"]}}],"collection":[{"href":"https:\/\/www.cm-evora.pt\/en\/wp-json\/wp\/v2\/pages"}],"about":[{"href":"https:\/\/www.cm-evora.pt\/en\/wp-json\/wp\/v2\/types\/page"}],"author":[{"embeddable":true,"href":"https:\/\/www.cm-evora.pt\/en\/wp-json\/wp\/v2\/users\/1"}],"replies":[{"embeddable":true,"href":"https:\/\/www.cm-evora.pt\/en\/wp-json\/wp\/v2\/comments?post=14202"}],"version-history":[{"count":50,"href":"https:\/\/www.cm-evora.pt\/en\/wp-json\/wp\/v2\/pages\/14202\/revisions"}],"predecessor-version":[{"id":82417,"href":"https:\/\/www.cm-evora.pt\/en\/wp-json\/wp\/v2\/pages\/14202\/revisions\/82417"}],"up":[{"embeddable":true,"href":"https:\/\/www.cm-evora.pt\/en\/wp-json\/wp\/v2\/pages\/14190"}],"acf:post":[{"embeddable":true,"href":"https:\/\/www.cm-evora.pt\/en\/wp-json\/wp\/v2\/listas_ficheiros\/69227"}],"wp:attachment":[{"href":"https:\/\/www.cm-evora.pt\/en\/wp-json\/wp\/v2\/media?parent=14202"}],"wp:term":[{"taxonomy":"category","embeddable":true,"href":"https:\/\/www.cm-evora.pt\/en\/wp-json\/wp\/v2\/categories?post=14202"}],"curies":[{"name":"wp","href":"https:\/\/api.w.org\/{rel}","templated":true}]}}