{"id":14208,"date":"2020-07-09T14:37:51","date_gmt":"2020-07-09T13:37:51","guid":{"rendered":"https:\/\/evora2.int.skilltech.pt\/susProjects\/wp_evora2_suite\/?page_id=14208"},"modified":"2025-08-27T16:06:16","modified_gmt":"2025-08-27T15:06:16","slug":"mais-proximo-de-todos","status":"publish","type":"page","link":"https:\/\/www.cm-evora.pt\/en\/municipe\/projetos-municipais\/pel-projeto-educativo-local\/projetos-educativos\/mais-proximo-de-todos\/","title":{"rendered":"Mais Pr\u00f3ximo de Todos"},"content":{"rendered":"<p style=\"text-align: center\"><strong>Projeto de Identifica\u00e7\u00e3o e Monitoriza\u00e7\u00e3o de Idosos Isolados no Concelho de \u00c9vora<\/strong><\/p>\n<p style=\"text-align: center\"><a href=\"https:\/\/www.cm-evora.pt\/wp-content\/uploads\/2024\/09\/MaisProximoDeTodos.png\"><img loading=\"lazy\" decoding=\"async\" class=\"alignnone size-full wp-image-65884\" src=\"https:\/\/www.cm-evora.pt\/wp-content\/uploads\/2024\/09\/MaisProximoDeTodos.png\" alt=\"\" width=\"709\" height=\"416\" srcset=\"https:\/\/www.cm-evora.pt\/wp-content\/uploads\/2024\/09\/MaisProximoDeTodos.png 709w, https:\/\/www.cm-evora.pt\/wp-content\/uploads\/2024\/09\/MaisProximoDeTodos-300x176.png 300w\" sizes=\"auto, (max-width: 709px) 100vw, 709px\" \/><\/a><\/p>\n<p>&nbsp;<\/p>\n<h4><strong>Entidade promotora e servi\u00e7o respons\u00e1vel<\/strong><\/h4>\n<p>C\u00e2mara Municipal de \u00c9vora &#8211; Divis\u00e3o de Educa\u00e7\u00e3o e Interven\u00e7\u00e3o Social<\/p>\n<h4><strong>\u00a0<\/strong><\/h4>\n<h4><strong>Nome da Respons\u00e1vel<\/strong><\/h4>\n<p>Maria Maximino<\/p>\n<h4><strong>\u00a0<\/strong><\/h4>\n<h4><strong>Entidades Parceiras<\/strong><\/h4>\n<p>Estabelecimentos de educa\u00e7\u00e3o e ensino e institui\u00e7\u00f5es de apoio \u00e0 terceira idade.<\/p>\n<h4><strong>\u00a0<\/strong><\/h4>\n<h4><strong>Objetivos<\/strong><\/h4>\n<ul>\n<li style=\"list-style-type: none\">\n<ul>\n<li>Valorizar o papel social da pessoa idosa;<\/li>\n<li>Prevenir situa\u00e7\u00f5es de isolamento;<\/li>\n<li>Fomentar a partilha e troca de experi\u00eancias entre gera\u00e7\u00f5es;<\/li>\n<li>Desmistificar o fen\u00f3meno do envelhecimento.<\/li>\n<\/ul>\n<\/li>\n<\/ul>\n<h4><strong>\u00a0<\/strong><\/h4>\n<h4><strong>P\u00fablico-Alvo<\/strong><\/h4>\n<p>Estabelecimentos de educa\u00e7\u00e3o e ensino e institui\u00e7\u00f5es de apoio \u00e0 terceira idade.<\/p>\n<h4><strong>\u00a0<\/strong><\/h4>\n<h4><strong>Calendariza\u00e7\u00e3o<\/strong><\/h4>\n<p>Ao longo do ano letivo.<\/p>\n<h4><strong>\u00a0<\/strong><\/h4>\n<h4><strong>Local<\/strong><\/h4>\n<p>Nos estabelecimentos de educa\u00e7\u00e3o e ensino, institui\u00e7\u00f5es de apoio \u00e0 terceira Idade e outros espa\u00e7os a definir posteriormente.<\/p>\n<h4><strong>\u00a0<\/strong><\/h4>\n<h4><strong>Resumo\/Sinopse<\/strong><\/h4>\n<p>Mais Pr\u00f3ximo de Todos \u2013 componente intergeracional \u2013 visa aproximar diferentes gera\u00e7\u00f5es, proporcionando momentos de intera\u00e7\u00e3o, partilha e transmiss\u00e3o de valores.<\/p>\n<p>Os encontros intergeracionais constituem uma forma eficaz de combater a solid\u00e3o sentida por muitos idosos, valorizando o seu papel na comunidade.<\/p>\n<h4><strong>\u00a0<\/strong><\/h4>\n<h4><strong>Observa\u00e7\u00f5es<\/strong><\/h4>\n<p>As a\u00e7\u00f5es a realizar ser\u00e3o monitorizadas pela autarquia e articuladas com os jardins-de-inf\u00e2ncia\/ escolas e institui\u00e7\u00f5es de apoio a idosos.<\/p>\n<h4><strong>\u00a0<\/strong><\/h4>\n<h4><strong>Contactos<\/strong><\/h4>\n<p><u>Telefone<\/u>: <a href=\"tel:+351266777000\" target=\"_blank\" rel=\"noopener\">+351 266 777 000<\/a> \u00abChamada para a rede fixa nacional\u00bb<\/p>\n<p><u>Email<\/u>: <a href=\"mailto:maria.maximino@cm-evora.pt\" target=\"_blank\" rel=\"noopener\">maria.maximino@cm-evora.pt<\/a><\/p>\n<h4><strong>\u00a0<\/strong><\/h4>\n<h4><strong>Vers\u00e3o Digital<\/strong><\/h4>\n<p>Vers\u00e3o Digital da A\u00e7\u00e3o: <a href=\"http:\/\/www2.cm-evora.pt\/evoracidadeeducadora\/maisproximo\" target=\"_blank\" rel=\"noopener\">http:\/\/www2.cm-evora.pt\/evoracidadeeducadora\/maisproximo<\/a><\/p>\n<h4><strong>\u00a0<\/strong><\/h4>\n<h4><strong>Linha Telef\u00f3nica<\/strong><\/h4>\n<p>Prote\u00e7\u00e3o Civil \u2013 800 206 405<\/p>\n<p>C\u00e2mara Municipal de \u00c9vora \u2013 <a href=\"tel:+351266777100\" target=\"_blank\" rel=\"noopener\">+351 266 777 100<\/a> \u00abChamada para a rede fixa nacional\u00bb \u2013 2334<\/p>\n","protected":false},"excerpt":{"rendered":"<p>Projeto de Identifica\u00e7\u00e3o e Monitoriza\u00e7\u00e3o de Idosos Isolados no Concelho de \u00c9vora &nbsp; Entidade promotora e servi\u00e7o respons\u00e1vel C\u00e2mara Municipal de \u00c9vora &#8211; Divis\u00e3o de Educa\u00e7\u00e3o e Interven\u00e7\u00e3o Social \u00a0 Nome da Respons\u00e1vel Maria Maximino \u00a0 Entidades Parceiras Estabelecimentos de educa\u00e7\u00e3o e ensino e institui\u00e7\u00f5es de apoio \u00e0 terceira idade. \u00a0 Objetivos Valorizar o papel [&hellip;]<\/p>\n","protected":false},"author":1,"featured_media":0,"parent":14190,"menu_order":11,"comment_status":"closed","ping_status":"closed","template":"templates-map\/component-text-layout1.php","meta":{"_acf_changed":false,"footnotes":""},"categories":[],"class_list":["post-14208","page","type-page","status-publish","hentry"],"acf":{"imagens":"","titulo_docs_seccao":"","documentos":""},"_links":{"self":[{"href":"https:\/\/www.cm-evora.pt\/en\/wp-json\/wp\/v2\/pages\/14208","targetHints":{"allow":["GET"]}}],"collection":[{"href":"https:\/\/www.cm-evora.pt\/en\/wp-json\/wp\/v2\/pages"}],"about":[{"href":"https:\/\/www.cm-evora.pt\/en\/wp-json\/wp\/v2\/types\/page"}],"author":[{"embeddable":true,"href":"https:\/\/www.cm-evora.pt\/en\/wp-json\/wp\/v2\/users\/1"}],"replies":[{"embeddable":true,"href":"https:\/\/www.cm-evora.pt\/en\/wp-json\/wp\/v2\/comments?post=14208"}],"version-history":[{"count":12,"href":"https:\/\/www.cm-evora.pt\/en\/wp-json\/wp\/v2\/pages\/14208\/revisions"}],"predecessor-version":[{"id":77341,"href":"https:\/\/www.cm-evora.pt\/en\/wp-json\/wp\/v2\/pages\/14208\/revisions\/77341"}],"up":[{"embeddable":true,"href":"https:\/\/www.cm-evora.pt\/en\/wp-json\/wp\/v2\/pages\/14190"}],"wp:attachment":[{"href":"https:\/\/www.cm-evora.pt\/en\/wp-json\/wp\/v2\/media?parent=14208"}],"wp:term":[{"taxonomy":"category","embeddable":true,"href":"https:\/\/www.cm-evora.pt\/en\/wp-json\/wp\/v2\/categories?post=14208"}],"curies":[{"name":"wp","href":"https:\/\/api.w.org\/{rel}","templated":true}]}}