{"id":14216,"date":"2020-07-09T14:47:26","date_gmt":"2020-07-09T13:47:26","guid":{"rendered":"https:\/\/evora2.int.skilltech.pt\/susProjects\/wp_evora2_suite\/?page_id=14216"},"modified":"2025-08-28T14:36:17","modified_gmt":"2025-08-28T13:36:17","slug":"artes-a-escola","status":"publish","type":"page","link":"https:\/\/www.cm-evora.pt\/en\/municipe\/projetos-municipais\/pel-projeto-educativo-local\/projetos-educativos\/artes-a-escola\/","title":{"rendered":"Artes \u00e0 Escola"},"content":{"rendered":"<p style=\"text-align: center\"><a href=\"https:\/\/www.cm-evora.pt\/wp-content\/uploads\/2024\/05\/Logotipo_ArtesAEscola.png\"><img loading=\"lazy\" decoding=\"async\" class=\"alignnone size-full wp-image-61934\" src=\"https:\/\/www.cm-evora.pt\/wp-content\/uploads\/2024\/05\/Logotipo_ArtesAEscola.png\" alt=\"\" width=\"1920\" height=\"1080\" srcset=\"https:\/\/www.cm-evora.pt\/wp-content\/uploads\/2024\/05\/Logotipo_ArtesAEscola.png 1920w, https:\/\/www.cm-evora.pt\/wp-content\/uploads\/2024\/05\/Logotipo_ArtesAEscola-300x169.png 300w, https:\/\/www.cm-evora.pt\/wp-content\/uploads\/2024\/05\/Logotipo_ArtesAEscola-1024x576.png 1024w, https:\/\/www.cm-evora.pt\/wp-content\/uploads\/2024\/05\/Logotipo_ArtesAEscola-768x432.png 768w, https:\/\/www.cm-evora.pt\/wp-content\/uploads\/2024\/05\/Logotipo_ArtesAEscola-1536x864.png 1536w, https:\/\/www.cm-evora.pt\/wp-content\/uploads\/2024\/05\/Logotipo_ArtesAEscola-1320x743.png 1320w\" sizes=\"auto, (max-width: 1920px) 100vw, 1920px\" \/><\/a><\/p>\n<p><strong>\u00a0<\/strong><\/p>\n<p><strong>Artes \u00e0 Escola<\/strong> \u00e9 um projeto municipal que tem o prop\u00f3sito de disponibilizar \u00e0 comunidade educativa um programa cultural e art\u00edstico que aporta um conjunto diversificado de \u00e1reas, o que contribui para enriquecer o contacto entre a comunidade escolar e a comunidade art\u00edstica.<\/p>\n<p>O objetivo ser\u00e1 proporcionar \u00e0s crian\u00e7as e jovens o acesso a v\u00e1rias \u00e1reas e express\u00f5es art\u00edsticas, estimulando a sua aprendizagem, forma\u00e7\u00e3o e conhecimento contribuindo, por sua vez, para promover uma maior proximidade aos espa\u00e7os culturais e \u00e0s atividades que se produzem localmente, abrindo espa\u00e7o para uma aprendizagem enriquecida, atrav\u00e9s do relacionamento e envolvimento com a comunidade.<\/p>\n<p>Artes \u00e0 Escola teve a sua 1\u00aa edi\u00e7\u00e3o durante o ano letivo de 2018-2019, no ano de 2024 realizou a sua 5\u00aa edi\u00e7\u00e3o.<\/p>\n<p>O programa do Artes \u00e0 Escola est\u00e1 dispon\u00edvel para os Agrupamentos de Escola do Concelho de \u00c9vora e tamb\u00e9m para o p\u00fablico em geral. Existe programa\u00e7\u00e3o para v\u00e1rias faixas et\u00e1rias, desde o pr\u00e9-escolar ao secund\u00e1rio.<\/p>\n<p>Os espet\u00e1culos, oficinas, atividades est\u00e3o essencialmente dispon\u00edveis em hor\u00e1rio escolar e ser\u00e3o realizados em diferentes locais; no espa\u00e7o da escola, nos equipamentos culturais do concelho, p\u00fablicos e privados, ou em espa\u00e7os ao ar livre.<\/p>\n<p>A programa\u00e7\u00e3o, as inscri\u00e7\u00f5es das escolas e o apoio nas desloca\u00e7\u00f5es e transportes ser\u00e3o assegurados pela autarquia.<\/p>\n<p>A entrada ser\u00e1 gratuita, mediante inscri\u00e7\u00e3o ou reserva.<\/p>\n<p>&nbsp;<\/p>\n<p>&nbsp;<\/p>\n<p><strong>Promotor<\/strong><\/p>\n<p>C\u00e2mara Municipal de \u00c9vora \u2013 Divis\u00e3o de Educa\u00e7\u00e3o e Interven\u00e7\u00e3o Social e Divis\u00e3o de Cultura e Patrim\u00f3nio<\/p>\n<p>&nbsp;<\/p>\n<p><strong>Objetivos<\/strong><\/p>\n<ul>\n<li style=\"list-style-type: none\">\n<ul>\n<li>Disponibilizar \u00e0 comunidade educativa um programa cultural e art\u00edstico diversificado, enriquecendo o contacto entre a esfera escolar e a esfera cultural;<\/li>\n<li>Proporcionar a crian\u00e7as e jovens o acesso a v\u00e1rias \u00e1reas e express\u00f5es art\u00edsticas, estimulando a sua aprendizagem e promovendo uma maior proximidade aos espa\u00e7os e atividades culturais locais.<\/li>\n<\/ul>\n<\/li>\n<\/ul>\n<p>&nbsp;<\/p>\n<p><strong>P\u00fablico-alvo<\/strong><\/p>\n<p>Alunos dos Agrupamentos de Escolas do concelho (do pr\u00e9-escolar ao secund\u00e1rio), ensino superior e fam\u00edlias.<\/p>\n<p>&nbsp;<\/p>\n<p><strong>Calendariza\u00e7\u00e3o<\/strong><\/p>\n<p>Ao longo do ano letivo<\/p>\n<p>&nbsp;<\/p>\n<p><strong>Lota\u00e7\u00e3o<\/strong><\/p>\n<p>Vari\u00e1vel em fun\u00e7\u00e3o da atividade<\/p>\n<p>&nbsp;<\/p>\n<p><strong>Local<\/strong><\/p>\n<p>Estabelecimentos de educa\u00e7\u00e3o e ensino, equipamentos culturais p\u00fablicos ou privados e espa\u00e7os ao ar livre.<\/p>\n<p>&nbsp;<\/p>\n<p><strong>Resumo\/Sinopse<\/strong><\/p>\n<p>Este projeto disponibiliza \u00e0 comunidade educativa um programa cultural e art\u00edstico diversificado, aproximando escolas, artistas e criadores culturais.<\/p>\n<p>&nbsp;<\/p>\n<p><strong>Observa\u00e7\u00f5es<\/strong><\/p>\n<p>A 1\u00aa edi\u00e7\u00e3o do Artes \u00e0 Escola decorreu de fevereiro a maio de 2019.<\/p>\n<p>A 2\u00aa edi\u00e7\u00e3o do Artes \u00e0 Escola decorreu de dezembro de 2019 a maio de 2020.<\/p>\n<p>A 3\u00aa edi\u00e7\u00e3o do Artes \u00e0 Escola decorreu de 25 de fevereiro a 30 junho de 2022.<\/p>\n<p>A 4\u00aa edi\u00e7\u00e3o do Artes \u00e0 Escola decorreu de mar\u00e7o a junho de 2023.<\/p>\n<p>A 5\u00aa edi\u00e7\u00e3o do Artes \u00e0 Escola decorreu de abril a julho de 2024.<\/p>\n<p>A 6\u00aa edi\u00e7\u00e3o do Artes \u00e0 Escola decorreu de mar\u00e7o a junho de 2025.<\/p>\n<p>&nbsp;<\/p>\n<p><strong>Contactos e Informa\u00e7\u00f5es<\/strong><\/p>\n<p>C\u00e2mara Municipal de \u00c9vora<\/p>\n<p>DEIS (Divis\u00e3o de Educa\u00e7\u00e3o e Interven\u00e7\u00e3o Social)<\/p>\n<p><u>Email<\/u>: <a href=\"mailto:artesaescola@cm-evora.pt\">artesaescola@cm-evora.pt<\/a><\/p>\n<p><u>Telefone<\/u>: <a href=\"tel:+351266777000\">+351 266 777 000<\/a> \u00abChamada para a rede fixa nacional\u00bb | <span style=\"text-decoration: underline\">Extens\u00e3o<\/span>: 4286<\/p>\n<p><u>Site<\/u>: <a href=\"http:\/\/www.cm-evora.pt\u200b\">www.cm-evora.pt<\/a><\/p>\n<p><u>Facebook<\/u>: <a href=\"https:\/\/www.facebook.com\/EvoraCidadeEducadora\/\">\u00c9vora Cidade Educadora<\/a><\/p>\n","protected":false},"excerpt":{"rendered":"<p>\u00a0 Artes \u00e0 Escola \u00e9 um projeto municipal que tem o prop\u00f3sito de disponibilizar \u00e0 comunidade educativa um programa cultural e art\u00edstico que aporta um conjunto diversificado de \u00e1reas, o que contribui para enriquecer o contacto entre a comunidade escolar e a comunidade art\u00edstica. O objetivo ser\u00e1 proporcionar \u00e0s crian\u00e7as e jovens o acesso a [&hellip;]<\/p>\n","protected":false},"author":1,"featured_media":0,"parent":14190,"menu_order":0,"comment_status":"closed","ping_status":"closed","template":"templates-map\/component-text-layout1.php","meta":{"_acf_changed":false,"footnotes":""},"categories":[],"class_list":["post-14216","page","type-page","status-publish","hentry"],"acf":{"imagens":"","titulo_docs_seccao":"","documentos":""},"_links":{"self":[{"href":"https:\/\/www.cm-evora.pt\/en\/wp-json\/wp\/v2\/pages\/14216","targetHints":{"allow":["GET"]}}],"collection":[{"href":"https:\/\/www.cm-evora.pt\/en\/wp-json\/wp\/v2\/pages"}],"about":[{"href":"https:\/\/www.cm-evora.pt\/en\/wp-json\/wp\/v2\/types\/page"}],"author":[{"embeddable":true,"href":"https:\/\/www.cm-evora.pt\/en\/wp-json\/wp\/v2\/users\/1"}],"replies":[{"embeddable":true,"href":"https:\/\/www.cm-evora.pt\/en\/wp-json\/wp\/v2\/comments?post=14216"}],"version-history":[{"count":24,"href":"https:\/\/www.cm-evora.pt\/en\/wp-json\/wp\/v2\/pages\/14216\/revisions"}],"predecessor-version":[{"id":77367,"href":"https:\/\/www.cm-evora.pt\/en\/wp-json\/wp\/v2\/pages\/14216\/revisions\/77367"}],"up":[{"embeddable":true,"href":"https:\/\/www.cm-evora.pt\/en\/wp-json\/wp\/v2\/pages\/14190"}],"wp:attachment":[{"href":"https:\/\/www.cm-evora.pt\/en\/wp-json\/wp\/v2\/media?parent=14216"}],"wp:term":[{"taxonomy":"category","embeddable":true,"href":"https:\/\/www.cm-evora.pt\/en\/wp-json\/wp\/v2\/categories?post=14216"}],"curies":[{"name":"wp","href":"https:\/\/api.w.org\/{rel}","templated":true}]}}