{"id":14229,"date":"2020-07-09T14:48:18","date_gmt":"2020-07-09T13:48:18","guid":{"rendered":"https:\/\/evora2.int.skilltech.pt\/susProjects\/wp_evora2_suite\/?page_id=14229"},"modified":"2023-05-23T10:42:26","modified_gmt":"2023-05-23T09:42:26","slug":"voar-na-asa-dos-livros","status":"archive","type":"page","link":"https:\/\/www.cm-evora.pt\/en\/municipe\/projetos-municipais\/pel-projeto-educativo-local\/projetos-educativos\/voar-na-asa-dos-livros\/","title":{"rendered":"Archived: Voar na Asa dos Livros"},"content":{"rendered":"<div id=\"main\">\n<div id=\"twocolumns\" class=\"noindex\">\n<div id=\"content\">\n<article class=\"article-section\">\n<p style=\"text-align: center\"><a href=\"https:\/\/www.cm-evora.pt\/wp-content\/uploads\/2021\/01\/VoarNaAsaDosLivros639.jpg\" target=\"_blank\" rel=\"noopener\"><img loading=\"lazy\" decoding=\"async\" class=\"alignnone wp-image-18373 size-full\" src=\"https:\/\/www.cm-evora.pt\/wp-content\/uploads\/2021\/01\/VoarNaAsaDosLivros639.jpg\" alt=\"\" width=\"639\" height=\"362\" srcset=\"https:\/\/www.cm-evora.pt\/wp-content\/uploads\/2021\/01\/VoarNaAsaDosLivros639.jpg 639w, https:\/\/www.cm-evora.pt\/wp-content\/uploads\/2021\/01\/VoarNaAsaDosLivros639-300x170.jpg 300w\" sizes=\"auto, (max-width: 639px) 100vw, 639px\" \/><\/a><\/p>\n<p>&nbsp;<\/p>\n<p>O Projeto de Promo\u00e7\u00e3o do Livro e da Leitura <strong>&#8220;Voar na asa dos Livros&#8221;<\/strong>, promovido pelo Munic\u00edpio de \u00c9vora em colabora\u00e7\u00e3o com diversos agentes e institui\u00e7\u00f5es do Concelho, tem por objetivo fomentar h\u00e1bitos de leitura, contribuindo para a difus\u00e3o do livro e do conhecimento e procurando promover a qualidade da aprendizagem para todos.<\/p>\n<p>&nbsp;<\/p>\n<h4><strong>O que \u00e9<\/strong><\/h4>\n<p>\u201c<em>(\u2026) A quest\u00e3o n\u00e3o \u00e9 saber se tenho tempo para ler, mas se ofere\u00e7o a mim pr\u00f3prio, ou n\u00e3o, a felicidade de ser leitor (\u2026)<\/em>\u201d<\/p>\n<p style=\"text-align: right\">Daniel Pennac, Como um Romance<\/p>\n<p>&nbsp;<\/p>\n<p>Atendendo ao papel que a promo\u00e7\u00e3o da leitura infantil tem no est\u00edmulo da criatividade e da imagina\u00e7\u00e3o das crian\u00e7as, o projeto Voar na Asa dos Livros estabelece-se como ponto de partida para o in\u00edcio de uma viagem que as leve a descobrir a imagina\u00e7\u00e3o como destino, a criatividade como ponto de chegada e o conhecimento como rota a concretizar.<\/p>\n<p>&nbsp;<\/p>\n<h4><strong>Objetivo geral<\/strong><\/h4>\n<p>Fomentar h\u00e1bitos de leitura, contribuindo para a difus\u00e3o do livro e do conhecimento, procurando promover a qualidade da aprendizagem para todos.<\/p>\n<p>&nbsp;<\/p>\n<h4>Objetivos espec\u00edficos<\/h4>\n<ul>\n<li style=\"list-style-type: none\">\n<ul>\n<li>Facilitar o acesso ao objeto livro.<\/li>\n<li>Formar leitores competentes e conscientes.<\/li>\n<li>Refor\u00e7ar os h\u00e1bitos de leitura.<\/li>\n<\/ul>\n<\/li>\n<\/ul>\n<p>&nbsp;<\/p>\n<h4>A quem se destina<\/h4>\n<p>O projeto destina-se a alunos do ensino pr\u00e9-escolar e 1\u00ba ciclo do ensino b\u00e1sico da rede p\u00fablica e\/ou privada.<\/p>\n<p>&nbsp;<\/p>\n<h4><strong>Atividades a desenvolver<\/strong><\/h4>\n<p>O projeto municipal de promo\u00e7\u00e3o da leitura \u201cVoar na Asa dos Livros\u201d encontra-se estruturado em tr\u00eas blocos de interven\u00e7\u00e3o, um por per\u00edodo letivo.<\/p>\n<p>Cada bloco aborda uma tem\u00e1tica e \u00e9 independente dos restantes blocos. Neste sentido, o docente poder\u00e1 optar por participar nos tr\u00eas blocos ou apenas em um.<\/p>\n<p>&nbsp;<\/p>\n<h4><strong>No 1\u00ba per\u00edodo letivo \u2013 \u201cOs Animais Fant\u00e1sticos\u201d<\/strong><\/h4>\n<p>Sugere-se a explora\u00e7\u00e3o do livro infantil de Jos\u00e9 Jorge Letria \u201c<em>Os Animais Fant\u00e1sticos<\/em>\u201d. Em complemento os participantes ser\u00e3o convidados a descobrir o livro \u201c<em>Animal\u00e1rio Universal do Professor Revillod<\/em>\u201d de Javier S\u00e1ez Cast\u00e1n e a produzir o seu animal fant\u00e1stico.<\/p>\n<p>&nbsp;<\/p>\n<h4><strong>No 2\u00ba per\u00edodo letivo \u2013 \u201cDan\u00e7a com Livros\u201d<\/strong><\/h4>\n<p>A partir da explora\u00e7\u00e3o do Livro \u201c<em>Dan\u00e7a<\/em>\u201d de Jo\u00e3o Fazenda sugere-se o desenvolvimento de jogos dram\u00e1ticos, atividade f\u00edsico-motora e de express\u00e3o corporal a partir de obras de rece\u00e7\u00e3o infantil relacionadas com a tem\u00e1tica. Em complemento, os participantes ser\u00e3o convidados a explorar o livro \u201c<em>As Girafas n\u00e3o dan\u00e7am<\/em>\u201d de Giles Andreae.<\/p>\n<p>&nbsp;<\/p>\n<h4><strong>No 3\u00ba per\u00edodo letivo \u2013 \u201cA Arte&#8221;<\/strong><\/h4>\n<p>Com este bloco pretende-se estimular o contacto das crian\u00e7as e alunos com a arte, incentivando a constru\u00e7\u00e3o de \u201cpontes\u201d entre as obras de grandes artistas de refer\u00eancia com a ilustra\u00e7\u00e3o infantil. Ao longo deste per\u00edodo os participantes ser\u00e3o convidados a experimentar diversas t\u00e9cnicas e a trabalhar com diversos materiais e contextos, procurando aproxima-los do processo de cria\u00e7\u00e3o dos artistas pl\u00e1sticos e ilustradores explorados.<\/p>\n<p>&nbsp;<\/p>\n<h4>Respons\u00e1vel<\/h4>\n<p>S\u00f3nia Miranda<\/p>\n<p>&nbsp;<\/p>\n<h4>Contactos<\/h4>\n<p><u>Telefone<\/u>: <a href=\"tel:+351266785274\" target=\"_blank\" rel=\"noopener\">+351 266 785 274<\/a> \u00abChamada para a rede fixa nacional\u00bb<\/p>\n<p><u>Email<\/u>: <a href=\"mailto:sonia.miranda@cm-evora.pt\u200b\" target=\"_blank\" rel=\"noopener\">sonia.miranda@cm-evora.pt<\/a><\/p>\n<p>&nbsp;<\/p>\n<\/article>\n<\/div>\n<\/div>\n<\/div>\n<div id=\"main\">\n<div id=\"twocolumns\" class=\"noindex\">\n<div id=\"content\"><\/div>\n<\/div>\n<\/div>\n","protected":false},"excerpt":{"rendered":"<p>&nbsp; O Projeto de Promo\u00e7\u00e3o do Livro e da Leitura &#8220;Voar na asa dos Livros&#8221;, promovido pelo Munic\u00edpio de \u00c9vora em colabora\u00e7\u00e3o com diversos agentes e institui\u00e7\u00f5es do Concelho, tem por objetivo fomentar h\u00e1bitos de leitura, contribuindo para a difus\u00e3o do livro e do conhecimento e procurando promover a qualidade da aprendizagem para todos. &nbsp; [&hellip;]<\/p>\n","protected":false},"author":1,"featured_media":0,"parent":14190,"menu_order":22,"comment_status":"closed","ping_status":"closed","template":"templates-map\/component-text-layout1.php","meta":{"_acf_changed":false,"footnotes":""},"categories":[],"class_list":["post-14229","page","type-page","status-archive","hentry"],"acf":{"imagens":"","titulo_docs_seccao":"","documentos":""},"_links":{"self":[{"href":"https:\/\/www.cm-evora.pt\/en\/wp-json\/wp\/v2\/pages\/14229","targetHints":{"allow":["GET"]}}],"collection":[{"href":"https:\/\/www.cm-evora.pt\/en\/wp-json\/wp\/v2\/pages"}],"about":[{"href":"https:\/\/www.cm-evora.pt\/en\/wp-json\/wp\/v2\/types\/page"}],"author":[{"embeddable":true,"href":"https:\/\/www.cm-evora.pt\/en\/wp-json\/wp\/v2\/users\/1"}],"replies":[{"embeddable":true,"href":"https:\/\/www.cm-evora.pt\/en\/wp-json\/wp\/v2\/comments?post=14229"}],"version-history":[{"count":10,"href":"https:\/\/www.cm-evora.pt\/en\/wp-json\/wp\/v2\/pages\/14229\/revisions"}],"predecessor-version":[{"id":46710,"href":"https:\/\/www.cm-evora.pt\/en\/wp-json\/wp\/v2\/pages\/14229\/revisions\/46710"}],"up":[{"embeddable":true,"href":"https:\/\/www.cm-evora.pt\/en\/wp-json\/wp\/v2\/pages\/14190"}],"wp:attachment":[{"href":"https:\/\/www.cm-evora.pt\/en\/wp-json\/wp\/v2\/media?parent=14229"}],"wp:term":[{"taxonomy":"category","embeddable":true,"href":"https:\/\/www.cm-evora.pt\/en\/wp-json\/wp\/v2\/categories?post=14229"}],"curies":[{"name":"wp","href":"https:\/\/api.w.org\/{rel}","templated":true}]}}