{"id":14259,"date":"2020-07-09T14:57:43","date_gmt":"2020-07-09T13:57:43","guid":{"rendered":"https:\/\/evora2.int.skilltech.pt\/susProjects\/wp_evora2_suite\/?page_id=14259"},"modified":"2026-02-13T16:09:03","modified_gmt":"2026-02-13T16:09:03","slug":"ludoteca","status":"publish","type":"page","link":"https:\/\/www.cm-evora.pt\/en\/municipe\/projetos-municipais\/pel-projeto-educativo-local\/recursos-educativos\/ludoteca\/","title":{"rendered":"Ludoteca"},"content":{"rendered":"<p><\/p>\n<p style=\"text-align: center\"><a href=\"https:\/\/www.cm-evora.pt\/wp-content\/uploads\/2025\/03\/Capa_PagLudoteca-01.png\"><img loading=\"lazy\" decoding=\"async\" class=\"alignnone size-full wp-image-72407\" src=\"https:\/\/www.cm-evora.pt\/wp-content\/uploads\/2025\/03\/Capa_PagLudoteca-01.png\" alt=\"\" width=\"2663\" height=\"1509\" srcset=\"https:\/\/www.cm-evora.pt\/wp-content\/uploads\/2025\/03\/Capa_PagLudoteca-01.png 2663w, https:\/\/www.cm-evora.pt\/wp-content\/uploads\/2025\/03\/Capa_PagLudoteca-01-300x170.png 300w, https:\/\/www.cm-evora.pt\/wp-content\/uploads\/2025\/03\/Capa_PagLudoteca-01-1024x580.png 1024w, https:\/\/www.cm-evora.pt\/wp-content\/uploads\/2025\/03\/Capa_PagLudoteca-01-768x435.png 768w, https:\/\/www.cm-evora.pt\/wp-content\/uploads\/2025\/03\/Capa_PagLudoteca-01-1536x870.png 1536w, https:\/\/www.cm-evora.pt\/wp-content\/uploads\/2025\/03\/Capa_PagLudoteca-01-2048x1161.png 2048w, https:\/\/www.cm-evora.pt\/wp-content\/uploads\/2025\/03\/Capa_PagLudoteca-01-1320x748.png 1320w\" sizes=\"auto, (max-width: 2663px) 100vw, 2663px\" \/><\/a><\/p>\n<p>&nbsp;<\/p>\n<p>&nbsp;<\/p>\n<h4><strong>Promotor<\/strong><\/h4>\n<p>C\u00e2mara Municipal de \u00c9vora &#8211; Divis\u00e3o de Educa\u00e7\u00e3o e Interven\u00e7\u00e3o Social<\/p>\n<p>&nbsp;<\/p>\n<h4><strong>Respons\u00e1vel<\/strong><\/h4>\n<p>Elsa Oliveira e Sandra Viegas<\/p>\n<p>&nbsp;<\/p>\n<h4><strong>Objetivos<\/strong><\/h4>\n<ul>\n<li style=\"list-style-type: none\">\n<ul>\n<li>Refor\u00e7ar o direito e a import\u00e2ncia do brincar: facilitar o acesso a brinquedos, jogos e materiais l\u00fadico-pedag\u00f3gicos;<\/li>\n<li>Valorizar a evolu\u00e7\u00e3o do brinquedo ao longo do tempo, enquanto patrim\u00f3nio cultural;<\/li>\n<li>Incentivar o encontro coletivo intergeracional;<\/li>\n<li>Promover a inclus\u00e3o e apoiar as fam\u00edlias de crian\u00e7as e jovens com necessidades educativas espec\u00edficas;<\/li>\n<li>Oferecer um conjunto de atividades de anima\u00e7\u00e3o sociocultural e educativa.<\/li>\n<\/ul>\n<\/li>\n<\/ul>\n<p>&nbsp;<\/p>\n<h4><strong>P\u00fablico-alvo<\/strong><\/h4>\n<p>Para todas as pessoas, de todas as idades.<\/p>\n<p>&nbsp;<\/p>\n<h4><strong>Calendariza\u00e7\u00e3o<\/strong><\/h4>\n<ul>\n<li style=\"list-style-type: none\">\n<ul>\n<li>4\u00aa feira a domingo | Encerra \u00e0s 2\u00aa e 3\u00aa feiras:\n<ul>\n<li>novembro a fevereiro: 10h00-13h00 e 14h00-17h30;<\/li>\n<li>mar\u00e7o: 10h00-13h00 e 14h00-19h00;<\/li>\n<li>abril a meados de setembro:\n<ul>\n<li>10h00-13h00 e 14h00-20h00;<\/li>\n<li>durante a Feira de S. Jo\u00e3o (\u00faltimos dias de junho): 18h00-23h00, 6\u00aa feira e s\u00e1bado: 18h00-00h00;<\/li>\n<\/ul>\n<\/li>\n<li>outubro: 10h00-13h00 e 14h00-19h30.<\/li>\n<\/ul>\n<\/li>\n<li>Todo o ano, com exce\u00e7\u00e3o do domingo de p\u00e1scoa, dia 1 de maio, 24, 25 e 31 de dezembro e 1 de janeiro.<\/li>\n<li>O hor\u00e1rio da Ludoteca adapta-se ao hor\u00e1rio do parque infantil e \u00e0s esta\u00e7\u00f5es do ano.<\/li>\n<li><u>Consultar p\u00e1gina da Ludoteca<\/u>: <a href=\"http:\/\/facebook.com\/ludotecadeevora\" target=\"_blank\" rel=\"noopener\">http:\/\/facebook.com\/ludotecadeevora<\/a><\/li>\n<li><u>Grupos\/turmas<\/u>: 5\u00aa feira de manh\u00e3 (h\u00e1 necessidade de inscri\u00e7\u00e3o pr\u00e9via atrav\u00e9s de e-mail).<\/li>\n<\/ul>\n<\/li>\n<\/ul>\n<p>&nbsp;<\/p>\n<h4><strong>Local<\/strong><\/h4>\n<p>Parque Infantil Almeida Margiochi (Jardim P\u00fablico de \u00c9vora)<\/p>\n<p>&nbsp;<\/p>\n<h4><strong>Pre\u00e7o<\/strong><\/h4>\n<p>O acesso \u00e9 gratuito e livre de inscri\u00e7\u00e3o (salvo atividades que requerem inscri\u00e7\u00e3o pr\u00e9via).<\/p>\n<p>&nbsp;<\/p>\n<h4><strong>Resumo\/Sinopse<\/strong><\/h4>\n<p>A miss\u00e3o da Ludoteca mant\u00e9m-se desde 1979: centra-se na promo\u00e7\u00e3o da igualdade de oportunidades e de acesso ao brincar e ao brinquedo e na promo\u00e7\u00e3o da educa\u00e7\u00e3o para a cidadania e para a inclus\u00e3o.<\/p>\n<p>A Ludoteca disponibiliza o espa\u00e7o, os materiais (sobretudo brinquedos e jogos) e o tempo para Ser. \u00c9 um recurso educativo e promove a capitaliza\u00e7\u00e3o social, educativa e cultural dos visitantes. Na sua din\u00e2mica, oferta, funcionamento e acessos, \u00e9 um espa\u00e7o para todas as pessoas, de todas as idades.<\/p>\n<p>Disponibiliza, tamb\u00e9m, uma exposi\u00e7\u00e3o de brinquedos da cole\u00e7\u00e3o da Ludoteca que mostra a diversidade do brinquedo, enquadra a sociedade que o criou e usou e permite conhecer a evolu\u00e7\u00e3o dos brinquedos ao longo do s\u00e9culo XX.<\/p>\n<p>&nbsp;<\/p>\n<h4><strong>Contactos<\/strong><\/h4>\n<p><u>Telefone<\/u>: <a href=\"tel:+351266701789\" target=\"_blank\" rel=\"noopener\">+351 266 701 789<\/a> \u00abChamada para a rede fixa nacional\u00bb<\/p>\n<p><u>Email<\/u>: <a href=\"mailto:ludoteca@cm-evora.pt\" target=\"_blank\" rel=\"noopener\">ludoteca@cm-evora.pt<\/a><\/p>\n<p>&nbsp;<\/p>","protected":false},"excerpt":{"rendered":"<p>&nbsp; &nbsp; Promotor C\u00e2mara Municipal de \u00c9vora &#8211; Divis\u00e3o de Educa\u00e7\u00e3o e Interven\u00e7\u00e3o Social &nbsp; Respons\u00e1vel Elsa Oliveira e Sandra Viegas &nbsp; Objetivos Refor\u00e7ar o direito e a import\u00e2ncia do brincar: facilitar o acesso a brinquedos, jogos e materiais l\u00fadico-pedag\u00f3gicos; Valorizar a evolu\u00e7\u00e3o do brinquedo ao longo do tempo, enquanto patrim\u00f3nio cultural; Incentivar o encontro [&hellip;]<\/p>\n","protected":false},"author":1,"featured_media":0,"parent":14904,"menu_order":2,"comment_status":"closed","ping_status":"closed","template":"templates-map\/component-text-layout1.php","meta":{"_acf_changed":false,"footnotes":""},"categories":[],"class_list":["post-14259","page","type-page","status-publish","hentry"],"acf":{"imagens":"","titulo_docs_seccao":"","documentos":""},"_links":{"self":[{"href":"https:\/\/www.cm-evora.pt\/en\/wp-json\/wp\/v2\/pages\/14259","targetHints":{"allow":["GET"]}}],"collection":[{"href":"https:\/\/www.cm-evora.pt\/en\/wp-json\/wp\/v2\/pages"}],"about":[{"href":"https:\/\/www.cm-evora.pt\/en\/wp-json\/wp\/v2\/types\/page"}],"author":[{"embeddable":true,"href":"https:\/\/www.cm-evora.pt\/en\/wp-json\/wp\/v2\/users\/1"}],"replies":[{"embeddable":true,"href":"https:\/\/www.cm-evora.pt\/en\/wp-json\/wp\/v2\/comments?post=14259"}],"version-history":[{"count":26,"href":"https:\/\/www.cm-evora.pt\/en\/wp-json\/wp\/v2\/pages\/14259\/revisions"}],"predecessor-version":[{"id":81695,"href":"https:\/\/www.cm-evora.pt\/en\/wp-json\/wp\/v2\/pages\/14259\/revisions\/81695"}],"up":[{"embeddable":true,"href":"https:\/\/www.cm-evora.pt\/en\/wp-json\/wp\/v2\/pages\/14904"}],"wp:attachment":[{"href":"https:\/\/www.cm-evora.pt\/en\/wp-json\/wp\/v2\/media?parent=14259"}],"wp:term":[{"taxonomy":"category","embeddable":true,"href":"https:\/\/www.cm-evora.pt\/en\/wp-json\/wp\/v2\/categories?post=14259"}],"curies":[{"name":"wp","href":"https:\/\/api.w.org\/{rel}","templated":true}]}}