{"id":14261,"date":"2020-07-09T14:58:16","date_gmt":"2020-07-09T13:58:16","guid":{"rendered":"https:\/\/evora2.int.skilltech.pt\/susProjects\/wp_evora2_suite\/?page_id=14261"},"modified":"2023-06-12T10:27:43","modified_gmt":"2023-06-12T09:27:43","slug":"loja-dos-sonhos","status":"archive","type":"page","link":"https:\/\/www.cm-evora.pt\/en\/municipe\/projetos-municipais\/pel-projeto-educativo-local\/recursos-educativos\/loja-dos-sonhos\/","title":{"rendered":"Archived: Loja dos Sonhos"},"content":{"rendered":"<h3 style=\"text-align: center\"><strong>Biblioteca Itinerante<\/strong><\/h3>\n<p>&nbsp;<\/p>\n<p style=\"text-align: center\"><a href=\"https:\/\/www.cm-evora.pt\/wp-content\/uploads\/2021\/01\/LojaDosSonhos639.jpg\" target=\"_blank\" rel=\"noopener\"><img loading=\"lazy\" decoding=\"async\" class=\"alignnone wp-image-18391 size-full\" src=\"https:\/\/www.cm-evora.pt\/wp-content\/uploads\/2021\/01\/LojaDosSonhos639.jpg\" alt=\"\" width=\"639\" height=\"362\" srcset=\"https:\/\/www.cm-evora.pt\/wp-content\/uploads\/2021\/01\/LojaDosSonhos639.jpg 639w, https:\/\/www.cm-evora.pt\/wp-content\/uploads\/2021\/01\/LojaDosSonhos639-300x170.jpg 300w\" sizes=\"auto, (max-width: 639px) 100vw, 639px\" \/><\/a><\/p>\n<p>&nbsp;<\/p>\n<p>Na sequ\u00eancia da estrat\u00e9gia de interven\u00e7\u00e3o definida pela C\u00e2mara Municipal de \u00c9vora, enquanto membro da Associa\u00e7\u00e3o Internacional das Cidades Educadoras, na qual a Educa\u00e7\u00e3o surge como um pilar central para a frui\u00e7\u00e3o sociocultural e econ\u00f3mica da cidade, assume especial destaque a aposta do munic\u00edpio no que concerne \u00e0 promo\u00e7\u00e3o do livro e da leitura junto dos eborenses.<\/p>\n<p>&nbsp;<\/p>\n<p>Hoje, mais do que nunca o dom\u00ednio das compet\u00eancias liter\u00e1citas por parte dos indiv\u00edduos, revela-se fundamental para o acesso ao mundo do trabalho, do lazer e da cidadania ativa.<\/p>\n<p>&nbsp;<\/p>\n<p>O livro e a leitura t\u00eam sido alvo de in\u00fameras inova\u00e7\u00f5es, passando a ser entendidos como elementos facilitadores da forma\u00e7\u00e3o intelectual, moral e afetiva, conduzindo \u00e0 forma\u00e7\u00e3o de leitores mais competentes, conscientes e como tal mais pr\u00f3-ativos.<\/p>\n<p>&nbsp;<\/p>\n<p>Neste contexto, importa sobretudo facilitar o acesso ao objeto livro e aos diversos suportes de informa\u00e7\u00e3o que se tornaram imprescind\u00edveis no nosso dia-a-dia, para que nos possamos sentir socialmente integrados. Desta forma, a C\u00e2mara Municipal de \u00c9vora, em parceria com a Biblioteca P\u00fablica de \u00c9vora e com o apoio da Funda\u00e7\u00e3o Calouste Gulbenkian, criou a biblioteca itinerante \u201cLoja dos Sonhos \u2013 promo\u00e7\u00e3o da leitura em movimento\u201d.<\/p>\n<p>&nbsp;<\/p>\n<p>Este projeto tem como base o anterior recurso multim\u00e9dia municipal \u201cLoja dos Sonhos\u201d. Ap\u00f3s nove anos ao servi\u00e7o da comunidade educativa do concelho, percorridos in\u00fameros quil\u00f3metros, terminados diversos projetos de incontest\u00e1vel interesse e pertin\u00eancia pedag\u00f3gica e esbo\u00e7ados incont\u00e1veis sorrisos, este autocarro seguiu, desde 2012, para um novo rumo, igualmente desafiante e educador.<\/p>\n<p>&nbsp;<\/p>\n<h4><strong>Promotor<\/strong><\/h4>\n<p>C\u00e2mara Municipal de \u00c9vora &#8211; Divis\u00e3o de Educa\u00e7\u00e3o e Interven\u00e7\u00e3o Social<\/p>\n<p>&nbsp;<\/p>\n<h4><strong>Respons\u00e1vel<\/strong><\/h4>\n<p>S\u00f3nia Miranda<\/p>\n<p>&nbsp;<\/p>\n<h4><strong>Entidade Parceira<\/strong><\/h4>\n<p>Biblioteca P\u00fablica de \u00c9vora<\/p>\n<p>&nbsp;<\/p>\n<h4><strong>Objetivos<\/strong><\/h4>\n<ul>\n<li style=\"list-style-type: none\">\n<ul>\n<li>Possibilitar \u00e0s popula\u00e7\u00f5es mais afastadas do centro da cidade o acesso a uma biblioteca.<\/li>\n<\/ul>\n<\/li>\n<\/ul>\n<ul>\n<li style=\"list-style-type: none\">\n<ul>\n<li>Promover o livro e a leitura junto da popula\u00e7\u00e3o eborense.<\/li>\n<\/ul>\n<\/li>\n<\/ul>\n<ul>\n<li style=\"list-style-type: none\">\n<ul>\n<li>Potenciar nos leitores locais o h\u00e1bito e o prazer de ler.<\/li>\n<\/ul>\n<\/li>\n<\/ul>\n<p>&nbsp;<\/p>\n<h4><strong>P\u00fablico-alvo<\/strong><\/h4>\n<p>Serve, essencialmente, as freguesias rurais e os bairros perif\u00e9ricos da cidade de \u00c9vora que se encontram mais afastados do centro.<\/p>\n<p>Crian\u00e7as do pr\u00e9-escolar, alunos do 1.\u00ba CEB, seniores e popula\u00e7\u00e3o em geral.<\/p>\n<p>&nbsp;<\/p>\n<h4><strong>Calendariza\u00e7\u00e3o<\/strong><\/h4>\n<p>De acordo com um calend\u00e1rio de itiner\u00e2ncia pr\u00e9-definido.<\/p>\n<p>&nbsp;<\/p>\n<h4><strong>Lota\u00e7\u00e3o<\/strong><\/h4>\n<p>1 turma por sess\u00e3o.<\/p>\n<p>&nbsp;<\/p>\n<h4><strong>Local<\/strong><\/h4>\n<p>Freguesias rurais, bairros perif\u00e9ricos e centro hist\u00f3rico.<\/p>\n<p>&nbsp;<\/p>\n<h4><strong>Resumo\/Sinopse<\/strong><\/h4>\n<p>O recurso garante, atrav\u00e9s da sua itiner\u00e2ncia, o acesso ao livro e aos diversos suportes de informa\u00e7\u00e3o, promovendo o empr\u00e9stimo de livros, revistas e cd&#8217; s.<\/p>\n<p>Na Loja dos Sonhos, desenvolvem-se a\u00e7\u00f5es l\u00fadico-pedag\u00f3gicas para a comunidade escolar e a\u00e7\u00f5es recreativas e de lazer para os cidad\u00e3os das organiza\u00e7\u00f5es de apoio a idosos, bem como atividades culturais para a popula\u00e7\u00e3o em geral.<\/p>\n<p>&nbsp;<\/p>\n<h4><strong>Jogo Online<\/strong><\/h4>\n<p>A Autarquia eborense lan\u00e7ou um jogo online para as crian\u00e7as fazerem em casa. Uma resposta educativa em tempos de pandemia que resulta da colabora\u00e7\u00e3o entre a Biblioteca Itinerante Loja dos Sonhos e a Ludoteca. Para jogar siga esta liga\u00e7\u00e3o: <a href=\"http:\/\/www2.cm-evora.pt\/evoracidadeeducadora\/Jogo123GiraOutraVez\" target=\"_blank\" rel=\"noopener\">http:\/\/www2.cm-evora.pt\/evoracidadeeducadora\/Jogo123GiraOutraVez<\/a><\/p>\n<p>Chama-se &#8220;1, 2, 3 Gira outra vez&#8221; e \u00e9 um jogo que permite \u00e0s crian\u00e7as e as suas fam\u00edlias divertirem-se e, ao mesmo tempo, ficarem a conhecer as atividades que se fazem na Ludoteca e na Loja dos Sonhos. De uma forma l\u00fadica, este jogo promove a leitura, a criatividade e o brincar. As crian\u00e7as podem ouvir uma hist\u00f3ria, aprender uma lengalenga, ler um poema, fazer trabalhos de Express\u00e3o Pl\u00e1stica ou, at\u00e9, fazer um teatro de fantoches para a divers\u00e3o da fam\u00edlia.<\/p>\n<p>&nbsp;<\/p>\n<h4><strong>Contactos<\/strong><\/h4>\n<p><u>Telefone<\/u>: <a href=\"tel:+351968333881\" target=\"_blank\" rel=\"noopener\">+351 968 333 881<\/a> \u00abChamada para rede m\u00f3vel nacional\u00bb \/ <a href=\"tel:+351266785274\" target=\"_blank\" rel=\"noopener\">+351 266 785 274<\/a> \u00abChamada para a rede fixa nacional\u00bb<\/p>\n<p><u>Email<\/u>: <a href=\"mailto:sonia.miranda@cm-evora.pt\" target=\"_blank\" rel=\"noopener\">sonia.miranda@cm-evora.pt<\/a><\/p>\n<p>&nbsp;<\/p>\n","protected":false},"excerpt":{"rendered":"<p>Biblioteca Itinerante &nbsp; &nbsp; Na sequ\u00eancia da estrat\u00e9gia de interven\u00e7\u00e3o definida pela C\u00e2mara Municipal de \u00c9vora, enquanto membro da Associa\u00e7\u00e3o Internacional das Cidades Educadoras, na qual a Educa\u00e7\u00e3o surge como um pilar central para a frui\u00e7\u00e3o sociocultural e econ\u00f3mica da cidade, assume especial destaque a aposta do munic\u00edpio no que concerne \u00e0 promo\u00e7\u00e3o do livro [&hellip;]<\/p>\n","protected":false},"author":1,"featured_media":0,"parent":14904,"menu_order":1,"comment_status":"closed","ping_status":"closed","template":"templates-map\/component-text-layout1.php","meta":{"_acf_changed":false,"footnotes":""},"categories":[],"class_list":["post-14261","page","type-page","status-archive","hentry"],"acf":{"imagens":"","titulo_docs_seccao":"","documentos":""},"_links":{"self":[{"href":"https:\/\/www.cm-evora.pt\/en\/wp-json\/wp\/v2\/pages\/14261","targetHints":{"allow":["GET"]}}],"collection":[{"href":"https:\/\/www.cm-evora.pt\/en\/wp-json\/wp\/v2\/pages"}],"about":[{"href":"https:\/\/www.cm-evora.pt\/en\/wp-json\/wp\/v2\/types\/page"}],"author":[{"embeddable":true,"href":"https:\/\/www.cm-evora.pt\/en\/wp-json\/wp\/v2\/users\/1"}],"replies":[{"embeddable":true,"href":"https:\/\/www.cm-evora.pt\/en\/wp-json\/wp\/v2\/comments?post=14261"}],"version-history":[{"count":5,"href":"https:\/\/www.cm-evora.pt\/en\/wp-json\/wp\/v2\/pages\/14261\/revisions"}],"predecessor-version":[{"id":46713,"href":"https:\/\/www.cm-evora.pt\/en\/wp-json\/wp\/v2\/pages\/14261\/revisions\/46713"}],"up":[{"embeddable":true,"href":"https:\/\/www.cm-evora.pt\/en\/wp-json\/wp\/v2\/pages\/14904"}],"wp:attachment":[{"href":"https:\/\/www.cm-evora.pt\/en\/wp-json\/wp\/v2\/media?parent=14261"}],"wp:term":[{"taxonomy":"category","embeddable":true,"href":"https:\/\/www.cm-evora.pt\/en\/wp-json\/wp\/v2\/categories?post=14261"}],"curies":[{"name":"wp","href":"https:\/\/api.w.org\/{rel}","templated":true}]}}