{"id":14263,"date":"2020-07-09T14:58:41","date_gmt":"2020-07-09T13:58:41","guid":{"rendered":"https:\/\/evora2.int.skilltech.pt\/susProjects\/wp_evora2_suite\/?page_id=14263"},"modified":"2024-09-12T15:00:01","modified_gmt":"2024-09-12T14:00:01","slug":"missao-ciencia-e-arte","status":"archive","type":"page","link":"https:\/\/www.cm-evora.pt\/en\/municipe\/projetos-municipais\/pel-projeto-educativo-local\/projetos-educativos\/missao-ciencia-e-arte\/","title":{"rendered":"Archived: Miss\u00e3o Ci\u00eancia e Arte"},"content":{"rendered":"<p style=\"text-align: center\"><a href=\"https:\/\/www.cm-evora.pt\/wp-content\/uploads\/2021\/01\/MissaoCienciaEArte639.jpg\"><img loading=\"lazy\" decoding=\"async\" class=\"alignnone size-full wp-image-18393\" src=\"https:\/\/www.cm-evora.pt\/wp-content\/uploads\/2021\/01\/MissaoCienciaEArte639.jpg\" alt=\"\" width=\"639\" height=\"362\" srcset=\"https:\/\/www.cm-evora.pt\/wp-content\/uploads\/2021\/01\/MissaoCienciaEArte639.jpg 639w, https:\/\/www.cm-evora.pt\/wp-content\/uploads\/2021\/01\/MissaoCienciaEArte639-300x170.jpg 300w\" sizes=\"auto, (max-width: 639px) 100vw, 639px\" \/><\/a><\/p>\n<p><strong>\u00a0<\/strong><\/p>\n<h4><strong>Promotor<\/strong><\/h4>\n<p>Coorganiza\u00e7\u00e3o entre a CME \u2013 Divis\u00e3o de Educa\u00e7\u00e3o e Interven\u00e7\u00e3o Social \u2013 e a Universidade de \u00c9vora \u2013 Gabinete de Comunica\u00e7\u00e3o.<\/p>\n<p><strong>\u00a0<\/strong><\/p>\n<h4><strong>Respons\u00e1vel<\/strong><\/h4>\n<p>S\u00f3nia Miranda \u2013 CME | Marta M\u00f3sca \u2013 UE<\/p>\n<p><strong>\u00a0<\/strong><\/p>\n<h4><strong>Entidades Parceiras<\/strong><\/h4>\n<p>Agrupamentos de escolas de \u00c9vora.<\/p>\n<p><strong>\u00a0<\/strong><\/p>\n<h4><strong>Objetivos<\/strong><\/h4>\n<ul>\n<li style=\"list-style-type: none\">\n<ul>\n<li>Estimular nos mais jovens o gosto pela ci\u00eancia, pela descoberta e pelo saber.<\/li>\n<\/ul>\n<\/li>\n<\/ul>\n<ul>\n<li style=\"list-style-type: none\">\n<ul>\n<li>Transmitir o que \u00e9 a ci\u00eancia e o que fazem os cientistas, nas mais diversas \u00e1reas do saber, das artes \u00e0s ci\u00eancias e \u00e0s letras.<\/li>\n<\/ul>\n<\/li>\n<\/ul>\n<ul>\n<li style=\"list-style-type: none\">\n<ul>\n<li>Promover uma aproxima\u00e7\u00e3o \u00e0 Universidade numa das suas vertentes essenciais, a investiga\u00e7\u00e3o cient\u00edfica e tecnol\u00f3gica e, consequentemente, \u00e0 oferta formativa potencialmente dispon\u00edvel na U\u00c9.<\/li>\n<\/ul>\n<\/li>\n<\/ul>\n<p><strong>\u00a0<\/strong><\/p>\n<h4><strong>P\u00fablico-alvo<\/strong><\/h4>\n<p>Alunos do ensino B\u00e1sico (1.\u00ba, 2.\u00ba e 3.\u00ba CEB) e Secund\u00e1rio do concelho.<\/p>\n<p><strong>\u00a0<\/strong><\/p>\n<h4><strong>Calendariza\u00e7\u00e3o<\/strong><\/h4>\n<p>De outubro a junho.<\/p>\n<p><strong>\u00a0<\/strong><\/p>\n<h4><strong>Lota\u00e7\u00e3o<\/strong><\/h4>\n<p>Inscri\u00e7\u00e3o pr\u00e9via nas a\u00e7\u00f5es.<\/p>\n<p><strong>\u00a0<\/strong><\/p>\n<h4><strong>Local<\/strong><\/h4>\n<p>Escolas | Universidade | Cidade<\/p>\n<p><strong>\u00a0<\/strong><\/p>\n<h4><strong>Resumo\/Sinopse<\/strong><\/h4>\n<p><u>A\u00e7\u00f5es<\/u>:<\/p>\n<ul>\n<li style=\"list-style-type: none\">\n<ul>\n<li>Uma hora com ci\u00eancia &#8211; os cientistas da U\u00c9 levam experi\u00eancias e atividades cient\u00edficas \u00e0s escolas.<\/li>\n<\/ul>\n<\/li>\n<\/ul>\n<ul>\n<li style=\"list-style-type: none\">\n<ul>\n<li>Onde trabalham os cientistas? Visitas guiadas a centros de investiga\u00e7\u00e3o da U\u00c9.<\/li>\n<\/ul>\n<\/li>\n<\/ul>\n<ul>\n<li style=\"list-style-type: none\">\n<ul>\n<li>Conversas com ci\u00eancia \u2013 Encontros informais em espa\u00e7os emblem\u00e1ticos da cidade relacionados com a tem\u00e1tica da palestra.<\/li>\n<\/ul>\n<\/li>\n<\/ul>\n<ul>\n<li style=\"list-style-type: none\">\n<ul>\n<li>Ci\u00eancia e Arte na cidade \/ oficinas criativas \u2013 Atividades multidisciplinares em todas as \u00e1reas cient\u00edficas, aliadas a atividades art\u00edsticas.<\/li>\n<\/ul>\n<\/li>\n<\/ul>\n<p><strong>\u00a0<\/strong><\/p>\n<h4><strong>Observa\u00e7\u00f5es<\/strong><\/h4>\n<p>Para mais informa\u00e7\u00f5es, consulte: <a href=\"http:\/\/www.cienciarte.uevora.pt\/projeto\" target=\"_blank\" rel=\"noopener\">http:\/\/www.cienciarte.uevora.pt\/projeto<\/a><\/p>\n<h4><strong>\u00a0<\/strong><\/h4>\n<h4><strong>Contactos<\/strong><\/h4>\n<p><u>Telefone<\/u>: <a href=\"tel:+351266777000\" target=\"_blank\" rel=\"noopener\">+351 266 777 000<\/a> \u00abChamada para a rede fixa nacional\u00bb | <span style=\"text-decoration: underline\">Email<\/span>: <u><a href=\"mailto:cme.deis@cm-evora.pt\" target=\"_blank\" rel=\"noopener\">cme.deis@cm-evora.pt<\/a><\/u><\/p>\n<p><u>Telefone<\/u>: <a href=\"tel:+351266740875\" target=\"_blank\" rel=\"noopener\">+351 266 740 875<\/a> \u00abChamada para a rede fixa nacional\u00bb | <span style=\"text-decoration: underline\">Email<\/span>: <u><a href=\"mailto:cienciarte@uevora.pt\" target=\"_blank\" rel=\"noopener\">cienciarte@uevora.pt<\/a><\/u><\/p>\n<p>&nbsp;<\/p>\n","protected":false},"excerpt":{"rendered":"<p>\u00a0 Promotor Coorganiza\u00e7\u00e3o entre a CME \u2013 Divis\u00e3o de Educa\u00e7\u00e3o e Interven\u00e7\u00e3o Social \u2013 e a Universidade de \u00c9vora \u2013 Gabinete de Comunica\u00e7\u00e3o. \u00a0 Respons\u00e1vel S\u00f3nia Miranda \u2013 CME | Marta M\u00f3sca \u2013 UE \u00a0 Entidades Parceiras Agrupamentos de escolas de \u00c9vora. \u00a0 Objetivos Estimular nos mais jovens o gosto pela ci\u00eancia, pela descoberta e [&hellip;]<\/p>\n","protected":false},"author":1,"featured_media":0,"parent":14190,"menu_order":12,"comment_status":"closed","ping_status":"closed","template":"templates-map\/component-text-layout1.php","meta":{"_acf_changed":false,"footnotes":""},"categories":[],"class_list":["post-14263","page","type-page","status-archive","hentry"],"acf":{"imagens":"","titulo_docs_seccao":"","documentos":""},"_links":{"self":[{"href":"https:\/\/www.cm-evora.pt\/en\/wp-json\/wp\/v2\/pages\/14263","targetHints":{"allow":["GET"]}}],"collection":[{"href":"https:\/\/www.cm-evora.pt\/en\/wp-json\/wp\/v2\/pages"}],"about":[{"href":"https:\/\/www.cm-evora.pt\/en\/wp-json\/wp\/v2\/types\/page"}],"author":[{"embeddable":true,"href":"https:\/\/www.cm-evora.pt\/en\/wp-json\/wp\/v2\/users\/1"}],"replies":[{"embeddable":true,"href":"https:\/\/www.cm-evora.pt\/en\/wp-json\/wp\/v2\/comments?post=14263"}],"version-history":[{"count":6,"href":"https:\/\/www.cm-evora.pt\/en\/wp-json\/wp\/v2\/pages\/14263\/revisions"}],"predecessor-version":[{"id":50521,"href":"https:\/\/www.cm-evora.pt\/en\/wp-json\/wp\/v2\/pages\/14263\/revisions\/50521"}],"up":[{"embeddable":true,"href":"https:\/\/www.cm-evora.pt\/en\/wp-json\/wp\/v2\/pages\/14190"}],"wp:attachment":[{"href":"https:\/\/www.cm-evora.pt\/en\/wp-json\/wp\/v2\/media?parent=14263"}],"wp:term":[{"taxonomy":"category","embeddable":true,"href":"https:\/\/www.cm-evora.pt\/en\/wp-json\/wp\/v2\/categories?post=14263"}],"curies":[{"name":"wp","href":"https:\/\/api.w.org\/{rel}","templated":true}]}}