{"id":14266,"date":"2020-07-09T14:59:26","date_gmt":"2020-07-09T13:59:26","guid":{"rendered":"https:\/\/evora2.int.skilltech.pt\/susProjects\/wp_evora2_suite\/?page_id=14266"},"modified":"2025-07-17T10:49:25","modified_gmt":"2025-07-17T09:49:25","slug":"run-kids-serpente-papa-leguas-mede-o-caminho-com-reguas","status":"publish","type":"page","link":"https:\/\/www.cm-evora.pt\/en\/municipe\/projetos-municipais\/pel-projeto-educativo-local\/projetos-educativos\/run-kids-serpente-papa-leguas-mede-o-caminho-com-reguas\/","title":{"rendered":"Run Kids Serpente Papa-l\u00e9guas mede o caminho com r\u00e9guas"},"content":{"rendered":"<h3 style=\"text-align: center\"><strong>Meia Maratona Monumental de \u00c9vora<\/strong><\/h3>\n<p>&nbsp;<\/p>\n<h4><strong>Promotor<\/strong><\/h4>\n<p>C\u00e2mara Municipal de \u00c9vora \u2013 Divis\u00e3o de Juventude e Desporto.<\/p>\n<p>&nbsp;<\/p>\n<h4><strong>Respons\u00e1vel<\/strong><\/h4>\n<p>Hugo Matias<\/p>\n<p>&nbsp;<\/p>\n<h4><strong>Objetivos<\/strong><\/h4>\n<p>Promover a atividade f\u00edsica entre os mais novos e desenvolver, de forma l\u00fadica, conceitos relacionados com quantidades, medidas e formas de quantificar.<\/p>\n<p>&nbsp;<\/p>\n<h4><strong>P\u00fablico-alvo<\/strong><\/h4>\n<p>Crian\u00e7as da creche, do pr\u00e9-escolar e do 1.\u00ba Ciclo do Ensino B\u00e1sico<\/p>\n<p>&nbsp;<\/p>\n<h4><strong>Calendariza\u00e7\u00e3o<\/strong><\/h4>\n<p>Novembro<\/p>\n<p>&nbsp;<\/p>\n<h4><strong>Lota\u00e7\u00e3o<\/strong><\/h4>\n<p>500 participantes.<\/p>\n<p>&nbsp;<\/p>\n<h4><strong>Local<\/strong><\/h4>\n<p>Pra\u00e7a do Giraldo<\/p>\n<p>&nbsp;<\/p>\n<h4><strong>Observa\u00e7\u00f5es<\/strong><\/h4>\n<p>Esta atividade resulta de um trabalho conjunto com os professores do ensino b\u00e1sico, incluindo a cria\u00e7\u00e3o de um percurso (do mapa da escola ao local do evento) e de cinco jogos educativos relacionados com a medi\u00e7\u00e3o de dist\u00e2ncias, tempo, lan\u00e7amentos e saltos. Est\u00e1 integrada na programa\u00e7\u00e3o da Meia Maratona de \u00c9vora.<\/p>\n<p>&nbsp;<\/p>\n<h4><strong>Contactos<\/strong><\/h4>\n<p><u>Telefone<\/u>: <a href=\"tel:+351266777000\" target=\"_blank\" rel=\"noopener\">+351 266 777 000<\/a> \u00abChamada para a rede fixa nacional\u00bb<\/p>\n<p><u>Email<\/u>: <a href=\"mailto:hugo.matias@cm-evora.pt\" target=\"_blank\" rel=\"noopener\">hugo.matias@cm-evora.pt<\/a><\/p>\n<p>&nbsp;<\/p>\n","protected":false},"excerpt":{"rendered":"<p>Meia Maratona Monumental de \u00c9vora &nbsp; Promotor C\u00e2mara Municipal de \u00c9vora \u2013 Divis\u00e3o de Juventude e Desporto. &nbsp; Respons\u00e1vel Hugo Matias &nbsp; Objetivos Promover a atividade f\u00edsica entre os mais novos e desenvolver, de forma l\u00fadica, conceitos relacionados com quantidades, medidas e formas de quantificar. &nbsp; P\u00fablico-alvo Crian\u00e7as da creche, do pr\u00e9-escolar e do 1.\u00ba [&hellip;]<\/p>\n","protected":false},"author":1,"featured_media":0,"parent":14190,"menu_order":19,"comment_status":"closed","ping_status":"closed","template":"templates-map\/component-text-layout1.php","meta":{"_acf_changed":false,"footnotes":""},"categories":[],"class_list":["post-14266","page","type-page","status-publish","hentry"],"acf":{"imagens":"","titulo_docs_seccao":"","documentos":""},"_links":{"self":[{"href":"https:\/\/www.cm-evora.pt\/en\/wp-json\/wp\/v2\/pages\/14266","targetHints":{"allow":["GET"]}}],"collection":[{"href":"https:\/\/www.cm-evora.pt\/en\/wp-json\/wp\/v2\/pages"}],"about":[{"href":"https:\/\/www.cm-evora.pt\/en\/wp-json\/wp\/v2\/types\/page"}],"author":[{"embeddable":true,"href":"https:\/\/www.cm-evora.pt\/en\/wp-json\/wp\/v2\/users\/1"}],"replies":[{"embeddable":true,"href":"https:\/\/www.cm-evora.pt\/en\/wp-json\/wp\/v2\/comments?post=14266"}],"version-history":[{"count":9,"href":"https:\/\/www.cm-evora.pt\/en\/wp-json\/wp\/v2\/pages\/14266\/revisions"}],"predecessor-version":[{"id":76674,"href":"https:\/\/www.cm-evora.pt\/en\/wp-json\/wp\/v2\/pages\/14266\/revisions\/76674"}],"up":[{"embeddable":true,"href":"https:\/\/www.cm-evora.pt\/en\/wp-json\/wp\/v2\/pages\/14190"}],"wp:attachment":[{"href":"https:\/\/www.cm-evora.pt\/en\/wp-json\/wp\/v2\/media?parent=14266"}],"wp:term":[{"taxonomy":"category","embeddable":true,"href":"https:\/\/www.cm-evora.pt\/en\/wp-json\/wp\/v2\/categories?post=14266"}],"curies":[{"name":"wp","href":"https:\/\/api.w.org\/{rel}","templated":true}]}}