{"id":14270,"date":"2020-07-09T15:00:02","date_gmt":"2020-07-09T14:00:02","guid":{"rendered":"https:\/\/evora2.int.skilltech.pt\/susProjects\/wp_evora2_suite\/?page_id=14270"},"modified":"2024-10-14T15:07:36","modified_gmt":"2024-10-14T14:07:36","slug":"jogar","status":"publish","type":"page","link":"https:\/\/www.cm-evora.pt\/en\/municipe\/projetos-municipais\/pel-projeto-educativo-local\/projetos-educativos\/jogar\/","title":{"rendered":"Jogar +"},"content":{"rendered":"<p class=\"qtranxs-available-languages-message qtranxs-available-languages-message-en\">Sorry, this entry is only available in <a href=\"https:\/\/www.cm-evora.pt\/pt\/wp-json\/wp\/v2\/pages\/14270\" class=\"qtranxs-available-language-link qtranxs-available-language-link-pt\" title=\"Portugu\u00eas\">Portugu\u00eas<\/a>.<\/p><p style=\"text-align: center\"><a href=\"https:\/\/www.cm-evora.pt\/wp-content\/uploads\/2021\/01\/Jogar639.jpg\"><img loading=\"lazy\" decoding=\"async\" class=\"alignnone size-full wp-image-18297\" src=\"https:\/\/www.cm-evora.pt\/wp-content\/uploads\/2021\/01\/Jogar639.jpg\" alt=\"\" width=\"639\" height=\"362\" srcset=\"https:\/\/www.cm-evora.pt\/wp-content\/uploads\/2021\/01\/Jogar639.jpg 639w, https:\/\/www.cm-evora.pt\/wp-content\/uploads\/2021\/01\/Jogar639-300x170.jpg 300w\" sizes=\"auto, (max-width: 639px) 100vw, 639px\" \/><\/a><\/p>\n<p>&nbsp;<\/p>\n<p><\/p>\n<h4><strong>Promotor<\/strong><\/h4>\n<p>C\u00e2mara Municipal de \u00c9vora \u2013 Divis\u00e3o de Juventude e Desporto.<\/p>\n<h4><strong>\u00a0<\/strong><\/h4>\n<h4><strong>Respons\u00e1vel<\/strong><\/h4>\n<p>Pedro Freixial Silva<\/p>\n<h4><strong>\u00a0<\/strong><\/h4>\n<h4><strong>Entidades Parceiras<\/strong><\/h4>\n<ul>\n<li style=\"list-style-type: none\">\n<ul>\n<li>GDR Canaviais,<\/li>\n<li>GD Diana,<\/li>\n<li>Juventude Sport Clube,<\/li>\n<li>Associa\u00e7\u00e3o Juvenil 4\u00aa Dimens\u00e3o,<\/li>\n<li>Aminata,<\/li>\n<li>Clube Badminton de \u00c9vora,<\/li>\n<li>GD Santo Ant\u00f3nio,<\/li>\n<li>Associa\u00e7\u00e3o P\u00f3dio dos Sorrisos,<\/li>\n<li>\u00c9vora Andebol Clube,<\/li>\n<li>Escola Andr\u00e9 de Resende,<\/li>\n<li>Internacional Futsal,<\/li>\n<li>Associa\u00e7\u00e3o Moradores do Bairro da Torregela,<\/li>\n<li>Clube Rugby de \u00c9vora,<\/li>\n<li>Escola Gabriel Pereira,<\/li>\n<li>Clube de T\u00e9nis de \u00c9vora.<\/li>\n<\/ul>\n<\/li>\n<\/ul>\n<p>&nbsp;<\/p>\n<h4><strong>Objetivos<\/strong><\/h4>\n<ul>\n<li style=\"list-style-type: none\">\n<ul>\n<li>Sensibilizar as crian\u00e7as para a import\u00e2ncia da pr\u00e1tica do desporto e garantir as condi\u00e7\u00f5es para essa pr\u00e1tica, ajudando-as, assim, a criar h\u00e1bitos de sa\u00fade e de qualidade de vida.<\/li>\n<\/ul>\n<\/li>\n<\/ul>\n<h4><strong>\u00a0<\/strong><\/h4>\n<h4><strong>P\u00fablico-alvo<\/strong><\/h4>\n<p>Alunos do 1.\u00ba e 2.\u00ba CEB.<\/p>\n<h4><strong>\u00a0<\/strong><\/h4>\n<h4><strong>Calendariza\u00e7\u00e3o<\/strong><\/h4>\n<p>Setembro a junho.<\/p>\n<h4><strong>\u00a0<\/strong><\/h4>\n<h4><strong>Lota\u00e7\u00e3o<\/strong><\/h4>\n<p>N\u00e3o aplic\u00e1vel.<\/p>\n<h4><strong>\u00a0<\/strong><\/h4>\n<h4><strong>Local<\/strong><\/h4>\n<p>Instala\u00e7\u00f5es dos clubes\/associa\u00e7\u00f5es, Complexo Desportivo, Piscinas Municipais e pavilh\u00f5es das escolas.<\/p>\n<h4><strong>\u00a0<\/strong><\/h4>\n<h4><strong>Resumo\/Sinopse<\/strong><\/h4>\n<p>Este programa tem como grande objetivo proporcionar e sensibilizar para a pr\u00e1tica do desporto ao tempo livre das nossas crian\u00e7as, ajudando-as a criar h\u00e1bitos de sa\u00fade e de qualidade de vida.<\/p>\n<p>O programa conta com cerca de 22 n\u00facleos de modalidades desportivas.<\/p>\n<h4><strong>\u00a0<\/strong><\/h4>\n<h4><strong>Contactos<\/strong><\/h4>\n<p><u>Telefone<\/u>: <a href=\"tel:+351266777000\" target=\"_blank\" rel=\"noopener\">+351 266 777 000<\/a> \u00abChamada para a rede fixa nacional\u00bb<\/p>\n<p><u>Email<\/u>: <a href=\"mailto:pedrosilva@cm-evora.pt\" target=\"_blank\" rel=\"noopener\">pedrosilva@cm-evora.pt<\/a><\/p>\n<p><\/p>","protected":false},"excerpt":{"rendered":"<p>Sorry, this entry is only available in Portugu\u00eas. &nbsp; Promotor C\u00e2mara Municipal de \u00c9vora \u2013 Divis\u00e3o de Juventude e Desporto. \u00a0 Respons\u00e1vel Pedro Freixial Silva \u00a0 Entidades Parceiras GDR Canaviais, GD Diana, Juventude Sport Clube, Associa\u00e7\u00e3o Juvenil 4\u00aa Dimens\u00e3o, Aminata, Clube Badminton de \u00c9vora, GD Santo Ant\u00f3nio, Associa\u00e7\u00e3o P\u00f3dio dos Sorrisos, \u00c9vora Andebol Clube, Escola [&hellip;]<\/p>\n","protected":false},"author":1,"featured_media":0,"parent":14190,"menu_order":7,"comment_status":"closed","ping_status":"closed","template":"templates-map\/component-text-layout1.php","meta":{"_acf_changed":false,"footnotes":""},"categories":[],"class_list":["post-14270","page","type-page","status-publish","hentry"],"acf":{"imagens":"","titulo_docs_seccao":"","documentos":[18299]},"_links":{"self":[{"href":"https:\/\/www.cm-evora.pt\/en\/wp-json\/wp\/v2\/pages\/14270","targetHints":{"allow":["GET"]}}],"collection":[{"href":"https:\/\/www.cm-evora.pt\/en\/wp-json\/wp\/v2\/pages"}],"about":[{"href":"https:\/\/www.cm-evora.pt\/en\/wp-json\/wp\/v2\/types\/page"}],"author":[{"embeddable":true,"href":"https:\/\/www.cm-evora.pt\/en\/wp-json\/wp\/v2\/users\/1"}],"replies":[{"embeddable":true,"href":"https:\/\/www.cm-evora.pt\/en\/wp-json\/wp\/v2\/comments?post=14270"}],"version-history":[{"count":10,"href":"https:\/\/www.cm-evora.pt\/en\/wp-json\/wp\/v2\/pages\/14270\/revisions"}],"predecessor-version":[{"id":66903,"href":"https:\/\/www.cm-evora.pt\/en\/wp-json\/wp\/v2\/pages\/14270\/revisions\/66903"}],"up":[{"embeddable":true,"href":"https:\/\/www.cm-evora.pt\/en\/wp-json\/wp\/v2\/pages\/14190"}],"acf:post":[{"embeddable":true,"href":"https:\/\/www.cm-evora.pt\/en\/wp-json\/wp\/v2\/listas_ficheiros\/18299"}],"wp:attachment":[{"href":"https:\/\/www.cm-evora.pt\/en\/wp-json\/wp\/v2\/media?parent=14270"}],"wp:term":[{"taxonomy":"category","embeddable":true,"href":"https:\/\/www.cm-evora.pt\/en\/wp-json\/wp\/v2\/categories?post=14270"}],"curies":[{"name":"wp","href":"https:\/\/api.w.org\/{rel}","templated":true}]}}