{"id":14301,"date":"2020-07-09T15:23:56","date_gmt":"2020-07-09T14:23:56","guid":{"rendered":"https:\/\/evora2.int.skilltech.pt\/susProjects\/wp_evora2_suite\/?page_id=14301"},"modified":"2021-10-15T12:25:54","modified_gmt":"2021-10-15T11:25:54","slug":"dia-internacional-da-protecao-civil","status":"archive","type":"page","link":"https:\/\/www.cm-evora.pt\/en\/municipe\/projetos-municipais\/pel-projeto-educativo-local\/iniciativas\/dia-internacional-da-protecao-civil\/","title":{"rendered":"(Portugu\u00eas) Archived: Dia Internacional da Prote\u00e7\u00e3o Civil"},"content":{"rendered":"<p class=\"qtranxs-available-languages-message qtranxs-available-languages-message-en\">Sorry, this entry is only available in <a href=\"https:\/\/www.cm-evora.pt\/pt\/wp-json\/wp\/v2\/pages\/14301\" class=\"qtranxs-available-language-link qtranxs-available-language-link-pt\" title=\"Portugu\u00eas\">Portugu\u00eas<\/a>.<\/p><p><a href=\"https:\/\/www.cm-evora.pt\/wp-content\/uploads\/2021\/01\/DiaInternacionalProtecaoCivil639.jpg\"><img loading=\"lazy\" decoding=\"async\" class=\"alignnone wp-image-18444\" src=\"https:\/\/www.cm-evora.pt\/wp-content\/uploads\/2021\/01\/DiaInternacionalProtecaoCivil639.jpg\" alt=\"\" width=\"964\" height=\"546\" srcset=\"https:\/\/www.cm-evora.pt\/wp-content\/uploads\/2021\/01\/DiaInternacionalProtecaoCivil639.jpg 639w, https:\/\/www.cm-evora.pt\/wp-content\/uploads\/2021\/01\/DiaInternacionalProtecaoCivil639-300x170.jpg 300w\" sizes=\"auto, (max-width: 964px) 100vw, 964px\" \/><\/a><\/p>\n<div>\n<p><strong class=\"ms-rteThemeForeColor-4-5\">Promotor<\/strong><\/p>\n<p><span class=\"ms-rteThemeForeColor-4-5\">C\u00e2mara Municipal de \u00c9vora &#8211; Servi\u00e7o Municipal de Prote\u00e7\u00e3o Civil e Seguran\u00e7a<\/span><\/p>\n<p>&nbsp;<\/p>\n<p><strong class=\"ms-rteThemeForeColor-4-5\">Respons\u00e1vel<\/strong><\/p>\n<p><span class=\"ms-rteThemeForeColor-4-5\">Nuno Sobral Camelo<\/span><\/p>\n<p>&nbsp;<\/p>\n<p><strong class=\"ms-rteThemeForeColor-4-5\">Entidades Parceiras<\/strong><\/p>\n<p><span class=\"ms-rteThemeForeColor-4-5\">A definir posteriormente.<\/span><\/p>\n<p>&nbsp;<\/p>\n<p><strong class=\"ms-rteThemeForeColor-4-5\">Objetivos<\/strong><\/p>\n<ul>\n<li><span class=\"ms-rteThemeForeColor-4-5\">Sensibilizar a popula\u00e7\u00e3o em geral sobre o trabalho dos Agentes de Prote\u00e7\u00e3o Civil;<\/span><\/li>\n<\/ul>\n<ul>\n<li><span class=\"ms-rteThemeForeColor-4-5\">Sensibilizar a popula\u00e7\u00e3o em geral para a import\u00e2ncia da preven\u00e7\u00e3o, informa\u00e7\u00e3o e forma\u00e7\u00e3o.<\/span><\/li>\n<\/ul>\n<div><span style=\"color: #181818\">\u00a0<\/span><\/div>\n<p><strong class=\"ms-rteThemeForeColor-4-5\">P\u00fablico-alvo<\/strong><\/p>\n<p><span class=\"ms-rteThemeForeColor-4-5\">Cidad\u00e3os<\/span><\/p>\n<p>&nbsp;<\/p>\n<p><strong class=\"ms-rteThemeForeColor-4-5\">Calendariza\u00e7\u00e3o<\/strong><\/p>\n<p><span class=\"ms-rteThemeForeColor-4-5\">1 de mar\u00e7o<\/span><\/p>\n<p>&nbsp;<\/p>\n<p><strong class=\"ms-rteThemeForeColor-4-5\">Resumo\/Sinopse<\/strong><\/p>\n<p><span class=\"ms-rteThemeForeColor-4-5\">&#8220;O Dia Internacional da Prote\u00e7\u00e3o Civil comemora a entrada em atividades da Organiza\u00e7\u00e3o Internacional de Defesa Civil (OIPC) no ano de 1972. O objetivo dessa organiza\u00e7\u00e3o \u00e9 desenvolver estruturas de defesa nacionais nos estados membros, a fim de reduzir e prevenir desastres na popula\u00e7\u00e3o. O objetivo principal para este dia \u00e9 informar o p\u00fablico [sobre a import\u00e2ncia] dessas organiza\u00e7\u00f5es no desenvolvimento de uma sociedade. Al\u00e9m disso, incentiva as pessoas a aprender sobre medidas de preven\u00e7\u00e3o e prote\u00e7\u00e3o em caso de cat\u00e1strofes ou acidentes. O dia foi criado em 1990 pela Organiza\u00e7\u00e3o de Defesa Civil Internacional (OIPC)&#8221;. (<a title=\"https:\/\/www.wincalendar.com\/pt\/Dia-Internacional-da-Protecao-Civil\" href=\"https:\/\/www.wincalendar.com\/pt\/Dia-Internacional-da-Protecao-Civil\" target=\"_blank\" rel=\"noopener noreferrer\"><span class=\"ms-rteForeColor-8\">https:\/\/www.wincalendar.com\/pt\/Dia-Internacional-da-Protecao-Civil\u200b<\/span><\/a>)<\/span><\/p>\n<p><span class=\"ms-rteThemeForeColor-4-5\">&#8220;A prote\u00e7\u00e3o civil surgiu em 1949 no protocolo 1 do Tratado de Genebra &#8220;Prote\u00e7\u00e3o das v\u00edtimas dos conflitos internacionais armados&#8221;, definindo-se como um sistema nacional de gest\u00e3o dos servi\u00e7os de emerg\u00eancia que proporciona assist\u00eancia e prote\u00e7\u00e3o a toda a popula\u00e7\u00e3o perante um desastre ou acidente&#8221;.\u00a0<\/span>(<a title=\"https:\/\/www.rtp.pt\/madeira\/sociedade\/hoje-celebra-se-o-dia-mundial-da-proteccao-civil-_16252\" href=\"https:\/\/www.rtp.pt\/madeira\/sociedade\/hoje-celebra-se-o-dia-mundial-da-proteccao-civil-_16252\" target=\"_blank\" rel=\"noopener noreferrer\"><span class=\"ms-rteForeColor-8\">https:\/\/www.rtp.pt\/madeira\/sociedade\/hoje-celebra-se-o-dia-mundial-da-proteccao-civil-_16252<\/span>\u200b<\/a>)<\/p>\n<p>&nbsp;<\/p>\n<p><strong class=\"ms-rteThemeForeColor-4-5\">Contactos<\/strong><\/p>\n<p><span class=\"ms-rteThemeForeColor-4-5\"><span style=\"text-decoration: underline\">Telefone<\/span>: +351 266 777 150<\/span><\/p>\n<p><span class=\"ms-rteThemeForeColor-4-5\"><span style=\"text-decoration: underline\"><span lang=\"EN-US\">Email<\/span><\/span>:\u00a0<a title=\"smpc.evora@cm-evora.pt\" href=\"mailto:smpc.evora@cm-evora.pt\" target=\"_blank\" rel=\"noopener noreferrer\"><span class=\"ms-rteForeColor-8\">smpc.evora@cm-evora.pt\u200b<\/span><\/a><\/span><\/p>\n<\/div>\n<div><\/div>\n<p><\/p>","protected":false},"excerpt":{"rendered":"<p>Sorry, this entry is only available in Portugu\u00eas. Promotor C\u00e2mara Municipal de \u00c9vora &#8211; Servi\u00e7o Municipal de Prote\u00e7\u00e3o Civil e Seguran\u00e7a &nbsp; Respons\u00e1vel Nuno Sobral Camelo &nbsp; Entidades Parceiras A definir posteriormente. &nbsp; Objetivos Sensibilizar a popula\u00e7\u00e3o em geral sobre o trabalho dos Agentes de Prote\u00e7\u00e3o Civil; Sensibilizar a popula\u00e7\u00e3o em geral para a import\u00e2ncia [&hellip;]<\/p>\n","protected":false},"author":1,"featured_media":0,"parent":14293,"menu_order":1,"comment_status":"closed","ping_status":"closed","template":"templates-map\/component-text-layout1.php","meta":{"_acf_changed":false,"footnotes":""},"categories":[],"class_list":["post-14301","page","type-page","status-archive","hentry"],"acf":{"imagens":"","titulo_docs_seccao":"","documentos":""},"_links":{"self":[{"href":"https:\/\/www.cm-evora.pt\/en\/wp-json\/wp\/v2\/pages\/14301","targetHints":{"allow":["GET"]}}],"collection":[{"href":"https:\/\/www.cm-evora.pt\/en\/wp-json\/wp\/v2\/pages"}],"about":[{"href":"https:\/\/www.cm-evora.pt\/en\/wp-json\/wp\/v2\/types\/page"}],"author":[{"embeddable":true,"href":"https:\/\/www.cm-evora.pt\/en\/wp-json\/wp\/v2\/users\/1"}],"replies":[{"embeddable":true,"href":"https:\/\/www.cm-evora.pt\/en\/wp-json\/wp\/v2\/comments?post=14301"}],"version-history":[{"count":3,"href":"https:\/\/www.cm-evora.pt\/en\/wp-json\/wp\/v2\/pages\/14301\/revisions"}],"predecessor-version":[{"id":20155,"href":"https:\/\/www.cm-evora.pt\/en\/wp-json\/wp\/v2\/pages\/14301\/revisions\/20155"}],"up":[{"embeddable":true,"href":"https:\/\/www.cm-evora.pt\/en\/wp-json\/wp\/v2\/pages\/14293"}],"wp:attachment":[{"href":"https:\/\/www.cm-evora.pt\/en\/wp-json\/wp\/v2\/media?parent=14301"}],"wp:term":[{"taxonomy":"category","embeddable":true,"href":"https:\/\/www.cm-evora.pt\/en\/wp-json\/wp\/v2\/categories?post=14301"}],"curies":[{"name":"wp","href":"https:\/\/api.w.org\/{rel}","templated":true}]}}