{"id":14303,"date":"2020-07-09T15:24:50","date_gmt":"2020-07-09T14:24:50","guid":{"rendered":"https:\/\/evora2.int.skilltech.pt\/susProjects\/wp_evora2_suite\/?page_id=14303"},"modified":"2021-10-15T12:26:00","modified_gmt":"2021-10-15T11:26:00","slug":"dia-internacional-para-a-reducao-de-catastrofes","status":"archive","type":"page","link":"https:\/\/www.cm-evora.pt\/en\/municipe\/projetos-municipais\/pel-projeto-educativo-local\/iniciativas\/dia-internacional-para-a-reducao-de-catastrofes\/","title":{"rendered":"(Portugu\u00eas) Archived: Dia Internacional para a Redu\u00e7\u00e3o de Cat\u00e1strofes"},"content":{"rendered":"<p class=\"qtranxs-available-languages-message qtranxs-available-languages-message-en\">Sorry, this entry is only available in <a href=\"https:\/\/www.cm-evora.pt\/pt\/wp-json\/wp\/v2\/pages\/14303\" class=\"qtranxs-available-language-link qtranxs-available-language-link-pt\" title=\"Portugu\u00eas\">Portugu\u00eas<\/a>.<\/p><p><\/p>\n<p style=\"text-align: center\"><a href=\"https:\/\/www.cm-evora.pt\/wp-content\/uploads\/2021\/01\/DiaInternacionalReducaoCatastrofes639.jpg\"><img loading=\"lazy\" decoding=\"async\" class=\"alignnone size-full wp-image-18445\" src=\"https:\/\/www.cm-evora.pt\/wp-content\/uploads\/2021\/01\/DiaInternacionalReducaoCatastrofes639.jpg\" alt=\"\" width=\"639\" height=\"362\" srcset=\"https:\/\/www.cm-evora.pt\/wp-content\/uploads\/2021\/01\/DiaInternacionalReducaoCatastrofes639.jpg 639w, https:\/\/www.cm-evora.pt\/wp-content\/uploads\/2021\/01\/DiaInternacionalReducaoCatastrofes639-300x170.jpg 300w\" sizes=\"auto, (max-width: 639px) 100vw, 639px\" \/><\/a><\/p>\n<div>\n<p><strong class=\"ms-rteThemeForeColor-4-5\">Promotor<\/strong><\/p>\n<p><span class=\"ms-rteThemeForeColor-4-5\">C\u00e2mara Municipal de \u00c9vora &#8211; Servi\u00e7o Municipal de Prote\u00e7\u00e3o Civil e Seguran\u00e7a<\/span><\/p>\n<p>&nbsp;<\/p>\n<p><strong class=\"ms-rteThemeForeColor-4-5\">Respons\u00e1vel<\/strong><\/p>\n<p><span class=\"ms-rteThemeForeColor-4-5\">Nuno Camelo \/ Joaquim Piteira<\/span><\/p>\n<p>&nbsp;<\/p>\n<p><strong class=\"ms-rteThemeForeColor-4-5\">Entidades Parceiras<\/strong><\/p>\n<p><span class=\"ms-rteThemeForeColor-4-5\">A definir posteriormente<\/span><\/p>\n<p>&nbsp;<\/p>\n<p><strong class=\"ms-rteThemeForeColor-4-5\">Objetivos<\/strong><\/p>\n<ul>\n<li><span class=\"ms-rteThemeForeColor-4-5\">Sensibilizar a popula\u00e7\u00e3o em geral sobre o impacte das cat\u00e1strofes;<\/span><\/li>\n<\/ul>\n<ul>\n<li><span class=\"ms-rteThemeForeColor-4-5\">Sensibilizar a popula\u00e7\u00e3o em geral para a import\u00e2ncia da preven\u00e7\u00e3o e prepara\u00e7\u00e3o face a uma cat\u00e1strofe.<\/span><\/li>\n<\/ul>\n<div><span style=\"color: #181818\">\u00a0<\/span><\/div>\n<p><strong class=\"ms-rteThemeForeColor-4-5\">P\u00fablico-alvo<\/strong><\/p>\n<p><span class=\"ms-rteThemeForeColor-4-5\">Cidad\u00e3os.<\/span><\/p>\n<p>&nbsp;<\/p>\n<p><strong class=\"ms-rteThemeForeColor-4-5\">Calendariza\u00e7\u00e3o<\/strong><\/p>\n<p><span class=\"ms-rteThemeForeColor-4-5\">13 de outubro<\/span><\/p>\n<p>&nbsp;<\/p>\n<p><strong class=\"ms-rteThemeForeColor-4-5\">Resumo\/Sinopse<\/strong><\/p>\n<p><span class=\"ms-rteThemeForeColor-4-5\">&#8220;O Dia Internacional para a Redu\u00e7\u00e3o de Cat\u00e1strofes foi institu\u00eddo pelas Na\u00e7\u00f5es Unidas, em 1989, com o prop\u00f3sito de sensibilizar governos, organiza\u00e7\u00f5es e cidad\u00e3os de todo o mundo, para a necessidade de desenvolverem a\u00e7\u00f5es que contribuam para prevenir riscos e reduzir vulnerabilidades, aumentando a resili\u00eancia das comunidades e a capacidade de antecipa\u00e7\u00e3o e resposta face \u00e0 ocorr\u00eancia de acidente graves ou cat\u00e1strofes. A redu\u00e7\u00e3o dos riscos de cat\u00e1strofes \u00e9 uma quest\u00e3o de grande complexidade e nenhuma na\u00e7\u00e3o ou institui\u00e7\u00e3o poder\u00e1 enfrent\u00e1-la de forma isolada. Necessitamos, por isso, de esfor\u00e7os coletivos e conhecimentos combinados de todos os sectores da sociedade, sejam ele p\u00fablicos ou privados, ONGs, ou outros membros ativos da sociedade civil. Experi\u00eancias de sucesso demonstram que a redu\u00e7\u00e3o de riscos \u00e9 um problema de todos os cidad\u00e3os e \u00e9 uma responsabilidade de todos&#8221; (<a title=\"http:\/\/www.pnrrc.pt\/\" href=\"http:\/\/www.pnrrc.pt\/\" target=\"_blank\" rel=\"noopener noreferrer\"><span class=\"ms-rteForeColor-8\">http:\/\/www.pnrrc.pt\/\u200b<\/span><\/a>).<\/span><\/p>\n<p>&nbsp;<\/p>\n<p><strong class=\"ms-rteThemeForeColor-4-5\">Contactos<\/strong><\/p>\n<p><span class=\"ms-rteThemeForeColor-4-5\"><span style=\"text-decoration: underline\">Telefone<\/span>: +351 266 777 150<\/span><\/p>\n<p><span class=\"ms-rteThemeForeColor-4-5\"><span style=\"text-decoration: underline\"><span lang=\"EN-US\">Email<\/span><\/span>:\u00a0<a title=\"smpc.evora@cm-evora.pt\" href=\"mailto:smpc.evora@cm-evora.pt\" target=\"_blank\" rel=\"noopener noreferrer\"><span class=\"ms-rteForeColor-8\">smpc.evora@cm-evora.pt\u200b<\/span><\/a><\/span><\/p>\n<\/div>\n<div><\/div>\n<p><\/p>","protected":false},"excerpt":{"rendered":"<p>Sorry, this entry is only available in Portugu\u00eas. Promotor C\u00e2mara Municipal de \u00c9vora &#8211; Servi\u00e7o Municipal de Prote\u00e7\u00e3o Civil e Seguran\u00e7a &nbsp; Respons\u00e1vel Nuno Camelo \/ Joaquim Piteira &nbsp; Entidades Parceiras A definir posteriormente &nbsp; Objetivos Sensibilizar a popula\u00e7\u00e3o em geral sobre o impacte das cat\u00e1strofes; Sensibilizar a popula\u00e7\u00e3o em geral para a import\u00e2ncia da [&hellip;]<\/p>\n","protected":false},"author":1,"featured_media":0,"parent":14293,"menu_order":2,"comment_status":"closed","ping_status":"closed","template":"templates-map\/component-text-layout1.php","meta":{"_acf_changed":false,"footnotes":""},"categories":[],"class_list":["post-14303","page","type-page","status-archive","hentry"],"acf":{"imagens":"","titulo_docs_seccao":"","documentos":""},"_links":{"self":[{"href":"https:\/\/www.cm-evora.pt\/en\/wp-json\/wp\/v2\/pages\/14303","targetHints":{"allow":["GET"]}}],"collection":[{"href":"https:\/\/www.cm-evora.pt\/en\/wp-json\/wp\/v2\/pages"}],"about":[{"href":"https:\/\/www.cm-evora.pt\/en\/wp-json\/wp\/v2\/types\/page"}],"author":[{"embeddable":true,"href":"https:\/\/www.cm-evora.pt\/en\/wp-json\/wp\/v2\/users\/1"}],"replies":[{"embeddable":true,"href":"https:\/\/www.cm-evora.pt\/en\/wp-json\/wp\/v2\/comments?post=14303"}],"version-history":[{"count":3,"href":"https:\/\/www.cm-evora.pt\/en\/wp-json\/wp\/v2\/pages\/14303\/revisions"}],"predecessor-version":[{"id":20156,"href":"https:\/\/www.cm-evora.pt\/en\/wp-json\/wp\/v2\/pages\/14303\/revisions\/20156"}],"up":[{"embeddable":true,"href":"https:\/\/www.cm-evora.pt\/en\/wp-json\/wp\/v2\/pages\/14293"}],"wp:attachment":[{"href":"https:\/\/www.cm-evora.pt\/en\/wp-json\/wp\/v2\/media?parent=14303"}],"wp:term":[{"taxonomy":"category","embeddable":true,"href":"https:\/\/www.cm-evora.pt\/en\/wp-json\/wp\/v2\/categories?post=14303"}],"curies":[{"name":"wp","href":"https:\/\/api.w.org\/{rel}","templated":true}]}}