{"id":14308,"date":"2020-07-09T15:25:32","date_gmt":"2020-07-09T14:25:32","guid":{"rendered":"https:\/\/evora2.int.skilltech.pt\/susProjects\/wp_evora2_suite\/?page_id=14308"},"modified":"2021-10-15T12:26:06","modified_gmt":"2021-10-15T11:26:06","slug":"dia-mundial-da-alimentacao","status":"archive","type":"page","link":"https:\/\/www.cm-evora.pt\/en\/municipe\/projetos-municipais\/pel-projeto-educativo-local\/iniciativas\/dia-mundial-da-alimentacao\/","title":{"rendered":"(Portugu\u00eas) Archived: Dia Mundial da Alimenta\u00e7\u00e3o"},"content":{"rendered":"<p class=\"qtranxs-available-languages-message qtranxs-available-languages-message-en\">Sorry, this entry is only available in <a href=\"https:\/\/www.cm-evora.pt\/pt\/wp-json\/wp\/v2\/pages\/14308\" class=\"qtranxs-available-language-link qtranxs-available-language-link-pt\" title=\"Portugu\u00eas\">Portugu\u00eas<\/a>.<\/p><p><\/p>\n<div>\n<p style=\"text-align: center\"><a href=\"https:\/\/www.cm-evora.pt\/wp-content\/uploads\/2021\/10\/DiaMundialAlimentacao-BannerCME.jpeg\" target=\"_blank\" rel=\"noopener\"><img loading=\"lazy\" decoding=\"async\" class=\"alignnone wp-image-27752 size-full\" src=\"https:\/\/www.cm-evora.pt\/wp-content\/uploads\/2021\/10\/DiaMundialAlimentacao-BannerCME.jpeg\" alt=\"\" width=\"1920\" height=\"1344\" srcset=\"https:\/\/www.cm-evora.pt\/wp-content\/uploads\/2021\/10\/DiaMundialAlimentacao-BannerCME.jpeg 1920w, https:\/\/www.cm-evora.pt\/wp-content\/uploads\/2021\/10\/DiaMundialAlimentacao-BannerCME-300x210.jpeg 300w, https:\/\/www.cm-evora.pt\/wp-content\/uploads\/2021\/10\/DiaMundialAlimentacao-BannerCME-1024x717.jpeg 1024w, https:\/\/www.cm-evora.pt\/wp-content\/uploads\/2021\/10\/DiaMundialAlimentacao-BannerCME-768x538.jpeg 768w, https:\/\/www.cm-evora.pt\/wp-content\/uploads\/2021\/10\/DiaMundialAlimentacao-BannerCME-1536x1075.jpeg 1536w, https:\/\/www.cm-evora.pt\/wp-content\/uploads\/2021\/10\/DiaMundialAlimentacao-BannerCME-1320x924.jpeg 1320w\" sizes=\"auto, (max-width: 1920px) 100vw, 1920px\" \/><\/a><\/p>\n<p>&nbsp;<\/p>\n<p><strong class=\"ms-rteThemeForeColor-4-5\">Promotor<\/strong><\/p>\n<p><span class=\"ms-rteThemeForeColor-4-5\">C\u00e2mara Municipal de \u00c9vora &#8211; Divis\u00e3o de Juventude e Desporto<\/span><\/p>\n<p>&nbsp;<\/p>\n<p><strong class=\"ms-rteThemeForeColor-4-5\">T\u00e9cnicas Respons\u00e1veis<\/strong><\/p>\n<p><span class=\"ms-rteThemeForeColor-4-5\">In\u00eas Morais e Teresa Engana<\/span><\/p>\n<p>&nbsp;<\/p>\n<p><strong class=\"ms-rteThemeForeColor-4-5\">Entidades parceiras<\/strong><\/p>\n<p><span class=\"ms-rteThemeForeColor-4-5\">IEFP | DECO | IPDJ | Uni\u00e3o de Freguesias da Malagueira e Horta das Figueiras | Produtores Alimentares<\/span><\/p>\n<p>&nbsp;<\/p>\n<p><strong class=\"ms-rteThemeForeColor-4-5\">Objetivos<\/strong><\/p>\n<ul>\n<li><span class=\"ms-rteThemeForeColor-4-5\">Facultar informa\u00e7\u00e3o quest\u00f5es de sustentabilidade relacionadas com a alimenta\u00e7\u00e3o e tamb\u00e9m com a atividade f\u00edsica.<\/span><\/li>\n<\/ul>\n<div><span style=\"color: #181818\">\u00a0<\/span><\/div>\n<p><strong class=\"ms-rteThemeForeColor-4-5\">P\u00fablico-alvo<\/strong><\/p>\n<p><span class=\"ms-rteThemeForeColor-4-5\">Popula\u00e7\u00e3o em geral.<\/span><\/p>\n<p>&nbsp;<\/p>\n<p><strong class=\"ms-rteThemeForeColor-4-5\">Calendariza\u00e7\u00e3o<\/strong><\/p>\n<p><span class=\"ms-rteThemeForeColor-4-5\">16 de outubro<\/span><\/p>\n<p>&nbsp;<\/p>\n<p><strong class=\"ms-rteThemeForeColor-4-5\">Observa\u00e7\u00f5es<\/strong><\/p>\n<p><span class=\"ms-rteThemeForeColor-4-5\">Informa\u00e7\u00e3o dispon\u00edvel no\u00a0<a title=\"http:\/\/www.fao.org\/portugal\/pt\/\" href=\"http:\/\/www.fao.org\/portugal\/pt\/\" target=\"_blank\" rel=\"noopener noreferrer\"><span class=\"ms-rteForeColor-8\">website da FAO<\/span>\u200b<\/a>.\u200b<\/span><\/p>\n<p><span class=\"ms-rteThemeForeColor-4-5\">\u00a0<\/span><\/p>\n<\/div>\n<div>\n<p>\u200b#WorldFoodDay<\/p>\n<\/div>\n<p><\/p>","protected":false},"excerpt":{"rendered":"<p>Sorry, this entry is only available in Portugu\u00eas. &nbsp; Promotor C\u00e2mara Municipal de \u00c9vora &#8211; Divis\u00e3o de Juventude e Desporto &nbsp; T\u00e9cnicas Respons\u00e1veis In\u00eas Morais e Teresa Engana &nbsp; Entidades parceiras IEFP | DECO | IPDJ | Uni\u00e3o de Freguesias da Malagueira e Horta das Figueiras | Produtores Alimentares &nbsp; Objetivos Facultar informa\u00e7\u00e3o quest\u00f5es de [&hellip;]<\/p>\n","protected":false},"author":1,"featured_media":0,"parent":14293,"menu_order":3,"comment_status":"closed","ping_status":"closed","template":"templates-map\/component-text-layout1.php","meta":{"_acf_changed":false,"footnotes":""},"categories":[],"class_list":["post-14308","page","type-page","status-archive","hentry"],"acf":{"imagens":"","titulo_docs_seccao":"","documentos":[18460,27755]},"_links":{"self":[{"href":"https:\/\/www.cm-evora.pt\/en\/wp-json\/wp\/v2\/pages\/14308","targetHints":{"allow":["GET"]}}],"collection":[{"href":"https:\/\/www.cm-evora.pt\/en\/wp-json\/wp\/v2\/pages"}],"about":[{"href":"https:\/\/www.cm-evora.pt\/en\/wp-json\/wp\/v2\/types\/page"}],"author":[{"embeddable":true,"href":"https:\/\/www.cm-evora.pt\/en\/wp-json\/wp\/v2\/users\/1"}],"replies":[{"embeddable":true,"href":"https:\/\/www.cm-evora.pt\/en\/wp-json\/wp\/v2\/comments?post=14308"}],"version-history":[{"count":8,"href":"https:\/\/www.cm-evora.pt\/en\/wp-json\/wp\/v2\/pages\/14308\/revisions"}],"predecessor-version":[{"id":27757,"href":"https:\/\/www.cm-evora.pt\/en\/wp-json\/wp\/v2\/pages\/14308\/revisions\/27757"}],"up":[{"embeddable":true,"href":"https:\/\/www.cm-evora.pt\/en\/wp-json\/wp\/v2\/pages\/14293"}],"acf:post":[{"embeddable":true,"href":"https:\/\/www.cm-evora.pt\/en\/wp-json\/wp\/v2\/listas_ficheiros\/27755"},{"embeddable":true,"href":"https:\/\/www.cm-evora.pt\/en\/wp-json\/wp\/v2\/listas_ficheiros\/18460"}],"wp:attachment":[{"href":"https:\/\/www.cm-evora.pt\/en\/wp-json\/wp\/v2\/media?parent=14308"}],"wp:term":[{"taxonomy":"category","embeddable":true,"href":"https:\/\/www.cm-evora.pt\/en\/wp-json\/wp\/v2\/categories?post=14308"}],"curies":[{"name":"wp","href":"https:\/\/api.w.org\/{rel}","templated":true}]}}