{"id":1432,"date":"2019-10-17T10:10:34","date_gmt":"2019-10-17T09:10:34","guid":{"rendered":"https:\/\/evora2.int.skilltech.pt\/susProjects\/wp_evora2_suite\/?page_id=1432"},"modified":"2026-01-27T15:36:13","modified_gmt":"2026-01-27T15:36:13","slug":"mensagem-do-presidente","status":"publish","type":"page","link":"https:\/\/www.cm-evora.pt\/en\/municipe\/camara-municipal\/mensagem-do-presidente\/","title":{"rendered":"Mensagem do Presidente"},"content":{"rendered":"<p class=\"qtranxs-available-languages-message qtranxs-available-languages-message-en\">Sorry, this entry is only available in <a href=\"https:\/\/www.cm-evora.pt\/pt\/wp-json\/wp\/v2\/pages\/1432\" class=\"qtranxs-available-language-link qtranxs-available-language-link-pt\" title=\"Portugu\u00eas\">Portugu\u00eas<\/a>.<\/p><p><a href=\"https:\/\/www.cm-evora.pt\/wp-content\/uploads\/2026\/01\/PresidenteCarlosZorrinho-220x230-1.jpg\"><img loading=\"lazy\" decoding=\"async\" class=\"alignnone size-full wp-image-81107\" src=\"https:\/\/www.cm-evora.pt\/wp-content\/uploads\/2026\/01\/PresidenteCarlosZorrinho-220x230-1.jpg\" alt=\"\" width=\"220\" height=\"230\" \/><\/a><\/p>\n<p>&nbsp;<\/p>\n<p>Sou, com muito orgulho e em resultado da vontade dos eleitores, o Presidente da C\u00e2mara Municipal de \u00c9vora.<\/p>\n<p>Exercerei o meu mandato como Presidente de todos os Eborenses e de todos os que se relacionam com o Munic\u00edpio e com o seu territ\u00f3rio.<\/p>\n<p>Encaro a miss\u00e3o com entusiasmo, responsabilidade e compromisso.<\/p>\n<p>Tenho comigo uma grande equipa.<\/p>\n<p>Trabalharemos todos os dias para resolver os problemas e encontrar as solu\u00e7\u00f5es necess\u00e1rias para que se se viva melhor no nosso Concelho.<\/p>\n<p>Conto com a cidadania cr\u00edtica e participativa de todos os eborenses.<\/p>\n<p>Juntos seremos capazes de afirmar a nossa cidade como um Capital Europeia ao Sul e o nosso Concelho como um territ\u00f3rio de inclus\u00e3o, desenvolvimento e atratividade.<\/p>\n<p>Juntos seremos capazes de acolher mais gente, mais investimentos e mais oportunidades.<\/p>\n<p>Somos \u00c9vora Viva.<\/p>\n<p>&nbsp;<\/p>\n<p>Carlos Zorrinho<\/p>\n<p>Presidente da C\u00e2mara Municipal de \u00c9vora<\/p>","protected":false},"excerpt":{"rendered":"<p>Sorry, this entry is only available in Portugu\u00eas. &nbsp; Sou, com muito orgulho e em resultado da vontade dos eleitores, o Presidente da C\u00e2mara Municipal de \u00c9vora. Exercerei o meu mandato como Presidente de todos os Eborenses e de todos os que se relacionam com o Munic\u00edpio e com o seu territ\u00f3rio. Encaro a miss\u00e3o [&hellip;]<\/p>\n","protected":false},"author":1,"featured_media":0,"parent":1430,"menu_order":0,"comment_status":"closed","ping_status":"closed","template":"templates-map\/component-text-layout1.php","meta":{"_acf_changed":false,"footnotes":""},"categories":[],"class_list":["post-1432","page","type-page","status-publish","hentry"],"acf":{"imagens":"","titulo_docs_seccao":"","documentos":""},"_links":{"self":[{"href":"https:\/\/www.cm-evora.pt\/en\/wp-json\/wp\/v2\/pages\/1432","targetHints":{"allow":["GET"]}}],"collection":[{"href":"https:\/\/www.cm-evora.pt\/en\/wp-json\/wp\/v2\/pages"}],"about":[{"href":"https:\/\/www.cm-evora.pt\/en\/wp-json\/wp\/v2\/types\/page"}],"author":[{"embeddable":true,"href":"https:\/\/www.cm-evora.pt\/en\/wp-json\/wp\/v2\/users\/1"}],"replies":[{"embeddable":true,"href":"https:\/\/www.cm-evora.pt\/en\/wp-json\/wp\/v2\/comments?post=1432"}],"version-history":[{"count":20,"href":"https:\/\/www.cm-evora.pt\/en\/wp-json\/wp\/v2\/pages\/1432\/revisions"}],"predecessor-version":[{"id":81171,"href":"https:\/\/www.cm-evora.pt\/en\/wp-json\/wp\/v2\/pages\/1432\/revisions\/81171"}],"up":[{"embeddable":true,"href":"https:\/\/www.cm-evora.pt\/en\/wp-json\/wp\/v2\/pages\/1430"}],"wp:attachment":[{"href":"https:\/\/www.cm-evora.pt\/en\/wp-json\/wp\/v2\/media?parent=1432"}],"wp:term":[{"taxonomy":"category","embeddable":true,"href":"https:\/\/www.cm-evora.pt\/en\/wp-json\/wp\/v2\/categories?post=1432"}],"curies":[{"name":"wp","href":"https:\/\/api.w.org\/{rel}","templated":true}]}}