{"id":14321,"date":"2020-07-09T15:28:46","date_gmt":"2020-07-09T14:28:46","guid":{"rendered":"https:\/\/evora2.int.skilltech.pt\/susProjects\/wp_evora2_suite\/?page_id=14321"},"modified":"2021-10-15T12:26:26","modified_gmt":"2021-10-15T11:26:26","slug":"dia-mundial-da-crianca","status":"archive","type":"page","link":"https:\/\/www.cm-evora.pt\/en\/municipe\/projetos-municipais\/pel-projeto-educativo-local\/iniciativas\/dia-mundial-da-crianca\/","title":{"rendered":"(Portugu\u00eas) Archived: Dia Mundial da Crian\u00e7a"},"content":{"rendered":"<p class=\"qtranxs-available-languages-message qtranxs-available-languages-message-en\">Sorry, this entry is only available in <a href=\"https:\/\/www.cm-evora.pt\/pt\/wp-json\/wp\/v2\/pages\/14321\" class=\"qtranxs-available-language-link qtranxs-available-language-link-pt\" title=\"Portugu\u00eas\">Portugu\u00eas<\/a>.<\/p><p><\/p>\n<p style=\"text-align: center\"><a href=\"https:\/\/www.cm-evora.pt\/wp-content\/uploads\/2021\/01\/DiaMundialDaCrianca639.jpg\"><img loading=\"lazy\" decoding=\"async\" class=\"alignnone size-full wp-image-18449\" src=\"https:\/\/www.cm-evora.pt\/wp-content\/uploads\/2021\/01\/DiaMundialDaCrianca639.jpg\" alt=\"\" width=\"639\" height=\"362\" srcset=\"https:\/\/www.cm-evora.pt\/wp-content\/uploads\/2021\/01\/DiaMundialDaCrianca639.jpg 639w, https:\/\/www.cm-evora.pt\/wp-content\/uploads\/2021\/01\/DiaMundialDaCrianca639-300x170.jpg 300w\" sizes=\"auto, (max-width: 639px) 100vw, 639px\" \/><\/a><\/p>\n<p><strong class=\"ms-rteThemeForeColor-4-5\">Promotor<\/strong><\/p>\n<p><span class=\"ms-rteThemeForeColor-4-5\">C\u00e2mara Municipal de \u00c9vora &#8211; Divis\u00e3o de Educa\u00e7\u00e3o e Interven\u00e7\u00e3o Social e Divis\u00e3o de Juventude e Desporto.<\/span><\/p>\n<p>&nbsp;<\/p>\n<p><strong class=\"ms-rteThemeForeColor-4-5\">Respons\u00e1vel<\/strong><\/p>\n<p><span class=\"ms-rteThemeForeColor-4-5\">Vic\u00eancia Cominho \/ Hugo Matias<\/span><\/p>\n<p>&nbsp;<\/p>\n<p><strong class=\"ms-rteThemeForeColor-4-5\">Objetivos<\/strong><\/p>\n<ul>\n<li><span class=\"ms-rteThemeForeColor-4-5\">Proporcionar \u00e0s crian\u00e7as momentos de lazer e divers\u00e3o;<\/span><\/li>\n<\/ul>\n<ul>\n<li><span class=\"ms-rteThemeForeColor-4-5\">Sensibilizar para os direitos das crian\u00e7as;<\/span><\/li>\n<\/ul>\n<ul>\n<li><span class=\"ms-rteThemeForeColor-4-5\">Desenvolver a consci\u00eancia c\u00edvica e moral.<\/span><\/li>\n<\/ul>\n<div><span style=\"color: #181818\">\u00a0<\/span><\/div>\n<p><strong class=\"ms-rteThemeForeColor-4-5\">P\u00fablico-alvo<\/strong><\/p>\n<p><span class=\"ms-rteThemeForeColor-4-5\">Estabelecimentos de educa\u00e7\u00e3o e ensino (creche, pr\u00e9-escolar e 1.\u00ba CEB).<\/span><\/p>\n<p>&nbsp;<\/p>\n<p><strong class=\"ms-rteThemeForeColor-4-5\">Calendariza\u00e7\u00e3o<\/strong><\/p>\n<p><span class=\"ms-rteThemeForeColor-4-5\">1 de junho.<\/span><\/p>\n<p>&nbsp;<\/p>\n<p><strong class=\"ms-rteThemeForeColor-4-5\">Local<\/strong><\/p>\n<p><span class=\"ms-rteThemeForeColor-4-5\">Piscinas Municipais de \u00c9vora.<\/span><\/p>\n<p>&nbsp;<\/p>\n<p><strong class=\"ms-rteThemeForeColor-4-5\">Resumo\/Sinopse<\/strong><\/p>\n<p><span class=\"ms-rteThemeForeColor-4-5\">A C\u00e2mara Municipal de \u00c9vora, em conjunto com diversos parceiros, assinala o Dia Mundial da Crian\u00e7a com um vasto programa de atividades l\u00fadico-pedag\u00f3gicas e de express\u00e3o f\u00edsico-motora.<\/span><\/p>\n<p>&nbsp;<\/p>\n<p><strong class=\"ms-rteThemeForeColor-4-5\">Contactos<\/strong><\/p>\n<p><span class=\"ms-rteThemeForeColor-4-5\"><span style=\"text-decoration: underline\">Telefone<\/span>: +351 266 777 108<\/span><\/p>\n<p><span class=\"ms-rteThemeForeColor-4-5\"><span style=\"text-decoration: underline\"><span lang=\"EN-US\">Email<\/span><\/span>:\u00a0<a title=\"vicencia.cominho@cm-evora.pt\" href=\"mailto:vicencia.cominho@cm-evora.pt\" target=\"_blank\" rel=\"noopener noreferrer\"><span class=\"ms-rteForeColor-8\">vicencia.cominho@cm-evora.pt\u200b<\/span><\/a><\/span><\/p>","protected":false},"excerpt":{"rendered":"<p>Sorry, this entry is only available in Portugu\u00eas. Promotor C\u00e2mara Municipal de \u00c9vora &#8211; Divis\u00e3o de Educa\u00e7\u00e3o e Interven\u00e7\u00e3o Social e Divis\u00e3o de Juventude e Desporto. &nbsp; Respons\u00e1vel Vic\u00eancia Cominho \/ Hugo Matias &nbsp; Objetivos Proporcionar \u00e0s crian\u00e7as momentos de lazer e divers\u00e3o; Sensibilizar para os direitos das crian\u00e7as; Desenvolver a consci\u00eancia c\u00edvica e moral. [&hellip;]<\/p>\n","protected":false},"author":1,"featured_media":0,"parent":14293,"menu_order":6,"comment_status":"closed","ping_status":"closed","template":"templates-map\/component-text-layout1.php","meta":{"_acf_changed":false,"footnotes":""},"categories":[],"class_list":["post-14321","page","type-page","status-archive","hentry"],"acf":{"imagens":"","titulo_docs_seccao":"","documentos":""},"_links":{"self":[{"href":"https:\/\/www.cm-evora.pt\/en\/wp-json\/wp\/v2\/pages\/14321","targetHints":{"allow":["GET"]}}],"collection":[{"href":"https:\/\/www.cm-evora.pt\/en\/wp-json\/wp\/v2\/pages"}],"about":[{"href":"https:\/\/www.cm-evora.pt\/en\/wp-json\/wp\/v2\/types\/page"}],"author":[{"embeddable":true,"href":"https:\/\/www.cm-evora.pt\/en\/wp-json\/wp\/v2\/users\/1"}],"replies":[{"embeddable":true,"href":"https:\/\/www.cm-evora.pt\/en\/wp-json\/wp\/v2\/comments?post=14321"}],"version-history":[{"count":3,"href":"https:\/\/www.cm-evora.pt\/en\/wp-json\/wp\/v2\/pages\/14321\/revisions"}],"predecessor-version":[{"id":20159,"href":"https:\/\/www.cm-evora.pt\/en\/wp-json\/wp\/v2\/pages\/14321\/revisions\/20159"}],"up":[{"embeddable":true,"href":"https:\/\/www.cm-evora.pt\/en\/wp-json\/wp\/v2\/pages\/14293"}],"wp:attachment":[{"href":"https:\/\/www.cm-evora.pt\/en\/wp-json\/wp\/v2\/media?parent=14321"}],"wp:term":[{"taxonomy":"category","embeddable":true,"href":"https:\/\/www.cm-evora.pt\/en\/wp-json\/wp\/v2\/categories?post=14321"}],"curies":[{"name":"wp","href":"https:\/\/api.w.org\/{rel}","templated":true}]}}