{"id":14323,"date":"2020-07-09T15:29:17","date_gmt":"2020-07-09T14:29:17","guid":{"rendered":"https:\/\/evora2.int.skilltech.pt\/susProjects\/wp_evora2_suite\/?page_id=14323"},"modified":"2021-10-15T12:26:32","modified_gmt":"2021-10-15T11:26:32","slug":"dia-mundial-da-saude","status":"archive","type":"page","link":"https:\/\/www.cm-evora.pt\/en\/municipe\/projetos-municipais\/pel-projeto-educativo-local\/iniciativas\/dia-mundial-da-saude\/","title":{"rendered":"(Portugu\u00eas) Archived: Dia Mundial da Sa\u00fade"},"content":{"rendered":"<p class=\"qtranxs-available-languages-message qtranxs-available-languages-message-en\">Sorry, this entry is only available in <a href=\"https:\/\/www.cm-evora.pt\/pt\/wp-json\/wp\/v2\/pages\/14323\" class=\"qtranxs-available-language-link qtranxs-available-language-link-pt\" title=\"Portugu\u00eas\">Portugu\u00eas<\/a>.<\/p><p><\/p>\n<p style=\"text-align: center\"><a href=\"https:\/\/www.cm-evora.pt\/wp-content\/uploads\/2021\/01\/DiaMundialDaSaude639.jpg\"><img loading=\"lazy\" decoding=\"async\" class=\"alignnone size-full wp-image-18450\" src=\"https:\/\/www.cm-evora.pt\/wp-content\/uploads\/2021\/01\/DiaMundialDaSaude639.jpg\" alt=\"\" width=\"639\" height=\"362\" srcset=\"https:\/\/www.cm-evora.pt\/wp-content\/uploads\/2021\/01\/DiaMundialDaSaude639.jpg 639w, https:\/\/www.cm-evora.pt\/wp-content\/uploads\/2021\/01\/DiaMundialDaSaude639-300x170.jpg 300w\" sizes=\"auto, (max-width: 639px) 100vw, 639px\" \/><\/a><\/p>\n<p><strong class=\"ms-rteThemeForeColor-4-5\">Promotor<\/strong><\/p>\n<p><span class=\"ms-rteThemeForeColor-4-5\">C\u00e2mara Municipal de \u00c9vora &#8211; Divis\u00e3o de Juventude e Desporto.<\/span><\/p>\n<p>&nbsp;<\/p>\n<p><strong class=\"ms-rteThemeForeColor-4-5\">Respons\u00e1vel<\/strong><\/p>\n<p><span class=\"ms-rteThemeForeColor-4-5\">Teresa Engana<\/span><\/p>\n<p>&nbsp;<\/p>\n<p><strong class=\"ms-rteThemeForeColor-4-5\">Entidades parceiras<\/strong><\/p>\n<p><span class=\"ms-rteThemeForeColor-4-5\">Agrupamentos de escolas | Sa\u00fade Escolar | PSP &#8211; Escola Segura.<\/span><\/p>\n<p>&nbsp;<\/p>\n<p><strong class=\"ms-rteThemeForeColor-4-5\">Objetivos<\/strong><\/p>\n<ul>\n<li><span class=\"ms-rteThemeForeColor-4-5\">Desenvolver uma atividade que envolva os 4 Agrupamentos de escolas;<\/span><\/li>\n<\/ul>\n<ul>\n<li><span class=\"ms-rteThemeForeColor-4-5\">Refor\u00e7ar conte\u00fados aprendidos ao longo do trajeto dos alunos, sobre todas as quest\u00f5es que se relacionam, de forma direta ou indireta com a sa\u00fade.<\/span><\/li>\n<\/ul>\n<div><span style=\"color: #181818\">\u00a0<\/span><\/div>\n<p><strong class=\"ms-rteThemeForeColor-4-5\">P\u00fablico-alvo<\/strong><\/p>\n<p><span class=\"ms-rteThemeForeColor-4-5\">Alunos e professores<\/span><\/p>\n<p>&nbsp;<\/p>\n<p><strong class=\"ms-rteThemeForeColor-4-5\">Calendariza\u00e7\u00e3o<\/strong><\/p>\n<p><span class=\"ms-rteThemeForeColor-4-5\">Abril<\/span><\/p>\n<p>&nbsp;<\/p>\n<p><strong class=\"ms-rteThemeForeColor-4-5\">Local<\/strong><\/p>\n<p><span class=\"ms-rteThemeForeColor-4-5\">Centro Hist\u00f3rico<\/span><\/p>\n<p>&nbsp;<\/p>\n<p><strong class=\"ms-rteThemeForeColor-4-5\">Resumo\/Sinopse<\/strong><\/p>\n<p><span class=\"ms-rteThemeForeColor-4-5\">Inclui a Caminhada das escolas Serpente Papa-L\u00e9guas com o Patrim\u00f3nio N`Algibeira, uma caminhada que tem como ponto de partida cada escola. Alunos e professores percorrem, em conjunto, todas as escolas e o Centro hist\u00f3rico de \u00c9vora e regressam \u00e0 escola de onde partiram.<\/span><\/p>\n<p>&nbsp;<\/p>\n<p><strong class=\"ms-rteThemeForeColor-4-5\">Contactos<\/strong><\/p>\n<p><span class=\"ms-rteThemeForeColor-4-5\"><span style=\"text-decoration: underline\">Telefone<\/span>: +351 266 777 109<\/span><\/p>\n<p><span class=\"ms-rteThemeForeColor-4-5\"><span style=\"text-decoration: underline\">Email<\/span>:\u00a0<a title=\"teresaengana@cm-evora.pt\" href=\"mailto:teresaengana@cm-evora.pt\" target=\"_blank\" rel=\"noopener noreferrer\"><span class=\"ms-rteForeColor-8\">teresaengana@cm-evora.pt\u200b<\/span><\/a><\/span><\/p>","protected":false},"excerpt":{"rendered":"<p>Sorry, this entry is only available in Portugu\u00eas. Promotor C\u00e2mara Municipal de \u00c9vora &#8211; Divis\u00e3o de Juventude e Desporto. &nbsp; Respons\u00e1vel Teresa Engana &nbsp; Entidades parceiras Agrupamentos de escolas | Sa\u00fade Escolar | PSP &#8211; Escola Segura. &nbsp; Objetivos Desenvolver uma atividade que envolva os 4 Agrupamentos de escolas; Refor\u00e7ar conte\u00fados aprendidos ao longo do [&hellip;]<\/p>\n","protected":false},"author":1,"featured_media":0,"parent":14293,"menu_order":7,"comment_status":"closed","ping_status":"closed","template":"templates-map\/component-text-layout1.php","meta":{"_acf_changed":false,"footnotes":""},"categories":[],"class_list":["post-14323","page","type-page","status-archive","hentry"],"acf":{"imagens":"","titulo_docs_seccao":"","documentos":""},"_links":{"self":[{"href":"https:\/\/www.cm-evora.pt\/en\/wp-json\/wp\/v2\/pages\/14323","targetHints":{"allow":["GET"]}}],"collection":[{"href":"https:\/\/www.cm-evora.pt\/en\/wp-json\/wp\/v2\/pages"}],"about":[{"href":"https:\/\/www.cm-evora.pt\/en\/wp-json\/wp\/v2\/types\/page"}],"author":[{"embeddable":true,"href":"https:\/\/www.cm-evora.pt\/en\/wp-json\/wp\/v2\/users\/1"}],"replies":[{"embeddable":true,"href":"https:\/\/www.cm-evora.pt\/en\/wp-json\/wp\/v2\/comments?post=14323"}],"version-history":[{"count":3,"href":"https:\/\/www.cm-evora.pt\/en\/wp-json\/wp\/v2\/pages\/14323\/revisions"}],"predecessor-version":[{"id":20160,"href":"https:\/\/www.cm-evora.pt\/en\/wp-json\/wp\/v2\/pages\/14323\/revisions\/20160"}],"up":[{"embeddable":true,"href":"https:\/\/www.cm-evora.pt\/en\/wp-json\/wp\/v2\/pages\/14293"}],"wp:attachment":[{"href":"https:\/\/www.cm-evora.pt\/en\/wp-json\/wp\/v2\/media?parent=14323"}],"wp:term":[{"taxonomy":"category","embeddable":true,"href":"https:\/\/www.cm-evora.pt\/en\/wp-json\/wp\/v2\/categories?post=14323"}],"curies":[{"name":"wp","href":"https:\/\/api.w.org\/{rel}","templated":true}]}}