{"id":14325,"date":"2020-07-09T15:29:42","date_gmt":"2020-07-09T14:29:42","guid":{"rendered":"https:\/\/evora2.int.skilltech.pt\/susProjects\/wp_evora2_suite\/?page_id=14325"},"modified":"2021-10-15T12:25:23","modified_gmt":"2021-10-15T11:25:23","slug":"dia-mundial-do-sono","status":"archive","type":"page","link":"https:\/\/www.cm-evora.pt\/en\/municipe\/projetos-municipais\/pel-projeto-educativo-local\/iniciativas\/dia-mundial-do-sono\/","title":{"rendered":"(Portugu\u00eas) Archived: Dia Mundial do Sono"},"content":{"rendered":"<p class=\"qtranxs-available-languages-message qtranxs-available-languages-message-en\">Sorry, this entry is only available in <a href=\"https:\/\/www.cm-evora.pt\/pt\/wp-json\/wp\/v2\/pages\/14325\" class=\"qtranxs-available-language-link qtranxs-available-language-link-pt\" title=\"Portugu\u00eas\">Portugu\u00eas<\/a>.<\/p><p><\/p>\n<p style=\"text-align: center\"><a href=\"https:\/\/www.cm-evora.pt\/wp-content\/uploads\/2021\/01\/DiaMundialDoSono639.jpg\"><img loading=\"lazy\" decoding=\"async\" class=\"alignnone size-full wp-image-18451\" src=\"https:\/\/www.cm-evora.pt\/wp-content\/uploads\/2021\/01\/DiaMundialDoSono639.jpg\" alt=\"\" width=\"639\" height=\"362\" srcset=\"https:\/\/www.cm-evora.pt\/wp-content\/uploads\/2021\/01\/DiaMundialDoSono639.jpg 639w, https:\/\/www.cm-evora.pt\/wp-content\/uploads\/2021\/01\/DiaMundialDoSono639-300x170.jpg 300w\" sizes=\"auto, (max-width: 639px) 100vw, 639px\" \/><\/a><\/p>\n<div>\n<p><strong class=\"ms-rteThemeForeColor-4-5\">\u200bPromotor<\/strong><\/p>\n<p><span class=\"ms-rteThemeForeColor-4-5\">C\u00e2mara Municipal de \u00c9vora &#8211; Divis\u00e3o de Juventude e Desporto<\/span><\/p>\n<p>&nbsp;<\/p>\n<p><strong class=\"ms-rteThemeForeColor-4-5\">Respons\u00e1vel<\/strong><\/p>\n<p><span class=\"ms-rteThemeForeColor-4-5\">Teresa Engana<\/span><\/p>\n<p>&nbsp;<\/p>\n<p><strong class=\"ms-rteThemeForeColor-4-5\">Entidades Parceiras<\/strong><\/p>\n<p><span class=\"ms-rteThemeForeColor-4-5\">ACES- Agrupamento de Centros de Sa\u00fade USF Unidade Sa\u00fade Familiar e Sa\u00fade Escolar<\/span><\/p>\n<p>&nbsp;<\/p>\n<p><strong class=\"ms-rteThemeForeColor-4-5\">Objetivos<\/strong><\/p>\n<ul>\n<li><span class=\"ms-rteThemeForeColor-4-5\">Informar sobre a fun\u00e7\u00e3o do sono e as consequ\u00eancias da redu\u00e7\u00e3o do sono;<\/span><\/li>\n<\/ul>\n<ul>\n<li><span class=\"ms-rteThemeForeColor-4-5\">Relacionar a qualidade do sono com as capacidades necess\u00e1rias no desporto, tais como as capacidades f\u00edsicas coordenativas e condicionais, controlo das emo\u00e7\u00f5es e impulsividade.<\/span><\/li>\n<\/ul>\n<div><span style=\"color: #181818\">\u00a0<\/span><\/div>\n<p><strong class=\"ms-rteThemeForeColor-4-5\">P\u00fablico-alvo<\/strong><\/p>\n<p><span class=\"ms-rteThemeForeColor-4-5\">Alunos do 1.\u00ba ano ao 10.\u00ba ano e respetivos encarregados de educa\u00e7\u00e3o.<\/span><\/p>\n<p>&nbsp;<\/p>\n<p><strong class=\"ms-rteThemeForeColor-4-5\">Calendariza\u00e7\u00e3o<\/strong><\/p>\n<p><span class=\"ms-rteThemeForeColor-4-5\">Durante o m\u00eas de mar\u00e7o (13 de mar\u00e7o).<\/span><\/p>\n<p>&nbsp;<\/p>\n<p><strong class=\"ms-rteThemeForeColor-4-5\">Lota\u00e7\u00e3o<\/strong><\/p>\n<p><span class=\"ms-rteThemeForeColor-4-5\">Turma.<\/span><\/p>\n<p>&nbsp;<\/p>\n<p><strong class=\"ms-rteThemeForeColor-4-5\">Local<\/strong><\/p>\n<p><span class=\"ms-rteThemeForeColor-4-5\">Sala de Aula.<\/span><\/p>\n<p>&nbsp;<\/p>\n<p><strong class=\"ms-rteThemeForeColor-4-5\">Resumo\/Sinopse<\/strong><\/p>\n<p><span class=\"ms-rteThemeForeColor-4-5\">S\u00e3o desenvolvidas duas sess\u00f5es, uma para os alunos e outra para os encarregados de educa\u00e7\u00e3o, durante as quais s\u00e3o divulgadas v\u00e1rias informa\u00e7\u00f5es sobre o sono e simuladas as condi\u00e7\u00f5es ideais para dormir (escurid\u00e3o, sil\u00eancio, n\u00e3o haver perturba\u00e7\u00e3o com objetos luminosos ru\u00eddos etc.), atrav\u00e9s de pequenos r\u00f4le plays.<\/span><\/p>\n<p>&nbsp;<\/p>\n<p><strong class=\"ms-rteThemeForeColor-4-5\">Contactos<\/strong><\/p>\n<p><span class=\"ms-rteThemeForeColor-4-5\"><span style=\"text-decoration: underline\">Telefone<\/span>: +351 266 777 109<\/span><\/p>\n<p><span class=\"ms-rteThemeForeColor-4-5\"><span style=\"text-decoration: underline\">Email<\/span>:\u00a0<a title=\"teresaengana@cm-evora.pt\" href=\"mailto:teresaengana@cm-evora.pt\" target=\"_blank\" rel=\"noopener noreferrer\"><span class=\"ms-rteForeColor-8\">teresaengana@cm-evora.pt\u200b<\/span><\/a><\/span><\/p>\n<\/div>\n<div><\/div>\n<p><\/p>","protected":false},"excerpt":{"rendered":"<p>Sorry, this entry is only available in Portugu\u00eas. \u200bPromotor C\u00e2mara Municipal de \u00c9vora &#8211; Divis\u00e3o de Juventude e Desporto &nbsp; Respons\u00e1vel Teresa Engana &nbsp; Entidades Parceiras ACES- Agrupamento de Centros de Sa\u00fade USF Unidade Sa\u00fade Familiar e Sa\u00fade Escolar &nbsp; Objetivos Informar sobre a fun\u00e7\u00e3o do sono e as consequ\u00eancias da redu\u00e7\u00e3o do sono; Relacionar [&hellip;]<\/p>\n","protected":false},"author":1,"featured_media":0,"parent":14293,"menu_order":8,"comment_status":"closed","ping_status":"closed","template":"templates-map\/component-text-layout1.php","meta":{"_acf_changed":false,"footnotes":""},"categories":[],"class_list":["post-14325","page","type-page","status-archive","hentry"],"acf":{"imagens":"","titulo_docs_seccao":"","documentos":""},"_links":{"self":[{"href":"https:\/\/www.cm-evora.pt\/en\/wp-json\/wp\/v2\/pages\/14325","targetHints":{"allow":["GET"]}}],"collection":[{"href":"https:\/\/www.cm-evora.pt\/en\/wp-json\/wp\/v2\/pages"}],"about":[{"href":"https:\/\/www.cm-evora.pt\/en\/wp-json\/wp\/v2\/types\/page"}],"author":[{"embeddable":true,"href":"https:\/\/www.cm-evora.pt\/en\/wp-json\/wp\/v2\/users\/1"}],"replies":[{"embeddable":true,"href":"https:\/\/www.cm-evora.pt\/en\/wp-json\/wp\/v2\/comments?post=14325"}],"version-history":[{"count":3,"href":"https:\/\/www.cm-evora.pt\/en\/wp-json\/wp\/v2\/pages\/14325\/revisions"}],"predecessor-version":[{"id":20161,"href":"https:\/\/www.cm-evora.pt\/en\/wp-json\/wp\/v2\/pages\/14325\/revisions\/20161"}],"up":[{"embeddable":true,"href":"https:\/\/www.cm-evora.pt\/en\/wp-json\/wp\/v2\/pages\/14293"}],"wp:attachment":[{"href":"https:\/\/www.cm-evora.pt\/en\/wp-json\/wp\/v2\/media?parent=14325"}],"wp:term":[{"taxonomy":"category","embeddable":true,"href":"https:\/\/www.cm-evora.pt\/en\/wp-json\/wp\/v2\/categories?post=14325"}],"curies":[{"name":"wp","href":"https:\/\/api.w.org\/{rel}","templated":true}]}}