{"id":14327,"date":"2020-07-09T15:30:18","date_gmt":"2020-07-09T14:30:18","guid":{"rendered":"https:\/\/evora2.int.skilltech.pt\/susProjects\/wp_evora2_suite\/?page_id=14327"},"modified":"2021-10-15T12:25:17","modified_gmt":"2021-10-15T11:25:17","slug":"dia-municipal-para-a-igualdade","status":"archive","type":"page","link":"https:\/\/www.cm-evora.pt\/en\/municipe\/projetos-municipais\/pel-projeto-educativo-local\/iniciativas\/dia-municipal-para-a-igualdade\/","title":{"rendered":"(Portugu\u00eas) Archived: Dia Municipal para a Igualdade"},"content":{"rendered":"<p class=\"qtranxs-available-languages-message qtranxs-available-languages-message-en\">Sorry, this entry is only available in <a href=\"https:\/\/www.cm-evora.pt\/pt\/wp-json\/wp\/v2\/pages\/14327\" class=\"qtranxs-available-language-link qtranxs-available-language-link-pt\" title=\"Portugu\u00eas\">Portugu\u00eas<\/a>.<\/p><p><\/p>\n<p style=\"text-align: center\"><a href=\"https:\/\/www.cm-evora.pt\/wp-content\/uploads\/2021\/01\/DiaMunicipalIgualdade639.jpg\"><img loading=\"lazy\" decoding=\"async\" class=\"alignnone size-full wp-image-18452\" src=\"https:\/\/www.cm-evora.pt\/wp-content\/uploads\/2021\/01\/DiaMunicipalIgualdade639.jpg\" alt=\"\" width=\"639\" height=\"362\" srcset=\"https:\/\/www.cm-evora.pt\/wp-content\/uploads\/2021\/01\/DiaMunicipalIgualdade639.jpg 639w, https:\/\/www.cm-evora.pt\/wp-content\/uploads\/2021\/01\/DiaMunicipalIgualdade639-300x170.jpg 300w\" sizes=\"auto, (max-width: 639px) 100vw, 639px\" \/><\/a><\/p>\n<p>&nbsp;<\/p>\n<p><strong class=\"ms-rteThemeForeColor-4-5\">\u200bPromotor<\/strong><\/p>\n<p><span class=\"ms-rteThemeForeColor-4-5\">C\u00e2mara Municipal de \u00c9vora \u2013 Divis\u00e3o de Educa\u00e7\u00e3o e Interven\u00e7\u00e3o Social.<\/span><\/p>\n<p>&nbsp;<\/p>\n<p><strong class=\"ms-rteThemeForeColor-4-5\">Respons\u00e1vel<\/strong><\/p>\n<p><span class=\"ms-rteThemeForeColor-4-5\">Ana Cardoso |\u00a0Lurdes J\u00falio |\u00a0S\u00f3nia Miranda | Vic\u00eancia Cominho<\/span><\/p>\n<p>&nbsp;<\/p>\n<p><strong class=\"ms-rteThemeForeColor-4-5\">Entidades Parceiras<\/strong><\/p>\n<p><span class=\"ms-rteThemeForeColor-4-5\">Agrupamentos de escolas e outras entidades a definir posteriormente.<\/span><\/p>\n<p>&nbsp;<\/p>\n<p><strong class=\"ms-rteThemeForeColor-4-5\">Objetivos<\/strong><\/p>\n<p><span class=\"ms-rteThemeForeColor-4-5\">Sensibilizar para a dimens\u00e3o da igualdade de g\u00e9nero no territ\u00f3rio.<\/span><\/p>\n<p>&nbsp;<\/p>\n<p><strong class=\"ms-rteThemeForeColor-4-5\">P\u00fablico-alvo<\/strong><\/p>\n<p><span class=\"ms-rteThemeForeColor-4-5\">Alunos do 3.\u00ba CEB e Ensino Secund\u00e1rio, professores e comunidade em geral.<\/span><\/p>\n<p>&nbsp;<\/p>\n<p><strong class=\"ms-rteThemeForeColor-4-5\">Calendariza\u00e7\u00e3o<\/strong><\/p>\n<p><span class=\"ms-rteThemeForeColor-4-5\">24 de outubro<\/span><\/p>\n<p>&nbsp;<\/p>\n<p><strong class=\"ms-rteThemeForeColor-4-5\">Resumo\/Sinopse<\/strong><\/p>\n<p><span class=\"ms-rteThemeForeColor-4-5\">A cria\u00e7\u00e3o desta efem\u00e9ride teve como enquadramento o IV Plano Nacional para a Igualdade \u2013 G\u00e9nero, Cidadania e N\u00e3o Discrimina\u00e7\u00e3o (2011-2013) e \u00e9, atualmente, contextualizada no \u00e2mbito da Estrat\u00e9gia Nacional para a Igualdade e a N\u00e3o Discrimina\u00e7\u00e3o 2018-2030 (ENIND).<\/span><\/p>\n<p><span class=\"ms-rteThemeForeColor-4-5\">Esta efem\u00e9ride est\u00e1 prevista no Plano de A\u00e7\u00e3o para a Igualdade entre Mulheres e Homens, sendo o programa definido anualmente.<\/span><\/p>","protected":false},"excerpt":{"rendered":"<p>Sorry, this entry is only available in Portugu\u00eas. &nbsp; \u200bPromotor C\u00e2mara Municipal de \u00c9vora \u2013 Divis\u00e3o de Educa\u00e7\u00e3o e Interven\u00e7\u00e3o Social. &nbsp; Respons\u00e1vel Ana Cardoso |\u00a0Lurdes J\u00falio |\u00a0S\u00f3nia Miranda | Vic\u00eancia Cominho &nbsp; Entidades Parceiras Agrupamentos de escolas e outras entidades a definir posteriormente. &nbsp; Objetivos Sensibilizar para a dimens\u00e3o da igualdade de g\u00e9nero no [&hellip;]<\/p>\n","protected":false},"author":1,"featured_media":0,"parent":14293,"menu_order":9,"comment_status":"closed","ping_status":"closed","template":"templates-map\/component-text-layout1.php","meta":{"_acf_changed":false,"footnotes":""},"categories":[],"class_list":["post-14327","page","type-page","status-archive","hentry"],"acf":{"imagens":"","titulo_docs_seccao":"","documentos":""},"_links":{"self":[{"href":"https:\/\/www.cm-evora.pt\/en\/wp-json\/wp\/v2\/pages\/14327","targetHints":{"allow":["GET"]}}],"collection":[{"href":"https:\/\/www.cm-evora.pt\/en\/wp-json\/wp\/v2\/pages"}],"about":[{"href":"https:\/\/www.cm-evora.pt\/en\/wp-json\/wp\/v2\/types\/page"}],"author":[{"embeddable":true,"href":"https:\/\/www.cm-evora.pt\/en\/wp-json\/wp\/v2\/users\/1"}],"replies":[{"embeddable":true,"href":"https:\/\/www.cm-evora.pt\/en\/wp-json\/wp\/v2\/comments?post=14327"}],"version-history":[{"count":2,"href":"https:\/\/www.cm-evora.pt\/en\/wp-json\/wp\/v2\/pages\/14327\/revisions"}],"predecessor-version":[{"id":18468,"href":"https:\/\/www.cm-evora.pt\/en\/wp-json\/wp\/v2\/pages\/14327\/revisions\/18468"}],"up":[{"embeddable":true,"href":"https:\/\/www.cm-evora.pt\/en\/wp-json\/wp\/v2\/pages\/14293"}],"wp:attachment":[{"href":"https:\/\/www.cm-evora.pt\/en\/wp-json\/wp\/v2\/media?parent=14327"}],"wp:term":[{"taxonomy":"category","embeddable":true,"href":"https:\/\/www.cm-evora.pt\/en\/wp-json\/wp\/v2\/categories?post=14327"}],"curies":[{"name":"wp","href":"https:\/\/api.w.org\/{rel}","templated":true}]}}