{"id":14332,"date":"2020-07-09T15:31:19","date_gmt":"2020-07-09T14:31:19","guid":{"rendered":"https:\/\/evora2.int.skilltech.pt\/susProjects\/wp_evora2_suite\/?page_id=14332"},"modified":"2021-10-15T12:24:46","modified_gmt":"2021-10-15T11:24:46","slug":"semana-europeia-da-mobilidade","status":"archive","type":"page","link":"https:\/\/www.cm-evora.pt\/en\/municipe\/projetos-municipais\/pel-projeto-educativo-local\/iniciativas\/semana-europeia-da-mobilidade\/","title":{"rendered":"(Portugu\u00eas) Archived: Semana Europeia da Mobilidade"},"content":{"rendered":"<p class=\"qtranxs-available-languages-message qtranxs-available-languages-message-en\">Sorry, this entry is only available in <a href=\"https:\/\/www.cm-evora.pt\/pt\/wp-json\/wp\/v2\/pages\/14332\" class=\"qtranxs-available-language-link qtranxs-available-language-link-pt\" title=\"Portugu\u00eas\">Portugu\u00eas<\/a>.<\/p><p><\/p>\n<p style=\"text-align: center\"><a href=\"https:\/\/www.cm-evora.pt\/wp-content\/uploads\/2021\/01\/SemanaEuropeiaMobilidade639.jpg\"><img loading=\"lazy\" decoding=\"async\" class=\"alignnone size-full wp-image-18454\" src=\"https:\/\/www.cm-evora.pt\/wp-content\/uploads\/2021\/01\/SemanaEuropeiaMobilidade639.jpg\" alt=\"\" width=\"639\" height=\"362\" srcset=\"https:\/\/www.cm-evora.pt\/wp-content\/uploads\/2021\/01\/SemanaEuropeiaMobilidade639.jpg 639w, https:\/\/www.cm-evora.pt\/wp-content\/uploads\/2021\/01\/SemanaEuropeiaMobilidade639-300x170.jpg 300w\" sizes=\"auto, (max-width: 639px) 100vw, 639px\" \/><\/a><\/p>\n<p><strong class=\"ms-rteThemeForeColor-4-5\">Promotor<\/strong><\/p>\n<p><span class=\"ms-rteThemeForeColor-4-5\">C\u00e2mara Municipal de \u00c9vora &#8211; Divis\u00e3o de Ambiente e Mobilidade \/ Divis\u00e3o de Juventude e Desporto.<\/span><\/p>\n<p>&nbsp;<\/p>\n<p><strong class=\"ms-rteThemeForeColor-4-5\">Respons\u00e1vel<\/strong><\/p>\n<p><span class=\"ms-rteThemeForeColor-4-5\">Manuel Cordeiro<\/span><\/p>\n<p>&nbsp;<\/p>\n<p><strong class=\"ms-rteThemeForeColor-4-5\">Entidades Parceiras<\/strong><\/p>\n<p><span class=\"ms-rteThemeForeColor-4-5\">Agrupamentos de escolas<\/span><\/p>\n<p>&nbsp;<\/p>\n<p><strong class=\"ms-rteThemeForeColor-4-5\">Objetivos<\/strong><\/p>\n<ul>\n<li><span class=\"ms-rteThemeForeColor-4-5\">Facilitar um debate alargado entre pares sobre a necessidade da mudan\u00e7a de comportamentos relativamente \u00e0 mobilidade, em especial no que respeita \u00e0 mobilidade infantil e juvenil e \u00e0 excessiva utiliza\u00e7\u00e3o do autom\u00f3vel particular;<\/span><\/li>\n<\/ul>\n<ul>\n<li><span class=\"ms-rteThemeForeColor-4-5\">Debater quest\u00f5es relacionadas com a qualidade do ar das nossas cidades, o aumento do sedentarismo e as doen\u00e7as a ele associadas.<\/span><\/li>\n<\/ul>\n<div><span style=\"color: #181818\">\u00a0<\/span><\/div>\n<p><strong class=\"ms-rteThemeForeColor-4-5\">P\u00fablico-alvo<\/strong><\/p>\n<p><span class=\"ms-rteThemeForeColor-4-5\">Alunos, professores, assistentes operacionais, encarregados de educa\u00e7\u00e3o e popula\u00e7\u00e3o em geral.<\/span><\/p>\n<p>&nbsp;<\/p>\n<p><strong class=\"ms-rteThemeForeColor-4-5\">Calendariza\u00e7\u00e3o<\/strong><\/p>\n<p><span class=\"ms-rteThemeForeColor-4-5\">De 16 a 22 de setembro de 2020<\/span><\/p>\n<p>&nbsp;<\/p>\n<p><strong class=\"ms-rteThemeForeColor-4-5\">Lota\u00e7\u00e3o<\/strong><\/p>\n<p><span class=\"ms-rteThemeForeColor-4-5\">Apenas aplic\u00e1vel em sala de aula.<\/span><\/p>\n<p>&nbsp;<\/p>\n<p><strong class=\"ms-rteThemeForeColor-4-5\">Local<\/strong><\/p>\n<p><span class=\"ms-rteThemeForeColor-4-5\">Diversos<\/span><\/p>\n<p>&nbsp;<\/p>\n<p><strong class=\"ms-rteThemeForeColor-4-5\">Resumo\/Sinopse<\/strong><\/p>\n<p><span class=\"ms-rteThemeForeColor-4-5\">Envolve v\u00e1rias atividades, entre as quais:<\/span><\/p>\n<ul>\n<li><span class=\"ms-rteThemeForeColor-4-5\">Reuni\u00f5es para incentivar o Peddy bus \u2013 abordagem para melhor ambiente rodovi\u00e1rio atrav\u00e9s do peddy bus. Dura\u00e7\u00e3o &#8211; 1hora;<\/span><\/li>\n<\/ul>\n<ul>\n<li><span class=\"ms-rteThemeForeColor-4-5\">BWWD Bike Walk to Work Day e BWSD Bike Walk to School Day &#8211; A p\u00e9, de bicicleta para o trabalho e para a escola;<\/span><\/li>\n<\/ul>\n<ul>\n<li><span class=\"ms-rteThemeForeColor-4-5\">Caminhada das Escolas para a Fam\u00edlia contra o Sedentarismo.<\/span><\/li>\n<\/ul>\n<p><\/p>","protected":false},"excerpt":{"rendered":"<p>Sorry, this entry is only available in Portugu\u00eas. Promotor C\u00e2mara Municipal de \u00c9vora &#8211; Divis\u00e3o de Ambiente e Mobilidade \/ Divis\u00e3o de Juventude e Desporto. &nbsp; Respons\u00e1vel Manuel Cordeiro &nbsp; Entidades Parceiras Agrupamentos de escolas &nbsp; Objetivos Facilitar um debate alargado entre pares sobre a necessidade da mudan\u00e7a de comportamentos relativamente \u00e0 mobilidade, em especial [&hellip;]<\/p>\n","protected":false},"author":1,"featured_media":0,"parent":14293,"menu_order":12,"comment_status":"closed","ping_status":"closed","template":"templates-map\/component-text-layout1.php","meta":{"_acf_changed":false,"footnotes":""},"categories":[],"class_list":["post-14332","page","type-page","status-archive","hentry"],"acf":{"imagens":"","titulo_docs_seccao":"","documentos":""},"_links":{"self":[{"href":"https:\/\/www.cm-evora.pt\/en\/wp-json\/wp\/v2\/pages\/14332","targetHints":{"allow":["GET"]}}],"collection":[{"href":"https:\/\/www.cm-evora.pt\/en\/wp-json\/wp\/v2\/pages"}],"about":[{"href":"https:\/\/www.cm-evora.pt\/en\/wp-json\/wp\/v2\/types\/page"}],"author":[{"embeddable":true,"href":"https:\/\/www.cm-evora.pt\/en\/wp-json\/wp\/v2\/users\/1"}],"replies":[{"embeddable":true,"href":"https:\/\/www.cm-evora.pt\/en\/wp-json\/wp\/v2\/comments?post=14332"}],"version-history":[{"count":2,"href":"https:\/\/www.cm-evora.pt\/en\/wp-json\/wp\/v2\/pages\/14332\/revisions"}],"predecessor-version":[{"id":18471,"href":"https:\/\/www.cm-evora.pt\/en\/wp-json\/wp\/v2\/pages\/14332\/revisions\/18471"}],"up":[{"embeddable":true,"href":"https:\/\/www.cm-evora.pt\/en\/wp-json\/wp\/v2\/pages\/14293"}],"wp:attachment":[{"href":"https:\/\/www.cm-evora.pt\/en\/wp-json\/wp\/v2\/media?parent=14332"}],"wp:term":[{"taxonomy":"category","embeddable":true,"href":"https:\/\/www.cm-evora.pt\/en\/wp-json\/wp\/v2\/categories?post=14332"}],"curies":[{"name":"wp","href":"https:\/\/api.w.org\/{rel}","templated":true}]}}