{"id":1434,"date":"2019-10-17T10:10:49","date_gmt":"2019-10-17T09:10:49","guid":{"rendered":"https:\/\/evora2.int.skilltech.pt\/susProjects\/wp_evora2_suite\/?page_id=1434"},"modified":"2025-11-17T11:57:56","modified_gmt":"2025-11-17T11:57:56","slug":"executivo","status":"publish","type":"page","link":"https:\/\/www.cm-evora.pt\/en\/municipe\/camara-municipal\/executivo\/","title":{"rendered":"Executivo"},"content":{"rendered":"<p class=\"qtranxs-available-languages-message qtranxs-available-languages-message-en\">Sorry, this entry is only available in <a href=\"https:\/\/www.cm-evora.pt\/pt\/wp-json\/wp\/v2\/pages\/1434\" class=\"qtranxs-available-language-link qtranxs-available-language-link-pt\" title=\"Portugu\u00eas\">Portugu\u00eas<\/a>.<\/p><p><\/p>\n<h4 style=\"text-align: left\">Composi\u00e7\u00e3o do Executivo Municipal e hor\u00e1rios de atendimento dos eleitos<\/h4>\n<p><span class=\"ms-rteThemeForeColor-4-5\">A C\u00e2mara Municipal \u00e9 constitu\u00edda por um Presidente e por 6 Vereadores, um dos quais designado Vice-Presidente e \u00e9 o \u00f3rg\u00e3o executivo colegial do munic\u00edpio, eleito pelos cidad\u00e3os eleitores recenseados na sua \u00e1rea (Lei n.\u00ba 169\/99, de 18 de Setembro, retificada lei n.\u00ba 9\/2002, de 05 de Mar\u00e7o).<\/span><\/p>\n<p>&nbsp;<\/p>\n<p>&nbsp;<\/p>\n<p><strong>EM ATUALIZA\u00c7\u00c3O<\/strong><\/p>","protected":false},"excerpt":{"rendered":"<p>Sorry, this entry is only available in Portugu\u00eas. Composi\u00e7\u00e3o do Executivo Municipal e hor\u00e1rios de atendimento dos eleitos A C\u00e2mara Municipal \u00e9 constitu\u00edda por um Presidente e por 6 Vereadores, um dos quais designado Vice-Presidente e \u00e9 o \u00f3rg\u00e3o executivo colegial do munic\u00edpio, eleito pelos cidad\u00e3os eleitores recenseados na sua \u00e1rea (Lei n.\u00ba 169\/99, de [&hellip;]<\/p>\n","protected":false},"author":1,"featured_media":0,"parent":1430,"menu_order":1,"comment_status":"closed","ping_status":"closed","template":"templates-map\/component-member-list-layout1.php","meta":{"_acf_changed":false,"footnotes":""},"categories":[],"class_list":["post-1434","page","type-page","status-publish","hentry"],"acf":[],"_links":{"self":[{"href":"https:\/\/www.cm-evora.pt\/en\/wp-json\/wp\/v2\/pages\/1434","targetHints":{"allow":["GET"]}}],"collection":[{"href":"https:\/\/www.cm-evora.pt\/en\/wp-json\/wp\/v2\/pages"}],"about":[{"href":"https:\/\/www.cm-evora.pt\/en\/wp-json\/wp\/v2\/types\/page"}],"author":[{"embeddable":true,"href":"https:\/\/www.cm-evora.pt\/en\/wp-json\/wp\/v2\/users\/1"}],"replies":[{"embeddable":true,"href":"https:\/\/www.cm-evora.pt\/en\/wp-json\/wp\/v2\/comments?post=1434"}],"version-history":[{"count":34,"href":"https:\/\/www.cm-evora.pt\/en\/wp-json\/wp\/v2\/pages\/1434\/revisions"}],"predecessor-version":[{"id":79336,"href":"https:\/\/www.cm-evora.pt\/en\/wp-json\/wp\/v2\/pages\/1434\/revisions\/79336"}],"up":[{"embeddable":true,"href":"https:\/\/www.cm-evora.pt\/en\/wp-json\/wp\/v2\/pages\/1430"}],"wp:attachment":[{"href":"https:\/\/www.cm-evora.pt\/en\/wp-json\/wp\/v2\/media?parent=1434"}],"wp:term":[{"taxonomy":"category","embeddable":true,"href":"https:\/\/www.cm-evora.pt\/en\/wp-json\/wp\/v2\/categories?post=1434"}],"curies":[{"name":"wp","href":"https:\/\/api.w.org\/{rel}","templated":true}]}}