{"id":1436,"date":"2019-10-17T10:11:10","date_gmt":"2019-10-17T09:11:10","guid":{"rendered":"https:\/\/evora2.int.skilltech.pt\/susProjects\/wp_evora2_suite\/?page_id=1436"},"modified":"2026-03-25T14:55:25","modified_gmt":"2026-03-25T14:55:25","slug":"reunioes-de-camara","status":"publish","type":"page","link":"https:\/\/www.cm-evora.pt\/en\/municipe\/camara-municipal\/reunioes-de-camara\/","title":{"rendered":"Reuni\u00f5es de C\u00e2mara"},"content":{"rendered":"<p><strong>Consulte a ordem de trabalhos, as atas e editais das Reuni\u00f5es P\u00fablicas de C\u00e2mara.<\/strong><\/p>\n<p>&nbsp;<\/p>\n<p style=\"text-align: center\"><a href=\"https:\/\/www.cm-evora.pt\/wp-content\/uploads\/2020\/05\/Reunioespublicas-CME.jpg\" target=\"_blank\" rel=\"noopener\"><img loading=\"lazy\" decoding=\"async\" class=\"alignnone wp-image-4000 size-full\" src=\"https:\/\/www.cm-evora.pt\/wp-content\/uploads\/2020\/05\/Reunioespublicas-CME.jpg\" alt=\"\" width=\"639\" height=\"362\" srcset=\"https:\/\/www.cm-evora.pt\/wp-content\/uploads\/2020\/05\/Reunioespublicas-CME.jpg 639w, https:\/\/www.cm-evora.pt\/wp-content\/uploads\/2020\/05\/Reunioespublicas-CME-300x170.jpg 300w\" sizes=\"auto, (max-width: 639px) 100vw, 639px\" \/><\/a><\/p>\n<div>\n<p>Consulte nesta p\u00e1gina as atas e editais das Reuni\u00f5es P\u00fablicas de C\u00e2mara (RPC), bem como a ordem de trabalhos, o calend\u00e1rio das RPC e o edital da distribui\u00e7\u00e3o de pelouros do presente mandato.<\/p>\n<\/div>\n<p>&nbsp;<\/p>\n<div style=\"text-align: center\">\n<p><strong>Reuni\u00e3o P\u00fablica de C\u00e2mara<\/strong><\/p>\n<\/div>\n<div style=\"text-align: center\">\n<p><strong>01 outubro 2025 \u00e0s 15h00<\/strong><\/p>\n<p><iframe loading=\"lazy\" title=\"Reuni\u00e3o P\u00fablica da C\u00e2mara Municipal de \u00c9vora, de 1 de outubro de 2025, pelas 15h00\" width=\"500\" height=\"281\" src=\"https:\/\/www.youtube.com\/embed\/UF0Oua_gjBc?feature=oembed\" frameborder=\"0\" allow=\"accelerometer; autoplay; clipboard-write; encrypted-media; gyroscope; picture-in-picture; web-share\" referrerpolicy=\"strict-origin-when-cross-origin\" allowfullscreen><\/iframe><\/p>\n<\/div>\n<p><\/p>","protected":false},"excerpt":{"rendered":"<p>Consulte a ordem de trabalhos, as atas e editais das Reuni\u00f5es P\u00fablicas de C\u00e2mara. &nbsp; Consulte nesta p\u00e1gina as atas e editais das Reuni\u00f5es P\u00fablicas de C\u00e2mara (RPC), bem como a ordem de trabalhos, o calend\u00e1rio das RPC e o edital da distribui\u00e7\u00e3o de pelouros do presente mandato. &nbsp; Reuni\u00e3o P\u00fablica de C\u00e2mara 01 outubro [&hellip;]<\/p>\n","protected":false},"author":1,"featured_media":0,"parent":1430,"menu_order":2,"comment_status":"closed","ping_status":"closed","template":"templates-map\/component-file-gallery-layout3.php","meta":{"_acf_changed":false,"footnotes":""},"categories":[],"class_list":["post-1436","page","type-page","status-publish","hentry"],"acf":[],"_links":{"self":[{"href":"https:\/\/www.cm-evora.pt\/en\/wp-json\/wp\/v2\/pages\/1436","targetHints":{"allow":["GET"]}}],"collection":[{"href":"https:\/\/www.cm-evora.pt\/en\/wp-json\/wp\/v2\/pages"}],"about":[{"href":"https:\/\/www.cm-evora.pt\/en\/wp-json\/wp\/v2\/types\/page"}],"author":[{"embeddable":true,"href":"https:\/\/www.cm-evora.pt\/en\/wp-json\/wp\/v2\/users\/1"}],"replies":[{"embeddable":true,"href":"https:\/\/www.cm-evora.pt\/en\/wp-json\/wp\/v2\/comments?post=1436"}],"version-history":[{"count":50,"href":"https:\/\/www.cm-evora.pt\/en\/wp-json\/wp\/v2\/pages\/1436\/revisions"}],"predecessor-version":[{"id":82543,"href":"https:\/\/www.cm-evora.pt\/en\/wp-json\/wp\/v2\/pages\/1436\/revisions\/82543"}],"up":[{"embeddable":true,"href":"https:\/\/www.cm-evora.pt\/en\/wp-json\/wp\/v2\/pages\/1430"}],"wp:attachment":[{"href":"https:\/\/www.cm-evora.pt\/en\/wp-json\/wp\/v2\/media?parent=1436"}],"wp:term":[{"taxonomy":"category","embeddable":true,"href":"https:\/\/www.cm-evora.pt\/en\/wp-json\/wp\/v2\/categories?post=1436"}],"curies":[{"name":"wp","href":"https:\/\/api.w.org\/{rel}","templated":true}]}}