{"id":1440,"date":"2019-10-17T10:11:35","date_gmt":"2019-10-17T09:11:35","guid":{"rendered":"https:\/\/evora2.int.skilltech.pt\/susProjects\/wp_evora2_suite\/?page_id=1440"},"modified":"2026-01-05T14:35:45","modified_gmt":"2026-01-05T14:35:45","slug":"financas","status":"publish","type":"page","link":"https:\/\/www.cm-evora.pt\/en\/municipe\/camara-municipal\/financas\/","title":{"rendered":"Finan\u00e7as"},"content":{"rendered":"<p><\/p>\n<p style=\"text-align: center\"><strong>Documenta\u00e7\u00e3o diversa relativa \u00e0s finan\u00e7as do Munic\u00edpio<\/strong><\/p>\n<p style=\"text-align: center\"><a href=\"https:\/\/www.cm-evora.pt\/wp-content\/uploads\/2020\/05\/info-financ.jpg\"><img loading=\"lazy\" decoding=\"async\" class=\"alignnone wp-image-5332\" src=\"https:\/\/www.cm-evora.pt\/wp-content\/uploads\/2020\/05\/info-financ.jpg\" alt=\"\" width=\"853\" height=\"483\" srcset=\"https:\/\/www.cm-evora.pt\/wp-content\/uploads\/2020\/05\/info-financ.jpg 639w, https:\/\/www.cm-evora.pt\/wp-content\/uploads\/2020\/05\/info-financ-300x170.jpg 300w\" sizes=\"auto, (max-width: 853px) 100vw, 853px\" \/><\/a><\/p>\n<p>Pode aqui consultar as declara\u00e7\u00f5es previstas no art. 15.\u00ba da Lei n.\u00ba 8\/2012 de 21 de fevereiro, alterada pela Lei n\u00ba 22\/2015, de 17 de mar\u00e7o.<\/p>","protected":false},"excerpt":{"rendered":"<p>Documenta\u00e7\u00e3o diversa relativa \u00e0s finan\u00e7as do Munic\u00edpio Pode aqui consultar as declara\u00e7\u00f5es previstas no art. 15.\u00ba da Lei n.\u00ba 8\/2012 de 21 de fevereiro, alterada pela Lei n\u00ba 22\/2015, de 17 de mar\u00e7o.<\/p>\n","protected":false},"author":1,"featured_media":0,"parent":1430,"menu_order":4,"comment_status":"closed","ping_status":"closed","template":"templates-map\/component-file-gallery-layout3.php","meta":{"_acf_changed":false,"footnotes":""},"categories":[],"class_list":["post-1440","page","type-page","status-publish","hentry"],"acf":[],"_links":{"self":[{"href":"https:\/\/www.cm-evora.pt\/en\/wp-json\/wp\/v2\/pages\/1440","targetHints":{"allow":["GET"]}}],"collection":[{"href":"https:\/\/www.cm-evora.pt\/en\/wp-json\/wp\/v2\/pages"}],"about":[{"href":"https:\/\/www.cm-evora.pt\/en\/wp-json\/wp\/v2\/types\/page"}],"author":[{"embeddable":true,"href":"https:\/\/www.cm-evora.pt\/en\/wp-json\/wp\/v2\/users\/1"}],"replies":[{"embeddable":true,"href":"https:\/\/www.cm-evora.pt\/en\/wp-json\/wp\/v2\/comments?post=1440"}],"version-history":[{"count":35,"href":"https:\/\/www.cm-evora.pt\/en\/wp-json\/wp\/v2\/pages\/1440\/revisions"}],"predecessor-version":[{"id":80680,"href":"https:\/\/www.cm-evora.pt\/en\/wp-json\/wp\/v2\/pages\/1440\/revisions\/80680"}],"up":[{"embeddable":true,"href":"https:\/\/www.cm-evora.pt\/en\/wp-json\/wp\/v2\/pages\/1430"}],"wp:attachment":[{"href":"https:\/\/www.cm-evora.pt\/en\/wp-json\/wp\/v2\/media?parent=1440"}],"wp:term":[{"taxonomy":"category","embeddable":true,"href":"https:\/\/www.cm-evora.pt\/en\/wp-json\/wp\/v2\/categories?post=1440"}],"curies":[{"name":"wp","href":"https:\/\/api.w.org\/{rel}","templated":true}]}}