{"id":1442,"date":"2019-10-17T10:11:57","date_gmt":"2019-10-17T09:11:57","guid":{"rendered":"https:\/\/evora2.int.skilltech.pt\/susProjects\/wp_evora2_suite\/?page_id=1442"},"modified":"2023-01-03T11:37:41","modified_gmt":"2023-01-03T11:37:41","slug":"contratacao-publica","status":"publish","type":"page","link":"https:\/\/www.cm-evora.pt\/en\/municipe\/camara-municipal\/contratacao-publica\/","title":{"rendered":"(Portugu\u00eas) Contrata\u00e7\u00e3o P\u00fablica"},"content":{"rendered":"<p class=\"qtranxs-available-languages-message qtranxs-available-languages-message-en\">Sorry, this entry is only available in <a href=\"https:\/\/www.cm-evora.pt\/pt\/wp-json\/wp\/v2\/pages\/1442\" class=\"qtranxs-available-language-link qtranxs-available-language-link-pt\" title=\"Portugu\u00eas\">Portugu\u00eas<\/a>.<\/p><p><\/p>\n<p style=\"text-align: center\"><a href=\"https:\/\/www.cm-evora.pt\/wp-content\/uploads\/2020\/05\/contratos.jpg\" target=\"_blank\" rel=\"noopener\"><img loading=\"lazy\" decoding=\"async\" class=\"alignnone wp-image-4199 size-full\" src=\"https:\/\/www.cm-evora.pt\/wp-content\/uploads\/2020\/05\/contratos.jpg\" alt=\"\" width=\"639\" height=\"362\" srcset=\"https:\/\/www.cm-evora.pt\/wp-content\/uploads\/2020\/05\/contratos.jpg 639w, https:\/\/www.cm-evora.pt\/wp-content\/uploads\/2020\/05\/contratos-300x170.jpg 300w\" sizes=\"auto, (max-width: 639px) 100vw, 639px\" \/><\/a><\/p>\n<div>\n<p>Acedendo \u00e0 p\u00e1gina &#8220;base: contratos p\u00fablicos on-line&#8221; atrav\u00e9s do link abaixo, pode consultar toda a informa\u00e7\u00e3o relativa \u00e0 contrata\u00e7\u00e3o p\u00fablica do Munic\u00edpio de \u00c9vora, designadamente an\u00fancios de abertura de concursos, procedimentos adjudicados e entidades adjudicat\u00e1rias, contratos celebrados e relat\u00f3rios de execu\u00e7\u00e3o.<\/p>\n<\/div>\n<p><\/p>","protected":false},"excerpt":{"rendered":"<p>Sorry, this entry is only available in Portugu\u00eas. Acedendo \u00e0 p\u00e1gina &#8220;base: contratos p\u00fablicos on-line&#8221; atrav\u00e9s do link abaixo, pode consultar toda a informa\u00e7\u00e3o relativa \u00e0 contrata\u00e7\u00e3o p\u00fablica do Munic\u00edpio de \u00c9vora, designadamente an\u00fancios de abertura de concursos, procedimentos adjudicados e entidades adjudicat\u00e1rias, contratos celebrados e relat\u00f3rios de execu\u00e7\u00e3o.<\/p>\n","protected":false},"author":1,"featured_media":0,"parent":1430,"menu_order":5,"comment_status":"closed","ping_status":"closed","template":"templates-map\/component-link-list-layout1.php","meta":{"_acf_changed":false,"footnotes":""},"categories":[],"class_list":["post-1442","page","type-page","status-publish","hentry"],"acf":[],"_links":{"self":[{"href":"https:\/\/www.cm-evora.pt\/en\/wp-json\/wp\/v2\/pages\/1442","targetHints":{"allow":["GET"]}}],"collection":[{"href":"https:\/\/www.cm-evora.pt\/en\/wp-json\/wp\/v2\/pages"}],"about":[{"href":"https:\/\/www.cm-evora.pt\/en\/wp-json\/wp\/v2\/types\/page"}],"author":[{"embeddable":true,"href":"https:\/\/www.cm-evora.pt\/en\/wp-json\/wp\/v2\/users\/1"}],"replies":[{"embeddable":true,"href":"https:\/\/www.cm-evora.pt\/en\/wp-json\/wp\/v2\/comments?post=1442"}],"version-history":[{"count":6,"href":"https:\/\/www.cm-evora.pt\/en\/wp-json\/wp\/v2\/pages\/1442\/revisions"}],"predecessor-version":[{"id":44212,"href":"https:\/\/www.cm-evora.pt\/en\/wp-json\/wp\/v2\/pages\/1442\/revisions\/44212"}],"up":[{"embeddable":true,"href":"https:\/\/www.cm-evora.pt\/en\/wp-json\/wp\/v2\/pages\/1430"}],"wp:attachment":[{"href":"https:\/\/www.cm-evora.pt\/en\/wp-json\/wp\/v2\/media?parent=1442"}],"wp:term":[{"taxonomy":"category","embeddable":true,"href":"https:\/\/www.cm-evora.pt\/en\/wp-json\/wp\/v2\/categories?post=1442"}],"curies":[{"name":"wp","href":"https:\/\/api.w.org\/{rel}","templated":true}]}}