{"id":1446,"date":"2019-10-17T10:12:33","date_gmt":"2019-10-17T09:12:33","guid":{"rendered":"https:\/\/evora2.int.skilltech.pt\/susProjects\/wp_evora2_suite\/?page_id=1446"},"modified":"2026-03-30T15:29:02","modified_gmt":"2026-03-30T14:29:02","slug":"contatos","status":"publish","type":"page","link":"https:\/\/www.cm-evora.pt\/en\/municipe\/camara-municipal\/recursos-humanos\/contatos\/","title":{"rendered":"Servi\u00e7os Municipais"},"content":{"rendered":"<p><\/p>\n<p style=\"text-align: center\"><a href=\"https:\/\/www.cm-evora.pt\/wp-content\/uploads\/2020\/10\/Organigrama_OrganizacaoServicosAutarquiasLocais_MunicipioEvora-1.jpg\" target=\"_blank\" rel=\"noopener noreferrer\">Organograma da Organiza\u00e7\u00e3o de Servi\u00e7os das Autarquias Locais &#8211; Munic\u00edpio de \u00c9vora<\/a><\/p>\n<p style=\"text-align: center\"><a href=\"https:\/\/www.cm-evora.pt\/wp-content\/uploads\/2020\/10\/Organigrama_OrganizacaoServicosAutarquiasLocais_MunicipioEvora-1.jpg\" target=\"_blank\" rel=\"noopener\"><img loading=\"lazy\" decoding=\"async\" class=\"alignnone wp-image-15137 size-full\" src=\"https:\/\/www.cm-evora.pt\/wp-content\/uploads\/2020\/10\/Organigrama_OrganizacaoServicosAutarquiasLocais_MunicipioEvora-1.jpg\" alt=\"Organograma do Munic\u00edpio de \u00c9vora\" width=\"1603\" height=\"937\" srcset=\"https:\/\/www.cm-evora.pt\/wp-content\/uploads\/2020\/10\/Organigrama_OrganizacaoServicosAutarquiasLocais_MunicipioEvora-1.jpg 1603w, https:\/\/www.cm-evora.pt\/wp-content\/uploads\/2020\/10\/Organigrama_OrganizacaoServicosAutarquiasLocais_MunicipioEvora-1-300x175.jpg 300w, https:\/\/www.cm-evora.pt\/wp-content\/uploads\/2020\/10\/Organigrama_OrganizacaoServicosAutarquiasLocais_MunicipioEvora-1-768x449.jpg 768w, https:\/\/www.cm-evora.pt\/wp-content\/uploads\/2020\/10\/Organigrama_OrganizacaoServicosAutarquiasLocais_MunicipioEvora-1-1024x599.jpg 1024w, https:\/\/www.cm-evora.pt\/wp-content\/uploads\/2020\/10\/Organigrama_OrganizacaoServicosAutarquiasLocais_MunicipioEvora-1-1320x772.jpg 1320w\" sizes=\"auto, (max-width: 1603px) 100vw, 1603px\" \/><\/a><\/p>\n<div>\n<p>&nbsp;<\/p>\n<p style=\"text-align: center\"><a href=\"https:\/\/www.cm-evora.pt\/wp-content\/uploads\/2025\/07\/DR_Adaptacao-da-estrutura-interna-as-novas-competencias-municipais.pdf\" target=\"_blank\" rel=\"noopener\">Adapta\u00e7\u00e3o da estrutura interna \u00e0s novas compet\u00eancias municipais (Aviso n\u00ba 18822\/2025\/2, de 28 julho &#8211; DR 2\u00aa s\u00e9rie).pdf<\/a><\/p>\n<p style=\"text-align: center\"><a href=\"https:\/\/www.cm-evora.pt\/wp-content\/uploads\/2020\/10\/OrganizacaoServicosAutarquiasLocais_MunicipioEvora.pdf\" target=\"_blank\" rel=\"noopener\">Organiza\u00e7\u00e3o de Servi\u00e7os das Autarquias Locais &#8211; Munic\u00edpio de \u00c9vora 2019.pdf<\/a><\/p>\n<p>&nbsp;<\/p>\n<p><strong>GAPV \u2013 Gabinete de Apoio \u00e0 Presid\u00eancia e Verea\u00e7\u00e3o<\/strong><\/p>\n<p><u>Chefe de Gabinete<\/u>: L\u00facia do Carmo Serrano Cardoso<\/p>\n<p><u>Email<\/u>: <u><a href=\"mailto:presidencia@cm-evora.pt\" target=\"_blank\" rel=\"noopener\">presidencia@cm-evora.pt<\/a><\/u><\/p>\n<p>&nbsp;<\/p>\n<p><strong>GAF \u2013 Gabinete de Apoio \u00e0s Freguesias<\/strong><\/p>\n<p><u>Coordena\u00e7\u00e3o<\/u>: Maria Ant\u00f3nia Lucena Raminhos<\/p>\n<p><u>Email<\/u>: <a href=\"mailto:cme.gaf@cm-evora.pt\" target=\"_blank\" rel=\"noopener\">cme.gaf@cm-evora.pt<\/a><\/p>\n<p>&nbsp;<\/p>\n<p><strong>SMPC \u2013 Servi\u00e7o Municipal de Prote\u00e7\u00e3o Civil e Seguran\u00e7a<\/strong><\/p>\n<p><u>Coordena\u00e7\u00e3o<\/u>: Joaquim Jos\u00e9 Peixe Piteira<\/p>\n<p><u>Email<\/u>: <a href=\"mailto:smpc@cm-evora.pt\" target=\"_blank\" rel=\"noopener\">smpc@cm-evora.pt<\/a><\/p>\n<p>&nbsp;<\/p>\n<p><strong>SVM \u2013 Servi\u00e7o Veterin\u00e1rio Municipal<\/strong><\/p>\n<p><u>Coordena\u00e7\u00e3o<\/u>: Ana Margarida C\u00e2mara<\/p>\n<p><u>Email<\/u>: <a href=\"mailto:canil@cm-evora.pt\" target=\"_blank\" rel=\"noopener\">canil@cm-evora.pt<\/a><\/p>\n<p>&nbsp;<\/p>\n<p><strong>UPAMO \u2013 Unidade de Planeamento, Auditoria e Moderniza\u00e7\u00e3o Organizacional<\/strong><\/p>\n<p><span style=\"text-decoration: underline\">Coordena\u00e7\u00e3o<\/span>: Elsa Catarina Beja Sardo Bento do Couto<\/p>\n<p><u>Email<\/u>: <a href=\"mailto:cme.gam@cm-evora.pt\" target=\"_blank\" rel=\"noopener\">cme.gam@cm-evora.pt<\/a><\/p>\n<p>&nbsp;<\/p>\n<p><strong>DAP \u2013 Departamento de Administra\u00e7\u00e3o e Pessoal<\/strong><\/p>\n<p><u>Diretor de Departamento<\/u>: Lu\u00eds Miguel Madeira Pires<\/p>\n<p><u>Email<\/u>: <a href=\"mailto:cme.dap@cm-evora.pt\" target=\"_blank\" rel=\"noopener\">cme.dap@cm-evora.pt<\/a><\/p>\n<p>&nbsp;<\/p>\n<p><strong>DAGF \u2013 Divis\u00e3o de Administra\u00e7\u00e3o Geral e Financeira<\/strong><\/p>\n<p><u>Chefe de Divis\u00e3o<\/u>: Vera Cristina Marques Bailote<\/p>\n<p><u>Email<\/u>: <u><a href=\"mailto:cme.dagf@cm-evora.pt\" target=\"_blank\" rel=\"noopener\">cme.dagf@cm-evora.pt<\/a><\/u><\/p>\n<ul>\n<li style=\"list-style-type: none\">\n<ul>\n<li><u>Contabilidade<\/u>: <u><a href=\"mailto:cme.dagf.contabilidade@cm-evora.pt\" target=\"_blank\" rel=\"noopener\">cme.dagf.contabilidade@cm-evora.pt<\/a><\/u><\/li>\n<\/ul>\n<\/li>\n<\/ul>\n<ul>\n<li style=\"list-style-type: none\">\n<ul>\n<li><u>Compras e Aprovisionamento<\/u>: <a href=\"mailto:cme.dagf.aprovisionamento@cm-evora.pt\" target=\"_blank\" rel=\"noopener\">cme.dagf.aprovisionamento@cm-evora.pt<\/a><\/li>\n<\/ul>\n<\/li>\n<\/ul>\n<ul>\n<li style=\"list-style-type: none\">\n<ul>\n<li><u>Gest\u00e3o Documental<\/u>: <u><a href=\"mailto:cme.dagf.patrimonio@cm-evora.pt\" target=\"_blank\" rel=\"noopener\">cme.dagf.patrimonio@cm-evora.pt<\/a><\/u><\/li>\n<\/ul>\n<\/li>\n<\/ul>\n<ul>\n<li style=\"list-style-type: none\">\n<ul>\n<li><u>Tesouraria<\/u>: <a href=\"mailto:cme.dagf.tesouraria@cm-evora.pt\" target=\"_blank\" rel=\"noopener\">cme.dagf.tesouraria@cm-evora.pt<\/a><\/li>\n<\/ul>\n<\/li>\n<\/ul>\n<ul>\n<li style=\"list-style-type: none\">\n<ul>\n<li><u>Receitas<\/u>: <u><a href=\"mailto:cme.dagf.receitas@cm-evora.pt\" target=\"_blank\" rel=\"noopener\">cme.dagf.receitas@cm-evora.pt<\/a><\/u><\/li>\n<\/ul>\n<\/li>\n<\/ul>\n<p>&nbsp;<\/p>\n<p><strong>UAG \u2013 Unidade de Administra\u00e7\u00e3o Geral<\/strong><\/p>\n<p><u>Coordena\u00e7\u00e3o<\/u>: Elisabete Matos Neves<\/p>\n<p><u>Email<\/u>: <a href=\"mailto:cme.uag@cm-evora.pt\" target=\"_blank\" rel=\"noopener\">cme.uag@cm-evora.pt<\/a><\/p>\n<p>&nbsp;<\/p>\n<p><strong>DGP \u2013 Divis\u00e3o de Gest\u00e3o de Pessoal<\/strong><\/p>\n<p><u>Chefe de Divis\u00e3o<\/u>: Maria Cristina da Costa Bernardo<\/p>\n<p><u>Email<\/u>: <a href=\"mailto:cme.dgp@cm-evora.pt\" target=\"_blank\" rel=\"noopener\">cme.dgp@cm-evora.pt<\/a><\/p>\n<p>&nbsp;<\/p>\n<p><strong>DITI \u2013 Divis\u00e3o de Inform\u00e1tica e Tecnologias da Informa\u00e7\u00e3o<\/strong><\/p>\n<p><u>Chefe de Divis\u00e3o<\/u>: Nelson Manuel Sacrist\u00e3o Carrasco<\/p>\n<p><u>Email<\/u>: <a href=\"mailto:cme.diti@cm-evora.pt\" target=\"_blank\" rel=\"noopener\">cme.diti@cm-evora.pt<\/a><\/p>\n<p>&nbsp;<\/p>\n<p><strong>DJ \u2013 Divis\u00e3o Jur\u00eddica<\/strong><\/p>\n<p><u>Chefe de Divis\u00e3o<\/u>: Dina Isabel Martins Campino Fernandes<\/p>\n<p><u>Email<\/u>: <u><a href=\"mailto:cme.dj@cm-evora.pt\" target=\"_blank\" rel=\"noopener\">cme.dj@cm-evora.pt<\/a><\/u><\/p>\n<p>&nbsp;<\/p>\n<p><strong>DSC \u2013 Departamento Sociocultural<\/strong><\/p>\n<p><u>Diretor de Departamento<\/u>: Jos\u00e9 Maria Lopes Conde<\/p>\n<p><u>Email<\/u>: <a href=\"mailto:cme.dsc@cm-evora.pt\" target=\"_blank\" rel=\"noopener\">cme.dsc@cm-evora.pt<\/a><\/p>\n<p>&nbsp;<\/p>\n<p><strong>DCP \u2013 Divis\u00e3o de Cultura e Patrim\u00f3nio<\/strong><\/p>\n<p><u>Chefe de Divis\u00e3o<\/u>: Miguel Correia dos Reis Pedro<\/p>\n<p><u>Email<\/u>: <u><a href=\"mailto:cme.dcp@cm-evora.pt\" target=\"_blank\" rel=\"noopener\">cme.dcp@cm-evora.pt<\/a><\/u><\/p>\n<p>&nbsp;<\/p>\n<p><strong>DEIS \u2013 Divis\u00e3o de Educa\u00e7\u00e3o e Interven\u00e7\u00e3o Social<\/strong><\/p>\n<p><u>Chefe de Divis\u00e3o<\/u>: Helena Cristina Sousa Silva Ferro<\/p>\n<p><u>Email<\/u>: <a href=\"mailto:cme.deis@cm-evora.pt\" target=\"_blank\" rel=\"noopener\">cme.deis@cm-evora.pt<\/a><\/p>\n<p>&nbsp;<\/p>\n<p><strong>DJD &#8211; Divis\u00e3o de Juventude e Desporto<\/strong><\/p>\n<p><u>Chefe de Divis\u00e3o<\/u>: Teresa Engana<\/p>\n<p><u>Email<\/u>: <u><a href=\"mailto:cme.djd@cm-evora.pt\" target=\"_blank\" rel=\"noopener\">cme.djd@cm-evora.pt<\/a><\/u><\/p>\n<p>&nbsp;<\/p>\n<p><strong>DDE \u2013 Divis\u00e3o de Desenvolvimento Econ\u00f3mico<\/strong><\/p>\n<p><u>Chefe de Divis\u00e3o<\/u>: Rafael Francisco Lobato Rodrigues<\/p>\n<p><u>Email<\/u>: <a href=\"mailto:cme.dde@cm-evora.pt\" target=\"_blank\" rel=\"noopener\">cme.dde@cm-evora.pt<\/a><\/p>\n<p>&nbsp;<\/p>\n<p><strong>DORU \u2013 Divis\u00e3o de Ordenamento e Reabilita\u00e7\u00e3o Urbana<\/strong><\/p>\n<p><u>Chefe de Divis\u00e3o<\/u>: Pedro Miguel Gon\u00e7alves Foga\u00e7a<\/p>\n<p><u>Email<\/u>: <a href=\"mailto:cme.doru@cm-evora.pt\" target=\"_blank\" rel=\"noopener\">cme.doru@cm-evora.pt<\/a><\/p>\n<p>&nbsp;<\/p>\n<p><strong>UHRU &#8211; Unidade de Habita\u00e7\u00e3o e Reabilita\u00e7\u00e3o Urbana<\/strong><\/p>\n<p><u>Coordena\u00e7\u00e3o<\/u>: Susana Mour\u00e3o<\/p>\n<p><u>Email<\/u>: <a href=\"mailto:cme.uhru@cm-evora.pt\" target=\"_blank\" rel=\"noopener\">cme.uhru@cm-evora.pt<\/a><\/p>\n<p>&nbsp;<\/p>\n<p><strong>DGU \u2013 Divis\u00e3o de Gest\u00e3o Urban\u00edstica<\/strong><\/p>\n<p><u>Chefe de Divis\u00e3o<\/u>: Elsa Sofia Freire de Carvalho<\/p>\n<p><u>Email<\/u>: <a href=\"mailto:cme.dgu@cm-evora.pt\" target=\"_blank\" rel=\"noopener\">cme.dgu@cm-evora.pt<\/a><\/p>\n<p>&nbsp;<\/p>\n<p><strong>DFM \u2013 Divis\u00e3o de Fiscaliza\u00e7\u00e3o Municipal<\/strong><\/p>\n<p><u>Chefe de Divis\u00e3o<\/u>: Augusto C\u00e2ndido dos Santos Pereira<\/p>\n<p><u>Email<\/u>: <u><a href=\"mailto:cme.dfm@cm-evora.pt\" target=\"_blank\" rel=\"noopener\">cme.dfm@cm-evora.pt<\/a><\/u><\/p>\n<p>&nbsp;<\/p>\n<p><strong>DSO \u2013 Departamento de Servi\u00e7os Operacionais<\/strong><\/p>\n<p><u>Diretor de Departamento<\/u>: Pedro Filipe Rodrigues Vieira<\/p>\n<p><u>Email<\/u>: <a href=\"mailto:cme.dso@cm-evora.pt\" target=\"_blank\" rel=\"noopener\">cme.dso@cm-evora.pt<\/a><\/p>\n<p>&nbsp;<\/p>\n<p><strong>DOMAS \u2013 Divis\u00e3o de Obras Municipais, \u00c1gua e Saneamento<\/strong><\/p>\n<p><u>Chefe de Divis\u00e3o<\/u>: Jo\u00e3o Duarte Oliveira Brito Palma<\/p>\n<p><u>Email<\/u>: <u><a href=\"mailto:cme.dom@cm-evora.pt\" target=\"_blank\" rel=\"noopener\">cme.dom@cm-evora.pt<\/a><\/u><\/p>\n<p>&nbsp;<\/p>\n<p><strong>UAS \u2013 Unidade de \u00c1guas e Saneamento<\/strong><\/p>\n<p><u>Coordena\u00e7\u00e3o<\/u>: Ricardo Miguel Piteira Pinto<\/p>\n<p>&nbsp;<\/p>\n<p><strong>DAM \u2013 Divis\u00e3o de Ambiente e Mobilidade<\/strong><\/p>\n<p><u>Chefe de Divis\u00e3o<\/u>: Daniel Alexandre Ferreira Valente<\/p>\n<p><u>Email<\/u>: <u><a href=\"mailto:cme.dahm@cm-evora.pt\" target=\"_blank\" rel=\"noopener\">cme.dahm@cm-evora.pt<\/a><\/u><\/p>\n<p>&nbsp;<\/p>\n<p><strong>UHLP \u2013 Unidade de Higiene e Limpeza P\u00fablica<\/strong><\/p>\n<p><u>Coordena\u00e7\u00e3o<\/u>: Rui Pedro Piteira Pinto<\/p>\n<p><u>Email<\/u>: <a href=\"mailto:cme.uhlp@cm-evora.pt\" target=\"_blank\" rel=\"noopener\">cme.uhlp@cm-evora.pt<\/a><\/p>\n<p>&nbsp;<\/p>\n<p><strong>DC \u2013 Divis\u00e3o de Comunica\u00e7\u00e3o<\/strong><\/p>\n<p><u>Chefe de Divis\u00e3o<\/u>: Jo\u00e3o Manuel Santana Simas<\/p>\n<p><u>Email<\/u>: <a href=\"mailto:cme.dc@cm-evora.pt\" target=\"_blank\" rel=\"noopener\">cme.dc@cm-evora.pt<\/a><\/p>\n<p><span class=\"ms-rteThemeForeColor-4-5\">\u200b<\/span><\/p>\n<\/div>\n<p><\/p>","protected":false},"excerpt":{"rendered":"<p>Organograma da Organiza\u00e7\u00e3o de Servi\u00e7os das Autarquias Locais &#8211; Munic\u00edpio de \u00c9vora &nbsp; Adapta\u00e7\u00e3o da estrutura interna \u00e0s novas compet\u00eancias municipais (Aviso n\u00ba 18822\/2025\/2, de 28 julho &#8211; DR 2\u00aa s\u00e9rie).pdf Organiza\u00e7\u00e3o de Servi\u00e7os das Autarquias Locais &#8211; Munic\u00edpio de \u00c9vora 2019.pdf &nbsp; GAPV \u2013 Gabinete de Apoio \u00e0 Presid\u00eancia e Verea\u00e7\u00e3o Chefe de Gabinete: [&hellip;]<\/p>\n","protected":false},"author":1,"featured_media":0,"parent":1444,"menu_order":1,"comment_status":"closed","ping_status":"closed","template":"templates-map\/component-text-list-layout2.php","meta":{"_acf_changed":false,"footnotes":""},"categories":[],"class_list":["post-1446","page","type-page","status-publish","hentry"],"acf":[],"_links":{"self":[{"href":"https:\/\/www.cm-evora.pt\/en\/wp-json\/wp\/v2\/pages\/1446","targetHints":{"allow":["GET"]}}],"collection":[{"href":"https:\/\/www.cm-evora.pt\/en\/wp-json\/wp\/v2\/pages"}],"about":[{"href":"https:\/\/www.cm-evora.pt\/en\/wp-json\/wp\/v2\/types\/page"}],"author":[{"embeddable":true,"href":"https:\/\/www.cm-evora.pt\/en\/wp-json\/wp\/v2\/users\/1"}],"replies":[{"embeddable":true,"href":"https:\/\/www.cm-evora.pt\/en\/wp-json\/wp\/v2\/comments?post=1446"}],"version-history":[{"count":45,"href":"https:\/\/www.cm-evora.pt\/en\/wp-json\/wp\/v2\/pages\/1446\/revisions"}],"predecessor-version":[{"id":82615,"href":"https:\/\/www.cm-evora.pt\/en\/wp-json\/wp\/v2\/pages\/1446\/revisions\/82615"}],"up":[{"embeddable":true,"href":"https:\/\/www.cm-evora.pt\/en\/wp-json\/wp\/v2\/pages\/1444"}],"wp:attachment":[{"href":"https:\/\/www.cm-evora.pt\/en\/wp-json\/wp\/v2\/media?parent=1446"}],"wp:term":[{"taxonomy":"category","embeddable":true,"href":"https:\/\/www.cm-evora.pt\/en\/wp-json\/wp\/v2\/categories?post=1446"}],"curies":[{"name":"wp","href":"https:\/\/api.w.org\/{rel}","templated":true}]}}