{"id":14857,"date":"2020-09-04T16:15:52","date_gmt":"2020-09-04T15:15:52","guid":{"rendered":"https:\/\/evora2.int.skilltech.pt\/susProjects\/wp_evora2_suite\/?page_id=14857"},"modified":"2020-09-04T16:46:49","modified_gmt":"2020-09-04T15:46:49","slug":"ipic","status":"publish","type":"page","link":"https:\/\/www.cm-evora.pt\/en\/ipic\/","title":{"rendered":"(Portugu\u00eas) IPIC"},"content":{"rendered":"<p class=\"qtranxs-available-languages-message qtranxs-available-languages-message-en\">Sorry, this entry is only available in <a href=\"https:\/\/www.cm-evora.pt\/pt\/wp-json\/wp\/v2\/pages\/14857\" class=\"qtranxs-available-language-link qtranxs-available-language-link-pt\" title=\"Portugu\u00eas\">Portugu\u00eas<\/a>.<\/p><p>A presen\u00e7a das C\u00e2maras Municipais portuguesas na Internet tem sido, desde 1999, objeto de estudo do G\u00e1vea1 \u2013 Observat\u00f3rio da Sociedade da Informa\u00e7\u00e3o \u2013 que, atrav\u00e9s da publica\u00e7\u00e3o de relat\u00f3rios peri\u00f3dicos, intitulados Presen\u00e7a na Internet das C\u00e2maras Municipais Portuguesas, apresenta a avalia\u00e7\u00e3o dos s\u00edtios Web dos munic\u00edpios portugueses. Ao mesmo tempo, \u00e9 analisada a evolu\u00e7\u00e3o de cada uma das autarquias em rela\u00e7\u00e3o aos estudos efetuados anteriormente. Com estes estudos, elaborados de dois em dois anos, o G\u00e1vea pretende, assim, analisar e registar a evolu\u00e7\u00e3o da presen\u00e7a dos munic\u00edpios portugueses na Internet, no seguimento da resolu\u00e7\u00e3o do Conselho de Ministros n.\u00ba 22\/2001, de 27 de fevereiro, que determina a avalia\u00e7\u00e3o peri\u00f3dica dos s\u00edtios Web dos organismos da administra\u00e7\u00e3o direta e indireta do Estado. O primeiro desses estudos foi realizado em 1999 (Santos e Amaral 2000). Nesse estudo foram analisados 153 s\u00edtios Web, que correspondiam \u00e0 totalidade de c\u00e2maras municipais que na altura possu\u00edam presen\u00e7a na Internet, aproximadamente 50% das c\u00e2maras municipais existentes no pa\u00eds. Desde ent\u00e3o, o n\u00famero de c\u00e2maras municipais com s\u00edtios Web foi crescendo gradualmente, tendo atingido, no ano de 2009, o valor de 308, que correspondia \u00e0 totalidade de c\u00e2maras municipais portuguesas. A \u00faltima edi\u00e7\u00e3o, a nona, referente ao ano 2016, avaliou igualmente os 308 websites da totalidade das C\u00e2maras Municipais portuguesas.<\/p>","protected":false},"excerpt":{"rendered":"<p>Sorry, this entry is only available in Portugu\u00eas.A presen\u00e7a das C\u00e2maras Municipais portuguesas na Internet tem sido, desde 1999, objeto de estudo do G\u00e1vea1 \u2013 Observat\u00f3rio da Sociedade da Informa\u00e7\u00e3o \u2013 que, atrav\u00e9s da publica\u00e7\u00e3o de relat\u00f3rios peri\u00f3dicos, intitulados Presen\u00e7a na Internet das C\u00e2maras Municipais Portuguesas, apresenta a avalia\u00e7\u00e3o dos s\u00edtios Web dos munic\u00edpios portugueses. [&hellip;]<\/p>\n","protected":false},"author":1,"featured_media":0,"parent":0,"menu_order":0,"comment_status":"closed","ping_status":"closed","template":"templates-map\/component-internet-index-layout1.php","meta":{"_acf_changed":false,"footnotes":""},"categories":[],"class_list":["post-14857","page","type-page","status-publish","hentry"],"acf":[],"_links":{"self":[{"href":"https:\/\/www.cm-evora.pt\/en\/wp-json\/wp\/v2\/pages\/14857","targetHints":{"allow":["GET"]}}],"collection":[{"href":"https:\/\/www.cm-evora.pt\/en\/wp-json\/wp\/v2\/pages"}],"about":[{"href":"https:\/\/www.cm-evora.pt\/en\/wp-json\/wp\/v2\/types\/page"}],"author":[{"embeddable":true,"href":"https:\/\/www.cm-evora.pt\/en\/wp-json\/wp\/v2\/users\/1"}],"replies":[{"embeddable":true,"href":"https:\/\/www.cm-evora.pt\/en\/wp-json\/wp\/v2\/comments?post=14857"}],"version-history":[{"count":1,"href":"https:\/\/www.cm-evora.pt\/en\/wp-json\/wp\/v2\/pages\/14857\/revisions"}],"predecessor-version":[{"id":14858,"href":"https:\/\/www.cm-evora.pt\/en\/wp-json\/wp\/v2\/pages\/14857\/revisions\/14858"}],"wp:attachment":[{"href":"https:\/\/www.cm-evora.pt\/en\/wp-json\/wp\/v2\/media?parent=14857"}],"wp:term":[{"taxonomy":"category","embeddable":true,"href":"https:\/\/www.cm-evora.pt\/en\/wp-json\/wp\/v2\/categories?post=14857"}],"curies":[{"name":"wp","href":"https:\/\/api.w.org\/{rel}","templated":true}]}}