{"id":14908,"date":"2020-09-16T10:45:09","date_gmt":"2020-09-16T09:45:09","guid":{"rendered":"https:\/\/evora2.int.skilltech.pt\/susProjects\/wp_evora2_suite\/?page_id=14908"},"modified":"2025-11-12T11:00:13","modified_gmt":"2025-11-12T11:00:13","slug":"nucleo-museologico-do-alto-de-s-bento","status":"publish","type":"page","link":"https:\/\/www.cm-evora.pt\/en\/municipe\/projetos-municipais\/pel-projeto-educativo-local\/recursos-educativos\/nucleo-museologico-do-alto-de-s-bento\/","title":{"rendered":"N\u00facleo Museol\u00f3gico do Alto de S. Bento"},"content":{"rendered":"<p><\/p>\n<div style=\"text-align: center\"><a href=\"https:\/\/www.cm-evora.pt\/wp-content\/uploads\/2024\/09\/Alto-de-Sao-Bento_foto-Andre-Barrogo-002.jpg\" target=\"_blank\" rel=\"noopener\"><img loading=\"lazy\" decoding=\"async\" class=\"alignnone wp-image-65898 size-full\" src=\"https:\/\/www.cm-evora.pt\/wp-content\/uploads\/2024\/09\/Alto-de-Sao-Bento_foto-Andre-Barrogo-002.jpg\" alt=\"\" width=\"2102\" height=\"1181\" srcset=\"https:\/\/www.cm-evora.pt\/wp-content\/uploads\/2024\/09\/Alto-de-Sao-Bento_foto-Andre-Barrogo-002.jpg 2102w, https:\/\/www.cm-evora.pt\/wp-content\/uploads\/2024\/09\/Alto-de-Sao-Bento_foto-Andre-Barrogo-002-300x169.jpg 300w, https:\/\/www.cm-evora.pt\/wp-content\/uploads\/2024\/09\/Alto-de-Sao-Bento_foto-Andre-Barrogo-002-1024x575.jpg 1024w, https:\/\/www.cm-evora.pt\/wp-content\/uploads\/2024\/09\/Alto-de-Sao-Bento_foto-Andre-Barrogo-002-768x431.jpg 768w, https:\/\/www.cm-evora.pt\/wp-content\/uploads\/2024\/09\/Alto-de-Sao-Bento_foto-Andre-Barrogo-002-1536x863.jpg 1536w, https:\/\/www.cm-evora.pt\/wp-content\/uploads\/2024\/09\/Alto-de-Sao-Bento_foto-Andre-Barrogo-002-2048x1151.jpg 2048w, https:\/\/www.cm-evora.pt\/wp-content\/uploads\/2024\/09\/Alto-de-Sao-Bento_foto-Andre-Barrogo-002-1320x742.jpg 1320w\" sizes=\"auto, (max-width: 2102px) 100vw, 2102px\" \/><\/a><\/div>\n<div style=\"text-align: center\">\n<p>&nbsp;<\/p>\n<p style=\"text-align: left\">Este Recurso Educativo Municipal integra atividades cient\u00edficas, ambientais, patrimoniais e c\u00edvicas.<\/p>\n<p>&nbsp;<\/p>\n<p><a href=\"https:\/\/youtu.be\/BXe_R8z6Qio\" target=\"_blank\" rel=\"noopener\">https:\/\/youtu.be\/BXe_R8z6Qio<\/a><\/p>\n<\/div>\n<p>&nbsp;<\/p>\n<h4><strong>Promotor<\/strong><\/h4>\n<p>C\u00e2mara Municipal de \u00c9vora &#8211; Divis\u00e3o de Educa\u00e7\u00e3o e Interven\u00e7\u00e3o Social<\/p>\n<p>&nbsp;<\/p>\n<h4><strong>Respons\u00e1vel<\/strong><\/h4>\n<p>Francisco Bilou e Elsa Oliveira<\/p>\n<p>&nbsp;<\/p>\n<h4><strong>Entidades Parceiras<\/strong><\/h4>\n<p>Servi\u00e7os Municipais, Universidade de \u00c9vora e outros parceiros pontuais<\/p>\n<p>&nbsp;<\/p>\n<div>\n<h4><strong>Objetivos<\/strong><\/h4>\n<p>Promo\u00e7\u00e3o de atividades l\u00fadicos-pedag\u00f3gicas no \u00e2mbito das Ci\u00eancias Naturais, Ambiente, Cidadania, Hist\u00f3ria e Patrim\u00f3nio locais.<\/p>\n<p>&nbsp;<\/p>\n<h4><strong>P\u00fablico-alvo<\/strong><\/h4>\n<p>Pr\u00e9-escolar; 1\u00ba, 2\u00ba e 3\u00ba ciclos do Ensino B\u00e1sico.<\/p>\n<p>&nbsp;<\/p>\n<h4><strong>Calendariza\u00e7\u00e3o<\/strong><\/h4>\n<p>Todo o ano letivo de 2025-26.<\/p>\n<p>&nbsp;<\/p>\n<h4><strong>Lota\u00e7\u00e3o<\/strong><\/h4>\n<p>Uma turma por atividade.<\/p>\n<\/div>\n<p>&nbsp;<\/p>\n<h4><strong>Local<\/strong><\/h4>\n<p>Alto de S. Bento<\/p>\n<div>\n<p>&nbsp;<\/p>\n<h4><strong>Resumo\/Sinopse<\/strong><\/h4>\n<p>Tendo por miss\u00e3o educativa valorizar o patrim\u00f3nio natural e cultural do s\u00edtio, a oferta l\u00fadico-pedag\u00f3gica proposta para o ano letivo 2025-26 percorre um leque muito variado de atividades:<\/p>\n<ul>\n<li style=\"list-style-type: none\">\n<ul>\n<li><strong>Ci\u00eancias Naturais<\/strong>, onde domina a flora e a geologia;<\/li>\n<li><strong>Arte, Ambiente e Cidadania <\/strong>com atividades eco-art\u00edsticas e desafios pr\u00e1ticos ligados aos produtos e saberes-fazer da horta biol\u00f3gica;<\/li>\n<li>a \u00e1rea da <strong>Hist\u00f3ria e Patrim\u00f3nio <\/strong>focada na explica\u00e7\u00e3o da singularidade do s\u00edtio, na arqueologia experimental e na liga\u00e7\u00e3o ao moinho de vento e \u00e0 cultura cereal\u00edfera da regi\u00e3o;<\/li>\n<li>e em <strong>outras atividades <\/strong>associadas a datas comemorativas e \u00e0 nova oferta de oficinas da natureza, tamb\u00e9m numa perspetiva art\u00edstica.<\/li>\n<\/ul>\n<\/li>\n<\/ul>\n<p>&nbsp;<\/p>\n<h4><strong>Observa\u00e7\u00f5es<\/strong><\/h4>\n<div>\n<p>Todas as atividades carecem de inscri\u00e7\u00e3o pr\u00e9via a determinar com os interessados, das 09h30 \u00e0s 11h30 e das 14h30 \u00e0s 16h30, e a sua realiza\u00e7\u00e3o est\u00e1 condicionada pelas condi\u00e7\u00f5es atmosf\u00e9ricas e\/ou disponibilidade de autocarro.<\/p>\n<p>Dada a diversidade da oferta l\u00fadico-pedag\u00f3gica, a mesma turma pode efetuar mais do que uma atividade ao longo do ano letivo<\/p>\n<\/div>\n<div>\n<p>&nbsp;<\/p>\n<\/div>\n<\/div>\n<div>\n<h4><strong>Informa\u00e7\u00f5es \/ Marca\u00e7\u00f5es<\/strong><\/h4>\n<p>C\u00e2mara Municipal de \u00c9vora<\/p>\n<p>Divis\u00e3o de Educa\u00e7\u00e3o e Interven\u00e7\u00e3o Social<\/p>\n<p>N\u00facleo Museol\u00f3gico do Alto de S. Bento<\/p>\n<p><u>Telefone<\/u>: <a href=\"tel:+351266736163\" target=\"_blank\" rel=\"noopener\">+351 266 736 163<\/a> \u00abChamada para a rede fixa nacional\u00bb<\/p>\n<p><u>Email<\/u>: <a href=\"mailto:francisco.bilou@cm-evora.pt\" target=\"_blank\" rel=\"noopener\">francisco.bilou@cm-evora.pt<\/a> | <a href=\"mailto:elsa@cm-evora.pt\" target=\"_blank\" rel=\"noopener\">elsa@cm-evora.pt<\/a><\/p>\n<p>&nbsp;<\/p>\n<p>Consulte todos os Projetos\/A\u00e7\u00f5es Educativos deste recurso educativo em: <a href=\"https:\/\/www.cm-evora.pt\/municipe\/projetos-municipais\/pel-projeto-educativo-local\/projetos-educativos\/nucleo-museologico-do-alto-de-s-bento\/\" target=\"_blank\" rel=\"noopener\">Projetos Educativos<\/a>.<\/p>\n<p>&nbsp;<\/p>\n<\/div>\n<div>\n<p style=\"text-align: center\"><a href=\"https:\/\/youtu.be\/ib0mxTejbJ0\" target=\"_blank\" rel=\"noopener\">https:\/\/youtu.be\/ib0mxTejbJ0<\/a><\/p>\n<p>&nbsp;<\/p>\n<\/div>\n<p style=\"text-align: center\"><a href=\"https:\/\/youtu.be\/IIsKQJFZ9Nk\" target=\"_blank\" rel=\"noopener\">https:\/\/youtu.be\/IIsKQJFZ9Nk<\/a><\/p>\n<p>&nbsp;<\/p>\n<p style=\"text-align: center\"><a href=\"https:\/\/youtu.be\/dE27BWKLDuA\" target=\"_blank\" rel=\"noopener\">https:\/\/youtu.be\/dE27BWKLDuA<\/a><\/p>\n<p>&nbsp;<\/p>\n<p style=\"text-align: center\"><a href=\"https:\/\/youtu.be\/sy0Q94NBKR8\" target=\"_blank\" rel=\"noopener\">https:\/\/youtu.be\/sy0Q94NBKR8<\/a><\/p>\n<p>&nbsp;<\/p>","protected":false},"excerpt":{"rendered":"<p>&nbsp; Este Recurso Educativo Municipal integra atividades cient\u00edficas, ambientais, patrimoniais e c\u00edvicas. &nbsp; https:\/\/youtu.be\/BXe_R8z6Qio &nbsp; Promotor C\u00e2mara Municipal de \u00c9vora &#8211; Divis\u00e3o de Educa\u00e7\u00e3o e Interven\u00e7\u00e3o Social &nbsp; Respons\u00e1vel Francisco Bilou e Elsa Oliveira &nbsp; Entidades Parceiras Servi\u00e7os Municipais, Universidade de \u00c9vora e outros parceiros pontuais &nbsp; Objetivos Promo\u00e7\u00e3o de atividades l\u00fadicos-pedag\u00f3gicas no \u00e2mbito das [&hellip;]<\/p>\n","protected":false},"author":38,"featured_media":0,"parent":14904,"menu_order":0,"comment_status":"closed","ping_status":"closed","template":"templates-map\/component-text-layout1.php","meta":{"_acf_changed":false,"footnotes":""},"categories":[],"class_list":["post-14908","page","type-page","status-publish","hentry"],"acf":{"imagens":"","titulo_docs_seccao":"","documentos":[77297]},"_links":{"self":[{"href":"https:\/\/www.cm-evora.pt\/en\/wp-json\/wp\/v2\/pages\/14908","targetHints":{"allow":["GET"]}}],"collection":[{"href":"https:\/\/www.cm-evora.pt\/en\/wp-json\/wp\/v2\/pages"}],"about":[{"href":"https:\/\/www.cm-evora.pt\/en\/wp-json\/wp\/v2\/types\/page"}],"author":[{"embeddable":true,"href":"https:\/\/www.cm-evora.pt\/en\/wp-json\/wp\/v2\/users\/38"}],"replies":[{"embeddable":true,"href":"https:\/\/www.cm-evora.pt\/en\/wp-json\/wp\/v2\/comments?post=14908"}],"version-history":[{"count":40,"href":"https:\/\/www.cm-evora.pt\/en\/wp-json\/wp\/v2\/pages\/14908\/revisions"}],"predecessor-version":[{"id":79213,"href":"https:\/\/www.cm-evora.pt\/en\/wp-json\/wp\/v2\/pages\/14908\/revisions\/79213"}],"up":[{"embeddable":true,"href":"https:\/\/www.cm-evora.pt\/en\/wp-json\/wp\/v2\/pages\/14904"}],"acf:post":[{"embeddable":true,"href":"https:\/\/www.cm-evora.pt\/en\/wp-json\/wp\/v2\/listas_ficheiros\/77297"}],"wp:attachment":[{"href":"https:\/\/www.cm-evora.pt\/en\/wp-json\/wp\/v2\/media?parent=14908"}],"wp:term":[{"taxonomy":"category","embeddable":true,"href":"https:\/\/www.cm-evora.pt\/en\/wp-json\/wp\/v2\/categories?post=14908"}],"curies":[{"name":"wp","href":"https:\/\/api.w.org\/{rel}","templated":true}]}}