{"id":1500,"date":"2019-10-17T10:33:05","date_gmt":"2019-10-17T09:33:05","guid":{"rendered":"https:\/\/evora2.int.skilltech.pt\/susProjects\/wp_evora2_suite\/?page_id=1500"},"modified":"2024-01-18T11:01:13","modified_gmt":"2024-01-18T11:01:13","slug":"desenvolvimento-economico","status":"publish","type":"page","link":"https:\/\/www.cm-evora.pt\/en\/municipe\/areas-de-acao\/desenvolvimento-economico\/","title":{"rendered":"Desenvolvimento Econ\u00f3mico"},"content":{"rendered":"<p class=\"qtranxs-available-languages-message qtranxs-available-languages-message-en\">Sorry, this entry is only available in <a href=\"https:\/\/www.cm-evora.pt\/pt\/wp-json\/wp\/v2\/pages\/1500\" class=\"qtranxs-available-language-link qtranxs-available-language-link-pt\" title=\"Portugu\u00eas\">Portugu\u00eas<\/a>.<\/p><p><\/p>\n<p style=\"text-align: center\"><a href=\"https:\/\/www.cm-evora.pt\/wp-content\/uploads\/2020\/12\/Desenvolvimento-Economico-scaled.jpg\" target=\"_blank\" rel=\"noopener\"><img loading=\"lazy\" decoding=\"async\" class=\"alignnone wp-image-17011 size-full\" src=\"https:\/\/www.cm-evora.pt\/wp-content\/uploads\/2020\/12\/Desenvolvimento-Economico-scaled.jpg\" alt=\"\" width=\"2560\" height=\"1708\" srcset=\"https:\/\/www.cm-evora.pt\/wp-content\/uploads\/2020\/12\/Desenvolvimento-Economico-scaled.jpg 2560w, https:\/\/www.cm-evora.pt\/wp-content\/uploads\/2020\/12\/Desenvolvimento-Economico-300x200.jpg 300w, https:\/\/www.cm-evora.pt\/wp-content\/uploads\/2020\/12\/Desenvolvimento-Economico-1024x683.jpg 1024w, https:\/\/www.cm-evora.pt\/wp-content\/uploads\/2020\/12\/Desenvolvimento-Economico-768x512.jpg 768w, https:\/\/www.cm-evora.pt\/wp-content\/uploads\/2020\/12\/Desenvolvimento-Economico-1536x1025.jpg 1536w, https:\/\/www.cm-evora.pt\/wp-content\/uploads\/2020\/12\/Desenvolvimento-Economico-2048x1367.jpg 2048w, https:\/\/www.cm-evora.pt\/wp-content\/uploads\/2020\/12\/Desenvolvimento-Economico-1320x881.jpg 1320w\" sizes=\"auto, (max-width: 2560px) 100vw, 2560px\" \/><\/a><\/p>\n<p><strong>Prioridade ao Desenvolvimento Econ\u00f3mico<\/strong><\/p>\n<p><strong>Promover o desenvolvimento e o bem-estar das popula\u00e7\u00f5es \u00e9 uma das compet\u00eancias mais importantes do Poder Local. O papel das autarquias no quadro democr\u00e1tico de funcionamento das institui\u00e7\u00f5es n\u00e3o passa pela interven\u00e7\u00e3o direta na economia, j\u00e1 que o Poder Local n\u00e3o disp\u00f5e de compet\u00eancias, nem de meios ou de capacidades para tal. No entanto, a sua a\u00e7\u00e3o n\u00e3o deixa de ser fundamental para o desenvolvimento de cada unidade territorial nas diversas escalas de influ\u00eancia. Compete \u00e0s autarquias e \u00e9 esse o seu papel, conceber e implementar estrat\u00e9gias para o desenvolvimento econ\u00f3mico no seu territ\u00f3rio, nomeadamente atrav\u00e9s da cria\u00e7\u00e3o de condi\u00e7\u00f5es adequadas \u00e0 capta\u00e7\u00e3o do investimento em setores considerados estrat\u00e9gicos.<\/strong><\/p>\n<p>\u00c9vora tem assistido desde 2013 a um aumento significativo do n\u00famero de empresas instaladas, algumas com peso econ\u00f3mico significativo na economia local e at\u00e9 regional. A este facto n\u00e3o \u00e9 alheio o trabalho que tem sido desenvolvido pela C\u00e2mara Municipal de \u00c9vora: promovendo os contactos institucionais adequados, garantindo condi\u00e7\u00f5es ao n\u00edvel das infraestruturas necess\u00e1rias, melhorando e adaptando acessibilidades, estabelecendo parcerias institucionais e plataformas em torno do interesse p\u00fablico, proporcionando a quem quer investir, em suma, o necess\u00e1rio enquadramento na realidade local.<\/p>\n<p>Na base desta pr\u00e1tica est\u00e1 em grande medida a cria\u00e7\u00e3o e manuten\u00e7\u00e3o de Parques de Ind\u00fastria e Tecnologia modernos e adaptados \u00e0s necessidades das empresas, mas tamb\u00e9m o apoio \u00e0 cria\u00e7\u00e3o e suporte funcional de associa\u00e7\u00f5es e organismos p\u00fablicos vocacionados para acompanhar o nascimento e a evolu\u00e7\u00e3o de novas empresas. As infraestruturas de incuba\u00e7\u00e3o t\u00eam uma fun\u00e7\u00e3o muito importante pelo seu papel de est\u00edmulo \u00e0 capacidade criativa e empreendedora, com consequente moderniza\u00e7\u00e3o do tecido empresarial do Concelho e da Regi\u00e3o. O sucesso alcan\u00e7ado na cativa\u00e7\u00e3o de grandes investimentos, como \u00e9 o caso do Parque de Ind\u00fastria Aeron\u00e1utica, \u00e9 em si mesmo potenciador do nascimento de um n\u00famero consider\u00e1vel de pequenas empresas que \u00e9 importante apoiar.<\/p>","protected":false},"excerpt":{"rendered":"<p>Sorry, this entry is only available in Portugu\u00eas. Prioridade ao Desenvolvimento Econ\u00f3mico Promover o desenvolvimento e o bem-estar das popula\u00e7\u00f5es \u00e9 uma das compet\u00eancias mais importantes do Poder Local. O papel das autarquias no quadro democr\u00e1tico de funcionamento das institui\u00e7\u00f5es n\u00e3o passa pela interven\u00e7\u00e3o direta na economia, j\u00e1 que o Poder Local n\u00e3o disp\u00f5e de [&hellip;]<\/p>\n","protected":false},"author":1,"featured_media":0,"parent":1300,"menu_order":6,"comment_status":"closed","ping_status":"closed","template":"templates-map\/component-text-layout1.php","meta":{"_acf_changed":false,"footnotes":""},"categories":[],"class_list":["post-1500","page","type-page","status-publish","hentry"],"acf":{"imagens":"","titulo_docs_seccao":"","documentos":""},"_links":{"self":[{"href":"https:\/\/www.cm-evora.pt\/en\/wp-json\/wp\/v2\/pages\/1500","targetHints":{"allow":["GET"]}}],"collection":[{"href":"https:\/\/www.cm-evora.pt\/en\/wp-json\/wp\/v2\/pages"}],"about":[{"href":"https:\/\/www.cm-evora.pt\/en\/wp-json\/wp\/v2\/types\/page"}],"author":[{"embeddable":true,"href":"https:\/\/www.cm-evora.pt\/en\/wp-json\/wp\/v2\/users\/1"}],"replies":[{"embeddable":true,"href":"https:\/\/www.cm-evora.pt\/en\/wp-json\/wp\/v2\/comments?post=1500"}],"version-history":[{"count":4,"href":"https:\/\/www.cm-evora.pt\/en\/wp-json\/wp\/v2\/pages\/1500\/revisions"}],"predecessor-version":[{"id":56965,"href":"https:\/\/www.cm-evora.pt\/en\/wp-json\/wp\/v2\/pages\/1500\/revisions\/56965"}],"up":[{"embeddable":true,"href":"https:\/\/www.cm-evora.pt\/en\/wp-json\/wp\/v2\/pages\/1300"}],"wp:attachment":[{"href":"https:\/\/www.cm-evora.pt\/en\/wp-json\/wp\/v2\/media?parent=1500"}],"wp:term":[{"taxonomy":"category","embeddable":true,"href":"https:\/\/www.cm-evora.pt\/en\/wp-json\/wp\/v2\/categories?post=1500"}],"curies":[{"name":"wp","href":"https:\/\/api.w.org\/{rel}","templated":true}]}}