{"id":15202,"date":"2020-10-08T15:08:20","date_gmt":"2020-10-08T14:08:20","guid":{"rendered":"https:\/\/evora2.int.skilltech.pt\/susProjects\/wp_evora2_suite\/?page_id=15202"},"modified":"2025-11-11T10:54:24","modified_gmt":"2025-11-11T10:54:24","slug":"a-rede-social","status":"publish","type":"page","link":"https:\/\/www.cm-evora.pt\/en\/municipe\/areas-de-acao\/acao-social\/rede-social-clase\/a-rede-social\/","title":{"rendered":"(Portugu\u00eas) A Rede Social"},"content":{"rendered":"<p class=\"qtranxs-available-languages-message qtranxs-available-languages-message-en\">Sorry, this entry is only available in <a href=\"https:\/\/www.cm-evora.pt\/pt\/wp-json\/wp\/v2\/pages\/15202\" class=\"qtranxs-available-language-link qtranxs-available-language-link-pt\" title=\"Portugu\u00eas\">Portugu\u00eas<\/a>.<\/p><p><\/p>\n<p style=\"text-align: center\"><a href=\"https:\/\/www.cm-evora.pt\/wp-content\/uploads\/2020\/06\/clase639.jpg\" target=\"_blank\" rel=\"noopener\"><img loading=\"lazy\" decoding=\"async\" class=\"alignnone wp-image-6426 size-full\" src=\"https:\/\/www.cm-evora.pt\/wp-content\/uploads\/2020\/06\/clase639.jpg\" alt=\"\" width=\"639\" height=\"362\" srcset=\"https:\/\/www.cm-evora.pt\/wp-content\/uploads\/2020\/06\/clase639.jpg 639w, https:\/\/www.cm-evora.pt\/wp-content\/uploads\/2020\/06\/clase639-300x170.jpg 300w\" sizes=\"auto, (max-width: 639px) 100vw, 639px\" \/><\/a><\/p>\n<p>A Rede Social resulta da Resolu\u00e7\u00e3o do Conselho de Ministros de 197\/97, de 18 de novembro, sendo posteriormente regulamentada pelo Decreto-Lei 115\/2006, de 14 de junho. Encerra em si um papel fulcral enquanto estrutura priorit\u00e1ria e determinante da a\u00e7\u00e3o social municipal e concelhia, na implementa\u00e7\u00e3o e desenvolvimento de uma interven\u00e7\u00e3o estrat\u00e9gica e concertada nos diferentes problemas sociais, incentivando redes de resposta integrada de \u00e2mbito local, num quadro de desenvolvimento social sustent\u00e1vel e autorregulado.<\/p>\n<p>Entendida como f\u00f3rum de articula\u00e7\u00e3o e concerta\u00e7\u00e3o de respostas, a Rede Social tem como finalidade impulsionar o trabalho de parceria alargada, incindindo na planifica\u00e7\u00e3o estrat\u00e9gica da interven\u00e7\u00e3o social local envolvendo diversos atores sociais, procurando contribuir para a erradica\u00e7\u00e3o da pobreza e da exclus\u00e3o social e, logo, para o desenvolvimento social local.<\/p>\n<p>A rede social deve ser entendida como um modelo din\u00e2mico de organiza\u00e7\u00e3o e de trabalho em parceria que incutir\u00e1 maior efic\u00e1cia e efici\u00eancia \u00e0s respostas sociais e celeridade na resolu\u00e7\u00e3o dos problemas concretos dos cidad\u00e3os e das fam\u00edlias.<\/p>\n<p>&nbsp;<\/p>\n<p><strong>Objetivos estrat\u00e9gicos da Rede Social<\/strong><\/p>\n<ul>\n<li style=\"list-style-type: none\">\n<ul>\n<li>Fomentar uma rede de parcerias din\u00e2mica entre entidades p\u00fablicas e entidades privadas que promova a efetiva articula\u00e7\u00e3o entre os diferentes atores sociais locais;<\/li>\n<li>Promover o planeamento estrat\u00e9gico da interven\u00e7\u00e3o social local, assente na concerta\u00e7\u00e3o local das respostas e na rentabiliza\u00e7\u00e3o dos recursos existentes.<\/li>\n<\/ul>\n<\/li>\n<\/ul>\n<p>&nbsp;<\/p>\n<p><strong>Objetivos espec\u00edficos da Rede Social<\/strong><\/p>\n<ul>\n<li style=\"list-style-type: none\">\n<ul>\n<li>Desenvolver a\u00e7\u00f5es de combate \u00e0 pobreza e \u00e0 exclus\u00e3o social, promovendo a inclus\u00e3o e coes\u00e3o sociais;<\/li>\n<li>Promover o desenvolvimento social integrado, atrav\u00e9s do planeamento integrado e sistem\u00e1tico, potenciando sinergias, compet\u00eancias e recursos;<\/li>\n<li>Garantir uma maior efic\u00e1cia e uma melhor cobertura do conjunto de respostas e equipamentos sociais ao n\u00edvel local;<\/li>\n<li>Criar canais regulares de comunica\u00e7\u00e3o e informa\u00e7\u00e3o entre os parceiros e a popula\u00e7\u00e3o em geral.<\/li>\n<\/ul>\n<\/li>\n<\/ul>\n<p>&nbsp;<\/p>\n<p><strong>Princ\u00edpios de atua\u00e7\u00e3o:<\/strong><\/p>\n<ul>\n<li style=\"list-style-type: none\">\n<ul>\n<li>Princ\u00edpio da subsidiariedade \u2013 tomada de decis\u00f5es junto das popula\u00e7\u00f5es e territorializa\u00e7\u00e3o dos recursos e compet\u00eancias;<\/li>\n<li>Princ\u00edpio da integra\u00e7\u00e3o \u2013 desenvolvimento de projetos locais de desenvolvimento integrado atrav\u00e9s da congrega\u00e7\u00e3o dos recursos da comunidade;<\/li>\n<li>Princ\u00edpio da articula\u00e7\u00e3o \u2013 trabalho de parceria articulado entre os diversos agentes com atividade no territ\u00f3rio, tendo por base a coopera\u00e7\u00e3o e a partilha de responsabilidades;<\/li>\n<li>Princ\u00edpio da participa\u00e7\u00e3o \u2013 envolvimento de todos os atores sociais e da popula\u00e7\u00e3o;<\/li>\n<li>Princ\u00edpio da inova\u00e7\u00e3o \u2013 mudan\u00e7a de atitudes e cultura institucional e a aquisi\u00e7\u00e3o de novos saberes, inovando os processos de trabalho, as pr\u00e1ticas e os modelos de interven\u00e7\u00e3o mediante aquilo que s\u00e3o as novas problem\u00e1ticas e as altera\u00e7\u00f5es sociais;<\/li>\n<li>Princ\u00edpio da igualdade.<\/li>\n<\/ul>\n<\/li>\n<\/ul>\n<p>&nbsp;<\/p>\n<p style=\"text-align: center\"><a href=\"https:\/\/www.cm-evora.pt\/wp-content\/uploads\/2020\/10\/grafico.jpg\" target=\"_blank\" rel=\"noopener\"><img loading=\"lazy\" decoding=\"async\" class=\"alignnone wp-image-15223\" src=\"https:\/\/www.cm-evora.pt\/wp-content\/uploads\/2020\/10\/grafico.jpg\" alt=\"\" width=\"717\" height=\"429\" srcset=\"https:\/\/www.cm-evora.pt\/wp-content\/uploads\/2020\/10\/grafico.jpg 583w, https:\/\/www.cm-evora.pt\/wp-content\/uploads\/2020\/10\/grafico-300x180.jpg 300w\" sizes=\"auto, (max-width: 717px) 100vw, 717px\" \/><\/a><\/p>\n<p>&nbsp;<\/p>","protected":false},"excerpt":{"rendered":"<p>Sorry, this entry is only available in Portugu\u00eas. A Rede Social resulta da Resolu\u00e7\u00e3o do Conselho de Ministros de 197\/97, de 18 de novembro, sendo posteriormente regulamentada pelo Decreto-Lei 115\/2006, de 14 de junho. Encerra em si um papel fulcral enquanto estrutura priorit\u00e1ria e determinante da a\u00e7\u00e3o social municipal e concelhia, na implementa\u00e7\u00e3o e desenvolvimento [&hellip;]<\/p>\n","protected":false},"author":38,"featured_media":0,"parent":6248,"menu_order":0,"comment_status":"closed","ping_status":"closed","template":"templates-map\/component-text-layout1.php","meta":{"_acf_changed":false,"footnotes":""},"categories":[],"class_list":["post-15202","page","type-page","status-publish","hentry"],"acf":{"imagens":"","titulo_docs_seccao":"","documentos":""},"_links":{"self":[{"href":"https:\/\/www.cm-evora.pt\/en\/wp-json\/wp\/v2\/pages\/15202","targetHints":{"allow":["GET"]}}],"collection":[{"href":"https:\/\/www.cm-evora.pt\/en\/wp-json\/wp\/v2\/pages"}],"about":[{"href":"https:\/\/www.cm-evora.pt\/en\/wp-json\/wp\/v2\/types\/page"}],"author":[{"embeddable":true,"href":"https:\/\/www.cm-evora.pt\/en\/wp-json\/wp\/v2\/users\/38"}],"replies":[{"embeddable":true,"href":"https:\/\/www.cm-evora.pt\/en\/wp-json\/wp\/v2\/comments?post=15202"}],"version-history":[{"count":12,"href":"https:\/\/www.cm-evora.pt\/en\/wp-json\/wp\/v2\/pages\/15202\/revisions"}],"predecessor-version":[{"id":79133,"href":"https:\/\/www.cm-evora.pt\/en\/wp-json\/wp\/v2\/pages\/15202\/revisions\/79133"}],"up":[{"embeddable":true,"href":"https:\/\/www.cm-evora.pt\/en\/wp-json\/wp\/v2\/pages\/6248"}],"wp:attachment":[{"href":"https:\/\/www.cm-evora.pt\/en\/wp-json\/wp\/v2\/media?parent=15202"}],"wp:term":[{"taxonomy":"category","embeddable":true,"href":"https:\/\/www.cm-evora.pt\/en\/wp-json\/wp\/v2\/categories?post=15202"}],"curies":[{"name":"wp","href":"https:\/\/api.w.org\/{rel}","templated":true}]}}