{"id":15206,"date":"2020-10-08T15:21:06","date_gmt":"2020-10-08T14:21:06","guid":{"rendered":"https:\/\/evora2.int.skilltech.pt\/susProjects\/wp_evora2_suite\/?page_id=15206"},"modified":"2026-03-09T09:38:16","modified_gmt":"2026-03-09T09:38:16","slug":"clase","status":"publish","type":"page","link":"https:\/\/www.cm-evora.pt\/en\/municipe\/areas-de-acao\/acao-social\/rede-social-clase\/clase\/","title":{"rendered":"(Portugu\u00eas) CLASE &#8211; Conselho Local de A\u00e7\u00e3o Social"},"content":{"rendered":"<p class=\"qtranxs-available-languages-message qtranxs-available-languages-message-en\">Sorry, this entry is only available in <a href=\"https:\/\/www.cm-evora.pt\/pt\/wp-json\/wp\/v2\/pages\/15206\" class=\"qtranxs-available-language-link qtranxs-available-language-link-pt\" title=\"Portugu\u00eas\">Portugu\u00eas<\/a>.<\/p><p><\/p>\n<p style=\"text-align: center\"><a href=\"https:\/\/www.cm-evora.pt\/wp-content\/uploads\/2020\/10\/CLASE.jpg\" target=\"_blank\" rel=\"noopener\"><img loading=\"lazy\" decoding=\"async\" class=\"alignnone wp-image-15225 size-full\" src=\"https:\/\/www.cm-evora.pt\/wp-content\/uploads\/2020\/10\/CLASE.jpg\" alt=\"\" width=\"639\" height=\"362\" srcset=\"https:\/\/www.cm-evora.pt\/wp-content\/uploads\/2020\/10\/CLASE.jpg 639w, https:\/\/www.cm-evora.pt\/wp-content\/uploads\/2020\/10\/CLASE-300x170.jpg 300w\" sizes=\"auto, (max-width: 639px) 100vw, 639px\" \/><\/a><\/p>\n<p>O Conselho Local de A\u00e7\u00e3o de Social do Conselho de \u00c9vora \u00e9 composto por 120 institui\u00e7\u00f5es, conforme listagem abaixo.<\/p>\n<p>Funciona em plen\u00e1rio e \u00e9 presidido pela Vereadora Carmen Carvalheira da C\u00e2mara Municipal de \u00c9vora.<\/p>\n<p>Tem como principais compet\u00eancias:<\/p>\n<ul>\n<li style=\"list-style-type: none\">\n<ul>\n<li>Fomentar a articula\u00e7\u00e3o entre os organismos p\u00fablicos e entidades privadas, visando uma atua\u00e7\u00e3o concertada na preven\u00e7\u00e3o e resolu\u00e7\u00e3o dos problemas locais de exclus\u00e3o social;<\/li>\n<li>Promover e garantir a realiza\u00e7\u00e3o participada do diagn\u00f3stico social, do plano de desenvolvimento social e do respetivo plano de a\u00e7\u00e3o anual;<\/li>\n<li>Promover a participa\u00e7\u00e3o dos parceiros e facultar toda a informa\u00e7\u00e3o necess\u00e1ria para a correta atualiza\u00e7\u00e3o do sistema de informa\u00e7\u00e3o nacional a disponibilizar pelo ISS, IP;<\/li>\n<li>Apreciar as quest\u00f5es e propostas que sejam apresentadas pelas Comiss\u00f5es Sociais de Freguesia, ou por outras entidades, e procurar as solu\u00e7\u00f5es necess\u00e1rias mediante a participa\u00e7\u00e3o de entidades competentes representadas, ou n\u00e3o, no CLAS;<\/li>\n<li>Avocar e deliberar sobre qualquer parecer emitido pelo N\u00facleo Executivo;<\/li>\n<li>Realizar a\u00e7\u00f5es de informa\u00e7\u00e3o e forma\u00e7\u00e3o e outras iniciativas que visem uma melhor consci\u00eancia coletiva dos problemas sociais.<\/li>\n<\/ul>\n<\/li>\n<\/ul>\n<p>&nbsp;<\/p>","protected":false},"excerpt":{"rendered":"<p>Sorry, this entry is only available in Portugu\u00eas. O Conselho Local de A\u00e7\u00e3o de Social do Conselho de \u00c9vora \u00e9 composto por 120 institui\u00e7\u00f5es, conforme listagem abaixo. Funciona em plen\u00e1rio e \u00e9 presidido pela Vereadora Carmen Carvalheira da C\u00e2mara Municipal de \u00c9vora. Tem como principais compet\u00eancias: Fomentar a articula\u00e7\u00e3o entre os organismos p\u00fablicos e entidades [&hellip;]<\/p>\n","protected":false},"author":38,"featured_media":0,"parent":6248,"menu_order":1,"comment_status":"closed","ping_status":"closed","template":"templates-map\/component-text-list-layout2.php","meta":{"_acf_changed":false,"footnotes":""},"categories":[],"class_list":["post-15206","page","type-page","status-publish","hentry"],"acf":[],"_links":{"self":[{"href":"https:\/\/www.cm-evora.pt\/en\/wp-json\/wp\/v2\/pages\/15206","targetHints":{"allow":["GET"]}}],"collection":[{"href":"https:\/\/www.cm-evora.pt\/en\/wp-json\/wp\/v2\/pages"}],"about":[{"href":"https:\/\/www.cm-evora.pt\/en\/wp-json\/wp\/v2\/types\/page"}],"author":[{"embeddable":true,"href":"https:\/\/www.cm-evora.pt\/en\/wp-json\/wp\/v2\/users\/38"}],"replies":[{"embeddable":true,"href":"https:\/\/www.cm-evora.pt\/en\/wp-json\/wp\/v2\/comments?post=15206"}],"version-history":[{"count":8,"href":"https:\/\/www.cm-evora.pt\/en\/wp-json\/wp\/v2\/pages\/15206\/revisions"}],"predecessor-version":[{"id":82220,"href":"https:\/\/www.cm-evora.pt\/en\/wp-json\/wp\/v2\/pages\/15206\/revisions\/82220"}],"up":[{"embeddable":true,"href":"https:\/\/www.cm-evora.pt\/en\/wp-json\/wp\/v2\/pages\/6248"}],"wp:attachment":[{"href":"https:\/\/www.cm-evora.pt\/en\/wp-json\/wp\/v2\/media?parent=15206"}],"wp:term":[{"taxonomy":"category","embeddable":true,"href":"https:\/\/www.cm-evora.pt\/en\/wp-json\/wp\/v2\/categories?post=15206"}],"curies":[{"name":"wp","href":"https:\/\/api.w.org\/{rel}","templated":true}]}}