{"id":15208,"date":"2020-10-08T15:22:33","date_gmt":"2020-10-08T14:22:33","guid":{"rendered":"https:\/\/evora2.int.skilltech.pt\/susProjects\/wp_evora2_suite\/?page_id=15208"},"modified":"2025-09-26T10:12:33","modified_gmt":"2025-09-26T09:12:33","slug":"planos-de-acao-documentos-e-legislacao","status":"publish","type":"page","link":"https:\/\/www.cm-evora.pt\/en\/municipe\/areas-de-acao\/acao-social\/rede-social-clase\/planos-de-acao-documentos-e-legislacao\/","title":{"rendered":"Planos de A\u00e7\u00e3o, Documentos e Legisla\u00e7\u00e3o"},"content":{"rendered":"<p style=\"text-align: center\"><a href=\"https:\/\/www.cm-evora.pt\/wp-content\/uploads\/2020\/10\/documentos.jpg\"><img loading=\"lazy\" decoding=\"async\" class=\"alignnone wp-image-15231 size-full\" src=\"https:\/\/www.cm-evora.pt\/wp-content\/uploads\/2020\/10\/documentos.jpg\" alt=\"\" width=\"639\" height=\"362\" srcset=\"https:\/\/www.cm-evora.pt\/wp-content\/uploads\/2020\/10\/documentos.jpg 639w, https:\/\/www.cm-evora.pt\/wp-content\/uploads\/2020\/10\/documentos-300x170.jpg 300w\" sizes=\"auto, (max-width: 639px) 100vw, 639px\" \/><\/a><\/p>\n<p>&nbsp;<\/p>\n<p><a href=\"https:\/\/www.cm-evora.pt\/wp-content\/uploads\/2025\/09\/Plano-Concelhio-Cuidadores-Informais_v4_Junho_2025-002_RELATORIO.pdf\" target=\"_blank\" rel=\"noopener\">Plano Concelhio para Cuidadores Informais de \u00c9vora.pdf<\/a><\/p>\n<p><a href=\"https:\/\/www.cm-evora.pt\/wp-content\/uploads\/2025\/09\/consulta-publica.docx\" target=\"_blank\" rel=\"noopener\">Ausculta\u00e7\u00e3o P\u00fablica do Plano Concelhio de Cuidadores Informais de \u00c9vora.docx<\/a><\/p>\n","protected":false},"excerpt":{"rendered":"<p>&nbsp; Plano Concelhio para Cuidadores Informais de \u00c9vora.pdf Ausculta\u00e7\u00e3o P\u00fablica do Plano Concelhio de Cuidadores Informais de \u00c9vora.docx<\/p>\n","protected":false},"author":38,"featured_media":0,"parent":6248,"menu_order":2,"comment_status":"closed","ping_status":"closed","template":"templates-map\/component-text-list-layout1.php","meta":{"_acf_changed":false,"footnotes":""},"categories":[],"class_list":["post-15208","page","type-page","status-publish","hentry"],"acf":[],"_links":{"self":[{"href":"https:\/\/www.cm-evora.pt\/en\/wp-json\/wp\/v2\/pages\/15208","targetHints":{"allow":["GET"]}}],"collection":[{"href":"https:\/\/www.cm-evora.pt\/en\/wp-json\/wp\/v2\/pages"}],"about":[{"href":"https:\/\/www.cm-evora.pt\/en\/wp-json\/wp\/v2\/types\/page"}],"author":[{"embeddable":true,"href":"https:\/\/www.cm-evora.pt\/en\/wp-json\/wp\/v2\/users\/38"}],"replies":[{"embeddable":true,"href":"https:\/\/www.cm-evora.pt\/en\/wp-json\/wp\/v2\/comments?post=15208"}],"version-history":[{"count":11,"href":"https:\/\/www.cm-evora.pt\/en\/wp-json\/wp\/v2\/pages\/15208\/revisions"}],"predecessor-version":[{"id":78008,"href":"https:\/\/www.cm-evora.pt\/en\/wp-json\/wp\/v2\/pages\/15208\/revisions\/78008"}],"up":[{"embeddable":true,"href":"https:\/\/www.cm-evora.pt\/en\/wp-json\/wp\/v2\/pages\/6248"}],"wp:attachment":[{"href":"https:\/\/www.cm-evora.pt\/en\/wp-json\/wp\/v2\/media?parent=15208"}],"wp:term":[{"taxonomy":"category","embeddable":true,"href":"https:\/\/www.cm-evora.pt\/en\/wp-json\/wp\/v2\/categories?post=15208"}],"curies":[{"name":"wp","href":"https:\/\/api.w.org\/{rel}","templated":true}]}}