{"id":15210,"date":"2020-10-08T15:23:27","date_gmt":"2020-10-08T14:23:27","guid":{"rendered":"https:\/\/evora2.int.skilltech.pt\/susProjects\/wp_evora2_suite\/?page_id=15210"},"modified":"2023-01-05T15:10:48","modified_gmt":"2023-01-05T15:10:48","slug":"unidades-de-rede","status":"publish","type":"page","link":"https:\/\/www.cm-evora.pt\/en\/municipe\/areas-de-acao\/acao-social\/rede-social-clase\/unidades-de-rede\/","title":{"rendered":"(Portugu\u00eas) Unidades de Rede"},"content":{"rendered":"<p class=\"qtranxs-available-languages-message qtranxs-available-languages-message-en\">Sorry, this entry is only available in <a href=\"https:\/\/www.cm-evora.pt\/pt\/wp-json\/wp\/v2\/pages\/15210\" class=\"qtranxs-available-language-link qtranxs-available-language-link-pt\" title=\"Portugu\u00eas\">Portugu\u00eas<\/a>.<\/p><p><\/p>\n<p style=\"text-align: center\"><a href=\"https:\/\/www.cm-evora.pt\/wp-content\/uploads\/2023\/01\/CLASE2.jpg\" target=\"_blank\" rel=\"noopener\"><img loading=\"lazy\" decoding=\"async\" class=\"alignnone wp-image-44312 size-full\" src=\"https:\/\/www.cm-evora.pt\/wp-content\/uploads\/2023\/01\/CLASE2.jpg\" alt=\"\" width=\"1920\" height=\"1135\" srcset=\"https:\/\/www.cm-evora.pt\/wp-content\/uploads\/2023\/01\/CLASE2.jpg 1920w, https:\/\/www.cm-evora.pt\/wp-content\/uploads\/2023\/01\/CLASE2-300x177.jpg 300w, https:\/\/www.cm-evora.pt\/wp-content\/uploads\/2023\/01\/CLASE2-1024x605.jpg 1024w, https:\/\/www.cm-evora.pt\/wp-content\/uploads\/2023\/01\/CLASE2-768x454.jpg 768w, https:\/\/www.cm-evora.pt\/wp-content\/uploads\/2023\/01\/CLASE2-1536x908.jpg 1536w, https:\/\/www.cm-evora.pt\/wp-content\/uploads\/2023\/01\/CLASE2-1320x780.jpg 1320w\" sizes=\"auto, (max-width: 1920px) 100vw, 1920px\" \/><\/a><\/p>\n<p><span class=\"ms-rteFontSize-2\">As Unidades de Rede (UR) s\u00e3o \u00f3rg\u00e3os de di\u00e1logo interinstitucional para a promo\u00e7\u00e3o de objetivos comuns, constituindo-se como um f\u00f3rum privilegiado para a discuss\u00e3o de quest\u00f5es concretas relacionadas com as esferas de interven\u00e7\u00e3o das institui\u00e7\u00f5es. Cada parceiro conserva a sua especificidade, mas disponibiliza-se para realizar projetos e a\u00e7\u00f5es em conjunto, em fun\u00e7\u00e3o das principais problem\u00e1ticas vertidas nos documentos de planeamento social, ou de problemas sociais emergentes no concelho, cuja articula\u00e7\u00e3o de respostas e recursos impera.<\/span><\/p>\n<p><span class=\"ms-rteFontSize-2\">As Unidades de Rede, atrav\u00e9s dos intervenientes locais, t\u00eam como miss\u00e3o abordar os problemas sociais de uma forma integrada e transversal, valorizando as a\u00e7\u00f5es que promovam a confian\u00e7a, a lideran\u00e7a, a coopera\u00e7\u00e3o e a participa\u00e7\u00e3o no \u00e2mbito da interven\u00e7\u00e3o social no concelho.<\/span><\/p>","protected":false},"excerpt":{"rendered":"<p>Sorry, this entry is only available in Portugu\u00eas. As Unidades de Rede (UR) s\u00e3o \u00f3rg\u00e3os de di\u00e1logo interinstitucional para a promo\u00e7\u00e3o de objetivos comuns, constituindo-se como um f\u00f3rum privilegiado para a discuss\u00e3o de quest\u00f5es concretas relacionadas com as esferas de interven\u00e7\u00e3o das institui\u00e7\u00f5es. Cada parceiro conserva a sua especificidade, mas disponibiliza-se para realizar projetos e [&hellip;]<\/p>\n","protected":false},"author":38,"featured_media":0,"parent":6248,"menu_order":3,"comment_status":"closed","ping_status":"closed","template":"templates-map\/component-text-list-layout1.php","meta":{"_acf_changed":false,"footnotes":""},"categories":[],"class_list":["post-15210","page","type-page","status-publish","hentry"],"acf":[],"_links":{"self":[{"href":"https:\/\/www.cm-evora.pt\/en\/wp-json\/wp\/v2\/pages\/15210","targetHints":{"allow":["GET"]}}],"collection":[{"href":"https:\/\/www.cm-evora.pt\/en\/wp-json\/wp\/v2\/pages"}],"about":[{"href":"https:\/\/www.cm-evora.pt\/en\/wp-json\/wp\/v2\/types\/page"}],"author":[{"embeddable":true,"href":"https:\/\/www.cm-evora.pt\/en\/wp-json\/wp\/v2\/users\/38"}],"replies":[{"embeddable":true,"href":"https:\/\/www.cm-evora.pt\/en\/wp-json\/wp\/v2\/comments?post=15210"}],"version-history":[{"count":8,"href":"https:\/\/www.cm-evora.pt\/en\/wp-json\/wp\/v2\/pages\/15210\/revisions"}],"predecessor-version":[{"id":44314,"href":"https:\/\/www.cm-evora.pt\/en\/wp-json\/wp\/v2\/pages\/15210\/revisions\/44314"}],"up":[{"embeddable":true,"href":"https:\/\/www.cm-evora.pt\/en\/wp-json\/wp\/v2\/pages\/6248"}],"wp:attachment":[{"href":"https:\/\/www.cm-evora.pt\/en\/wp-json\/wp\/v2\/media?parent=15210"}],"wp:term":[{"taxonomy":"category","embeddable":true,"href":"https:\/\/www.cm-evora.pt\/en\/wp-json\/wp\/v2\/categories?post=15210"}],"curies":[{"name":"wp","href":"https:\/\/api.w.org\/{rel}","templated":true}]}}