{"id":15212,"date":"2020-10-08T15:24:32","date_gmt":"2020-10-08T14:24:32","guid":{"rendered":"https:\/\/evora2.int.skilltech.pt\/susProjects\/wp_evora2_suite\/?page_id=15212"},"modified":"2023-01-05T15:15:39","modified_gmt":"2023-01-05T15:15:39","slug":"grupo-de-trabalho-para-a-deficiencia","status":"publish","type":"page","link":"https:\/\/www.cm-evora.pt\/en\/municipe\/areas-de-acao\/acao-social\/rede-social-clase\/grupo-de-trabalho-para-a-deficiencia\/","title":{"rendered":"(Portugu\u00eas) Grupo de Trabalho para a Defici\u00eancia"},"content":{"rendered":"<p class=\"qtranxs-available-languages-message qtranxs-available-languages-message-en\">Sorry, this entry is only available in <a href=\"https:\/\/www.cm-evora.pt\/pt\/wp-json\/wp\/v2\/pages\/15212\" class=\"qtranxs-available-language-link qtranxs-available-language-link-pt\" title=\"Portugu\u00eas\">Portugu\u00eas<\/a>.<\/p><p><\/p>\n<p style=\"text-align: center\"><a href=\"https:\/\/www.cm-evora.pt\/wp-content\/uploads\/2020\/12\/clase2_reduzida-1.jpg\"><img loading=\"lazy\" decoding=\"async\" class=\"alignnone size-full wp-image-16906\" src=\"https:\/\/www.cm-evora.pt\/wp-content\/uploads\/2020\/12\/clase2_reduzida-1.jpg\" alt=\"\" width=\"674\" height=\"450\" srcset=\"https:\/\/www.cm-evora.pt\/wp-content\/uploads\/2020\/12\/clase2_reduzida-1.jpg 674w, https:\/\/www.cm-evora.pt\/wp-content\/uploads\/2020\/12\/clase2_reduzida-1-300x200.jpg 300w\" sizes=\"auto, (max-width: 674px) 100vw, 674px\" \/><\/a><\/p>\n<p><span style=\"font-weight: 400\">Conscientes da import\u00e2ncia da interven\u00e7\u00e3o na \u00e1rea da defici\u00eancia, bem como da necessidade de dar visibilidade a esta tem\u00e1tica, enquanto central para a promo\u00e7\u00e3o dos princ\u00edpios da inclus\u00e3o, acesso a direitos e oportunidades para todos, o Conselho Local de A\u00e7\u00e3o Social de \u00c9vora, integrou no seu Plano de A\u00e7\u00e3o 2020 a constitui\u00e7\u00e3o de um grupo de trabalho multi-institucional para a \u00e1rea da defici\u00eancia que, colaborativamente refletisse sobre as necessidades de interven\u00e7\u00e3o no territ\u00f3rio e que desse execu\u00e7\u00e3o ao conjunto de a\u00e7\u00f5es que preconizassem estes princ\u00edpios.<\/span><\/p>\n<p><span style=\"font-weight: 400\">Este Grupo de Trabalho \u00e9 composto pelas seguintes entidades e organiza\u00e7\u00f5es:\u00a0<\/span><\/p>\n<ul>\n<li style=\"list-style-type: none\">\n<ul>\n<li style=\"font-weight: 400\"><span style=\"font-weight: 400\">C\u00e2mara Municipal de \u00c9vora,<\/span><\/li>\n<li><span style=\"font-weight: 400\">Associa\u00e7\u00e3o de Paralisia Cerebral de \u00c9vora \u2013 APCE,<\/span><\/li>\n<li style=\"font-weight: 400\"><span style=\"font-weight: 400\">Associa\u00e7\u00e3o Portuguesa de Pais e Amigos do Cidad\u00e3o Deficiente Mental de \u00c9vora \u2013 APPACDM,<\/span><\/li>\n<li style=\"font-weight: 400\"><span style=\"font-weight: 400\">Associa\u00e7\u00e3o de Reabilita\u00e7\u00e3o, Apoio e Solidariedade de \u00c9vora \u2013 ARASS,<\/span><\/li>\n<li style=\"font-weight: 400\"><span style=\"font-weight: 400\">Associa\u00e7\u00e3o Sociocultural e Terap\u00eautica de \u00c9vora \u2013 ASCTE,<\/span><\/li>\n<li>Associa\u00e7\u00e3o de Surdos de \u00c9vora <span style=\"font-weight: 400\">\u2013<\/span> ASE,<\/li>\n<li style=\"font-weight: 400\"><span style=\"font-weight: 400\">Cooperativa para a Educa\u00e7\u00e3o, Reabilita\u00e7\u00e3o e Inser\u00e7\u00e3o de Cidad\u00e3os Inadaptados de \u00c9vora, Crl \u2013 CERCIDIANA,<\/span><\/li>\n<li style=\"font-weight: 400\"><span style=\"font-weight: 400\">Movimento F\u00e9 e Luz,<\/span><\/li>\n<li>Sociedade Portuguesa de Esclerose M\u00faltipla &#8211; SPEM &#8211; Delega\u00e7\u00e3o de \u00c9vora.<\/li>\n<\/ul>\n<\/li>\n<\/ul>\n<p>&nbsp;<\/p>\n<p><span style=\"font-weight: 400\">O Grupo de Trabalho tem como principais objetivos contribuir para a divulga\u00e7\u00e3o da Conven\u00e7\u00e3o dos Direitos das Pessoas com Defici\u00eancia, planificar e concretizar atividades que permitam contribuir para promover a autonomia da pessoa com defici\u00eancia, permitindo-lhe o acesso a uma vida digna, independente e livre, atrav\u00e9s da sua inclus\u00e3o na sociedade.<\/span><\/p>\n<p><span style=\"font-weight: 400\">Esta p\u00e1gina proporciona a cada uma das institui\u00e7\u00f5es parceiras divulgar, informar e partilhar conte\u00fados originais da sua responsabilidade, bem como da atua\u00e7\u00e3o desenvolvida pelo grupo.<\/span><\/p>","protected":false},"excerpt":{"rendered":"<p>Sorry, this entry is only available in Portugu\u00eas. Conscientes da import\u00e2ncia da interven\u00e7\u00e3o na \u00e1rea da defici\u00eancia, bem como da necessidade de dar visibilidade a esta tem\u00e1tica, enquanto central para a promo\u00e7\u00e3o dos princ\u00edpios da inclus\u00e3o, acesso a direitos e oportunidades para todos, o Conselho Local de A\u00e7\u00e3o Social de \u00c9vora, integrou no seu Plano [&hellip;]<\/p>\n","protected":false},"author":38,"featured_media":0,"parent":6248,"menu_order":4,"comment_status":"closed","ping_status":"closed","template":"templates-map\/component-text-list-layout1.php","meta":{"_acf_changed":false,"footnotes":""},"categories":[],"class_list":["post-15212","page","type-page","status-publish","hentry"],"acf":[],"_links":{"self":[{"href":"https:\/\/www.cm-evora.pt\/en\/wp-json\/wp\/v2\/pages\/15212","targetHints":{"allow":["GET"]}}],"collection":[{"href":"https:\/\/www.cm-evora.pt\/en\/wp-json\/wp\/v2\/pages"}],"about":[{"href":"https:\/\/www.cm-evora.pt\/en\/wp-json\/wp\/v2\/types\/page"}],"author":[{"embeddable":true,"href":"https:\/\/www.cm-evora.pt\/en\/wp-json\/wp\/v2\/users\/38"}],"replies":[{"embeddable":true,"href":"https:\/\/www.cm-evora.pt\/en\/wp-json\/wp\/v2\/comments?post=15212"}],"version-history":[{"count":11,"href":"https:\/\/www.cm-evora.pt\/en\/wp-json\/wp\/v2\/pages\/15212\/revisions"}],"predecessor-version":[{"id":44201,"href":"https:\/\/www.cm-evora.pt\/en\/wp-json\/wp\/v2\/pages\/15212\/revisions\/44201"}],"up":[{"embeddable":true,"href":"https:\/\/www.cm-evora.pt\/en\/wp-json\/wp\/v2\/pages\/6248"}],"wp:attachment":[{"href":"https:\/\/www.cm-evora.pt\/en\/wp-json\/wp\/v2\/media?parent=15212"}],"wp:term":[{"taxonomy":"category","embeddable":true,"href":"https:\/\/www.cm-evora.pt\/en\/wp-json\/wp\/v2\/categories?post=15212"}],"curies":[{"name":"wp","href":"https:\/\/api.w.org\/{rel}","templated":true}]}}