{"id":15495,"date":"2020-10-15T13:19:01","date_gmt":"2020-10-15T12:19:01","guid":{"rendered":"https:\/\/evora2.int.skilltech.pt\/susProjects\/wp_evora2_suite\/?page_id=15495"},"modified":"2023-01-06T15:50:29","modified_gmt":"2023-01-06T15:50:29","slug":"conheca-o-centro-de-convivio-da-cme","status":"publish","type":"page","link":"https:\/\/www.cm-evora.pt\/en\/municipe\/areas-de-acao\/acao-social\/centro-de-convivio-da-cme\/conheca-o-centro-de-convivio-da-cme\/","title":{"rendered":"(Portugu\u00eas) Conhe\u00e7a o Centro de Conv\u00edvio da CME"},"content":{"rendered":"<p class=\"qtranxs-available-languages-message qtranxs-available-languages-message-en\">Sorry, this entry is only available in <a href=\"https:\/\/www.cm-evora.pt\/pt\/wp-json\/wp\/v2\/pages\/15495\" class=\"qtranxs-available-language-link qtranxs-available-language-link-pt\" title=\"Portugu\u00eas\">Portugu\u00eas<\/a>.<\/p><p><\/p>\n<div style=\"text-align: center\"><a href=\"https:\/\/www.cm-evora.pt\/wp-content\/uploads\/2020\/10\/centro-de-conv\u00edvio-CME.jpg\" target=\"_blank\" rel=\"noopener\"><img loading=\"lazy\" decoding=\"async\" class=\"alignnone wp-image-15498 size-full\" src=\"https:\/\/www.cm-evora.pt\/wp-content\/uploads\/2020\/10\/centro-de-conv\u00edvio-CME.jpg\" alt=\"\" width=\"639\" height=\"362\" srcset=\"https:\/\/www.cm-evora.pt\/wp-content\/uploads\/2020\/10\/centro-de-conv\u00edvio-CME.jpg 639w, https:\/\/www.cm-evora.pt\/wp-content\/uploads\/2020\/10\/centro-de-conv\u00edvio-CME-300x170.jpg 300w\" sizes=\"auto, (max-width: 639px) 100vw, 639px\" \/><\/a><\/div>\n<div style=\"text-align: center\"><\/div>\n<div><\/div>\n<p>&nbsp;<\/p>\n<div>\n<p>O Centro de Conv\u00edvio da C\u00e2mara Municipal de \u00c9vora \u00e9 uma resposta social, desenvolvida em equipamento, de apoio a atividades informativas, s\u00f3cio recreativas e culturais, organizadas e dinamizadas com a participa\u00e7\u00e3o dos seus utentes, do concelho de \u00c9vora.<\/p>\n<p>&nbsp;<\/p>\n<p>Este tipo de resposta social n\u00e3o tem legisla\u00e7\u00e3o aplic\u00e1vel, pelo que o documento apresentado consiste no ep\u00edtome de v\u00e1rios documentos consultados, procurando-se construir um manual de procedimentos que considere o que de mais avan\u00e7ado h\u00e1 em guias de gest\u00e3o de respostas sociais, respeitando normas de qualidade e de satisfa\u00e7\u00e3o transversais a todo o tipo de interven\u00e7\u00e3o social.<\/p>\n<p>&nbsp;<\/p>\n<p>As diferentes transforma\u00e7\u00f5es que se t\u00eam verificado na sociedade hodierna, sobretudo ao n\u00edvel da composi\u00e7\u00e3o, fun\u00e7\u00f5es e din\u00e2micas do grupo familiar, da solidariedade intergeracional e social, da falta de investimento no envelhecimento por parte da sociedade, levam a que o Centro de Conv\u00edvio da C\u00e2mara Municipal de \u00c9vora contribua \u00e0 priori enquanto resposta para colmatar os constrangimentos detetados com os quais os idosos (a maioria dos utentes) e respetivos agregados familiares se debatem quotidianamente, evitando-se o isolamento social e potenciando-se a inclus\u00e3o social.<\/p>\n<p>&nbsp;<\/p>\n<p>Em paralelo o Centro de Conv\u00edvio propicia, enquanto espa\u00e7o alternativo, um acompanhamento, um est\u00edmulo pleno para o exerc\u00edcio de cidadania, uma ativa\u00e7\u00e3o da rede social de cada individuo, atrav\u00e9s da socializa\u00e7\u00e3o\/ressocializa\u00e7\u00e3o entre pares, colaboradores, volunt\u00e1rios e pessoas da comunidade, onde a qualidade da interven\u00e7\u00e3o deve ser uma exig\u00eancia a ter em conta permanentemente na gest\u00e3o desta Resposta Social.<\/p>\n<p>&nbsp;<\/p>\n<p>Ao instituir-se o Centro de Conv\u00edvio, no \u00e2mbito das Respostas Sociais da C\u00e2mara Municipal de \u00c9vora, procurou-se que o mesmo possibilitasse uma oferta de servi\u00e7os de proximidade diversificada, cujo objetivo \u00e9 potenciar a autonomia dos seus utentes no seu meio habitual de vida, visando maior qualidade de vida, retardando ou evitando desta forma a sua institucionaliza\u00e7\u00e3o.<\/p>\n<\/div>\n<p><\/p>","protected":false},"excerpt":{"rendered":"<p>Sorry, this entry is only available in Portugu\u00eas. &nbsp; O Centro de Conv\u00edvio da C\u00e2mara Municipal de \u00c9vora \u00e9 uma resposta social, desenvolvida em equipamento, de apoio a atividades informativas, s\u00f3cio recreativas e culturais, organizadas e dinamizadas com a participa\u00e7\u00e3o dos seus utentes, do concelho de \u00c9vora. &nbsp; Este tipo de resposta social n\u00e3o tem [&hellip;]<\/p>\n","protected":false},"author":38,"featured_media":0,"parent":15491,"menu_order":0,"comment_status":"closed","ping_status":"closed","template":"templates-map\/component-text-list-layout1.php","meta":{"_acf_changed":false,"footnotes":""},"categories":[],"class_list":["post-15495","page","type-page","status-publish","hentry"],"acf":[],"_links":{"self":[{"href":"https:\/\/www.cm-evora.pt\/en\/wp-json\/wp\/v2\/pages\/15495","targetHints":{"allow":["GET"]}}],"collection":[{"href":"https:\/\/www.cm-evora.pt\/en\/wp-json\/wp\/v2\/pages"}],"about":[{"href":"https:\/\/www.cm-evora.pt\/en\/wp-json\/wp\/v2\/types\/page"}],"author":[{"embeddable":true,"href":"https:\/\/www.cm-evora.pt\/en\/wp-json\/wp\/v2\/users\/38"}],"replies":[{"embeddable":true,"href":"https:\/\/www.cm-evora.pt\/en\/wp-json\/wp\/v2\/comments?post=15495"}],"version-history":[{"count":20,"href":"https:\/\/www.cm-evora.pt\/en\/wp-json\/wp\/v2\/pages\/15495\/revisions"}],"predecessor-version":[{"id":44372,"href":"https:\/\/www.cm-evora.pt\/en\/wp-json\/wp\/v2\/pages\/15495\/revisions\/44372"}],"up":[{"embeddable":true,"href":"https:\/\/www.cm-evora.pt\/en\/wp-json\/wp\/v2\/pages\/15491"}],"wp:attachment":[{"href":"https:\/\/www.cm-evora.pt\/en\/wp-json\/wp\/v2\/media?parent=15495"}],"wp:term":[{"taxonomy":"category","embeddable":true,"href":"https:\/\/www.cm-evora.pt\/en\/wp-json\/wp\/v2\/categories?post=15495"}],"curies":[{"name":"wp","href":"https:\/\/api.w.org\/{rel}","templated":true}]}}