{"id":15515,"date":"2020-10-15T13:44:04","date_gmt":"2020-10-15T12:44:04","guid":{"rendered":"https:\/\/evora2.int.skilltech.pt\/susProjects\/wp_evora2_suite\/?page_id=15515"},"modified":"2023-03-22T11:33:40","modified_gmt":"2023-03-22T11:33:40","slug":"guia-de-atividades","status":"publish","type":"page","link":"https:\/\/www.cm-evora.pt\/en\/municipe\/areas-de-acao\/acao-social\/centro-de-convivio-da-cme\/guia-de-atividades\/","title":{"rendered":"Atividades"},"content":{"rendered":"<p style=\"text-align: center\"><a href=\"https:\/\/www.cm-evora.pt\/wp-content\/uploads\/2021\/01\/Foto14.jpg\" target=\"_blank\" rel=\"noopener\"><img loading=\"lazy\" decoding=\"async\" class=\"alignnone wp-image-18948 size-full\" src=\"https:\/\/www.cm-evora.pt\/wp-content\/uploads\/2021\/01\/Foto14.jpg\" alt=\"\" width=\"1200\" height=\"753\" srcset=\"https:\/\/www.cm-evora.pt\/wp-content\/uploads\/2021\/01\/Foto14.jpg 1200w, https:\/\/www.cm-evora.pt\/wp-content\/uploads\/2021\/01\/Foto14-300x188.jpg 300w, https:\/\/www.cm-evora.pt\/wp-content\/uploads\/2021\/01\/Foto14-1024x643.jpg 1024w, https:\/\/www.cm-evora.pt\/wp-content\/uploads\/2021\/01\/Foto14-768x482.jpg 768w\" sizes=\"auto, (max-width: 1200px) 100vw, 1200px\" \/><\/a><\/p>\n<p>&nbsp;<\/p>\n<p style=\"text-align: center\"><strong>Atividades de 2023<\/strong><\/p>\n<p>&nbsp;<\/p>\n<table>\n<tbody>\n<tr>\n<td colspan=\"3\" width=\"566\">\n<p style=\"text-align: center\"><strong>Janeiro<\/strong><\/p>\n<\/td>\n<\/tr>\n<tr>\n<td width=\"189\"><strong>Atividade<\/strong><\/td>\n<td width=\"189\"><strong>P\u00fablico-Alvo<\/strong><\/td>\n<td width=\"189\"><strong>Calendariza\u00e7\u00e3o<\/strong><\/td>\n<\/tr>\n<tr>\n<td width=\"189\">Projeto Intergeracional: \u00abTempos Cruzados, vidas partilhadas\u00bb.<\/td>\n<td width=\"189\">Utentes do Centro de Conv\u00edvio e Crian\u00e7as e Jovens de Estabelecimentos de Educa\u00e7\u00e3o e Ensino.<\/td>\n<td width=\"189\">9 de janeiro \u00e0s 10h30, Escola Secund\u00e1ria Andr\u00e9 de Gouveia<\/td>\n<\/tr>\n<\/tbody>\n<\/table>\n<p>&nbsp;<\/p>\n<p>&nbsp;<\/p>\n<table>\n<tbody>\n<tr>\n<td colspan=\"3\" width=\"566\">\n<p style=\"text-align: center\"><strong>Fevereiro<\/strong><\/p>\n<\/td>\n<\/tr>\n<tr>\n<td width=\"189\"><strong>Atividade<\/strong><\/td>\n<td width=\"189\"><strong>P\u00fablico-Alvo<\/strong><\/td>\n<td width=\"189\"><strong>Calendariza\u00e7\u00e3o<\/strong><\/td>\n<\/tr>\n<tr>\n<td style=\"text-align: left\" width=\"189\">Projeto Mais Pr\u00f3ximo de Todos<\/p>\n<p>(Prepara\u00e7\u00e3o do Carnaval)<\/td>\n<td style=\"text-align: left\" width=\"189\">Utentes do CC e crian\u00e7as do Centro de Atividade Infantil \u201cCAIE\u201d.<\/td>\n<td style=\"text-align: left\" width=\"189\">6 de fevereiro \u00e0s 15h00, no Centro de Conv\u00edvio<\/td>\n<\/tr>\n<tr>\n<td style=\"text-align: left\" width=\"189\">Projeto Intergeracional: \u00abTempos cruzados, vidas partilhadas\u00bb.<\/p>\n<p>&nbsp;<\/p>\n<p>Escola Secund\u00e1ria Gabriel Pereira. Apresenta\u00e7\u00e3o do Projeto \u201cVida Ativa\u201d<\/td>\n<td style=\"text-align: left\" width=\"189\">Utentes do Centro de Conv\u00edvio e Crian\u00e7as e Jovens de Estabelecimentos de Educa\u00e7\u00e3o.<\/td>\n<td style=\"text-align: left\" width=\"189\">14 de fevereiro \u00e0s 15h00, no Centro de Conv\u00edvio<\/td>\n<\/tr>\n<tr>\n<td style=\"text-align: left\" width=\"189\">Passeio Cultural<\/p>\n<p>&nbsp;<\/p>\n<p>\u201cCom\u00e9dia \u00e0 Grande e \u00e0 Portuguesa\u201d<\/td>\n<td style=\"text-align: left\" width=\"189\">Utentes do Centro de Conv\u00edvio e outras Institui\u00e7\u00f5es que trabalham com a 3\u00aa Idade.<\/td>\n<td style=\"text-align: left\" width=\"189\">15 de fevereiro \u00e0s 14h30, Audit\u00f3rio dos Salesianos<\/td>\n<\/tr>\n<tr>\n<td style=\"text-align: left\" width=\"189\">Projeto Mais Pr\u00f3ximo de Todos<\/p>\n<p>&nbsp;<\/p>\n<p>\u201cDesfile de Carnaval\u201d<\/td>\n<td style=\"text-align: left\" width=\"189\">Utentes do Centro de Conv\u00edvio e Crian\u00e7as do Centro de Atividade Infantil \u201cCAIE\u201d<\/td>\n<td style=\"text-align: left\" width=\"189\">17 de fevereiro \u00e0s 10h00<\/td>\n<\/tr>\n<tr>\n<td style=\"text-align: left\" width=\"189\">Projeto intergeracional e interinstitucional \u00abEstafeta dos Contos\u00bb.<\/td>\n<td style=\"text-align: left\" width=\"189\">Utentes do Centro de Conv\u00edvio, Utentes de outras Institui\u00e7\u00f5es que trabalham com a 3.\u00aa Idade e Crian\u00e7as e Jovens de Estabelecimentos de Escolares.<\/td>\n<td style=\"text-align: left\" width=\"189\">28 de fevereiro \u00e0s 15h00<\/td>\n<\/tr>\n<\/tbody>\n<\/table>\n<p>&nbsp;<\/p>\n<p>&nbsp;<\/p>\n<table>\n<tbody>\n<tr>\n<td colspan=\"3\" width=\"566\">\n<p style=\"text-align: center\"><strong>Mar\u00e7o<\/strong><\/p>\n<\/td>\n<\/tr>\n<tr>\n<td width=\"189\"><strong>Atividade<\/strong><\/td>\n<td width=\"189\"><strong>P\u00fablico-Alvo<\/strong><\/td>\n<td width=\"189\"><strong>Calendariza\u00e7\u00e3o<\/strong><\/td>\n<\/tr>\n<tr>\n<td style=\"text-align: left\" width=\"189\">\u00abGin\u00e1sio da Mem\u00f3ria\u00bb<\/td>\n<td style=\"text-align: left\" width=\"189\">Idosos do Centro de Conv\u00edvio e Institui\u00e7\u00f5es, Organismos e Entidades Convidadas.<\/td>\n<td style=\"text-align: left\" width=\"189\">17 de mar\u00e7o \u00e0s 14h30, no Centro de Conv\u00edvio, dinamizada pela APPACDM<\/td>\n<\/tr>\n<tr>\n<td style=\"text-align: left\" width=\"189\">Projeto Mais Pr\u00f3ximo de Todos<\/p>\n<p>&nbsp;<\/p>\n<p>\u201cAteli\u00ea Ponto com N\u00f3s\u201d<\/td>\n<td style=\"text-align: left\" width=\"189\">Utentes do CC e Outras Institui\u00e7\u00f5es que trabalham com a 3.\u00aa Idade (Santa Casa da Miseric\u00f3rdia de \u00c9vora e Centro Social Nossa Senhora Auxiliadora).<\/td>\n<td style=\"text-align: left\" width=\"189\">&#8211; 7 de mar\u00e7o \u00e0s 15h00<\/p>\n<p>&#8211; 14 de mar\u00e7o \u00e0s 15h00<\/p>\n<p>&#8211; 21 de mar\u00e7o \u00e0s 15h00<\/p>\n<p>&#8211; 28 de mar\u00e7o \u00e0s 15h00<\/td>\n<\/tr>\n<tr>\n<td style=\"text-align: left\" width=\"189\">Projeto Intergeracional: \u00abTempos cruzados, vidas partilhadas\u00bb.<\/td>\n<td style=\"text-align: left\" width=\"189\">Utentes do Centro de Conv\u00edvio e Crian\u00e7as e Jovens de Estabelecimentos de Educa\u00e7\u00e3o e Ensino<\/td>\n<td style=\"text-align: left\" width=\"189\">Data a Definir.<\/td>\n<\/tr>\n<tr>\n<td style=\"text-align: left\" width=\"189\">Projeto \u00abCh\u00e1, Caf\u00e9&#8230; Conversas soltas\u00bb.<\/p>\n<p>\u201cPr\u00e1tica de gin\u00e1stica para os olhos\u201d<\/td>\n<td style=\"text-align: left\" width=\"189\">Utentes do Centro de Conv\u00edvio<\/td>\n<td style=\"text-align: left\" width=\"189\">&#8211; 2 de mar\u00e7o \u00e0s 15h00<\/p>\n<p>&#8211; 9 de mar\u00e7o \u00e0s 15h00<\/p>\n<p>&#8211; 16 de mar\u00e7o \u00e0s 15h00<\/p>\n<p>&#8211; 23 de mar\u00e7o \u00e0s 15h00<\/p>\n<p>&#8211; 30 de mar\u00e7o \u00e0s 15h00<\/td>\n<\/tr>\n<tr>\n<td style=\"text-align: left\" width=\"189\">Projeto \u201cCalcanhar D\u00b4Aquiles\u201d<\/td>\n<td style=\"text-align: left\" width=\"189\">Utentes do Centro de Conv\u00edvio<\/td>\n<td style=\"text-align: left\" width=\"189\">&#8211; 15 de mar\u00e7o \u00e0s 15h00<\/p>\n<p>&#8211; 22 de mar\u00e7o \u00e0s 15h00<\/p>\n<p>&#8211; 29 de mar\u00e7o \u00e0s 15h00<\/td>\n<\/tr>\n<tr>\n<td style=\"text-align: left\" width=\"189\">Passeio Cultural<\/td>\n<td style=\"text-align: left\" width=\"189\">Utentes do Centro de Conv\u00edvio<\/td>\n<td style=\"text-align: left\" width=\"189\">30 de mar\u00e7o \u00e0s 10h30, N\u00facleo Museol\u00f3gico do Alto de S. Bento \u201cEscola do p\u00e3o\u201d<\/td>\n<\/tr>\n<\/tbody>\n<\/table>\n<p>&nbsp;<\/p>\n<p>&nbsp;<\/p>\n<table>\n<tbody>\n<tr>\n<td colspan=\"3\" width=\"566\">\n<p style=\"text-align: center\"><strong>Abril<\/strong><\/p>\n<\/td>\n<\/tr>\n<tr>\n<td width=\"189\"><strong>Atividade<\/strong><\/td>\n<td width=\"189\"><strong>P\u00fablico-Alvo<\/strong><\/td>\n<td width=\"189\"><strong>Calendariza\u00e7\u00e3o<\/strong><\/td>\n<\/tr>\n<tr>\n<td style=\"text-align: left\" width=\"189\">Projeto Mais Pr\u00f3ximo de Todos, com a \u201cAssocia\u00e7\u00e3o 100 Pavor\u201d<\/td>\n<td style=\"text-align: left\" width=\"189\">Utentes do Centro de Conv\u00edvio e Crian\u00e7as e Jovens de Estabelecimentos de Educa\u00e7\u00e3o e Ensino<\/td>\n<td style=\"text-align: left\" width=\"189\">&#8211; 4 de abril \u00e0s 10h00, na \u201cAssocia\u00e7\u00e3o 100 Pavor\u201d<\/p>\n<p>&#8211; 12 de abril \u00e0s 10h00, na \u201cAssocia\u00e7\u00e3o 100 Pavor\u201d<\/td>\n<\/tr>\n<tr>\n<td style=\"text-align: left\" width=\"189\">Projeto Mais Pr\u00f3ximo de Todos<\/p>\n<p>&nbsp;<\/p>\n<p>Projeto \u201cIdade com Arte\u201d<\/td>\n<td style=\"text-align: left\" width=\"189\">Grupo de Cante do Centro de Conv\u00edvio; Grupo de Cante da Casa do Povo dos Canaviais e Grupo de Cante da Associa\u00e7\u00e3o do Bacelo<\/td>\n<td style=\"text-align: left\" width=\"189\">12 de abril \u00e0s 15h00, no Centro de Conv\u00edvio<\/td>\n<\/tr>\n<tr>\n<td style=\"text-align: left\" width=\"189\">\u00abGin\u00e1sio da Mem\u00f3ria\u00bb<\/td>\n<td style=\"text-align: left\" width=\"189\">Idosos do Centro de Conv\u00edvio e Institui\u00e7\u00f5es, Organismos e Entidades Convidadas<\/td>\n<td style=\"text-align: left\" width=\"189\">18 de abril \u00e0s 14h30, no Centro de Conv\u00edvio, dinamizada pela ASCTE da Azaruja<\/td>\n<\/tr>\n<tr>\n<td style=\"text-align: left\" width=\"189\">Projeto Mais Pr\u00f3ximo de Todos<\/td>\n<td style=\"text-align: left\" width=\"189\">Utentes do Centro de Conv\u00edvio e outras Institui\u00e7\u00f5es que trabalham com a 3.\u00aa Idade (Santa Casa da Miseric\u00f3rdia de \u00c9vora e Centro Social Nossa Senhora Auxiliadora)<\/td>\n<td style=\"text-align: left\" width=\"189\">&#8211; 4 de abril \u00e0s 15h00<\/p>\n<p>&#8211; 11 abril \u00e0s 15h00<\/td>\n<\/tr>\n<tr>\n<td style=\"text-align: left\" width=\"189\">Baile da Am\u00eandoa<\/td>\n<td style=\"text-align: left\" width=\"189\">Idosos do Centro Conv\u00edvio e de outras Institui\u00e7\u00f5es que prestam apoio a pessoas idosas.<\/td>\n<td style=\"text-align: left\" width=\"189\">20 de abril \u00e0s 15h00<\/td>\n<\/tr>\n<tr>\n<td style=\"text-align: left\" width=\"189\">Projeto \u00abCh\u00e1, Caf\u00e9&#8230; Conversas soltas\u00bb.<\/p>\n<p>\u201cPr\u00e1tica de gin\u00e1stica para os olhos\u201d<\/td>\n<td style=\"text-align: left\" width=\"189\">Utentes do Centro de Conv\u00edvio<\/td>\n<td style=\"text-align: left\" width=\"189\">&#8211; 6 de abril \u00e0s 15h00<\/p>\n<p>&#8211; 13 de abril \u00e0s 15h00<\/p>\n<p>&#8211; 20 de abril \u00e0s 15h00<\/p>\n<p>&#8211; 27 de abril \u00e0s 15h00<\/td>\n<\/tr>\n<tr>\n<td style=\"text-align: left\" width=\"189\">Projeto \u201cCalcanhar D\u00b4Aquiles\u201d<\/td>\n<td style=\"text-align: left\" width=\"189\">Utentes do Centro de Conv\u00edvio<\/td>\n<td style=\"text-align: left\" width=\"189\">&#8211; 5 de abril \u00e0s 15h00<\/p>\n<p>&#8211; 12 de abril \u00e0s 15h00<\/p>\n<p>&#8211; 19 de abril \u00e0s 15h00<\/p>\n<p>&#8211; 26 de abril \u00e0s 15h00<\/td>\n<\/tr>\n<tr>\n<td style=\"text-align: left\" width=\"189\">Passeio Cultural<\/td>\n<td style=\"text-align: left\" width=\"189\">Utentes do Centro de Conv\u00edvio<\/td>\n<td style=\"text-align: left\" width=\"189\">Data a definir<\/td>\n<\/tr>\n<\/tbody>\n<\/table>\n<p>&nbsp;<\/p>\n<p>&nbsp;<\/p>\n<table>\n<tbody>\n<tr>\n<td colspan=\"3\" width=\"566\">\n<p style=\"text-align: center\"><strong>Maio<\/strong><\/p>\n<\/td>\n<\/tr>\n<tr>\n<td width=\"189\"><strong>Atividade<\/strong><\/td>\n<td width=\"189\"><strong>P\u00fablico-Alvo<\/strong><\/td>\n<td width=\"189\"><strong>Calendariza\u00e7\u00e3o<\/strong><\/td>\n<\/tr>\n<tr>\n<td style=\"text-align: left\" width=\"189\">\u00abGin\u00e1sio da Mem\u00f3ria\u00bb<\/td>\n<td style=\"text-align: left\" width=\"189\">Idosos do Centro de Conv\u00edvio e Institui\u00e7\u00f5es, Organismos e Entidades Convidados<\/td>\n<td style=\"text-align: left\" width=\"189\">19 \u00e0s 14h30, dinamizada na APPACDM<\/td>\n<\/tr>\n<tr>\n<td style=\"text-align: left\" width=\"189\">Projeto \u00abCh\u00e1, Caf\u00e9&#8230; Conversas soltas\u00bb.<\/p>\n<p>\u201cPr\u00e1tica de gin\u00e1stica para os olhos\u201d<\/td>\n<td style=\"text-align: left\" width=\"189\">Utentes do Centro de Conv\u00edvio<\/td>\n<td style=\"text-align: left\" width=\"189\">&#8211; 4 de maio \u00e0s 15h00<\/p>\n<p>&#8211; 11 de maio \u00e0s 15h00<\/p>\n<p>&#8211; 18 de maio \u00e0s 15h00<\/p>\n<p>&#8211; 25 de maio \u00e0s 15h00<\/td>\n<\/tr>\n<tr>\n<td style=\"text-align: left\" width=\"189\">Projeto Mais Pr\u00f3ximo de Todos<\/p>\n<p>\u201cAteli\u00ea Ponto com N\u00f3s\u201d<\/td>\n<td style=\"text-align: left\" width=\"189\">Utentes do Centro de Conv\u00edvio e outras Institui\u00e7\u00f5es que trabalham com a 3.\u00aa Idade (Santa Casa da Miseric\u00f3rdia de \u00c9vora e Centro Social Nossa Senhora Auxiliadora)<\/td>\n<td style=\"text-align: left\" width=\"189\">&#8211; 2 de maio \u00e0s 15h00<\/p>\n<p>&#8211; 9 de maio \u00e0s 15h00<\/p>\n<p>&#8211; 16 de maio \u00e0s 15h00<\/p>\n<p>&#8211; 23 de maio \u00e0s 15h00<\/p>\n<p>&#8211; 30 de maio \u00e0s 15h00<\/td>\n<\/tr>\n<tr>\n<td style=\"text-align: left\" width=\"189\">Projeto \u201cCalcanhar D\u00b4Aquiles\u201d<\/td>\n<td style=\"text-align: left\" width=\"189\">Utentes do Centro de Conv\u00edvio<\/td>\n<td style=\"text-align: left\" width=\"189\">&#8211; 3 de maio \u00e0s 15h00<\/p>\n<p>&#8211; 10 de maio \u00e0s 15h00<\/p>\n<p>&#8211; 17 de maio \u00e0s 15h00<\/p>\n<p>&#8211; 24 de maio \u00e0s 15h00<\/p>\n<p>&#8211; 31 de maio \u00e0s 15h00<\/td>\n<\/tr>\n<tr>\n<td style=\"text-align: left\" width=\"189\">Passeio Cultural<\/td>\n<td style=\"text-align: left\" width=\"189\">Utentes do Centro de Conv\u00edvio<\/td>\n<td style=\"text-align: left\" width=\"189\">Data a Definir<\/td>\n<\/tr>\n<\/tbody>\n<\/table>\n<p>&nbsp;<\/p>\n<p>&nbsp;<\/p>\n<table>\n<tbody>\n<tr>\n<td colspan=\"3\" width=\"566\">\n<p style=\"text-align: center\"><strong>Junho<\/strong><\/p>\n<\/td>\n<\/tr>\n<tr>\n<td width=\"189\"><strong>Atividade<\/strong><\/td>\n<td width=\"189\"><strong>P\u00fablico-Alvo<\/strong><\/td>\n<td width=\"189\"><strong>Calendariza\u00e7\u00e3o<\/strong><\/td>\n<\/tr>\n<tr>\n<td style=\"text-align: left\" width=\"189\">Atua\u00e7\u00e3o do grupo de cante, na \u201cFeira de S\u00e3o Jo\u00e3o\u201d<\/td>\n<td style=\"text-align: left\" width=\"189\"><\/td>\n<td style=\"text-align: left\" width=\"189\">A Definir<\/td>\n<\/tr>\n<tr>\n<td style=\"text-align: left\" width=\"189\">Projeto Mais Pr\u00f3ximo de Todos<\/p>\n<p>\u201cAteli\u00ea Ponto com N\u00f3s\u201d<\/td>\n<td style=\"text-align: left\" width=\"189\">Utentes do Centro de Conv\u00edvio e outras Institui\u00e7\u00f5es que trabalham com a 3.\u00aa Idade (Santa Casa da Miseric\u00f3rdia de \u00c9vora e Centro Social Nossa Senhora Auxiliadora)<\/td>\n<td style=\"text-align: left\" width=\"189\">&#8211; 6 de junho \u00e0s 15h00<\/p>\n<p>&#8211; 13 de junho \u00e0s 15h00<\/p>\n<p>&#8211; 20 de junho \u00e0s 15h00<\/p>\n<p>&#8211; 27 de junho \u00e0s 15h00<\/td>\n<\/tr>\n<tr>\n<td style=\"text-align: left\" width=\"189\">Projeto \u201cCalcanhar D\u00b4Aquiles\u201d<\/td>\n<td style=\"text-align: left\" width=\"189\">Utentes do Centro de Conv\u00edvio<\/td>\n<td style=\"text-align: left\" width=\"189\">&#8211; 7 de junho \u00e0s 15h00<\/p>\n<p>&#8211; 14 de junho \u00e0s 15h00<\/p>\n<p>&#8211; 21 de junho \u00e0s 15h00<\/p>\n<p>&#8211; 28 de junho \u00e0s 15h00<\/td>\n<\/tr>\n<tr>\n<td style=\"text-align: left\" width=\"189\">Passeio Cultural<\/td>\n<td style=\"text-align: left\" width=\"189\">Utentes do Centro de Conv\u00edvio<\/td>\n<td style=\"text-align: left\" width=\"189\">Data a Definir<\/td>\n<\/tr>\n<\/tbody>\n<\/table>\n<p>&nbsp;<\/p>\n<p>&nbsp;<\/p>\n<table>\n<tbody>\n<tr>\n<td colspan=\"3\" width=\"566\">\n<p style=\"text-align: center\"><strong>Julho<\/strong><\/p>\n<\/td>\n<\/tr>\n<tr>\n<td width=\"189\"><strong>Atividade<\/strong><\/td>\n<td width=\"189\"><strong>P\u00fablico-Alvo<\/strong><\/td>\n<td width=\"189\"><strong>Calendariza\u00e7\u00e3o<\/strong><\/td>\n<\/tr>\n<tr>\n<td style=\"text-align: left\" width=\"189\">Arraial Maior<\/td>\n<td style=\"text-align: left\" width=\"189\"><\/td>\n<td style=\"text-align: left\" width=\"189\">Proposta: nas semanas de<\/p>\n<p>03 a 14.<\/td>\n<\/tr>\n<tr>\n<td style=\"text-align: left\" width=\"189\">Projeto Mais Pr\u00f3ximo de Todos<\/p>\n<p>\u201cAteli\u00ea Ponto com N\u00f3s\u201d<\/td>\n<td style=\"text-align: left\" width=\"189\">Utentes do Centro de Conv\u00edvio e outras Institui\u00e7\u00f5es que trabalham com a 3.\u00aa Idade (Santa Casa da Miseric\u00f3rdia de \u00c9vora e Centro Social Nossa Senhora Auxiliadora)<\/td>\n<td style=\"text-align: left\" width=\"189\">&#8211; 4 de julho \u00e0s 15h00<\/p>\n<p>&#8211; 11 de julho \u00e0s 15h00<\/p>\n<p>&#8211; 18 de julho \u00e0s 15h00<\/p>\n<p>&#8211; 25 de julho \u00e0s 15h00<\/td>\n<\/tr>\n<tr>\n<td style=\"text-align: left\" width=\"189\">Passeio Cultural<\/td>\n<td style=\"text-align: left\" width=\"189\">Utentes do Centro de Conv\u00edvio<\/td>\n<td style=\"text-align: left\" width=\"189\">Data a Definir<\/td>\n<\/tr>\n<\/tbody>\n<\/table>\n<p>&nbsp;<\/p>\n<p>&nbsp;<\/p>\n<table>\n<tbody>\n<tr>\n<td colspan=\"3\" width=\"566\">\n<p style=\"text-align: center\"><strong>Agosto<\/strong><\/p>\n<\/td>\n<\/tr>\n<tr>\n<td width=\"189\"><strong>Atividade<\/strong><\/td>\n<td width=\"189\"><strong>P\u00fablico-Alvo<\/strong><\/td>\n<td width=\"189\"><strong>Calendariza\u00e7\u00e3o<\/strong><\/td>\n<\/tr>\n<tr>\n<td width=\"189\"><\/td>\n<td width=\"189\"><\/td>\n<td width=\"189\"><\/td>\n<\/tr>\n<\/tbody>\n<\/table>\n<p>&nbsp;<\/p>\n<p>&nbsp;<\/p>\n<table>\n<tbody>\n<tr>\n<td colspan=\"3\" width=\"566\">\n<p style=\"text-align: center\"><strong>Setembro<\/strong><\/p>\n<\/td>\n<\/tr>\n<tr>\n<td width=\"189\"><strong>Atividade<\/strong><\/td>\n<td width=\"189\"><strong>P\u00fablico-Alvo<\/strong><\/td>\n<td width=\"189\"><strong>Calendariza\u00e7\u00e3o<\/strong><\/td>\n<\/tr>\n<tr>\n<td style=\"text-align: left\" width=\"189\">\u00abFeira dos Saberes e<\/p>\n<p>Fazeres\u00bb.<\/td>\n<td style=\"text-align: left\" width=\"189\">Idosos do Centro de Conv\u00edvio e Institui\u00e7\u00f5es, Organismos e Crian\u00e7as e Jovens de Estabelecimentos de Educa\u00e7\u00e3o e Ensino<\/td>\n<td style=\"text-align: left\" width=\"189\">27 de setembro<\/td>\n<\/tr>\n<tr>\n<td style=\"text-align: left\" width=\"189\">\u00abGin\u00e1sio da Mem\u00f3ria\u00bb<\/td>\n<td style=\"text-align: left\" width=\"189\">Idosos do Centro de Conv\u00edvio e Institui\u00e7\u00f5es, Organismos e Entidades Convidados<\/td>\n<td style=\"text-align: left\" width=\"189\">29 de setembro \u00e0s 14h30, no Centro de Conv\u00edvio, dinamizada pela APPACDM<\/td>\n<\/tr>\n<tr>\n<td style=\"text-align: left\" width=\"189\">Passeio Cultural<\/td>\n<td style=\"text-align: left\" width=\"189\">Utentes do Centro de Conv\u00edvio<\/td>\n<td style=\"text-align: left\" width=\"189\">Data a Definir<\/td>\n<\/tr>\n<\/tbody>\n<\/table>\n<p>&nbsp;<\/p>\n<p>&nbsp;<\/p>\n<table>\n<tbody>\n<tr>\n<td colspan=\"3\" width=\"566\">\n<p style=\"text-align: center\"><strong>Outubro<\/strong><\/p>\n<\/td>\n<\/tr>\n<tr>\n<td width=\"189\"><strong>Atividade<\/strong><\/td>\n<td width=\"189\"><strong>P\u00fablico-Alvo<\/strong><\/td>\n<td width=\"189\"><strong>Calendariza\u00e7\u00e3o<\/strong><\/td>\n<\/tr>\n<tr>\n<td style=\"text-align: left\" width=\"189\">Baile Maior<\/td>\n<td style=\"text-align: left\" width=\"189\">Idosos do Centro de Conv\u00edvio e de outras Institui\u00e7\u00f5es que prestam apoio a pessoas idosas. Juntas de Freguesia e Funda\u00e7\u00e3o Eug\u00e9nio de Almeida<\/td>\n<td style=\"text-align: left\" width=\"189\">11 de outubro<\/td>\n<\/tr>\n<\/tbody>\n<\/table>\n<p>&nbsp;<\/p>\n<p>&nbsp;<\/p>\n<table>\n<tbody>\n<tr>\n<td colspan=\"3\" width=\"566\">\n<p style=\"text-align: center\"><strong>Novembro<\/strong><\/p>\n<\/td>\n<\/tr>\n<tr>\n<td width=\"189\"><strong>Atividade<\/strong><\/td>\n<td width=\"189\"><strong>P\u00fablico-Alvo<\/strong><\/td>\n<td width=\"189\"><strong>Calendariza\u00e7\u00e3o<\/strong><\/td>\n<\/tr>\n<tr>\n<td style=\"text-align: left\" width=\"189\">Comemora\u00e7\u00e3o do Dia de S. Martinho<\/td>\n<td style=\"text-align: left\" width=\"189\">Utentes do Centro de Conv\u00edvio<\/td>\n<td style=\"text-align: left\" width=\"189\">10 de novembro<\/td>\n<\/tr>\n<tr>\n<td style=\"text-align: left\" width=\"189\">Noite de Fados<\/td>\n<td style=\"text-align: left\" width=\"189\">Utentes do Centro de Conv\u00edvio e outras Institui\u00e7\u00f5es de Idosas.<\/td>\n<td style=\"text-align: left\" width=\"189\">28 e 29 de novembro, Monte Alentejano.<\/td>\n<\/tr>\n<tr>\n<td style=\"text-align: left\" width=\"189\">Passeio Cultural<\/td>\n<td style=\"text-align: left\" width=\"189\">Utentes do Centro de Conv\u00edvio<\/td>\n<td style=\"text-align: left\" width=\"189\">Data a Definir<\/td>\n<\/tr>\n<\/tbody>\n<\/table>\n<p>&nbsp;<\/p>\n<p>&nbsp;<\/p>\n<table>\n<tbody>\n<tr>\n<td colspan=\"3\" width=\"566\">\n<p style=\"text-align: center\"><strong>Dezembro<\/strong><\/p>\n<\/td>\n<\/tr>\n<tr>\n<td width=\"189\"><strong>Atividade<\/strong><\/td>\n<td width=\"189\"><strong>P\u00fablico-Alvo<\/strong><\/td>\n<td width=\"189\"><strong>Calendariza\u00e7\u00e3o<\/strong><\/td>\n<\/tr>\n<tr>\n<td style=\"text-align: left\" width=\"189\">Atua\u00e7\u00e3o do Grupo de Cante, no \u201cJardim de Natal\u201d<\/td>\n<td style=\"text-align: left\" width=\"189\">Utentes do Centro de Conv\u00edvio \/ Comunidade<\/td>\n<td style=\"text-align: left\" width=\"189\">A Definir<\/td>\n<\/tr>\n<\/tbody>\n<\/table>\n<p>&nbsp;<\/p>\n<p>&nbsp;<\/p>\n<table>\n<tbody>\n<tr>\n<td width=\"566\">\n<p style=\"text-align: center\"><strong>Atividades que decorrem ao longo de todo o ano<\/strong><\/p>\n<\/td>\n<\/tr>\n<tr>\n<td style=\"text-align: left\" width=\"566\">Ateli\u00eas e Atividades:<\/p>\n<ul>\n<li style=\"list-style-type: none\">\n<ul>\n<li>Grupo de Cante Alentejano;<\/li>\n<li>Express\u00e3o Pl\u00e1stica;<\/li>\n<li>Ateli\u00ea \u00abPonto Com N\u00f3s\u00bb.<\/li>\n<\/ul>\n<\/li>\n<\/ul>\n<\/td>\n<\/tr>\n<tr>\n<td style=\"text-align: left\" width=\"566\">Programa Municipal Seniores Ativos com periodicidade semanal.<\/td>\n<\/tr>\n<tr>\n<td style=\"text-align: left\" width=\"566\">Ateli\u00ea de Inform\u00e1tica: programa de forma\u00e7\u00e3o em alfabetiza\u00e7\u00e3o digital para mulheres idosas.<\/td>\n<\/tr>\n<tr>\n<td style=\"text-align: left\" width=\"566\">Realiza\u00e7\u00e3o de a\u00e7\u00f5es do Projeto \u00abMais Pr\u00f3ximo de Todos\u00bb.<\/td>\n<\/tr>\n<tr>\n<td style=\"text-align: left\" width=\"566\">Realiza\u00e7\u00e3o de \u00abAlmo\u00e7os conv\u00edvio\u00bb.<\/td>\n<\/tr>\n<tr>\n<td style=\"text-align: left\" width=\"566\">\u00abCelebra\u00e7\u00e3o de efem\u00e9rides\u00bb.<\/td>\n<\/tr>\n<tr>\n<td style=\"text-align: left\" width=\"566\">Projeto \u00ab<strong>Ch\u00e1, Caf\u00e9&#8230;<\/strong> Conversas soltas\u00bb.<\/td>\n<\/tr>\n<\/tbody>\n<\/table>\n<p>&nbsp;<\/p>\n","protected":false},"excerpt":{"rendered":"<p>&nbsp; Atividades de 2023 &nbsp; Janeiro Atividade P\u00fablico-Alvo Calendariza\u00e7\u00e3o Projeto Intergeracional: \u00abTempos Cruzados, vidas partilhadas\u00bb. Utentes do Centro de Conv\u00edvio e Crian\u00e7as e Jovens de Estabelecimentos de Educa\u00e7\u00e3o e Ensino. 9 de janeiro \u00e0s 10h30, Escola Secund\u00e1ria Andr\u00e9 de Gouveia &nbsp; &nbsp; Fevereiro Atividade P\u00fablico-Alvo Calendariza\u00e7\u00e3o Projeto Mais Pr\u00f3ximo de Todos (Prepara\u00e7\u00e3o do Carnaval) Utentes [&hellip;]<\/p>\n","protected":false},"author":38,"featured_media":0,"parent":15491,"menu_order":2,"comment_status":"closed","ping_status":"closed","template":"templates-map\/component-text-layout1.php","meta":{"_acf_changed":false,"footnotes":""},"categories":[],"class_list":["post-15515","page","type-page","status-publish","hentry"],"acf":{"imagens":"","titulo_docs_seccao":"","documentos":[47076]},"_links":{"self":[{"href":"https:\/\/www.cm-evora.pt\/en\/wp-json\/wp\/v2\/pages\/15515","targetHints":{"allow":["GET"]}}],"collection":[{"href":"https:\/\/www.cm-evora.pt\/en\/wp-json\/wp\/v2\/pages"}],"about":[{"href":"https:\/\/www.cm-evora.pt\/en\/wp-json\/wp\/v2\/types\/page"}],"author":[{"embeddable":true,"href":"https:\/\/www.cm-evora.pt\/en\/wp-json\/wp\/v2\/users\/38"}],"replies":[{"embeddable":true,"href":"https:\/\/www.cm-evora.pt\/en\/wp-json\/wp\/v2\/comments?post=15515"}],"version-history":[{"count":17,"href":"https:\/\/www.cm-evora.pt\/en\/wp-json\/wp\/v2\/pages\/15515\/revisions"}],"predecessor-version":[{"id":47132,"href":"https:\/\/www.cm-evora.pt\/en\/wp-json\/wp\/v2\/pages\/15515\/revisions\/47132"}],"up":[{"embeddable":true,"href":"https:\/\/www.cm-evora.pt\/en\/wp-json\/wp\/v2\/pages\/15491"}],"acf:post":[{"embeddable":true,"href":"https:\/\/www.cm-evora.pt\/en\/wp-json\/wp\/v2\/listas_ficheiros\/47076"}],"wp:attachment":[{"href":"https:\/\/www.cm-evora.pt\/en\/wp-json\/wp\/v2\/media?parent=15515"}],"wp:term":[{"taxonomy":"category","embeddable":true,"href":"https:\/\/www.cm-evora.pt\/en\/wp-json\/wp\/v2\/categories?post=15515"}],"curies":[{"name":"wp","href":"https:\/\/api.w.org\/{rel}","templated":true}]}}